{"id":8245,"date":"2023-12-13T14:20:09","date_gmt":"2023-12-13T13:20:09","guid":{"rendered":"https:\/\/wellness4you.cz\/sk\/tensital\/"},"modified":"2026-01-08T22:52:34","modified_gmt":"2026-01-08T21:52:34","slug":"tensital","status":"publish","type":"product","link":"https:\/\/wellness4you.cz\/sk\/tensital\/","title":{"rendered":"Tensital"},"content":{"rendered":"<h2>Tensital &#8211; kapsle pre hypertenziu<\/h2>\n<p>Hypertenzia je zdravotn\u00fd stav, ktor\u00fd postihuje ve\u013ea \u013eud\u00ed po celom svete. Jedn\u00fdm z liekov, ktor\u00fd bol vyvinut\u00fd na lie\u010dbu tohto probl\u00e9mu, je Tensital. Tento liek z\u00edskava st\u00e1le viac pozornosti a ob\u013euby v\u010faka svojim organick\u00fdm akt\u00edvnym zlo\u017ek\u00e1m a schopnosti \u00fa\u010dinne rie\u0161i\u0165 probl\u00e9m vysok\u00e9ho krvn\u00e9ho tlaku.<\/p>\n<h2>V\u00fdhody u\u017e\u00edvania Tensital<\/h2>\n<ol>\n<li><strong>Sn\u00ed\u017eenie rizika srdcov\u00e9ho infarktu, m\u0155tvice, srdcov\u00fdch a obli\u010dkov\u00fdch nedostato\u010dnost\u00ed:<\/strong> Jedn\u00fdm z hlavn\u00fdch d\u00f4vodov, pre\u010do \u013eudia trpiaci hypertenziou volia Tensital, je jeho schopnos\u0165 zn\u00ed\u017ei\u0165 riziko srdcov\u00e9ho infarktu, m\u0155tvice a srdcov\u00fdch a obli\u010dkov\u00fdch nedostato\u010dnost\u00ed. To s\u00fa v\u00e1\u017ene komplik\u00e1cie, ktor\u00e9 m\u00f4\u017eu vznikn\u00fa\u0165 v d\u00f4sledku vysok\u00e9ho krvn\u00e9ho tlaku, a Tensital m\u00f4\u017ee by\u0165 k\u013e\u00fa\u010dom k prevencii t\u00fdchto probl\u00e9mov.<\/li>\n<li><strong>Stabiliz\u00e1cia krvn\u00e9ho tlaku:<\/strong> Tensital je navrhnut\u00fd tak, aby pomohol pacientom dosiahnu\u0165 a udr\u017eiava\u0165 zdrav\u00fd krvn\u00fd tlak. Stabiliz\u00e1cia krvn\u00e9ho tlaku je k\u013e\u00fa\u010dov\u00fdm faktorom pri lie\u010dbe hypertenzie a m\u00f4\u017ee vies\u0165 k zlep\u0161eniu celkov\u00e9ho zdravia pacienta.<\/li>\n<li><strong>Efekt\u00edvna pomoc pre hypertenziu:<\/strong> Tensital je \u0161peci\u00e1lne formulovan\u00fd tak, aby bol \u00fa\u010dinn\u00fd pri lie\u010dbe hypertenzie. Jeho zlo\u017eenie a mechanizmus \u00fa\u010dinku boli starostlivo vyvinut\u00e9 tak, aby poskytovali maxim\u00e1lne v\u00fdhody pre pacientov trpiacich hypertenziou.<\/li>\n<li><strong>Pozit\u00edvny vplyv na cel\u00fd kardiovaskul\u00e1rny syst\u00e9m:<\/strong> Tensital neposkytuje len \u00fa\u013eavu od vysok\u00e9ho krvn\u00e9ho tlaku, ale tie\u017e m\u00e1 pozit\u00edvny vplyv na cel\u00fd kardiovaskul\u00e1rny syst\u00e9m. To znamen\u00e1, \u017ee pom\u00e1ha zlep\u0161i\u0165 zdravie srdca a ciev, \u010do je k\u013e\u00fa\u010dov\u00e9 pre prevenciu srdcov\u00fdch ochoren\u00ed.<\/li>\n<li><strong>100% pr\u00edrodn\u00e9 zlo\u017eenie:<\/strong> Tensital je vyroben\u00fd len z pr\u00edrodn\u00fdch zlo\u017eiek, \u010do znamen\u00e1, \u017ee neobsahuje \u017eiadne chemick\u00e9 pr\u00edsady. Pri jeho v\u00fdrobe s\u00fa pou\u017eit\u00e9 v\u00fd\u0165a\u017eky z rastl\u00edn a extrakty, \u010do zabezpe\u010duje jeho \u010distotu a bezpe\u010dnos\u0165.<\/li>\n<li><strong>R\u00fdchle pozit\u00edvne v\u00fdsledky:<\/strong> Mnoho pacientov, ktor\u00ed u\u017e\u00edvaj\u00fa Tensital, hl\u00e1sia r\u00fdchle a pozit\u00edvne v\u00fdsledky. To znamen\u00e1, \u017ee m\u00f4\u017eu \u010doskoro za\u010da\u0165 c\u00edti\u0165 \u00fa\u013eavu od svojich sympt\u00f3mov a zlep\u0161enie svojho celkov\u00e9ho zdravia.<\/li>\n<li><strong>Nakopnut\u00fd efekt s dlhodob\u00fdm \u00fa\u010dinkom:<\/strong> Tensital m\u00e1 aj schopnos\u0165 poskytova\u0165 dlhodob\u00fd \u00fa\u010dinok aj po skon\u010den\u00ed lie\u010debn\u00e9ho cyklu. To je d\u00f4le\u017eit\u00e9 pre pacientov, ktor\u00ed h\u013eadaj\u00fa trval\u00e9 rie\u0161enie svojej hypertenzie.<\/li>\n<li><strong>Pohodln\u00e1 forma pod\u00e1vania:<\/strong> Tensital je k dispoz\u00edcii vo forme kaps\u00fal, \u010do z neho rob\u00ed \u013eahko pou\u017eite\u013en\u00fd liek. Kapsule je mo\u017en\u00e9 \u013eahko zahrn\u00fa\u0165 do denn\u00e9ho re\u017eimu a s\u00fa pohodln\u00e9 pre pacientov.<\/li>\n<li><strong>Dostupn\u00e1 cena:<\/strong> Cena Tensitalu je dostupn\u00e1 v\u00e4\u010d\u0161ine pacientov. To znamen\u00e1, \u017ee aj t\u00ed s obmedzen\u00fdm rozpo\u010dtom si m\u00f4\u017eu dovoli\u0165 tento \u00fa\u010dinn\u00fd liek.<\/li>\n<\/ol>\n<h2>Zlo\u017eenie Tensitalu<\/h2>\n<p>Tensital je vyroben\u00fd z 100% pr\u00edrodn\u00fdch zlo\u017eiek. Pri v\u00fdrobe tohto lieku nie s\u00fa pou\u017e\u00edvan\u00e9 \u017eiadne chemick\u00e9 pr\u00edsady. Namiesto toho sa vyu\u017e\u00edvaj\u00fa vytiahnut\u00e9 zlo\u017eky z rastl\u00edn a extrakty, ktor\u00e9 s\u00fa \u0161etrn\u00e9 k telu a zdraviu pacienta. Toto pr\u00edrodn\u00e9 zlo\u017eenie rob\u00ed Tensital bezpe\u010dn\u00fdm a \u00fa\u010dinn\u00fdm liekom na lie\u010dbu hypertenzie.<\/p>\n<h2>Sp\u00f4sob u\u017e\u00edvania Tensitalu<\/h2>\n<p>Tensital sa odpor\u00fa\u010da u\u017e\u00edva\u0165 1-2kr\u00e1t denne po jednej kapsule po\u010das jedla, doplnen\u00e9 dostato\u010dn\u00fdm mno\u017estvom vody. Tento sp\u00f4sob pod\u00e1vania je \u013eahk\u00fd a pohodln\u00fd pre pacientov, \u010do z neho rob\u00ed praktick\u00fa vo\u013ebu pre t\u00fdch, ktor\u00ed h\u013eadaj\u00fa \u00fa\u010dinn\u00fa lie\u010dbu hypertenzie.<\/p>\n<p>S jeho pr\u00edrodn\u00fdm zlo\u017een\u00edm, r\u00fdchlymi pozit\u00edvnymi v\u00fdsledkami a dlhodob\u00fdm \u00fa\u010dinkom je jednou z najlep\u0161\u00edch mo\u017enost\u00ed pre pacientov trpiacich hypertenziou. Zn\u00ed\u017ete riziko komplik\u00e1ci\u00ed spojen\u00fdch s hypertenziou a zlep\u0161ite svoje zdravie s Tensitalom.<\/p>\n","protected":false},"excerpt":{"rendered":"<p>Tensital &#8211; kapsule proti hypertenzii. Tento liek z\u00edskava \u010doraz viac pozornosti a ob\u013euby v\u010faka svojim organick\u00fdm akt\u00edvnym zlo\u017ek\u00e1m a schopnosti \u00fa\u010dinne rie\u0161i\u0165 probl\u00e9m vysok\u00e9ho krvn\u00e9ho tlaku.<\/p>\n","protected":false},"featured_media":8244,"comment_status":"open","ping_status":"closed","template":"","meta":{"site-sidebar-layout":"default","site-content-layout":"","ast-site-content-layout":"default","site-content-style":"default","site-sidebar-style":"default","ast-global-header-display":"","ast-banner-title-visibility":"","ast-main-header-display":"","ast-hfb-above-header-display":"","ast-hfb-below-header-display":"","ast-hfb-mobile-header-display":"","site-post-title":"","ast-breadcrumbs-content":"","ast-featured-img":"","footer-sml-layout":"","ast-disable-related-posts":"","theme-transparent-header-meta":"default","adv-header-id-meta":"","stick-header-meta":"","header-above-stick-meta":"","header-main-stick-meta":"","header-below-stick-meta":"","astra-migrate-meta-layouts":"set","ast-page-background-enabled":"default","ast-page-background-meta":{"desktop":{"background-color":"","background-image":"","background-repeat":"repeat","background-position":"center center","background-size":"auto","background-attachment":"scroll","background-type":"","background-media":"","overlay-type":"","overlay-color":"","overlay-opacity":"","overlay-gradient":""},"tablet":{"background-color":"","background-image":"","background-repeat":"repeat","background-position":"center center","background-size":"auto","background-attachment":"scroll","background-type":"","background-media":"","overlay-type":"","overlay-color":"","overlay-opacity":"","overlay-gradient":""},"mobile":{"background-color":"","background-image":"","background-repeat":"repeat","background-position":"center center","background-size":"auto","background-attachment":"scroll","background-type":"","background-media":"","overlay-type":"","overlay-color":"","overlay-opacity":"","overlay-gradient":""}},"ast-content-background-meta":{"desktop":{"background-color":"var(--ast-global-color-5)","background-image":"","background-repeat":"repeat","background-position":"center center","background-size":"auto","background-attachment":"scroll","background-type":"","background-media":"","overlay-type":"","overlay-color":"","overlay-opacity":"","overlay-gradient":""},"tablet":{"background-color":"var(--ast-global-color-5)","background-image":"","background-repeat":"repeat","background-position":"center center","background-size":"auto","background-attachment":"scroll","background-type":"","background-media":"","overlay-type":"","overlay-color":"","overlay-opacity":"","overlay-gradient":""},"mobile":{"background-color":"var(--ast-global-color-5)","background-image":"","background-repeat":"repeat","background-position":"center center","background-size":"auto","background-attachment":"scroll","background-type":"","background-media":"","overlay-type":"","overlay-color":"","overlay-opacity":"","overlay-gradient":""}}},"product_brand":[],"product_cat":[41],"product_tag":[],"class_list":{"0":"post-8245","1":"product","2":"type-product","3":"status-publish","4":"has-post-thumbnail","6":"product_cat-produkty-pre-zdravie","7":"desktop-align-left","8":"tablet-align-left","9":"mobile-align-left","11":"first","12":"instock","13":"sale","14":"taxable","15":"shipping-taxable","16":"purchasable","17":"product-type-simple"},"_links":{"self":[{"href":"https:\/\/wellness4you.cz\/sk\/wp-json\/wp\/v2\/product\/8245","targetHints":{"allow":["GET"]}}],"collection":[{"href":"https:\/\/wellness4you.cz\/sk\/wp-json\/wp\/v2\/product"}],"about":[{"href":"https:\/\/wellness4you.cz\/sk\/wp-json\/wp\/v2\/types\/product"}],"replies":[{"embeddable":true,"href":"https:\/\/wellness4you.cz\/sk\/wp-json\/wp\/v2\/comments?post=8245"}],"wp:featuredmedia":[{"embeddable":true,"href":"https:\/\/wellness4you.cz\/sk\/wp-json\/wp\/v2\/media\/8244"}],"wp:attachment":[{"href":"https:\/\/wellness4you.cz\/sk\/wp-json\/wp\/v2\/media?parent=8245"}],"wp:term":[{"taxonomy":"product_brand","embeddable":true,"href":"https:\/\/wellness4you.cz\/sk\/wp-json\/wp\/v2\/product_brand?post=8245"},{"taxonomy":"product_cat","embeddable":true,"href":"https:\/\/wellness4you.cz\/sk\/wp-json\/wp\/v2\/product_cat?post=8245"},{"taxonomy":"product_tag","embeddable":true,"href":"https:\/\/wellness4you.cz\/sk\/wp-json\/wp\/v2\/product_tag?post=8245"}],"curies":[{"name":"wp","href":"https:\/\/api.w.org\/{rel}","templated":true}]}}