{"id":8241,"date":"2023-12-13T14:20:09","date_gmt":"2023-12-13T13:20:09","guid":{"rendered":"https:\/\/wellness4you.cz\/sk\/steplex\/"},"modified":"2026-01-08T22:52:36","modified_gmt":"2026-01-08T21:52:36","slug":"steplex","status":"publish","type":"product","link":"https:\/\/wellness4you.cz\/sk\/steplex\/","title":{"rendered":"Steplex"},"content":{"rendered":"<h2 id=\"toc\">Obsah<\/h2>\n<ul>\n<li><a href=\"#benefits\">V\u00fdhody, kter\u00e9 nab\u00edz\u00ed Steplex<\/a><\/li>\n<li><a href=\"#exclusive-formula\">Exkluzivn\u00ed formula pro zdrav\u00ed kloub\u016f<\/a><\/li>\n<li><a href=\"#natural-ingredients\">P\u0159\u00edrodn\u00ed slo\u017een\u00ed pro maxim\u00e1ln\u00ed \u00fa\u010dinnost<\/a><\/li>\n<li><a href=\"#supporting-recovery\">Podpora rychl\u00e9ho zotaven\u00ed<\/a><\/li>\n<li><a href=\"#vitamins-minerals\">Dopl\u0148kov\u00e9 vitam\u00edny a miner\u00e1ly<\/a><\/li>\n<li><a href=\"#order-now\">Objednejte si Steplex je\u0161t\u011b dnes!<\/a><\/li>\n<\/ul>\n<h2 id=\"benefits\">V\u00fdhody, kter\u00e9 nab\u00edz\u00ed Steplex<\/h2>\n<p>Steplex &#8211; kvalitn\u00ed kr\u00e9m pro klouby, kter\u00fd se py\u0161n\u00ed \u0159adou unik\u00e1tn\u00edch vlastnost\u00ed. Nejde jen o dal\u0161\u00ed produkt na trhu, ale o pravou investici do va\u0161eho zdrav\u00ed.<\/p>\n<p>D\u00edky jeho exkluzivn\u00edm slo\u017ek\u00e1m a \u00fa\u010dinn\u00fdm formul\u00edm p\u0159in\u00e1\u0161\u00ed Steplex \u0159adu v\u00fdhod, kter\u00e9 v\u00e1m mohou vr\u00e1tit pohyblivost a komfort do va\u0161eho ka\u017edodenn\u00edho \u017eivota.<\/p>\n<h2 id=\"exclusive-formula\">Exkluzivn\u00ed formula pro zdrav\u00ed kloub\u016f<\/h2>\n<p>Steplex se m\u016f\u017ee pochlubit jedine\u010dnou formul\u00ed, kter\u00e1 byla vytvo\u0159ena s ohledem na optim\u00e1ln\u00ed zdrav\u00ed kloub\u016f. Jeho slo\u017een\u00ed je pe\u010dliv\u011b vyv\u00e1\u017een\u00e9 a zam\u011b\u0159uje se na pos\u00edlen\u00ed tk\u00e1n\u00ed kloub\u016f a podporu regenerace.<\/p>\n<p>D\u00edky t\u00e9to exkluzivn\u00ed kombinaci slo\u017eek m\u016f\u017ee Steplex pomoci nejen zlep\u0161it stav kloub\u016f, ale i p\u0159edej\u00edt jejich dal\u0161\u00edm probl\u00e9m\u016fm v budoucnu.<\/p>\n<h2 id=\"natural-ingredients\">P\u0159\u00edrodn\u00ed slo\u017een\u00ed pro maxim\u00e1ln\u00ed \u00fa\u010dinnost<\/h2>\n<p>Co d\u011bl\u00e1 Steplex skute\u010dn\u011b v\u00fdjime\u010dn\u00fdm, je jeho zcela p\u0159\u00edrodn\u00ed slo\u017een\u00ed. Ka\u017ed\u00e1 kapsle obsahuje unik\u00e1tn\u00ed sm\u011bs rostlinn\u00fdch extrakt\u016f a l\u00e1tek, kter\u00e9 maj\u00ed prokazateln\u011b pozitivn\u00ed vliv na zdrav\u00ed kloub\u016f.<\/p>\n<p>Nav\u00edc byly tyto slo\u017eky pe\u010dliv\u011b zpracov\u00e1ny tak, aby si uchovaly ve\u0161ker\u00e9 sv\u00e9 prosp\u011b\u0161n\u00e9 vlastnosti. D\u00edky tomu m\u016f\u017eete o\u010dek\u00e1vat maxim\u00e1ln\u00ed \u00fa\u010dinnost Steplexu bez vedlej\u0161\u00edch \u00fa\u010dink\u016f.<\/p>\n<h2 id=\"supporting-recovery\">Podpora rychl\u00e9ho zotaven\u00ed<\/h2>\n<p>Chcete-li se rychle vr\u00e1tit k plnohodnotn\u00e9mu \u017eivotu bez obt\u00ed\u017e\u00ed a bolesti, m\u016f\u017ee Steplex b\u00fdt va\u0161\u00edm spolehliv\u00fdm partnerem na cest\u011b k zotaven\u00ed. Jeho aktivn\u00ed slo\u017eky pom\u00e1haj\u00ed rychleji obnovovat po\u0161kozen\u00e9 tk\u00e1n\u011b kloub\u016f a sni\u017eovat z\u00e1n\u011bty.<\/p>\n<p>S Steplexem se nemus\u00edte spol\u00e9hat pouze na tlumen\u00ed bolesti. M\u016f\u017eete se t\u011b\u0161it na skute\u010dn\u011b efektivn\u00ed regeneraci, kter\u00e1 v\u00e1m umo\u017en\u00ed op\u011bt pln\u011b vychutnat \u017eivot bez omezen\u00ed.<\/p>\n<h2 id=\"vitamins-minerals\">Dopl\u0148kov\u00e9 vitam\u00edny a miner\u00e1ly<\/h2>\n<p>Nen\u00ed to jen o kloubech. Steplex je tak\u00e9 o celkov\u00e9m zdrav\u00ed va\u0161eho t\u011bla. Jeho slo\u017een\u00ed zahrnuje d\u016fle\u017eit\u00e9 vitam\u00edny a miner\u00e1ly, kter\u00e9 podporuj\u00ed nejen zdrav\u00ed kloub\u016f, ale i celkovou vitalitu.<\/p>\n<p>Tyto dopl\u0148kov\u00e9 l\u00e1tky maj\u00ed pozitivn\u00ed vliv na va\u0161i imunitu, energii a pohodu. D\u00edky nim se budete c\u00edtit l\u00e9pe nejen fyzicky, ale i du\u0161evn\u011b.<\/p>\n<h2 id=\"order-now\">Objednejte si Steplex je\u0161t\u011b dnes!<\/h2>\n<p>Nenechte sv\u00fdm kloub\u016fm trp\u011bt a u\u017eijte si plnohodnotn\u00fd \u017eivot bez bolesti a omezen\u00ed. Steplex v\u00e1m nab\u00edz\u00ed v\u0161echny v\u00fdhody p\u0159\u00edrodn\u00edho a efektivn\u00edho \u0159e\u0161en\u00ed pro va\u0161e klouby.<\/p>\n<p>Z\u00edskejte zp\u011bt svou pohyblivost, komfort a radost ze \u017eivota. Objednejte si Steplex je\u0161t\u011b dnes a dejte sv\u00fdm kloub\u016fm to nejlep\u0161\u00ed!<\/p>\n","protected":false},"excerpt":{"rendered":"<p>Obnovte zdravie svojich k\u013abov s kr\u00e9mom Steplex! Na\u0161a jedine\u010dn\u00e1 formula obnovuje chrupavkov\u00fa tkaninu, zni\u017euje boles\u0165 a zvy\u0161uje bezpe\u010dnos\u0165 lie\u010dby. Znovu si u\u017eite rados\u0165 z pohybu \u2013 objednajte si Steplex e\u0161te dnes.<\/p>\n","protected":false},"featured_media":8240,"comment_status":"open","ping_status":"closed","template":"","meta":{"site-sidebar-layout":"default","site-content-layout":"","ast-site-content-layout":"default","site-content-style":"default","site-sidebar-style":"default","ast-global-header-display":"","ast-banner-title-visibility":"","ast-main-header-display":"","ast-hfb-above-header-display":"","ast-hfb-below-header-display":"","ast-hfb-mobile-header-display":"","site-post-title":"","ast-breadcrumbs-content":"","ast-featured-img":"","footer-sml-layout":"","ast-disable-related-posts":"","theme-transparent-header-meta":"","adv-header-id-meta":"","stick-header-meta":"","header-above-stick-meta":"","header-main-stick-meta":"","header-below-stick-meta":"","astra-migrate-meta-layouts":"default","ast-page-background-enabled":"default","ast-page-background-meta":{"desktop":{"background-color":"","background-image":"","background-repeat":"repeat","background-position":"center center","background-size":"auto","background-attachment":"scroll","background-type":"","background-media":"","overlay-type":"","overlay-color":"","overlay-opacity":"","overlay-gradient":""},"tablet":{"background-color":"","background-image":"","background-repeat":"repeat","background-position":"center center","background-size":"auto","background-attachment":"scroll","background-type":"","background-media":"","overlay-type":"","overlay-color":"","overlay-opacity":"","overlay-gradient":""},"mobile":{"background-color":"","background-image":"","background-repeat":"repeat","background-position":"center center","background-size":"auto","background-attachment":"scroll","background-type":"","background-media":"","overlay-type":"","overlay-color":"","overlay-opacity":"","overlay-gradient":""}},"ast-content-background-meta":{"desktop":{"background-color":"var(--ast-global-color-5)","background-image":"","background-repeat":"repeat","background-position":"center center","background-size":"auto","background-attachment":"scroll","background-type":"","background-media":"","overlay-type":"","overlay-color":"","overlay-opacity":"","overlay-gradient":""},"tablet":{"background-color":"var(--ast-global-color-5)","background-image":"","background-repeat":"repeat","background-position":"center center","background-size":"auto","background-attachment":"scroll","background-type":"","background-media":"","overlay-type":"","overlay-color":"","overlay-opacity":"","overlay-gradient":""},"mobile":{"background-color":"var(--ast-global-color-5)","background-image":"","background-repeat":"repeat","background-position":"center center","background-size":"auto","background-attachment":"scroll","background-type":"","background-media":"","overlay-type":"","overlay-color":"","overlay-opacity":"","overlay-gradient":""}}},"product_brand":[],"product_cat":[41],"product_tag":[],"class_list":{"0":"post-8241","1":"product","2":"type-product","3":"status-publish","4":"has-post-thumbnail","6":"product_cat-produkty-pre-zdravie","7":"desktop-align-left","8":"tablet-align-left","9":"mobile-align-left","11":"first","12":"instock","13":"sale","14":"taxable","15":"shipping-taxable","16":"purchasable","17":"product-type-simple"},"_links":{"self":[{"href":"https:\/\/wellness4you.cz\/sk\/wp-json\/wp\/v2\/product\/8241","targetHints":{"allow":["GET"]}}],"collection":[{"href":"https:\/\/wellness4you.cz\/sk\/wp-json\/wp\/v2\/product"}],"about":[{"href":"https:\/\/wellness4you.cz\/sk\/wp-json\/wp\/v2\/types\/product"}],"replies":[{"embeddable":true,"href":"https:\/\/wellness4you.cz\/sk\/wp-json\/wp\/v2\/comments?post=8241"}],"wp:featuredmedia":[{"embeddable":true,"href":"https:\/\/wellness4you.cz\/sk\/wp-json\/wp\/v2\/media\/8240"}],"wp:attachment":[{"href":"https:\/\/wellness4you.cz\/sk\/wp-json\/wp\/v2\/media?parent=8241"}],"wp:term":[{"taxonomy":"product_brand","embeddable":true,"href":"https:\/\/wellness4you.cz\/sk\/wp-json\/wp\/v2\/product_brand?post=8241"},{"taxonomy":"product_cat","embeddable":true,"href":"https:\/\/wellness4you.cz\/sk\/wp-json\/wp\/v2\/product_cat?post=8241"},{"taxonomy":"product_tag","embeddable":true,"href":"https:\/\/wellness4you.cz\/sk\/wp-json\/wp\/v2\/product_tag?post=8241"}],"curies":[{"name":"wp","href":"https:\/\/api.w.org\/{rel}","templated":true}]}}