{"id":8235,"date":"2023-12-13T14:20:07","date_gmt":"2023-12-13T13:20:07","guid":{"rendered":"https:\/\/wellness4you.cz\/sk\/vitamisil\/"},"modified":"2026-01-08T22:52:35","modified_gmt":"2026-01-08T21:52:35","slug":"vitamisil","status":"publish","type":"product","link":"https:\/\/wellness4you.cz\/sk\/vitamisil\/","title":{"rendered":"Vitamisil"},"content":{"rendered":"<p>Vitamisil: Pr\u00edrodn\u00fd sp\u00f4sob dosiahnutia \u017eelanej postavy<\/p>\n<p>V s\u00fa\u010dasnosti je dostupn\u00fdch mnoho s\u013eubn\u00fdch met\u00f3d na chudnutie, ale len m\u00e1lo z nich je skuto\u010dne efekt\u00edvnych. Medzi t\u00fdmito m\u00e1lo \u00fa\u010dinn\u00fdmi met\u00f3dami patr\u00ed Vitamisil, inovat\u00edvny pr\u00edrodn\u00fd doplnok stravy, ktor\u00fd skuto\u010dne pom\u00e1ha pri \u013eahkom chudnut\u00ed. Kde ho k\u00fapi\u0165? Ak\u00e1 je jeho cena? Je naozaj tak\u00fd \u00fa\u010dinn\u00fd, ako sa tvrd\u00ed? Pre\u010d\u00edtajte si viac a dozviete sa v\u0161etko o naj\u00fa\u010dinnej\u0161ej met\u00f3de chudnutia!<\/p>\n<h2>Kde k\u00fapi\u0165 Vitamisil a jeho cena<\/h2>\n<p>Vitamisil nie je dostupn\u00fd v be\u017en\u00fdch lek\u00e1r\u0148ach. Origin\u00e1lny produkt n\u00e1jdete iba na ofici\u00e1lnej webovej str\u00e1nke v\u00fdrobcu. Takto sa m\u00f4\u017eete vyhn\u00fa\u0165 st\u00e1tie v rade, h\u013eadaniu produktu a m\u00f4\u017eete si ho pohodlne objedna\u0165 online bez ak\u00fdchko\u013evek pr\u00edplatkov. Navy\u0161e m\u00e1te zaru\u010den\u00e9, \u017ee dostanete garantovane origin\u00e1lny a bezpe\u010dn\u00fd produkt.<\/p>\n<h2>V\u00fdhody a nev\u00fdhody pou\u017e\u00edvania Vitamisilu<\/h2>\n<p>Hlavn\u00e9 v\u00fdhody Vitamisilu zah\u0155\u0148aj\u00fa jeho pr\u00edrodn\u00e9 zlo\u017eenie, skuto\u010dn\u00fd, \u013eahk\u00fd a trval\u00fd \u00fabytok hmotnosti, bezpe\u010dn\u00e9 pou\u017e\u00edvanie, absenciu ved\u013eaj\u0161\u00edch \u00fa\u010dinkov a mo\u017enos\u0165 schudn\u00fa\u0165 bez obmedzen\u00ed a fyzickej n\u00e1mahy. Nemus\u00edte meni\u0165 svoj \u017eivotn\u00fd \u0161t\u00fdl alebo stravovacie n\u00e1vyky, a napriek tomu je chudnutie neust\u00e1le a stabiln\u00e9. Medzi nev\u00fdhody by sa dalo zaradi\u0165 len to, \u017ee origin\u00e1lny produkt je dostupn\u00fd len na ofici\u00e1lnej str\u00e1nke v\u00fdrobcu.<\/p>\n<h2>Ako funguje Vitamisil<\/h2>\n<p>K\u013e\u00fa\u010dom k \u00fa\u010dinnosti Vitamisilu je jeho jedine\u010dn\u00e1 prolipolisov\u00e1 formula. T\u00e1to inovat\u00edvna zlo\u017eka umo\u017e\u0148uje sp\u00e1lenie tukov prirodzen\u00fdm sp\u00f4sobom, \u010d\u00edm z\u00e1sobuje telo extra energiou. Tento proces neza\u0165a\u017euje telo, ale naopak, poskytuje mu potrebn\u00fa energiu. Prebyto\u010dn\u00e1 voda a oxid uhli\u010dit\u00fd sa potom prirodzene vyl\u00fa\u010dia z tela.<\/p>\n<h2>Zlo\u017eenie Vitamisilu<\/h2>\n<p>Vitamisil je \u00faplne pr\u00edrodn\u00fd doplnok stravy, ktor\u00fd bol vyvinut\u00fd odborn\u00edkmi a vedcami. Jeho prec\u00edzna a vyv\u00e1\u017een\u00e1 formula je \u00faplne unik\u00e1tna a obsahuje napr\u00edklad jedine\u010dn\u00fa prolipolisov\u00fa formulu, MTC olej na podporu procesu spa\u013eovania tukov, v\u00fd\u0165a\u017eky z k\u00e1vy na zv\u00fd\u0161enie energie tela, cik\u00f3riu pre pr\u00edrodn\u00e9 detoxika\u010dn\u00e9 procesy a chr\u00f3m pikolin\u00e1t na potla\u010denie chute.<\/p>\n<h2>Sk\u00fasenosti u\u017e\u00edvate\u013eov s Vitamisilom<\/h2>\n<p>Sk\u00fasenosti a recenzie na Vitamisil s\u00fa mimoriadne pozit\u00edvne. Mnoho \u013eud\u00ed zdie\u013ealo svoje sk\u00fasenosti s t\u00fdmto produktom na r\u00f4znych online f\u00f3rach. Pou\u017e\u00edvatelia \u010dasto chv\u00e1lia \u00fa\u010dinnos\u0165 tohto lie\u010debn\u00e9ho prostriedku a v\u00fdsledky, ktor\u00e9 dosiahli v hmotnosti.<\/p>\n<h2>\u010cast\u00e9 ot\u00e1zky<\/h2>\n<p><strong>Kde k\u00fapi\u0165 Vitamisil?<\/strong> Origin\u00e1lny Vitamisil je dostupn\u00fd na webovej str\u00e1nke v\u00fdrobcu, kde si ho m\u00f4\u017eete pohodlne objedna\u0165.<br \/>\n<strong>Ak\u00e9 s\u00fa n\u00e1zory u\u017e\u00edvate\u013eov na produkt?<\/strong> U\u017e\u00edvatelia, ktor\u00ed pou\u017e\u00edvaj\u00fa origin\u00e1lny Vitamisil, s\u00fa spokojn\u00ed a hovoria pozit\u00edvne. Chudnutie je \u00faspe\u0161n\u00e9 a trval\u00e9, bez ak\u00e9hoko\u013evek stresu, obmedzenia alebo ved\u013eaj\u0161\u00edch \u00fa\u010dinkov.<\/p>\n","protected":false},"excerpt":{"rendered":"<p>Objavte Vitamisil, pr\u00edrodn\u00fd doplnok stravy pre \u013eahk\u00e9 a trval\u00e9 chudnutie bez ved\u013eaj\u0161\u00edch \u00fa\u010dinkov. Zistite, kde ho zak\u00fapi\u0165 a ak\u00e1 je jeho cena.<\/p>\n","protected":false},"featured_media":8234,"comment_status":"open","ping_status":"closed","template":"","meta":{"site-sidebar-layout":"default","site-content-layout":"","ast-site-content-layout":"default","site-content-style":"default","site-sidebar-style":"default","ast-global-header-display":"","ast-banner-title-visibility":"","ast-main-header-display":"","ast-hfb-above-header-display":"","ast-hfb-below-header-display":"","ast-hfb-mobile-header-display":"","site-post-title":"","ast-breadcrumbs-content":"","ast-featured-img":"","footer-sml-layout":"","ast-disable-related-posts":"","theme-transparent-header-meta":"","adv-header-id-meta":"","stick-header-meta":"","header-above-stick-meta":"","header-main-stick-meta":"","header-below-stick-meta":"","astra-migrate-meta-layouts":"default","ast-page-background-enabled":"default","ast-page-background-meta":{"desktop":{"background-color":"","background-image":"","background-repeat":"repeat","background-position":"center center","background-size":"auto","background-attachment":"scroll","background-type":"","background-media":"","overlay-type":"","overlay-color":"","overlay-opacity":"","overlay-gradient":""},"tablet":{"background-color":"","background-image":"","background-repeat":"repeat","background-position":"center center","background-size":"auto","background-attachment":"scroll","background-type":"","background-media":"","overlay-type":"","overlay-color":"","overlay-opacity":"","overlay-gradient":""},"mobile":{"background-color":"","background-image":"","background-repeat":"repeat","background-position":"center center","background-size":"auto","background-attachment":"scroll","background-type":"","background-media":"","overlay-type":"","overlay-color":"","overlay-opacity":"","overlay-gradient":""}},"ast-content-background-meta":{"desktop":{"background-color":"var(--ast-global-color-5)","background-image":"","background-repeat":"repeat","background-position":"center center","background-size":"auto","background-attachment":"scroll","background-type":"","background-media":"","overlay-type":"","overlay-color":"","overlay-opacity":"","overlay-gradient":""},"tablet":{"background-color":"var(--ast-global-color-5)","background-image":"","background-repeat":"repeat","background-position":"center center","background-size":"auto","background-attachment":"scroll","background-type":"","background-media":"","overlay-type":"","overlay-color":"","overlay-opacity":"","overlay-gradient":""},"mobile":{"background-color":"var(--ast-global-color-5)","background-image":"","background-repeat":"repeat","background-position":"center center","background-size":"auto","background-attachment":"scroll","background-type":"","background-media":"","overlay-type":"","overlay-color":"","overlay-opacity":"","overlay-gradient":""}}},"product_brand":[],"product_cat":[39],"product_tag":[],"class_list":{"0":"post-8235","1":"product","2":"type-product","3":"status-publish","4":"has-post-thumbnail","6":"product_cat-na-chudnutie","7":"desktop-align-left","8":"tablet-align-left","9":"mobile-align-left","11":"first","12":"instock","13":"sale","14":"taxable","15":"shipping-taxable","16":"purchasable","17":"product-type-simple"},"_links":{"self":[{"href":"https:\/\/wellness4you.cz\/sk\/wp-json\/wp\/v2\/product\/8235","targetHints":{"allow":["GET"]}}],"collection":[{"href":"https:\/\/wellness4you.cz\/sk\/wp-json\/wp\/v2\/product"}],"about":[{"href":"https:\/\/wellness4you.cz\/sk\/wp-json\/wp\/v2\/types\/product"}],"replies":[{"embeddable":true,"href":"https:\/\/wellness4you.cz\/sk\/wp-json\/wp\/v2\/comments?post=8235"}],"wp:featuredmedia":[{"embeddable":true,"href":"https:\/\/wellness4you.cz\/sk\/wp-json\/wp\/v2\/media\/8234"}],"wp:attachment":[{"href":"https:\/\/wellness4you.cz\/sk\/wp-json\/wp\/v2\/media?parent=8235"}],"wp:term":[{"taxonomy":"product_brand","embeddable":true,"href":"https:\/\/wellness4you.cz\/sk\/wp-json\/wp\/v2\/product_brand?post=8235"},{"taxonomy":"product_cat","embeddable":true,"href":"https:\/\/wellness4you.cz\/sk\/wp-json\/wp\/v2\/product_cat?post=8235"},{"taxonomy":"product_tag","embeddable":true,"href":"https:\/\/wellness4you.cz\/sk\/wp-json\/wp\/v2\/product_tag?post=8235"}],"curies":[{"name":"wp","href":"https:\/\/api.w.org\/{rel}","templated":true}]}}