{"id":8231,"date":"2023-12-13T14:20:06","date_gmt":"2023-12-13T13:20:06","guid":{"rendered":"https:\/\/wellness4you.cz\/sk\/hotrifen\/"},"modified":"2026-01-08T22:52:36","modified_gmt":"2026-01-08T21:52:36","slug":"hotrifen","status":"publish","type":"product","link":"https:\/\/wellness4you.cz\/sk\/hotrifen\/","title":{"rendered":"Hotrifen"},"content":{"rendered":"<h2>Vzru\u0161uj\u00faca spr\u00e1va &#8211; Hotrifen, pr\u00edrodn\u00fd kr\u00e9m proti bolesti klbov, je presne to, \u010do ste h\u013eadali!<\/h2>\n<p>Hotrifen je vyroben\u00fd z \u010disto pr\u00edrodn\u00fdch zlo\u017eiek a dok\u00e1\u017ee zmierni\u0165 bolesti klbov a vr\u00e1ti\u0165 v\u00e1s k pohybu, ktor\u00fd si prajete. Tento \u00fa\u010dinn\u00fd kr\u00e9m je navrhnut\u00fd tak, aby prenikol priamo do probl\u00e9movej oblasti, kde okam\u017eite pom\u00e1ha zahna\u0165 nepr\u00edjemn\u00e9 pocity. A v\u010faka pravidelnej aplik\u00e1cii m\u00f4\u017eete spo\u013eahn\u00fa\u0165 na r\u00fdchle v\u00fdsledky; tento produkt oslavuje r\u00fdchlo p\u00f4sobiace v\u00fdsledky bez naru\u0161enia celkovej integrity.<\/p>\n<p>Bez oh\u013eadu na v\u00e1\u0161 vek alebo \u00farove\u0148 aktivity, ak h\u013ead\u00e1te pr\u00edrodn\u00e9 rie\u0161enie, ktor\u00e9 udr\u017e\u00ed va\u0161e k\u013aby pru\u017en\u00e9 a pohybliv\u00e9, neh\u013eadajte ni\u010d in\u00e9 ako Hotrifen. Tento \u00fa\u010dinn\u00fd kr\u00e9m je ur\u010den\u00fd pre v\u0161etk\u00fdch, ktor\u00ed trpia boles\u0165ami klbov, artrit\u00eddou alebo osteoartr\u00f3zou.<\/p>\n<h2>Hled\u00e1te zcela pr\u00edrodn\u00e9 a ve\u013emi siln\u00e9 rie\u0161enie pre lie\u010dbu bolesti klbov?<\/h2>\n<p>Tento produkt kombinuje pr\u00edrodn\u00e9 zlo\u017eky, ktor\u00e9 s\u00fa starostlivo vybran\u00e9 a zmie\u0161an\u00e9 dohromady tak, aby poskytli maxim\u00e1lnu \u00fa\u013eavu od bolesti klbov. Kr\u00e9m pronik\u00e1 hlboko do postihnutej oblasti a pom\u00e1ha zmierni\u0165 z\u00e1pal, pri\u010dom poskytuje chladiv\u00fd pocit, ktor\u00fd \u010falej upokojuje postihnut\u00fa oblas\u0165.<\/p>\n<p>Krom toho je mo\u017en\u00e9 Hotrifen pou\u017e\u00edva\u0165 nielen lok\u00e1lne priamo na ko\u017ei, ale aj peror\u00e1lne ako doplnok stravy, ktor\u00fd zosil\u0148uje jeho \u00fa\u010dinky. Tento produkt rozhodne stoj\u00ed za vysk\u00fa\u0161anie, ak h\u013ead\u00e1te zcela pr\u00edrodn\u00e9 rie\u0161enie bolesti klbov.<\/p>\n<p>Nejen\u017ee okam\u017eit\u011b sni\u017euje z\u00e1n\u011bt, ale tak\u00e9 v\u00e1m pom\u016f\u017ee c\u00edtit se pohodlnej\u0161ie t\u00edm, \u017ee poskytuje uklid\u0148uj\u00faci pocit, kdykoli poc\u00edtite nepohodl\u00ed v kloubech. Pravideln\u00fdm u\u017e\u00edv\u00e1n\u00edm pr\u00edpravku Hotrifen m\u00f4\u017eete zmier\u0148i\u0165 bolesti klbov a vr\u00e1ti\u0165 sa sp\u00e4\u0165 k slobodn\u00e9mu \u017eivotu. Vysk\u00fa\u0161ajte Hotrifen e\u0161te dnes a zbohom nepr\u00edjemn\u00fdm bolestiam klbov!<\/p>\n","protected":false},"excerpt":{"rendered":"<p>Hotrifen je ide\u00e1lny pr\u00edpravok pre ka\u017ed\u00e9ho, kto trp\u00ed boles\u0165ami k\u013abov, artrit\u00eddou alebo osteoartr\u00f3zou. Hotrifen je vyroben\u00fd z \u010disto pr\u00edrodn\u00fdch zlo\u017eiek a dok\u00e1\u017ee zmierni\u0165 bolesti k\u013abov a vr\u00e1ti\u0165 v\u00e1s k pohybu, ktor\u00fd si \u017eel\u00e1te.<\/p>\n","protected":false},"featured_media":8230,"comment_status":"open","ping_status":"closed","template":"","meta":{"site-sidebar-layout":"default","site-content-layout":"","ast-site-content-layout":"default","site-content-style":"default","site-sidebar-style":"default","ast-global-header-display":"","ast-banner-title-visibility":"","ast-main-header-display":"","ast-hfb-above-header-display":"","ast-hfb-below-header-display":"","ast-hfb-mobile-header-display":"","site-post-title":"","ast-breadcrumbs-content":"","ast-featured-img":"","footer-sml-layout":"","ast-disable-related-posts":"","theme-transparent-header-meta":"default","adv-header-id-meta":"","stick-header-meta":"","header-above-stick-meta":"","header-main-stick-meta":"","header-below-stick-meta":"","astra-migrate-meta-layouts":"set","ast-page-background-enabled":"default","ast-page-background-meta":{"desktop":{"background-color":"","background-image":"","background-repeat":"repeat","background-position":"center center","background-size":"auto","background-attachment":"scroll","background-type":"","background-media":"","overlay-type":"","overlay-color":"","overlay-opacity":"","overlay-gradient":""},"tablet":{"background-color":"","background-image":"","background-repeat":"repeat","background-position":"center center","background-size":"auto","background-attachment":"scroll","background-type":"","background-media":"","overlay-type":"","overlay-color":"","overlay-opacity":"","overlay-gradient":""},"mobile":{"background-color":"","background-image":"","background-repeat":"repeat","background-position":"center center","background-size":"auto","background-attachment":"scroll","background-type":"","background-media":"","overlay-type":"","overlay-color":"","overlay-opacity":"","overlay-gradient":""}},"ast-content-background-meta":{"desktop":{"background-color":"var(--ast-global-color-5)","background-image":"","background-repeat":"repeat","background-position":"center center","background-size":"auto","background-attachment":"scroll","background-type":"","background-media":"","overlay-type":"","overlay-color":"","overlay-opacity":"","overlay-gradient":""},"tablet":{"background-color":"var(--ast-global-color-5)","background-image":"","background-repeat":"repeat","background-position":"center center","background-size":"auto","background-attachment":"scroll","background-type":"","background-media":"","overlay-type":"","overlay-color":"","overlay-opacity":"","overlay-gradient":""},"mobile":{"background-color":"var(--ast-global-color-5)","background-image":"","background-repeat":"repeat","background-position":"center center","background-size":"auto","background-attachment":"scroll","background-type":"","background-media":"","overlay-type":"","overlay-color":"","overlay-opacity":"","overlay-gradient":""}}},"product_brand":[],"product_cat":[41],"product_tag":[],"class_list":{"0":"post-8231","1":"product","2":"type-product","3":"status-publish","4":"has-post-thumbnail","6":"product_cat-produkty-pre-zdravie","7":"desktop-align-left","8":"tablet-align-left","9":"mobile-align-left","11":"first","12":"instock","13":"sale","14":"taxable","15":"shipping-taxable","16":"purchasable","17":"product-type-simple"},"_links":{"self":[{"href":"https:\/\/wellness4you.cz\/sk\/wp-json\/wp\/v2\/product\/8231","targetHints":{"allow":["GET"]}}],"collection":[{"href":"https:\/\/wellness4you.cz\/sk\/wp-json\/wp\/v2\/product"}],"about":[{"href":"https:\/\/wellness4you.cz\/sk\/wp-json\/wp\/v2\/types\/product"}],"replies":[{"embeddable":true,"href":"https:\/\/wellness4you.cz\/sk\/wp-json\/wp\/v2\/comments?post=8231"}],"wp:featuredmedia":[{"embeddable":true,"href":"https:\/\/wellness4you.cz\/sk\/wp-json\/wp\/v2\/media\/8230"}],"wp:attachment":[{"href":"https:\/\/wellness4you.cz\/sk\/wp-json\/wp\/v2\/media?parent=8231"}],"wp:term":[{"taxonomy":"product_brand","embeddable":true,"href":"https:\/\/wellness4you.cz\/sk\/wp-json\/wp\/v2\/product_brand?post=8231"},{"taxonomy":"product_cat","embeddable":true,"href":"https:\/\/wellness4you.cz\/sk\/wp-json\/wp\/v2\/product_cat?post=8231"},{"taxonomy":"product_tag","embeddable":true,"href":"https:\/\/wellness4you.cz\/sk\/wp-json\/wp\/v2\/product_tag?post=8231"}],"curies":[{"name":"wp","href":"https:\/\/api.w.org\/{rel}","templated":true}]}}