{"id":8227,"date":"2023-12-13T14:20:05","date_gmt":"2023-12-13T13:20:05","guid":{"rendered":"https:\/\/wellness4you.cz\/sk\/hondrodox\/"},"modified":"2026-01-08T22:52:36","modified_gmt":"2026-01-08T21:52:36","slug":"hondrodox","status":"publish","type":"product","link":"https:\/\/wellness4you.cz\/sk\/hondrodox\/","title":{"rendered":"Hondrodox"},"content":{"rendered":"<p>Hondrodox &#8211; Kr\u00e9m pre k\u013aby<\/p>\n<p>Hondrodox je popul\u00e1rnym extern\u00fdm prostriedkom s analgetick\u00fdm a protiz\u00e1palov\u00fdm \u00fa\u010dinkom, vhodn\u00fdm pre \u013eud\u00ed r\u00f4zneho veku. Tento kr\u00e9m na k\u013aby m\u00e1 pr\u00edrodn\u00e9 zlo\u017eenie, nie je spojen\u00fd s \u017eiadnymi kontraindik\u00e1ciami a neboli zaznamenan\u00e9 \u017eiadne ved\u013eaj\u0161ie \u00fa\u010dinky. Pou\u017e\u00edvatelia vyjadruj\u00fa pozit\u00edvne recenzie na Hondrodox a odborn\u00edci ho ve\u013emi hodnotia v\u010faka jeho vysok\u00e9mu \u00fa\u010dinku.<\/p>\n<p>Hondrodox patr\u00ed medzi pr\u00edpravky pr\u00edrodn\u00e9ho p\u00f4vodu ur\u010den\u00e9 k vonkaj\u0161iemu pou\u017eitiu. Obsahuje 4 siln\u00e9 rastlinn\u00e9 zlo\u017eky s protiz\u00e1palov\u00fdm, antibakteri\u00e1lnym, regenera\u010dn\u00fdm a imunoprotekt\u00edvnym \u00fa\u010dinkom. Pou\u017eitie tohto pr\u00edpravku predstavuje kvalitn\u00fa podporu pre k\u013aby, zdravie chrbtice a pohyblivos\u0165 cel\u00e9ho pohybov\u00e9ho apar\u00e1tu.<\/p>\n<h2>D\u00f4le\u017eit\u00e9 inform\u00e1cie o Hondrodox<\/h2>\n<p>Ako sa Hondrodox l\u00ed\u0161i od in\u00fdch kr\u00e9mov na k\u013aby? Ide o \u00faplne pr\u00edrodn\u00fd produkt s preuk\u00e1zanou \u00fa\u010dinnos\u0165ou a bezpe\u010dnos\u0165ou pou\u017eitia. Tento kr\u00e9m m\u00f4\u017ee \u00faplne zlep\u0161i\u0165 stav k\u013abov, ak za\u010dnete ho pou\u017e\u00edva\u0165 pri prv\u00fdch pr\u00edznakoch \u0165a\u017ekost\u00ed. Medzi tieto pr\u00edznaky patr\u00ed rann\u00e1 obmedzen\u00e1 pohyblivos\u0165, nepohodlie v chrbte, kon\u010datin\u00e1ch, brnenie a znecitlivenie. Pri chronick\u00fdch z\u00e1palov\u00fdch procesoch sa kr\u00e9m Hondrodox pou\u017e\u00edva ako doplnkov\u00fd prostriedok v komplexnej lie\u010dbe. Zvy\u0161uje \u00fa\u010dinok \u010fal\u0161\u00edch liekov, ur\u00fdch\u013euje n\u00e1stup remisie a u\u013eavuje od bolesti. Pod\u013ea odborn\u00edkov je Hondrodox pr\u00edrodn\u00fdm chr\u00e1nen\u00fdm chrupav\u010d\u00edm ochrann\u00fdm prostriedkom, ktor\u00fd lie\u010di bez negat\u00edvneho vplyvu na \u017eal\u00fadok a in\u00e9 org\u00e1ny.<\/p>\n<h2>V\u00fdhody Hondrodox<\/h2>\n<ol>\n<li><strong>R\u00fdchle zmier\u0148ovanie pr\u00edznakov:<\/strong> Hondrodox odstr\u00e1ni bolestiv\u00fd syndr\u00f3m do nieko\u013ek\u00fdch min\u00fat, opuchy a z\u00e1pal do 4-5 dn\u00ed. Pohyblivos\u0165 k\u013abov\u00fdch komplexov sa obnov\u00ed do 7-10 dn\u00ed.<\/li>\n<li><strong>St\u00e1ly v\u00fdsledok:<\/strong> Hondrodox m\u00e1 pred\u013a\u017een\u00fd \u00fa\u010dinok. Pomocou tohto kr\u00e9mu sa zbav\u00edte recid\u00edvy ochorenia na mnoho rokov.<\/li>\n<li><strong>Obnovenie funkci\u00ed k\u013abov:<\/strong> Hondrodox r\u00fdchlo regeneruje po\u0161koden\u00e9 z\u00e1palom bunky, k\u013aby z\u00edskaj\u00fa pohyblivos\u0165 do jedn\u00e9ho t\u00fd\u017ed\u0148a. Rozkladn\u00e9 procesy sa zastavia do 3 t\u00fd\u017ed\u0148ov. V\u010faka kr\u00e9mu Hondrodox ochorenie ust\u00fapi.<\/li>\n<li><strong>\u0160irok\u00e9 spektrum \u00fa\u010dinku:<\/strong> Hondrodox sa odpor\u00fa\u010da pre lie\u010dbu artr\u00f3zy, artrit\u00eddy, osteochondr\u00f3zy, burzit\u00eddy, synovit\u00eddy a dny. Kr\u00e9m odstra\u0148uje de\u0161trukciu chrupavkovej, kostnej a v\u00e4zivovej tkaniva a obnovuje mno\u017estvo a kvalitu synovi\u00e1lnej tekutiny.<\/li>\n<li><strong>Dostupn\u00e1 cena:<\/strong> Objedn\u00e1vanie Hondrodox na ofici\u00e1lnych str\u00e1nkach v\u00fdrobcu umo\u017e\u0148uje zak\u00fapi\u0165 \u00fa\u010dinn\u00fd kr\u00e9m na k\u013aby za v\u00fdhodn\u00fa cenu a v\u010das poskytova\u0165 podporu pohybov\u00e9ho apar\u00e1tu.<\/li>\n<\/ol>\n<h2>Zlo\u017eenie Hondrodox<\/h2>\n<ul>\n<li><strong>Eukalyptus:<\/strong> Odstra\u0148uje boles\u0165, opuchy, br\u00e1ni zhor\u0161eniu z\u00e1palov\u00e9ho procesu a zastavuje de\u0161trukt\u00edvne zmeny. Pom\u00e1ha dynamicky obnovi\u0165 pohyblivos\u0165 chrbtov\u00fdch a k\u013abov\u00fdch komplexov.<\/li>\n<li><strong>Arnika horsk\u00e1:<\/strong> Sni\u017euje trenie chrupavky, predch\u00e1dza vzniku osteofytov a l\u00e1mavosti kost\u00ed. Obnovuje pru\u017enos\u0165 v\u00e4zivov\u00e9ho apar\u00e1tu.<\/li>\n<li><strong>Purpurov\u00e1 v\u0155ba:<\/strong> M\u00e1 protiz\u00e1palov\u00fd a antibakteri\u00e1lny \u00fa\u010dinok. Zn\u00ed\u017ei boles\u0165, odstr\u00e1ni \u0161kodliviny a tox\u00edny z k\u013abov\u00e9ho vaku. Regeneruje chrupavkov\u00fa tkanivu a obnovuje bunky chrupavky.<\/li>\n<li><strong>Propolis:<\/strong> Pr\u00edrodn\u00e9 analgetikum, organick\u00e1 zlo\u017eka zlo\u017eenia Hondrodox, s regenera\u010dn\u00fdm \u00fa\u010dinkom. Udr\u017euje pru\u017enos\u0165 svalov a obsahuje adaptog\u00e9ny, ktor\u00e9 tonizuj\u00fa cel\u00fd organizmus.<\/li>\n<\/ul>\n<h2>N\u00e1vod na pou\u017eitie Hondrodox<\/h2>\n<ol>\n<li><strong>Naneste kr\u00e9m tenkou vrstvou<\/strong> a vmas\u00edrujte ho mas\u00e1\u017enymi pohybmi na postihnut\u00e9 oblasti. Postupujte raz a\u017e dvakr\u00e1t denne.<\/li>\n<li><strong>Pokra\u010dujte v lie\u010dbe po dobu 4-6 t\u00fd\u017ed\u0148ov.<\/strong><\/li>\n<\/ol>\n<p>D\u013a\u017eka pou\u017e\u00edvania Hondrodox z\u00e1vis\u00ed od aktu\u00e1lneho stavu k\u013abov.<\/p>\n","protected":false},"excerpt":{"rendered":"<p>Hondrodox je popul\u00e1rnym kr\u00e9mom na k\u013aby s analgetick\u00fdm a protiz\u00e1palov\u00fdm \u00fa\u010dinkom. Tento \u010dl\u00e1nok poskytuje podrobn\u00e9 inform\u00e1cie o Hondrodox, jeho zlo\u017een\u00ed a n\u00e1vod na pou\u017eitie.<\/p>\n","protected":false},"featured_media":8226,"comment_status":"open","ping_status":"closed","template":"","meta":{"site-sidebar-layout":"default","site-content-layout":"","ast-site-content-layout":"default","site-content-style":"default","site-sidebar-style":"default","ast-global-header-display":"","ast-banner-title-visibility":"","ast-main-header-display":"","ast-hfb-above-header-display":"","ast-hfb-below-header-display":"","ast-hfb-mobile-header-display":"","site-post-title":"","ast-breadcrumbs-content":"","ast-featured-img":"","footer-sml-layout":"","ast-disable-related-posts":"","theme-transparent-header-meta":"","adv-header-id-meta":"","stick-header-meta":"","header-above-stick-meta":"","header-main-stick-meta":"","header-below-stick-meta":"","astra-migrate-meta-layouts":"default","ast-page-background-enabled":"default","ast-page-background-meta":{"desktop":{"background-color":"","background-image":"","background-repeat":"repeat","background-position":"center center","background-size":"auto","background-attachment":"scroll","background-type":"","background-media":"","overlay-type":"","overlay-color":"","overlay-opacity":"","overlay-gradient":""},"tablet":{"background-color":"","background-image":"","background-repeat":"repeat","background-position":"center center","background-size":"auto","background-attachment":"scroll","background-type":"","background-media":"","overlay-type":"","overlay-color":"","overlay-opacity":"","overlay-gradient":""},"mobile":{"background-color":"","background-image":"","background-repeat":"repeat","background-position":"center center","background-size":"auto","background-attachment":"scroll","background-type":"","background-media":"","overlay-type":"","overlay-color":"","overlay-opacity":"","overlay-gradient":""}},"ast-content-background-meta":{"desktop":{"background-color":"var(--ast-global-color-5)","background-image":"","background-repeat":"repeat","background-position":"center center","background-size":"auto","background-attachment":"scroll","background-type":"","background-media":"","overlay-type":"","overlay-color":"","overlay-opacity":"","overlay-gradient":""},"tablet":{"background-color":"var(--ast-global-color-5)","background-image":"","background-repeat":"repeat","background-position":"center center","background-size":"auto","background-attachment":"scroll","background-type":"","background-media":"","overlay-type":"","overlay-color":"","overlay-opacity":"","overlay-gradient":""},"mobile":{"background-color":"var(--ast-global-color-5)","background-image":"","background-repeat":"repeat","background-position":"center center","background-size":"auto","background-attachment":"scroll","background-type":"","background-media":"","overlay-type":"","overlay-color":"","overlay-opacity":"","overlay-gradient":""}}},"product_brand":[],"product_cat":[41],"product_tag":[],"class_list":{"0":"post-8227","1":"product","2":"type-product","3":"status-publish","4":"has-post-thumbnail","6":"product_cat-produkty-pre-zdravie","7":"desktop-align-left","8":"tablet-align-left","9":"mobile-align-left","11":"first","12":"instock","13":"sale","14":"taxable","15":"shipping-taxable","16":"purchasable","17":"product-type-simple"},"_links":{"self":[{"href":"https:\/\/wellness4you.cz\/sk\/wp-json\/wp\/v2\/product\/8227","targetHints":{"allow":["GET"]}}],"collection":[{"href":"https:\/\/wellness4you.cz\/sk\/wp-json\/wp\/v2\/product"}],"about":[{"href":"https:\/\/wellness4you.cz\/sk\/wp-json\/wp\/v2\/types\/product"}],"replies":[{"embeddable":true,"href":"https:\/\/wellness4you.cz\/sk\/wp-json\/wp\/v2\/comments?post=8227"}],"wp:featuredmedia":[{"embeddable":true,"href":"https:\/\/wellness4you.cz\/sk\/wp-json\/wp\/v2\/media\/8226"}],"wp:attachment":[{"href":"https:\/\/wellness4you.cz\/sk\/wp-json\/wp\/v2\/media?parent=8227"}],"wp:term":[{"taxonomy":"product_brand","embeddable":true,"href":"https:\/\/wellness4you.cz\/sk\/wp-json\/wp\/v2\/product_brand?post=8227"},{"taxonomy":"product_cat","embeddable":true,"href":"https:\/\/wellness4you.cz\/sk\/wp-json\/wp\/v2\/product_cat?post=8227"},{"taxonomy":"product_tag","embeddable":true,"href":"https:\/\/wellness4you.cz\/sk\/wp-json\/wp\/v2\/product_tag?post=8227"}],"curies":[{"name":"wp","href":"https:\/\/api.w.org\/{rel}","templated":true}]}}