{"id":8225,"date":"2023-12-13T14:20:05","date_gmt":"2023-12-13T13:20:05","guid":{"rendered":"https:\/\/wellness4you.cz\/sk\/easyloss\/"},"modified":"2026-01-08T22:52:36","modified_gmt":"2026-01-08T21:52:36","slug":"easyloss","status":"publish","type":"product","link":"https:\/\/wellness4you.cz\/sk\/easyloss\/","title":{"rendered":"Easyloss"},"content":{"rendered":"<p>Easyloss &#8211; Kapsule na Chudnutie<\/p>\n<p>Chudnutie nie je v\u017edy jednoduch\u00fd proces a \u010dasto sa stane, \u017ee di\u00e9ty a fyzick\u00e1 aktivita nesta\u010dia. Niektor\u00e9 faktory, ako zv\u00fd\u0161en\u00e1 chu\u0165 do jedla alebo spomalen\u00fd metabolizmus, m\u00f4\u017eu komplikova\u0165 dosiahnutie po\u017eadovan\u00fdch v\u00fdsledkov. Ak t\u00fa\u017eite po \u00faspe\u0161nom a pohodlnom chudnut\u00ed, tu je pre v\u00e1s Easyloss. Tento produkt sp\u00fa\u0161\u0165a akt\u00edvny proces spa\u013eovania tukov v tele bez ohrozenia v\u00e1\u0161ho zdravia. Budete ma\u0165 nielen motiv\u00e1ciu, ale aj energiu a vitalitu, ktor\u00e9 v\u00e1m pom\u00f4\u017eu dosiahnu\u0165 va\u0161e ciele.<\/p>\n<h2>V\u00fdhody Easyloss<\/h2>\n<h3>Transform\u00e1cia Tuku na Energiu<\/h3>\n<p>Easyloss v\u00e1m umo\u017en\u00ed premeni\u0165 tuk na u\u017eito\u010dn\u00fa energiu, \u010do je k\u013e\u00fa\u010dov\u00fd krok k \u00faspe\u0161n\u00e9mu chudnutiu. T\u00fdmto sp\u00f4sobom budete spa\u013eova\u0165 tuky a z\u00e1rove\u0148 z\u00edskava\u0165 potrebn\u00fa silu pre v\u00e1\u0161 ka\u017edodenn\u00fd \u017eivot.<\/p>\n<h3>R\u00fdchla Strata Nadbyto\u010dn\u00fdch Centimetrov<\/h3>\n<p>V\u010faka Easyloss sa m\u00f4\u017eete te\u0161i\u0165 na r\u00fdchlu stratu nadbyto\u010dn\u00fdch centimetrov. Jeho \u00fa\u010dinn\u00e9 zlo\u017eenie pom\u00e1ha redukova\u0165 tukov\u00e9 z\u00e1soby, \u010d\u00edm dosiahnete r\u00fdchle a vidite\u013en\u00e9 v\u00fdsledky.<\/p>\n<h3>Detoxik\u00e1cia Tela<\/h3>\n<p>Easyloss pom\u00e1ha o\u010disti\u0165 v\u00e1\u0161 organizmus od \u0161kodliv\u00fdch l\u00e1tok a tox\u00ednov. To zlep\u0161uje va\u0161e celkov\u00e9 zdravie a zaru\u010duje, \u017ee chudnutie prebieha zdrav\u00fdm a udr\u017eate\u013en\u00fdm sp\u00f4sobom.<\/p>\n<h3>Odplavenie Nadbyto\u010dn\u00e9ho Ed\u00e9mu<\/h3>\n<p>Opuchy a n\u00e1dchy m\u00f4\u017eu by\u0165 brzdou na ceste k zn\u00ed\u017eeniu hmotnosti. Easyloss v\u00e1m pom\u00e1ha odv\u00e1dza\u0165 nadbyto\u010dn\u00fa tekutinu z tela, \u010d\u00edm zni\u017euje opuchy a pom\u00e1ha v\u00e1m c\u00edti\u0165 sa lep\u0161ie.<\/p>\n<h3>Blokovanie Vstreb\u00e1vania Nadbyto\u010dn\u00fdch Kal\u00f3ri\u00ed<\/h3>\n<p>Produkt tie\u017e blokuje vstreb\u00e1vanie nadbyto\u010dn\u00fdch kal\u00f3ri\u00ed z potravy, \u010do pom\u00e1ha udr\u017ea\u0165 va\u0161u stravu pod kontrolou.<\/p>\n<h3>Stimul\u00e1cia Metabolizmu<\/h3>\n<p>Easyloss aktivuje v\u00e1\u0161 metabolizmus, \u010do znamen\u00e1, \u017ee budete spa\u013eova\u0165 kal\u00f3rie r\u00fdchlej\u0161ie a efekt\u00edvnej\u0161ie, aj ke\u010f ste v k\u013eude.<\/p>\n<h3>Chudnutie Bez Di\u00e9ty a Cvi\u010denia<\/h3>\n<p>Mo\u017eno najlep\u0161ou vecou na Easyloss je, \u017ee v\u00e1m umo\u017e\u0148uje dosiahnu\u0165 chudnutie bez drastick\u00fdch di\u00e9t a nam\u00e1hav\u00e9ho cvi\u010denia. M\u00f4\u017eete si u\u017e\u00edva\u0165 pohodln\u00fa cestu k strate hmotnosti.<\/p>\n<h2>Zlo\u017eenie Easyloss<\/h2>\n<p>Easyloss je vyroben\u00fd iba z 100% pr\u00edrodn\u00fdch zlo\u017eiek. To znamen\u00e1, \u017ee neobsahuje \u017eiadne chemick\u00e9 pr\u00edsady ani konzerva\u010dn\u00e9 l\u00e1tky. Po\u010das v\u00fdroby sa pou\u017e\u00edvaj\u00fa extrakty z rastl\u00edn a bylinn\u00e9 esencie, \u010do zaru\u010duje bezpe\u010dnos\u0165 a \u00fa\u010dinnos\u0165 tohto produktu.<\/p>\n<h2>Ako Pou\u017e\u00edva\u0165 Easyloss<\/h2>\n<p>Pre dosiahnutie optim\u00e1lnych v\u00fdsledkov sa odpor\u00fa\u010da u\u017e\u00edva\u0165 Easyloss 1-2 kr\u00e1t denne, jednu kapsulu po\u010das jedla, doplnen\u00fa dostato\u010dn\u00fdm mno\u017estvom vody. T\u00fdmto zabezpe\u010d\u00edte, \u017ee sa produkt efekt\u00edvne a r\u00fdchlo dostane do v\u00e1\u0161ho tela.<\/p>\n<h2>\u00da\u010dinky Easyloss<\/h2>\n<p>Easyloss pon\u00faka nieko\u013eko d\u00f4le\u017eit\u00fdch \u00fa\u010dinkov, ktor\u00e9 v\u00e1m pom\u00f4\u017eu dosiahnu\u0165 v\u00e1\u0161 cie\u013e:<\/p>\n<ul>\n<li><strong>Lipol\u00fdza:<\/strong> Tento proces pom\u00e1ha telu spa\u013eova\u0165 tuky a premie\u0148a\u0165 ich na energiu.<\/li>\n<li><strong>Odplavenie Nadbyto\u010dn\u00e9ho Ed\u00e9mu:<\/strong> Easyloss pom\u00e1ha zn\u00ed\u017ei\u0165 opuchy t\u00fdm, \u017ee odv\u00e1dza nadbyto\u010dn\u00fa tekutinu z tela.<\/li>\n<li><strong>Sn\u00ed\u017eenie Chu\u0165 do Jedla:<\/strong> Produkt v\u00e1m pom\u00e1ha kontrolova\u0165 hlad, \u010do u\u013eah\u010duje dodr\u017eiavanie di\u00e9ty.<\/li>\n<li><strong>Detoxik\u00e1cia Tela:<\/strong> Easyloss pom\u00e1ha o\u010disti\u0165 va\u0161e telo od \u0161kodliv\u00fdch l\u00e1tok a tox\u00ednov.<\/li>\n<li><strong>Spalovanie Tukov\u00fdch Z\u00e1sob:<\/strong> V\u010faka \u00fa\u010dinn\u00fdm zlo\u017ek\u00e1m produktu sa zni\u017euj\u00fa tukov\u00e9 z\u00e1soby v tele.<\/li>\n<li><strong>R\u00fdchlej\u0161\u00ed Metabolizmus:<\/strong> Easyloss stimuluje v\u00e1\u0161 metabolizmus, \u010do znamen\u00e1, \u017ee budete spa\u013eova\u0165 kal\u00f3rie r\u00fdchlej\u0161ie.<\/li>\n<li><strong>Blokovanie Synt\u00e9zy Tukov:<\/strong> Produkt br\u00e1ni vytv\u00e1raniu nov\u00fdch tukov.<\/li>\n<\/ul>\n<p>Ak t\u00fa\u017eite po \u00faspe\u0161nom chudnut\u00ed bez zbyto\u010dn\u00e9ho stresu a n\u00e1mahy, Easyloss je pre v\u00e1s spr\u00e1vnou vo\u013ebou. Jeho pr\u00edrodn\u00e9 zlo\u017eenie a \u00fa\u010dinnos\u0165 v\u00e1m pom\u00f4\u017eu dosiahnu\u0165 po\u017eadovan\u00fa v\u00e1hu bez nutnosti dodr\u017eiava\u0165 zlo\u017eit\u00e9 di\u00e9ty a cvi\u010denie.<\/p>\n","protected":false},"excerpt":{"rendered":"<p>Easyloss &#8211; Kapsule na Chudnutie: Premie\u0148ajte tuk na energiu, r\u00fdchlo str\u00e1cajte centimetre, detoxikujte telo a viac s Easyloss. 100% pr\u00edrodn\u00e9 zlo\u017eenie pre \u013eahk\u00e9 chudnutie bez di\u00e9ty a cvi\u010denia.<\/p>\n","protected":false},"featured_media":8224,"comment_status":"open","ping_status":"closed","template":"","meta":{"site-sidebar-layout":"default","site-content-layout":"","ast-site-content-layout":"default","site-content-style":"default","site-sidebar-style":"default","ast-global-header-display":"","ast-banner-title-visibility":"","ast-main-header-display":"","ast-hfb-above-header-display":"","ast-hfb-below-header-display":"","ast-hfb-mobile-header-display":"","site-post-title":"","ast-breadcrumbs-content":"","ast-featured-img":"","footer-sml-layout":"","ast-disable-related-posts":"","theme-transparent-header-meta":"","adv-header-id-meta":"","stick-header-meta":"","header-above-stick-meta":"","header-main-stick-meta":"","header-below-stick-meta":"","astra-migrate-meta-layouts":"default","ast-page-background-enabled":"default","ast-page-background-meta":{"desktop":{"background-color":"","background-image":"","background-repeat":"repeat","background-position":"center center","background-size":"auto","background-attachment":"scroll","background-type":"","background-media":"","overlay-type":"","overlay-color":"","overlay-opacity":"","overlay-gradient":""},"tablet":{"background-color":"","background-image":"","background-repeat":"repeat","background-position":"center center","background-size":"auto","background-attachment":"scroll","background-type":"","background-media":"","overlay-type":"","overlay-color":"","overlay-opacity":"","overlay-gradient":""},"mobile":{"background-color":"","background-image":"","background-repeat":"repeat","background-position":"center center","background-size":"auto","background-attachment":"scroll","background-type":"","background-media":"","overlay-type":"","overlay-color":"","overlay-opacity":"","overlay-gradient":""}},"ast-content-background-meta":{"desktop":{"background-color":"var(--ast-global-color-5)","background-image":"","background-repeat":"repeat","background-position":"center center","background-size":"auto","background-attachment":"scroll","background-type":"","background-media":"","overlay-type":"","overlay-color":"","overlay-opacity":"","overlay-gradient":""},"tablet":{"background-color":"var(--ast-global-color-5)","background-image":"","background-repeat":"repeat","background-position":"center center","background-size":"auto","background-attachment":"scroll","background-type":"","background-media":"","overlay-type":"","overlay-color":"","overlay-opacity":"","overlay-gradient":""},"mobile":{"background-color":"var(--ast-global-color-5)","background-image":"","background-repeat":"repeat","background-position":"center center","background-size":"auto","background-attachment":"scroll","background-type":"","background-media":"","overlay-type":"","overlay-color":"","overlay-opacity":"","overlay-gradient":""}}},"product_brand":[],"product_cat":[39],"product_tag":[],"class_list":{"0":"post-8225","1":"product","2":"type-product","3":"status-publish","4":"has-post-thumbnail","6":"product_cat-na-chudnutie","7":"desktop-align-left","8":"tablet-align-left","9":"mobile-align-left","11":"first","12":"instock","13":"sale","14":"taxable","15":"shipping-taxable","16":"purchasable","17":"product-type-simple"},"_links":{"self":[{"href":"https:\/\/wellness4you.cz\/sk\/wp-json\/wp\/v2\/product\/8225","targetHints":{"allow":["GET"]}}],"collection":[{"href":"https:\/\/wellness4you.cz\/sk\/wp-json\/wp\/v2\/product"}],"about":[{"href":"https:\/\/wellness4you.cz\/sk\/wp-json\/wp\/v2\/types\/product"}],"replies":[{"embeddable":true,"href":"https:\/\/wellness4you.cz\/sk\/wp-json\/wp\/v2\/comments?post=8225"}],"wp:featuredmedia":[{"embeddable":true,"href":"https:\/\/wellness4you.cz\/sk\/wp-json\/wp\/v2\/media\/8224"}],"wp:attachment":[{"href":"https:\/\/wellness4you.cz\/sk\/wp-json\/wp\/v2\/media?parent=8225"}],"wp:term":[{"taxonomy":"product_brand","embeddable":true,"href":"https:\/\/wellness4you.cz\/sk\/wp-json\/wp\/v2\/product_brand?post=8225"},{"taxonomy":"product_cat","embeddable":true,"href":"https:\/\/wellness4you.cz\/sk\/wp-json\/wp\/v2\/product_cat?post=8225"},{"taxonomy":"product_tag","embeddable":true,"href":"https:\/\/wellness4you.cz\/sk\/wp-json\/wp\/v2\/product_tag?post=8225"}],"curies":[{"name":"wp","href":"https:\/\/api.w.org\/{rel}","templated":true}]}}