{"id":8221,"date":"2023-12-13T14:20:04","date_gmt":"2023-12-13T13:20:04","guid":{"rendered":"https:\/\/wellness4you.cz\/sk\/cardiolis\/"},"modified":"2026-01-08T22:52:36","modified_gmt":"2026-01-08T21:52:36","slug":"cardiolis","status":"publish","type":"product","link":"https:\/\/wellness4you.cz\/sk\/cardiolis\/","title":{"rendered":"Cardiolis"},"content":{"rendered":"<p>Cardiolis: \u00da\u010dinn\u00fd prostriedok na hypertenziu<\/p>\n<h2>Norm\u00e1lny krvn\u00fd tlak a zdravie s Cardiolis<\/h2>\n<p>S hypertenziou sa dnes pot\u00fdka mnoho \u013eud\u00ed. Zv\u00fd\u0161en\u00fd krvn\u00fd tlak m\u00f4\u017ee ma\u0165 v\u00e1\u017ene d\u00f4sledky pre va\u0161e zdravie, a preto je d\u00f4le\u017eit\u00e9 n\u00e1js\u0165 \u00fa\u010dinn\u00fd sp\u00f4sob, ako s \u0148ou bojova\u0165. Na\u0161\u0165astie existuje pr\u00edrodn\u00e9 rie\u0161enie, ktor\u00e9 v\u00e1m m\u00f4\u017ee pom\u00f4c\u0165 z\u00edska\u0165 kontrolu nad va\u0161\u00edm zdrav\u00edm &#8211; Cardiolis. Tieto \u00fa\u010dinn\u00e9 a bezpe\u010dn\u00e9 kapsule na hypertenziu boli vyvinut\u00e9 s cie\u013eom normalizova\u0165 krvn\u00fd tlak a poskytn\u00fa\u0165 \u013eu\u010fom \u00fa\u013eavu od nepr\u00edjemn\u00fdch sympt\u00f3mov spojen\u00fdch s touto chorobou.<\/p>\n<h3>Ako Cardiolis funguje<\/h3>\n<p>Cardiolis je v\u00fdrobok, ktor\u00fd pon\u00faka nieko\u013eko v\u00fdhod pre t\u00fdch, ktor\u00ed trpia hypertenziou:<\/p>\n<h4>1. Normaliz\u00e1cia hladiny cholesterolu v krvi<\/h4>\n<p>Jednou z hlavn\u00fdch funkci\u00ed Cardiolisu je normaliz\u00e1cia hladiny cholesterolu v krvi. T\u00fdmto sp\u00f4sobom pom\u00e1ha zni\u017eova\u0165 riziko srdcov\u00fdch ochoren\u00ed spojen\u00fdch s vysok\u00fdm obsahom cholesterolu.<\/p>\n<h4>2. Dlhodob\u00e1 stabiliz\u00e1cia krvn\u00e9ho tlaku<\/h4>\n<p>Cardiolis nie len okam\u017eite pom\u00e1ha zni\u017eova\u0165 krvn\u00fd tlak, ale aj poskytuje dlhodob\u00fa stabiliz\u00e1ciu. To znamen\u00e1, \u017ee nemus\u00edte ma\u0165 obavy o prudk\u00e9 v\u00fdkyvy tlaku.<\/p>\n<h4>3. Boj proti sympt\u00f3mom hypertenzie<\/h4>\n<p>Jedn\u00fdm z najv\u00e4\u010d\u0161\u00edch probl\u00e9mov s hypertenziou s\u00fa nepr\u00edjemn\u00e9 pr\u00edznaky, ako s\u00fa bolesti hlavy, z\u00e1vraty a \u010dervenanie tv\u00e1re. Cardiolis v\u00e1m pom\u00f4\u017ee tieto nepr\u00edjemnosti zmier\u0148ova\u0165.<\/p>\n<h4>4. Zv\u00fd\u0161enie produktivity<\/h4>\n<p>V\u010faka normaliz\u00e1cii krvn\u00e9ho tlaku m\u00f4\u017eete za\u017ei\u0165 zv\u00fd\u0161enie svojej produktivity a energie, \u010do v\u00e1m umo\u017en\u00ed \u017ei\u0165 akt\u00edvnej\u0161\u00ed a zdrav\u0161\u00ed \u017eivotn\u00fd \u0161t\u00fdl.<\/p>\n<h4>5. Pomoc pre \u013eud\u00ed s chronick\u00fdmi srdcov\u00fdmi ochoreniami<\/h4>\n<p>Cardiolis m\u00f4\u017ee by\u0165 tie\u017e u\u017eito\u010dn\u00fd pre \u013eud\u00ed s chronick\u00fdmi srdcov\u00fdmi ochoreniami. Pom\u00e1ha udr\u017eiava\u0165 zdrav\u00fd krvn\u00fd tlak a z\u00e1rove\u0148 chr\u00e1ni srdce pred \u010fal\u0161\u00edmi komplik\u00e1ciami.<\/p>\n<h4>6. Vysok\u00e1 \u00fa\u010dinnos\u0165 a bezpe\u010dnos\u0165<\/h4>\n<p>Cardiolis sa m\u00f4\u017ee pochv\u00e1li\u0165 vysokou \u00fa\u010dinnos\u0165ou a bezpe\u010dnos\u0165ou, v\u010faka \u010domu sa st\u00e1va ide\u00e1lnou vo\u013ebou pre \u013eud\u00ed s hypertenziou.<\/p>\n<h4>7. Ekologicky \u010dist\u00e9 zlo\u017eky<\/h4>\n<p>Tento v\u00fdrobok je vyroben\u00fd len z 100% pr\u00edrodn\u00fdch zlo\u017eiek. Po\u010das v\u00fdrobn\u00e9ho procesu sa pou\u017e\u00edvaj\u00fa extrakty a extrakty z rastl\u00edn, \u010do zaru\u010duje, \u017ee nie je \u017eiadne riziko negat\u00edvneho dopadu na \u017eivotn\u00e9 prostredie.<\/p>\n<h3>Ako pou\u017e\u00edva\u0165 Cardiolis<\/h3>\n<p>Cardiolis je jednoduch\u00fd a pohodln\u00fd na pou\u017eitie. Odpor\u00fa\u010da sa u\u017e\u00edva\u0165 1-2 kapsule denne po\u010das jedla, zap\u00edja\u0165 dostato\u010dn\u00fdm mno\u017estvom vody. T\u00fdmto sp\u00f4sobom m\u00f4\u017eete dosiahnu\u0165 najlep\u0161ie v\u00fdsledky a optimalizova\u0165 \u00fa\u010dinnos\u0165 Cardiolisu.<\/p>\n","protected":false},"excerpt":{"rendered":"<p>Cardiolis: \u00da\u010dinn\u00fd prostriedok proti hypertenzii. Cardiolis je pr\u00edrodn\u00e1 kapsula, ktor\u00e1 normalizuje krvn\u00fd tlak a pom\u00e1ha bojova\u0165 s hypertenziou.<\/p>\n","protected":false},"featured_media":8220,"comment_status":"open","ping_status":"closed","template":"","meta":{"site-sidebar-layout":"default","site-content-layout":"","ast-site-content-layout":"default","site-content-style":"default","site-sidebar-style":"default","ast-global-header-display":"","ast-banner-title-visibility":"","ast-main-header-display":"","ast-hfb-above-header-display":"","ast-hfb-below-header-display":"","ast-hfb-mobile-header-display":"","site-post-title":"","ast-breadcrumbs-content":"","ast-featured-img":"","footer-sml-layout":"","ast-disable-related-posts":"","theme-transparent-header-meta":"","adv-header-id-meta":"","stick-header-meta":"","header-above-stick-meta":"","header-main-stick-meta":"","header-below-stick-meta":"","astra-migrate-meta-layouts":"default","ast-page-background-enabled":"default","ast-page-background-meta":{"desktop":{"background-color":"","background-image":"","background-repeat":"repeat","background-position":"center center","background-size":"auto","background-attachment":"scroll","background-type":"","background-media":"","overlay-type":"","overlay-color":"","overlay-opacity":"","overlay-gradient":""},"tablet":{"background-color":"","background-image":"","background-repeat":"repeat","background-position":"center center","background-size":"auto","background-attachment":"scroll","background-type":"","background-media":"","overlay-type":"","overlay-color":"","overlay-opacity":"","overlay-gradient":""},"mobile":{"background-color":"","background-image":"","background-repeat":"repeat","background-position":"center center","background-size":"auto","background-attachment":"scroll","background-type":"","background-media":"","overlay-type":"","overlay-color":"","overlay-opacity":"","overlay-gradient":""}},"ast-content-background-meta":{"desktop":{"background-color":"var(--ast-global-color-5)","background-image":"","background-repeat":"repeat","background-position":"center center","background-size":"auto","background-attachment":"scroll","background-type":"","background-media":"","overlay-type":"","overlay-color":"","overlay-opacity":"","overlay-gradient":""},"tablet":{"background-color":"var(--ast-global-color-5)","background-image":"","background-repeat":"repeat","background-position":"center center","background-size":"auto","background-attachment":"scroll","background-type":"","background-media":"","overlay-type":"","overlay-color":"","overlay-opacity":"","overlay-gradient":""},"mobile":{"background-color":"var(--ast-global-color-5)","background-image":"","background-repeat":"repeat","background-position":"center center","background-size":"auto","background-attachment":"scroll","background-type":"","background-media":"","overlay-type":"","overlay-color":"","overlay-opacity":"","overlay-gradient":""}}},"product_brand":[],"product_cat":[41],"product_tag":[],"class_list":{"0":"post-8221","1":"product","2":"type-product","3":"status-publish","4":"has-post-thumbnail","6":"product_cat-produkty-pre-zdravie","7":"desktop-align-left","8":"tablet-align-left","9":"mobile-align-left","11":"first","12":"instock","13":"sale","14":"taxable","15":"shipping-taxable","16":"purchasable","17":"product-type-simple"},"_links":{"self":[{"href":"https:\/\/wellness4you.cz\/sk\/wp-json\/wp\/v2\/product\/8221","targetHints":{"allow":["GET"]}}],"collection":[{"href":"https:\/\/wellness4you.cz\/sk\/wp-json\/wp\/v2\/product"}],"about":[{"href":"https:\/\/wellness4you.cz\/sk\/wp-json\/wp\/v2\/types\/product"}],"replies":[{"embeddable":true,"href":"https:\/\/wellness4you.cz\/sk\/wp-json\/wp\/v2\/comments?post=8221"}],"wp:featuredmedia":[{"embeddable":true,"href":"https:\/\/wellness4you.cz\/sk\/wp-json\/wp\/v2\/media\/8220"}],"wp:attachment":[{"href":"https:\/\/wellness4you.cz\/sk\/wp-json\/wp\/v2\/media?parent=8221"}],"wp:term":[{"taxonomy":"product_brand","embeddable":true,"href":"https:\/\/wellness4you.cz\/sk\/wp-json\/wp\/v2\/product_brand?post=8221"},{"taxonomy":"product_cat","embeddable":true,"href":"https:\/\/wellness4you.cz\/sk\/wp-json\/wp\/v2\/product_cat?post=8221"},{"taxonomy":"product_tag","embeddable":true,"href":"https:\/\/wellness4you.cz\/sk\/wp-json\/wp\/v2\/product_tag?post=8221"}],"curies":[{"name":"wp","href":"https:\/\/api.w.org\/{rel}","templated":true}]}}