{"id":8219,"date":"2023-12-13T14:20:04","date_gmt":"2023-12-13T13:20:04","guid":{"rendered":"https:\/\/wellness4you.cz\/sk\/bighunter\/"},"modified":"2026-01-08T22:52:36","modified_gmt":"2026-01-08T21:52:36","slug":"bighunter","status":"publish","type":"product","link":"https:\/\/wellness4you.cz\/sk\/bighunter\/","title":{"rendered":"BigHunter"},"content":{"rendered":"<p>BigHunter &#8211; Kapsule pre prostatit\u00eddu a zlep\u0161enie potencie<\/p>\n<h2>Prostatit\u00edda &#8211; \u010co to je a ako ovplyv\u0148uje v\u00e1\u0161 \u017eivot<\/h2>\n<p>Prostatit\u00edda je z\u00e1pal prostaty, ktor\u00fd m\u00f4\u017ee sp\u00f4sobi\u0165 nepr\u00edjemn\u00e9 pr\u00edznaky, ako je boles\u0165 v oblasti panvov\u00e9ho dna, probl\u00e9my s mo\u010den\u00edm a dokonca aj probl\u00e9my s erekciou. Tieto ochorenia m\u00f4\u017eu v\u00fdrazne ovplyvni\u0165 v\u00e1\u0161 \u017eivot a pohodu. Je d\u00f4le\u017eit\u00e9 im venova\u0165 v\u010dasn\u00fa pozornos\u0165 a h\u013eada\u0165 \u00fa\u010dinn\u00e9 rie\u0161enia.<\/p>\n<h2>BigHunter &#8211; Revolu\u010dn\u00e9 kapsule pre va\u0161e zdravie<\/h2>\n<p>BigHunter je inovat\u00edvny produkt, ktor\u00fd bol vyvinut\u00fd \u0161peci\u00e1lne pre mu\u017eov trpiacich prostatit\u00eddou a probl\u00e9mami s potenciou. Tieto kapsule obsahuj\u00fa jedine\u010dn\u00fa zmes pr\u00edrodn\u00fdch zlo\u017eiek, ktor\u00e9 boli starostlivo vybran\u00e9 pre svoje pozit\u00edvne \u00fa\u010dinky na mu\u017esk\u00e9 zdravie.<\/p>\n<p>Jednou z hlavn\u00fdch v\u00fdhod produktu BigHunter je jeho schopnos\u0165 zni\u017eova\u0165 z\u00e1pal prostaty a t\u00fdm zmier\u0148ova\u0165 nepr\u00edjemn\u00e9 pr\u00edznaky spojen\u00e9 s prostatit\u00eddou. V\u010faka tomu sa budete c\u00edti\u0165 ove\u013ea lep\u0161ie a budete m\u00f4c\u0165 \u017ei\u0165 svoj \u017eivot bez bolesti a nepohodlia.<\/p>\n<h2>Zlep\u0161enie potencie a sexu\u00e1lnej v\u00fdkonnosti<\/h2>\n<p>\u010eal\u0161ou d\u00f4le\u017eitou v\u00fdhodou kaps\u00fal BigHunter je ich schopnos\u0165 zvy\u0161ova\u0165 potenciu a sexu\u00e1lnu v\u00fdkonnos\u0165. Pre mu\u017eov, ktor\u00ed trpia probl\u00e9mami s erekciou alebo zn\u00ed\u017eenou sexu\u00e1lnou t\u00fa\u017ebou, m\u00f4\u017ee by\u0165 tento produkt skvel\u00fdm rie\u0161en\u00edm.<\/p>\n<p>BigHunter p\u00f4sob\u00ed na zv\u00fd\u0161enie pr\u00fadenia krvi do penisu, \u010do m\u00f4\u017ee vies\u0165 k silnej\u0161\u00edm a trv\u00e1cnej\u0161\u00edm erekci\u00e1m. To znamen\u00e1, \u017ee sa budete c\u00edti\u0165 sebavedomej\u0161ie a budete schopn\u00ed dosiahnu\u0165 lep\u0161ie sexu\u00e1lne v\u00fdsledky.<\/p>\n<h2>Jedine\u010dn\u00e9 zlo\u017eenie a bezpe\u010dnos\u0165<\/h2>\n<p>BigHunter sa p\u00fd\u0161i svoj\u00edm jedine\u010dn\u00fdm zlo\u017een\u00edm, ktor\u00e9 zah\u0155\u0148a pr\u00edrodn\u00e9 l\u00e1tky, ako je extrakt z palmy Sabal, extrakt z muira puama a mnoho \u010fal\u0161\u00edch. Tieto zlo\u017eky boli starostlivo vybran\u00e9 pre svoje prospe\u0161n\u00e9 \u00fa\u010dinky na mu\u017esk\u00e9 zdravie a bezpe\u010dnos\u0165.<\/p>\n<p>Produkt je tie\u017e vyr\u00e1ban\u00fd pod pr\u00edsnym doh\u013eadom odborn\u00edkov a sp\u013a\u0148a v\u0161etky normy kvality a bezpe\u010dnosti. M\u00f4\u017eete si by\u0165 ist\u00ed, \u017ee BigHunter je bezpe\u010dnou vo\u013ebou pre zlep\u0161enie svojho zdravia a potencie.<\/p>\n<p>Ak trp\u00edte prostatit\u00eddou alebo m\u00e1te probl\u00e9my s potenciou, m\u00f4\u017ee by\u0165 produkt BigHunter pre v\u00e1s to prav\u00e9 rie\u0161enie. Tieto kapsule pon\u00fakaj\u00fa komplexn\u00fa podporu pre va\u0161e zdravie a sexu\u00e1lnu v\u00fdkonnos\u0165, a to v\u0161etko s pou\u017eit\u00edm pr\u00edrodn\u00fdch zlo\u017eiek a bezpe\u010dn\u00fdm sp\u00f4sobom.<\/p>\n<p>Nezdr\u00e1hajte sa a vysk\u00fa\u0161ajte BigHunter e\u0161te dnes a za\u010dnite sa c\u00edti\u0165 lep\u0161ie a sebavedomej\u0161ie vo svojom \u017eivote. Va\u0161e zdravie a potencia si zasl\u00fa\u017eia t\u00fa najlep\u0161iu starostlivos\u0165, a to pr\u00e1ve BigHunter m\u00f4\u017ee poskytn\u00fa\u0165.<\/p>\n","protected":false},"excerpt":{"rendered":"<p>BigHunter &#8211; Kapsule pre prostatit\u00eddu a zlep\u0161enie potencie. Zistite viac o produkte BigHunter a jeho pr\u00ednosoch pre mu\u017esk\u00e9 zdravie a sexu\u00e1lnu v\u00fdkonnos\u0165.<\/p>\n","protected":false},"featured_media":8218,"comment_status":"open","ping_status":"closed","template":"","meta":{"site-sidebar-layout":"default","site-content-layout":"","ast-site-content-layout":"default","site-content-style":"default","site-sidebar-style":"default","ast-global-header-display":"","ast-banner-title-visibility":"","ast-main-header-display":"","ast-hfb-above-header-display":"","ast-hfb-below-header-display":"","ast-hfb-mobile-header-display":"","site-post-title":"","ast-breadcrumbs-content":"","ast-featured-img":"","footer-sml-layout":"","ast-disable-related-posts":"","theme-transparent-header-meta":"","adv-header-id-meta":"","stick-header-meta":"","header-above-stick-meta":"","header-main-stick-meta":"","header-below-stick-meta":"","astra-migrate-meta-layouts":"default","ast-page-background-enabled":"default","ast-page-background-meta":{"desktop":{"background-color":"","background-image":"","background-repeat":"repeat","background-position":"center center","background-size":"auto","background-attachment":"scroll","background-type":"","background-media":"","overlay-type":"","overlay-color":"","overlay-opacity":"","overlay-gradient":""},"tablet":{"background-color":"","background-image":"","background-repeat":"repeat","background-position":"center center","background-size":"auto","background-attachment":"scroll","background-type":"","background-media":"","overlay-type":"","overlay-color":"","overlay-opacity":"","overlay-gradient":""},"mobile":{"background-color":"","background-image":"","background-repeat":"repeat","background-position":"center center","background-size":"auto","background-attachment":"scroll","background-type":"","background-media":"","overlay-type":"","overlay-color":"","overlay-opacity":"","overlay-gradient":""}},"ast-content-background-meta":{"desktop":{"background-color":"var(--ast-global-color-5)","background-image":"","background-repeat":"repeat","background-position":"center center","background-size":"auto","background-attachment":"scroll","background-type":"","background-media":"","overlay-type":"","overlay-color":"","overlay-opacity":"","overlay-gradient":""},"tablet":{"background-color":"var(--ast-global-color-5)","background-image":"","background-repeat":"repeat","background-position":"center center","background-size":"auto","background-attachment":"scroll","background-type":"","background-media":"","overlay-type":"","overlay-color":"","overlay-opacity":"","overlay-gradient":""},"mobile":{"background-color":"var(--ast-global-color-5)","background-image":"","background-repeat":"repeat","background-position":"center center","background-size":"auto","background-attachment":"scroll","background-type":"","background-media":"","overlay-type":"","overlay-color":"","overlay-opacity":"","overlay-gradient":""}}},"product_brand":[],"product_cat":[40],"product_tag":[],"class_list":{"0":"post-8219","1":"product","2":"type-product","3":"status-publish","4":"has-post-thumbnail","6":"product_cat-produkty-pre-muzov","7":"desktop-align-left","8":"tablet-align-left","9":"mobile-align-left","11":"first","12":"instock","13":"sale","14":"taxable","15":"shipping-taxable","16":"purchasable","17":"product-type-simple"},"_links":{"self":[{"href":"https:\/\/wellness4you.cz\/sk\/wp-json\/wp\/v2\/product\/8219","targetHints":{"allow":["GET"]}}],"collection":[{"href":"https:\/\/wellness4you.cz\/sk\/wp-json\/wp\/v2\/product"}],"about":[{"href":"https:\/\/wellness4you.cz\/sk\/wp-json\/wp\/v2\/types\/product"}],"replies":[{"embeddable":true,"href":"https:\/\/wellness4you.cz\/sk\/wp-json\/wp\/v2\/comments?post=8219"}],"wp:featuredmedia":[{"embeddable":true,"href":"https:\/\/wellness4you.cz\/sk\/wp-json\/wp\/v2\/media\/8218"}],"wp:attachment":[{"href":"https:\/\/wellness4you.cz\/sk\/wp-json\/wp\/v2\/media?parent=8219"}],"wp:term":[{"taxonomy":"product_brand","embeddable":true,"href":"https:\/\/wellness4you.cz\/sk\/wp-json\/wp\/v2\/product_brand?post=8219"},{"taxonomy":"product_cat","embeddable":true,"href":"https:\/\/wellness4you.cz\/sk\/wp-json\/wp\/v2\/product_cat?post=8219"},{"taxonomy":"product_tag","embeddable":true,"href":"https:\/\/wellness4you.cz\/sk\/wp-json\/wp\/v2\/product_tag?post=8219"}],"curies":[{"name":"wp","href":"https:\/\/api.w.org\/{rel}","templated":true}]}}