{"id":8213,"date":"2023-12-13T14:20:03","date_gmt":"2023-12-13T13:20:03","guid":{"rendered":"https:\/\/wellness4you.cz\/sk\/spotflop\/"},"modified":"2026-01-08T22:52:38","modified_gmt":"2026-01-08T21:52:38","slug":"spotflop","status":"publish","type":"product","link":"https:\/\/wellness4you.cz\/sk\/spotflop\/","title":{"rendered":"SpotFlop"},"content":{"rendered":"<h2>SpotFlop: Va\u0161e Rie\u0161enie na Odstr\u00e1nenie \u0160kv\u0155n<\/h2>\n<p>Objavte <strong>SpotFlop<\/strong>, revolu\u010dn\u00e9 rie\u0161enie na odstr\u00e1nenie \u0161kv\u0155n z oble\u010denia, vr\u00e1tane t\u00fdch najstar\u0161\u00edch a najodolnej\u0161\u00edch podpazu\u0161n\u00fdch \u0161kv\u0155n. Tento produkt, vyvinut\u00fd s vyu\u017eit\u00edm britskej technol\u00f3gie, zaru\u010duje, \u017ee aj tie najtvrdohlavej\u0161ie \u0161kv\u0155ny zmizn\u00fa bez n\u00e1mahy.<\/p>\n<p><strong>SpotFlop<\/strong> v\u00e1s prekvap\u00ed svojou jednoduchos\u0165ou pou\u017eitia. Sta\u010d\u00ed postrieka\u0165 priamo na \u0161kvrnu, po\u010dka\u0165 1-2 min\u00faty, pr\u00edpadne miesto potrie\u0165 prstom a n\u00e1sledne opl\u00e1chnu\u0165 \u010distou vodou alebo vlo\u017ei\u0165 do pr\u00e1\u010dky. Jeho jedine\u010dn\u00e9 zlo\u017eenie zabezpe\u010duje, \u017ee va\u0161e oble\u010denie zostane v dokonalom stave bez po\u0161kodenia chemick\u00fdmi l\u00e1tkami.<\/p>\n<p>SpotFlop je ide\u00e1lne rie\u0161enie pre t\u00fdch, ktor\u00ed chc\u00fa udr\u017ea\u0165 svoje oble\u010denie v bezchybnom stave. V\u010faka tomuto produktu bud\u00fa va\u0161e ob\u013e\u00faben\u00e9 k\u00fasky vyzera\u0165 ako nov\u00e9, bez oh\u013eadu na to, ak\u00e9 \u0165a\u017ek\u00e9 \u0161kvrny predt\u00fdm boli. Viac ako 95% \u0161kv\u0155n sa podar\u00ed odstr\u00e1ni\u0165 u\u017e pri prvom pou\u017eit\u00ed. Toto je presne to, \u010do potrebujete na zachovanie \u010distoty a svie\u017eosti v\u00e1\u0161ho \u0161atn\u00edka.<\/p>\n<p>Zabudnite na drah\u00e9 \u010distiarne alebo n\u00e1ro\u010dn\u00e9 dom\u00e1ce met\u00f3dy. <strong>SpotFlop<\/strong> prin\u00e1\u0161a efektivitu a \u013eahkos\u0165 pou\u017eitia priamo do v\u00e1\u0161ho domova. U\u017e \u017eiadne starosti s neestetick\u00fdmi \u0161kv\u0155nami, ktor\u00e9 kazia vzh\u013ead v\u00e1\u0161ho ob\u013e\u00faben\u00e9ho oble\u010denia.<\/p>\n<p>Ne\u010dakajte a urobte krok k dokonale \u010dist\u00e9mu a svie\u017eemu oble\u010deniu e\u0161te dnes. Objednajte si <strong>SpotFlop<\/strong> a uvid\u00edte, ako sa va\u0161e oble\u010denie premen\u00ed pred va\u0161imi o\u010dami. Va\u0161a spokojnos\u0165 je na\u0161ou prioritou. Bu\u010fte bez \u0161kv\u0155n, bu\u010fte s <strong>SpotFlop<\/strong>!<\/p>\n","protected":false},"excerpt":{"rendered":"<p>SpotFlop &#8211; revolu\u010dn\u00e9 rie\u0161enie na odstr\u00e1nenie \u0161kv\u0155n z oble\u010denia s britskou technol\u00f3giou. Jednoduch\u00e9 pou\u017eitie, \u00fa\u010dinn\u00e9 proti najtvrd\u0161\u00edm \u0161kvrn\u00e1m, bez po\u0161kodenia l\u00e1tok.<\/p>\n","protected":false},"featured_media":8212,"comment_status":"open","ping_status":"closed","template":"","meta":{"site-sidebar-layout":"default","site-content-layout":"","ast-site-content-layout":"default","site-content-style":"default","site-sidebar-style":"default","ast-global-header-display":"","ast-banner-title-visibility":"","ast-main-header-display":"","ast-hfb-above-header-display":"","ast-hfb-below-header-display":"","ast-hfb-mobile-header-display":"","site-post-title":"","ast-breadcrumbs-content":"","ast-featured-img":"","footer-sml-layout":"","ast-disable-related-posts":"","theme-transparent-header-meta":"","adv-header-id-meta":"","stick-header-meta":"","header-above-stick-meta":"","header-main-stick-meta":"","header-below-stick-meta":"","astra-migrate-meta-layouts":"default","ast-page-background-enabled":"default","ast-page-background-meta":{"desktop":{"background-color":"","background-image":"","background-repeat":"repeat","background-position":"center center","background-size":"auto","background-attachment":"scroll","background-type":"","background-media":"","overlay-type":"","overlay-color":"","overlay-opacity":"","overlay-gradient":""},"tablet":{"background-color":"","background-image":"","background-repeat":"repeat","background-position":"center center","background-size":"auto","background-attachment":"scroll","background-type":"","background-media":"","overlay-type":"","overlay-color":"","overlay-opacity":"","overlay-gradient":""},"mobile":{"background-color":"","background-image":"","background-repeat":"repeat","background-position":"center center","background-size":"auto","background-attachment":"scroll","background-type":"","background-media":"","overlay-type":"","overlay-color":"","overlay-opacity":"","overlay-gradient":""}},"ast-content-background-meta":{"desktop":{"background-color":"var(--ast-global-color-5)","background-image":"","background-repeat":"repeat","background-position":"center center","background-size":"auto","background-attachment":"scroll","background-type":"","background-media":"","overlay-type":"","overlay-color":"","overlay-opacity":"","overlay-gradient":""},"tablet":{"background-color":"var(--ast-global-color-5)","background-image":"","background-repeat":"repeat","background-position":"center center","background-size":"auto","background-attachment":"scroll","background-type":"","background-media":"","overlay-type":"","overlay-color":"","overlay-opacity":"","overlay-gradient":""},"mobile":{"background-color":"var(--ast-global-color-5)","background-image":"","background-repeat":"repeat","background-position":"center center","background-size":"auto","background-attachment":"scroll","background-type":"","background-media":"","overlay-type":"","overlay-color":"","overlay-opacity":"","overlay-gradient":""}}},"product_brand":[],"product_cat":[21],"product_tag":[],"class_list":{"0":"post-8213","1":"product","2":"type-product","3":"status-publish","4":"has-post-thumbnail","6":"product_cat-ziadna-kategoria","7":"desktop-align-left","8":"tablet-align-left","9":"mobile-align-left","11":"first","12":"instock","13":"sale","14":"taxable","15":"shipping-taxable","16":"purchasable","17":"product-type-simple"},"_links":{"self":[{"href":"https:\/\/wellness4you.cz\/sk\/wp-json\/wp\/v2\/product\/8213","targetHints":{"allow":["GET"]}}],"collection":[{"href":"https:\/\/wellness4you.cz\/sk\/wp-json\/wp\/v2\/product"}],"about":[{"href":"https:\/\/wellness4you.cz\/sk\/wp-json\/wp\/v2\/types\/product"}],"replies":[{"embeddable":true,"href":"https:\/\/wellness4you.cz\/sk\/wp-json\/wp\/v2\/comments?post=8213"}],"wp:featuredmedia":[{"embeddable":true,"href":"https:\/\/wellness4you.cz\/sk\/wp-json\/wp\/v2\/media\/8212"}],"wp:attachment":[{"href":"https:\/\/wellness4you.cz\/sk\/wp-json\/wp\/v2\/media?parent=8213"}],"wp:term":[{"taxonomy":"product_brand","embeddable":true,"href":"https:\/\/wellness4you.cz\/sk\/wp-json\/wp\/v2\/product_brand?post=8213"},{"taxonomy":"product_cat","embeddable":true,"href":"https:\/\/wellness4you.cz\/sk\/wp-json\/wp\/v2\/product_cat?post=8213"},{"taxonomy":"product_tag","embeddable":true,"href":"https:\/\/wellness4you.cz\/sk\/wp-json\/wp\/v2\/product_tag?post=8213"}],"curies":[{"name":"wp","href":"https:\/\/api.w.org\/{rel}","templated":true}]}}