{"id":8207,"date":"2023-12-13T14:20:02","date_gmt":"2023-12-13T13:20:02","guid":{"rendered":"https:\/\/wellness4you.cz\/sk\/keto-probiotix\/"},"modified":"2026-01-08T22:52:38","modified_gmt":"2026-01-08T21:52:38","slug":"keto-probiotix","status":"publish","type":"product","link":"https:\/\/wellness4you.cz\/sk\/keto-probiotix\/","title":{"rendered":"Keto Probiotix"},"content":{"rendered":"<p><strong>Keto Probiotix: Cesta k Efekt\u00edvnemu Chudnutiu s Pr\u00edrodn\u00fdmi Zlo\u017ekami<\/strong><\/p>\n<h2>Pr\u00edrodn\u00e9 Zlo\u017eenie Pre Maxim\u00e1lny \u00da\u010dinok<\/h2>\n<p>K\u013e\u00fa\u010dom k \u00faspechu Keto Probiotix je jeho akt\u00edvne zlo\u017eenie. V\u00fd\u0165a\u017eok z avok\u00e1da (Persea Americana Mill.) a extrakt zelen\u00e9ho \u010daju s\u00fa zn\u00e1me pre svoje pozit\u00edvne \u00fa\u010dinky na metabolizmus a celkov\u00e9 zdravie.<\/p>\n<h3>Aktiv\u00e1cia Ket\u00f3zy pre Spa\u013eovanie Tukov<\/h3>\n<p>V\u010faka unik\u00e1tnemu zlo\u017eeniu produktu doch\u00e1dza k produkcii ket\u00f3nov\u00fdch teliesok, ktor\u00e9 pom\u00e1haj\u00fa vyu\u017e\u00edva\u0165 tukov\u00e9 z\u00e1soby a neprote\u00ednov\u00e9 l\u00e1tky z potravy na generovanie energie. Tento proces je k\u013e\u00fa\u010dov\u00fd pre efekt\u00edvne chudnutie.<\/p>\n<h4>Vyv\u00e1\u017een\u00e1 Strava a Akt\u00edvny \u017divotn\u00fd \u0160t\u00fdl<\/h4>\n<p>Hoci Keto Probiotix je siln\u00fdm pomocn\u00edkom v boji s nadbyto\u010dn\u00fdmi kilogramami, najlep\u0161ie v\u00fdsledky dosiahnete v kombin\u00e1cii s vyv\u00e1\u017eenou stravou a akt\u00edvnym \u017eivotn\u00fdm \u0161t\u00fdlom. T\u00e1to synergick\u00e1 kombin\u00e1cia zvy\u0161uje efektivitu produktu.<\/p>\n<h5>Bezpe\u010dn\u00fd a Nez\u00e1visl\u00fd<\/h5>\n<p>Jednou z hlavn\u00fdch v\u00fdhod Keto Probiotix je, \u017ee tento pr\u00edrodn\u00fd produkt nem\u00e1 rozhoduj\u00face ved\u013eaj\u0161ie \u00fa\u010dinky a nie je n\u00e1vykov\u00fd. M\u00f4\u017eete ho teda pou\u017e\u00edva\u0165 bez ob\u00e1v o negat\u00edvne dopady na va\u0161e zdravie.<\/p>\n<h6>Va\u0161a Cesta k Zdrav\u0161iemu Ja<\/h6>\n<p>Keto Probiotix nie je len o chudnut\u00ed. Je to cesta k zdrav\u0161iemu \u017eivotn\u00e9mu \u0161t\u00fdlu, kde sa budete c\u00edti\u0165 lep\u0161ie vo svojom tele. S t\u00fdmto produktom je v\u00e1\u0161 cie\u013e dosiahnute\u013enej\u0161\u00ed ako kedyko\u013evek predt\u00fdm.<\/p>\n","protected":false},"excerpt":{"rendered":"<p>Keto Probiotix: Revolu\u010dn\u00fd \u010dokol\u00e1dov\u00fd koktail pre efekt\u00edvne chudnutie s pr\u00edrodn\u00fdmi zlo\u017ekami, bez ved\u013eaj\u0161\u00edch \u00fa\u010dinkov a n\u00e1vykov. Objavte k\u013e\u00fa\u010de k \u00faspechu v chudnut\u00ed.<\/p>\n","protected":false},"featured_media":8206,"comment_status":"open","ping_status":"closed","template":"","meta":{"site-sidebar-layout":"default","site-content-layout":"","ast-site-content-layout":"default","site-content-style":"default","site-sidebar-style":"default","ast-global-header-display":"","ast-banner-title-visibility":"","ast-main-header-display":"","ast-hfb-above-header-display":"","ast-hfb-below-header-display":"","ast-hfb-mobile-header-display":"","site-post-title":"","ast-breadcrumbs-content":"","ast-featured-img":"","footer-sml-layout":"","ast-disable-related-posts":"","theme-transparent-header-meta":"default","adv-header-id-meta":"","stick-header-meta":"","header-above-stick-meta":"","header-main-stick-meta":"","header-below-stick-meta":"","astra-migrate-meta-layouts":"set","ast-page-background-enabled":"default","ast-page-background-meta":{"desktop":{"background-color":"","background-image":"","background-repeat":"repeat","background-position":"center center","background-size":"auto","background-attachment":"scroll","background-type":"","background-media":"","overlay-type":"","overlay-color":"","overlay-opacity":"","overlay-gradient":""},"tablet":{"background-color":"","background-image":"","background-repeat":"repeat","background-position":"center center","background-size":"auto","background-attachment":"scroll","background-type":"","background-media":"","overlay-type":"","overlay-color":"","overlay-opacity":"","overlay-gradient":""},"mobile":{"background-color":"","background-image":"","background-repeat":"repeat","background-position":"center center","background-size":"auto","background-attachment":"scroll","background-type":"","background-media":"","overlay-type":"","overlay-color":"","overlay-opacity":"","overlay-gradient":""}},"ast-content-background-meta":{"desktop":{"background-color":"var(--ast-global-color-5)","background-image":"","background-repeat":"repeat","background-position":"center center","background-size":"auto","background-attachment":"scroll","background-type":"","background-media":"","overlay-type":"","overlay-color":"","overlay-opacity":"","overlay-gradient":""},"tablet":{"background-color":"var(--ast-global-color-5)","background-image":"","background-repeat":"repeat","background-position":"center center","background-size":"auto","background-attachment":"scroll","background-type":"","background-media":"","overlay-type":"","overlay-color":"","overlay-opacity":"","overlay-gradient":""},"mobile":{"background-color":"var(--ast-global-color-5)","background-image":"","background-repeat":"repeat","background-position":"center center","background-size":"auto","background-attachment":"scroll","background-type":"","background-media":"","overlay-type":"","overlay-color":"","overlay-opacity":"","overlay-gradient":""}}},"product_brand":[],"product_cat":[39],"product_tag":[],"class_list":{"0":"post-8207","1":"product","2":"type-product","3":"status-publish","4":"has-post-thumbnail","6":"product_cat-na-chudnutie","7":"desktop-align-left","8":"tablet-align-left","9":"mobile-align-left","11":"first","12":"instock","13":"sale","14":"taxable","15":"shipping-taxable","16":"purchasable","17":"product-type-simple"},"_links":{"self":[{"href":"https:\/\/wellness4you.cz\/sk\/wp-json\/wp\/v2\/product\/8207","targetHints":{"allow":["GET"]}}],"collection":[{"href":"https:\/\/wellness4you.cz\/sk\/wp-json\/wp\/v2\/product"}],"about":[{"href":"https:\/\/wellness4you.cz\/sk\/wp-json\/wp\/v2\/types\/product"}],"replies":[{"embeddable":true,"href":"https:\/\/wellness4you.cz\/sk\/wp-json\/wp\/v2\/comments?post=8207"}],"wp:featuredmedia":[{"embeddable":true,"href":"https:\/\/wellness4you.cz\/sk\/wp-json\/wp\/v2\/media\/8206"}],"wp:attachment":[{"href":"https:\/\/wellness4you.cz\/sk\/wp-json\/wp\/v2\/media?parent=8207"}],"wp:term":[{"taxonomy":"product_brand","embeddable":true,"href":"https:\/\/wellness4you.cz\/sk\/wp-json\/wp\/v2\/product_brand?post=8207"},{"taxonomy":"product_cat","embeddable":true,"href":"https:\/\/wellness4you.cz\/sk\/wp-json\/wp\/v2\/product_cat?post=8207"},{"taxonomy":"product_tag","embeddable":true,"href":"https:\/\/wellness4you.cz\/sk\/wp-json\/wp\/v2\/product_tag?post=8207"}],"curies":[{"name":"wp","href":"https:\/\/api.w.org\/{rel}","templated":true}]}}