{"id":8203,"date":"2023-12-13T14:20:01","date_gmt":"2023-12-13T13:20:01","guid":{"rendered":"https:\/\/wellness4you.cz\/sk\/alcozar\/"},"modified":"2026-01-08T22:52:34","modified_gmt":"2026-01-08T21:52:34","slug":"alcozar","status":"publish","type":"product","link":"https:\/\/wellness4you.cz\/sk\/alcozar\/","title":{"rendered":"Alcozar"},"content":{"rendered":"<h2>Alcozar &#8211; rie\u0161enie alkoholizmu<\/h2>\n<p><strong>Obnovte svoj \u017eivot s Alcozarom<\/strong>, pr\u00edrodn\u00fdm rie\u0161en\u00edm pre t\u00fdch, ktor\u00ed chc\u00fa prekona\u0165 z\u00e1vislos\u0165 od alkoholu a vr\u00e1ti\u0165 sa k zdrav\u0161iemu \u017eivotn\u00e9mu \u0161t\u00fdlu. Alcozar, prezentovan\u00fd v elegantnej f\u013ea\u0161ti\u010dke o objeme 30 ml, je \u0161peci\u00e1lne navrhnut\u00fd na dvojmesa\u010dn\u00fa k\u00faru, ktor\u00e1 sa stane va\u0161\u00edm spolo\u010dn\u00edkom na ceste k lep\u0161ej bud\u00facnosti.<\/p>\n<h2>\u010co Alcozar pon\u00faka?<\/h2>\n<ul>\n<li><strong>V\u00fd\u0165a\u017eok z kore\u0148a Kudzu<\/strong>: Zr\u00fdch\u013euje rozklad alkoholu, zni\u017euje krvn\u00fd tlak a zmier\u0148uje pr\u00edznaky opice, zatia\u013e \u010do detoxikuje telo a zni\u017euje psychologick\u00fa z\u00e1vislos\u0165 na alkohole.<\/li>\n<li><strong>V\u00fd\u0165a\u017eok z \u010d\u00ednskeho klob\u00faka<\/strong>: Posil\u0148uje celkov\u00fd tonus a stimuluje mozog, \u010d\u00edm zvy\u0161uje pracovn\u00fd v\u00fdkon.<\/li>\n<li><strong>V\u00fd\u0165a\u017eok z tymi\u00e1nu<\/strong>: Vyv\u00edja st\u00e1ly odpor vo\u010di alkoholu a podporuje odstr\u00e1nenie tox\u00ednov z pe\u010dene, \u010d\u00edm napom\u00e1ha jej regener\u00e1cii.<\/li>\n<li><strong>V\u00fd\u0165a\u017eok z p\u00fapavky<\/strong>: P\u00f4sob\u00ed ako diuretikum, aktivuje funkciu obli\u010diek, ur\u00fdch\u013euje vylu\u010dovanie produktov rozkladu etanolu a chr\u00e1ni pe\u010de\u0148 pred negat\u00edvnymi \u00fa\u010dinkami alkoholu.<\/li>\n<li><strong>V\u00fd\u0165a\u017eok z ostropestre mari\u00e1nskeho<\/strong>: Poskytuje ochranu pe\u010dene, obnovuje jej funkciu po dlhodobej konzum\u00e1cii alkoholu a podporuje detoxik\u00e1ciu.<\/li>\n<li><strong>V\u00fd\u0165a\u017eok z lakrici<\/strong>: Podporuje vodno-soln\u00fa rovnov\u00e1hu, normalizuje funkciu obli\u010diek a pom\u00e1ha r\u00fdchlo odstra\u0148ova\u0165 tox\u00edny.<\/li>\n<\/ul>\n<p><strong>Za\u017eite slobodu<\/strong> od z\u00e1vislosti s Alcozarom. Sta\u010d\u00ed iba 20 kvapiek rozpusten\u00fdch vo 100 ml vody dvakr\u00e1t denne. Obnovte kontrolu nad svoj\u00edm \u017eivotom a u\u017e\u00edvajte si ho s novou energiou a \u010dist\u00fdm telom.<\/p>\n<p><strong>Neodovzd\u00e1vajte sa \u010fal\u0161ej kontrole alkoholu. Za\u010dnite svoju cestu k slobode e\u0161te dnes s Alcozarom!<\/strong><\/p>\n","protected":false},"excerpt":{"rendered":"<p>Alcozar &#8211; pr\u00edrodn\u00e9 a efekt\u00edvne rie\u0161enie pre probl\u00e9my s alkoholom. Z\u00edskajte kontrolu nad svoj\u00edm \u017eivotom s v\u00fd\u0165a\u017ekami z byl\u00edn a rastl\u00edn, ktor\u00e9 podporuj\u00fa detoxik\u00e1ciu a zni\u017euj\u00fa z\u00e1vislos\u0165 na alkohole.<\/p>\n","protected":false},"featured_media":8202,"comment_status":"open","ping_status":"closed","template":"","meta":{"site-sidebar-layout":"default","site-content-layout":"","ast-site-content-layout":"default","site-content-style":"default","site-sidebar-style":"default","ast-global-header-display":"","ast-banner-title-visibility":"","ast-main-header-display":"","ast-hfb-above-header-display":"","ast-hfb-below-header-display":"","ast-hfb-mobile-header-display":"","site-post-title":"","ast-breadcrumbs-content":"","ast-featured-img":"","footer-sml-layout":"","ast-disable-related-posts":"","theme-transparent-header-meta":"default","adv-header-id-meta":"","stick-header-meta":"","header-above-stick-meta":"","header-main-stick-meta":"","header-below-stick-meta":"","astra-migrate-meta-layouts":"set","ast-page-background-enabled":"default","ast-page-background-meta":{"desktop":{"background-color":"","background-image":"","background-repeat":"repeat","background-position":"center center","background-size":"auto","background-attachment":"scroll","background-type":"","background-media":"","overlay-type":"","overlay-color":"","overlay-opacity":"","overlay-gradient":""},"tablet":{"background-color":"","background-image":"","background-repeat":"repeat","background-position":"center center","background-size":"auto","background-attachment":"scroll","background-type":"","background-media":"","overlay-type":"","overlay-color":"","overlay-opacity":"","overlay-gradient":""},"mobile":{"background-color":"","background-image":"","background-repeat":"repeat","background-position":"center center","background-size":"auto","background-attachment":"scroll","background-type":"","background-media":"","overlay-type":"","overlay-color":"","overlay-opacity":"","overlay-gradient":""}},"ast-content-background-meta":{"desktop":{"background-color":"var(--ast-global-color-5)","background-image":"","background-repeat":"repeat","background-position":"center center","background-size":"auto","background-attachment":"scroll","background-type":"","background-media":"","overlay-type":"","overlay-color":"","overlay-opacity":"","overlay-gradient":""},"tablet":{"background-color":"var(--ast-global-color-5)","background-image":"","background-repeat":"repeat","background-position":"center center","background-size":"auto","background-attachment":"scroll","background-type":"","background-media":"","overlay-type":"","overlay-color":"","overlay-opacity":"","overlay-gradient":""},"mobile":{"background-color":"var(--ast-global-color-5)","background-image":"","background-repeat":"repeat","background-position":"center center","background-size":"auto","background-attachment":"scroll","background-type":"","background-media":"","overlay-type":"","overlay-color":"","overlay-opacity":"","overlay-gradient":""}}},"product_brand":[],"product_cat":[41],"product_tag":[],"class_list":{"0":"post-8203","1":"product","2":"type-product","3":"status-publish","4":"has-post-thumbnail","6":"product_cat-produkty-pre-zdravie","7":"desktop-align-left","8":"tablet-align-left","9":"mobile-align-left","11":"first","12":"instock","13":"sale","14":"taxable","15":"shipping-taxable","16":"purchasable","17":"product-type-simple"},"_links":{"self":[{"href":"https:\/\/wellness4you.cz\/sk\/wp-json\/wp\/v2\/product\/8203","targetHints":{"allow":["GET"]}}],"collection":[{"href":"https:\/\/wellness4you.cz\/sk\/wp-json\/wp\/v2\/product"}],"about":[{"href":"https:\/\/wellness4you.cz\/sk\/wp-json\/wp\/v2\/types\/product"}],"replies":[{"embeddable":true,"href":"https:\/\/wellness4you.cz\/sk\/wp-json\/wp\/v2\/comments?post=8203"}],"wp:featuredmedia":[{"embeddable":true,"href":"https:\/\/wellness4you.cz\/sk\/wp-json\/wp\/v2\/media\/8202"}],"wp:attachment":[{"href":"https:\/\/wellness4you.cz\/sk\/wp-json\/wp\/v2\/media?parent=8203"}],"wp:term":[{"taxonomy":"product_brand","embeddable":true,"href":"https:\/\/wellness4you.cz\/sk\/wp-json\/wp\/v2\/product_brand?post=8203"},{"taxonomy":"product_cat","embeddable":true,"href":"https:\/\/wellness4you.cz\/sk\/wp-json\/wp\/v2\/product_cat?post=8203"},{"taxonomy":"product_tag","embeddable":true,"href":"https:\/\/wellness4you.cz\/sk\/wp-json\/wp\/v2\/product_tag?post=8203"}],"curies":[{"name":"wp","href":"https:\/\/api.w.org\/{rel}","templated":true}]}}