{"id":7744,"date":"2023-09-02T20:48:00","date_gmt":"2023-09-02T18:48:00","guid":{"rendered":"https:\/\/wellness4you.cz\/sk\/snaponsmile\/"},"modified":"2026-01-08T22:52:35","modified_gmt":"2026-01-08T21:52:35","slug":"snaponsmile","status":"publish","type":"product","link":"https:\/\/wellness4you.cz\/sk\/snaponsmile\/","title":{"rendered":"SnapOnSmile"},"content":{"rendered":"<h2>Popis produktu: SnapOnSmile &#8211; Pohodln\u00e9 Odn\u00edmate\u013en\u00e9 Facety<\/h2>\n<p>Prezentujeme v\u00e1m revolu\u010dn\u00fd produkt, ktor\u00fd v\u00e1m prin\u00e1\u0161a kr\u00e1sny \u00fasmev a sebavedomie bez bolestiv\u00fdch z\u00e1krokov \u010di n\u00e1kladn\u00fdch proced\u00far. <strong>SnapOnSmile<\/strong> je va\u0161ou cestou k dokonal\u00e9mu \u00fasmevu, bez kompromisov. V tomto popise v\u00e1m predstav\u00edme v\u0161etky v\u00fdhody tohto \u00fa\u017easn\u00e9ho produktu.<\/p>\n<h2 id=\"vyhody\">V\u00fdhody<\/h2>\n<p>SnapOnSmile pon\u00faka jedine\u010dn\u00fa kombin\u00e1ciu kvality, pohodlia a estetiky. Sme navrhli odn\u00edmate\u013en\u00e9 facety tak, aby v\u00e1m poskytovali nesmiernu pohodlnos\u0165 pri nosen\u00ed a perfektne sedeli na va\u0161ich zuboch. U\u017e sa nemus\u00edte tr\u00e1pi\u0165 nepravideln\u00fdmi tvarmi zubov \u010di ne\u017eiaducimi \u0161kvrnami, preto\u017ee SnapOnSmile v\u00e1m poskytuje nov\u00fd, dokonalej\u0161\u00ed \u00fasmev.<\/p>\n<p>Zabudnite na obmedzenia a neistotu spojen\u00fa s va\u0161\u00edm \u00fasmevom. S t\u00fdmito inovat\u00edvnymi facietami sa budete c\u00edti\u0165 sebavedome vo v\u0161etk\u00fdch situ\u00e1ci\u00e1ch, \u010di u\u017e ide o pracovn\u00e9 stretnutie, d\u00f4le\u017eit\u00fa spolo\u010densk\u00fa udalos\u0165 alebo jednoducho stretnutie s priate\u013emi a rodinou. SnapOnSmile v\u00e1m otv\u00e1ra dvere k nov\u00fdm pr\u00edle\u017eitostiam bez oh\u013eadu na to, \u010do v\u00e1s \u010dak\u00e1.<\/p>\n<h2 id=\"pohodlie\">Pohodlnos\u0165 a Diskr\u00e9tnos\u0165<\/h2>\n<p>\u010co rob\u00ed SnapOnSmile tak\u00fdm v\u00fdnimo\u010dn\u00fdm? Jeho most\u00edkov\u00e1 kon\u0161trukcia zabezpe\u010duje perfektn\u00e9 priliehanie na va\u0161e zuby. M\u00e1te pocit, \u017ee nos\u00edte svoje zuby, bez toho, aby ste za\u017eili boles\u0165 a nepr\u00edjemnos\u0165 chirurgick\u00fdch z\u00e1krokov. V\u00fdrobcovia faciet pou\u017eili odoln\u00fd materi\u00e1l, ktor\u00fd odol\u00e1va be\u017en\u00fdm stravovac\u00edm n\u00e1vykom, tak\u017ee m\u00f4\u017eete u\u017e\u00edva\u0165 svoje ob\u013e\u00faben\u00e9 jedl\u00e1 bez ob\u00e1v.<\/p>\n<p>Ak sa v\u00e1m zd\u00e1, \u017ee kr\u00e1sa a pohodlie s\u00fa d\u00f4le\u017eit\u00e9, e\u0161te v\u00e4\u010d\u0161iu hodnotu prid\u00e1va fakt, \u017ee tieto facety s\u00fa takmer nevidite\u013en\u00e9. M\u00f4\u017eete sa smia\u0165, rozpr\u00e1va\u0165 a ukazova\u0165 svoj \u00fasmev bez ob\u00e1v, \u017ee by si niekto v\u0161imol, \u017ee m\u00e1te na sebe nie\u010do extra. Z\u00edskate nov\u00fd, prirodzen\u00fd vzh\u013ead, ktor\u00fd nikoho neprekvap\u00ed a vyvol\u00e1va dojem, \u017ee m\u00e1te dokonal\u00e9 zuby od pr\u00edrody.<\/p>\n<h2 id=\"objednavka\">Objednajte si e\u0161te dnes!<\/h2>\n<p>Nechajte sa o\u010dari\u0165 v\u00fdhodami, ktor\u00e9 v\u00e1m tento produkt m\u00f4\u017ee poskytn\u00fa\u0165. Urobte prv\u00fd krok k sebavedomiu, kr\u00e1snemu \u00fasmevu a nov\u00fdm pr\u00edle\u017eitostiam. Objednajte SnapOnSmile pre va\u0161e horn\u00e9 a doln\u00e9 zuby a uvid\u00edte a poc\u00edtite zmenu.<\/p>\n<p>Nemus\u00edte \u010daka\u0165 dlh\u00e9 t\u00fd\u017edne \u010di mesiace na v\u00fdsledky. SnapOnSmile v\u00e1m r\u00fdchlo a bezbolestne poskytne \u017eiadan\u00fd vzh\u013ead, o ktorom ste sn\u00edvali. Nechajte sa o\u010dari\u0165 skvel\u00fdm v\u00fdsledkom a v\u00fdnimo\u010dnou kvalitou, ktor\u00fa m\u00f4\u017eete ma\u0165 kedyko\u013evek.<\/p>\n<p>Nie je to len o kr\u00e1se. Je to o sebavedom\u00ed, pohodlnosti a nov\u00fdch mo\u017enostiach. Objednajte si SnapOnSmile e\u0161te dnes a otvorte dvere k \u00fasmevu, ktor\u00fd dok\u00e1\u017ee zmeni\u0165 v\u00e1\u0161 \u017eivot!<\/p>\n","protected":false},"excerpt":{"rendered":"<p>SnapOnSmile pon\u00faka kvalitn\u00e9 a pohodln\u00e9 odn\u00edmate\u013en\u00e9 facety. V\u010faka most\u00edkovej kon\u0161trukcii perfektne sed\u00ed na va\u0161ich zuboch. Tieto inovat\u00edvne facety s\u00fa takmer nevidite\u013en\u00e9 na zuboch. Objednajte si teraz pre horn\u00e9 a doln\u00e9 zuby!<\/p>\n","protected":false},"featured_media":7743,"comment_status":"open","ping_status":"closed","template":"","meta":{"site-sidebar-layout":"default","site-content-layout":"","ast-site-content-layout":"default","site-content-style":"default","site-sidebar-style":"default","ast-global-header-display":"","ast-banner-title-visibility":"","ast-main-header-display":"","ast-hfb-above-header-display":"","ast-hfb-below-header-display":"","ast-hfb-mobile-header-display":"","site-post-title":"","ast-breadcrumbs-content":"","ast-featured-img":"","footer-sml-layout":"","ast-disable-related-posts":"","theme-transparent-header-meta":"default","adv-header-id-meta":"","stick-header-meta":"","header-above-stick-meta":"","header-main-stick-meta":"","header-below-stick-meta":"","astra-migrate-meta-layouts":"set","ast-page-background-enabled":"default","ast-page-background-meta":{"desktop":{"background-color":"","background-image":"","background-repeat":"repeat","background-position":"center center","background-size":"auto","background-attachment":"scroll","background-type":"","background-media":"","overlay-type":"","overlay-color":"","overlay-opacity":"","overlay-gradient":""},"tablet":{"background-color":"","background-image":"","background-repeat":"repeat","background-position":"center center","background-size":"auto","background-attachment":"scroll","background-type":"","background-media":"","overlay-type":"","overlay-color":"","overlay-opacity":"","overlay-gradient":""},"mobile":{"background-color":"","background-image":"","background-repeat":"repeat","background-position":"center center","background-size":"auto","background-attachment":"scroll","background-type":"","background-media":"","overlay-type":"","overlay-color":"","overlay-opacity":"","overlay-gradient":""}},"ast-content-background-meta":{"desktop":{"background-color":"var(--ast-global-color-5)","background-image":"","background-repeat":"repeat","background-position":"center center","background-size":"auto","background-attachment":"scroll","background-type":"","background-media":"","overlay-type":"","overlay-color":"","overlay-opacity":"","overlay-gradient":""},"tablet":{"background-color":"var(--ast-global-color-5)","background-image":"","background-repeat":"repeat","background-position":"center center","background-size":"auto","background-attachment":"scroll","background-type":"","background-media":"","overlay-type":"","overlay-color":"","overlay-opacity":"","overlay-gradient":""},"mobile":{"background-color":"var(--ast-global-color-5)","background-image":"","background-repeat":"repeat","background-position":"center center","background-size":"auto","background-attachment":"scroll","background-type":"","background-media":"","overlay-type":"","overlay-color":"","overlay-opacity":"","overlay-gradient":""}}},"product_brand":[],"product_cat":[41],"product_tag":[],"class_list":{"0":"post-7744","1":"product","2":"type-product","3":"status-publish","4":"has-post-thumbnail","6":"product_cat-produkty-pre-zdravie","7":"desktop-align-left","8":"tablet-align-left","9":"mobile-align-left","11":"first","12":"instock","13":"sale","14":"taxable","15":"shipping-taxable","16":"purchasable","17":"product-type-simple"},"_links":{"self":[{"href":"https:\/\/wellness4you.cz\/sk\/wp-json\/wp\/v2\/product\/7744","targetHints":{"allow":["GET"]}}],"collection":[{"href":"https:\/\/wellness4you.cz\/sk\/wp-json\/wp\/v2\/product"}],"about":[{"href":"https:\/\/wellness4you.cz\/sk\/wp-json\/wp\/v2\/types\/product"}],"replies":[{"embeddable":true,"href":"https:\/\/wellness4you.cz\/sk\/wp-json\/wp\/v2\/comments?post=7744"}],"wp:featuredmedia":[{"embeddable":true,"href":"https:\/\/wellness4you.cz\/sk\/wp-json\/wp\/v2\/media\/7743"}],"wp:attachment":[{"href":"https:\/\/wellness4you.cz\/sk\/wp-json\/wp\/v2\/media?parent=7744"}],"wp:term":[{"taxonomy":"product_brand","embeddable":true,"href":"https:\/\/wellness4you.cz\/sk\/wp-json\/wp\/v2\/product_brand?post=7744"},{"taxonomy":"product_cat","embeddable":true,"href":"https:\/\/wellness4you.cz\/sk\/wp-json\/wp\/v2\/product_cat?post=7744"},{"taxonomy":"product_tag","embeddable":true,"href":"https:\/\/wellness4you.cz\/sk\/wp-json\/wp\/v2\/product_tag?post=7744"}],"curies":[{"name":"wp","href":"https:\/\/api.w.org\/{rel}","templated":true}]}}