{"id":7742,"date":"2023-09-02T20:48:00","date_gmt":"2023-09-02T18:48:00","guid":{"rendered":"https:\/\/wellness4you.cz\/sk\/activestin\/"},"modified":"2026-01-08T22:52:35","modified_gmt":"2026-01-08T21:52:35","slug":"activestin","status":"publish","type":"product","link":"https:\/\/wellness4you.cz\/sk\/activestin\/","title":{"rendered":"Activestin"},"content":{"rendered":"<h2><a href=\"#benefity\">Benefity Activestin kaps\u00fal<\/a><\/h2>\n<h2><a href=\"#zrychlenie-metabolizmu\">Zr\u00fdchlenie Metabolizmu<\/a><\/h2>\n<h2><a href=\"#prirodne-zlozenie\">Pr\u00edrodn\u00e9 Zlo\u017eenie<\/a><\/h2>\n<h2><a href=\"#jednoduche-pouzitie\">Jednoduch\u00e9 Pou\u017eitie<\/a><\/h2>\n<h2><a href=\"#vyuzite-svoj-potencial\">Vy\u017eite Svoj Potenci\u00e1l<\/a><\/h2>\n<h2 id=\"benefity\">Benefity Activestin kaps\u00fal<\/h2>\n<p>Uv\u00edtajte do sveta zdrav\u00e9ho chudnutia s Activestin kapsulami! Ak t\u00fa\u017eite po zdravom a efekt\u00edvnom sp\u00f4sobe, ako redukova\u0165 svoju v\u00e1hu, na\u0161a inovat\u00edvna formula je pre v\u00e1s pripraven\u00e1. Nejde len o kapsule, ide o spolo\u010dn\u00edka na va\u0161ej ceste k lep\u0161iemu vzh\u013eadu a zdraviu. Zabudnite na zbyto\u010dn\u00e9 stresy spojen\u00e9 s chudnut\u00edm a za\u010dnite si u\u017e\u00edva\u0165 \u017eivot naplno.<\/p>\n<h2 id=\"zrychlenie-metabolizmu\">Zr\u00fdchlenie Metabolizmu<\/h2>\n<p>Chcete dosiahnu\u0165 r\u00fdchlej\u0161ie v\u00fdsledky? Aktivestin kapsule v\u00e1m pom\u00f4\u017eu zr\u00fdchlite va\u0161u metabolick\u00fa aktivitu a t\u00fdm podpor\u00ed spalovanie tukov. Nezab\u00fadajte, \u017ee r\u00fdchlej\u0161\u00ed metabolizmus znamen\u00e1 viac energie pre v\u00e1\u0161 ka\u017edodenn\u00fd \u017eivot. D\u00e1vajte svojmu telu t\u00fa najlep\u0161iu starostlivos\u0165, ktor\u00fa si zasl\u00fa\u017ei, a uvid\u00edte, ako sa va\u0161e v\u00fdsledky dostavia r\u00fdchlej\u0161ie, ne\u017e si mysl\u00edte.<\/p>\n<h2 id=\"prirodne-zlozenie\">Pr\u00edrodn\u00e9 Zlo\u017eenie<\/h2>\n<p>Venujte svojmu zdraviu to najlep\u0161ie. Activestin kapsule obsahuj\u00fa jedine\u010dn\u00fa kombin\u00e1ciu pr\u00edrodn\u00fdch zlo\u017eiek, ktor\u00e9 boli starostlivo vybran\u00e9 pre svoje pozit\u00edvne \u00fa\u010dinky na redukciu hmotnosti. Bez umel\u00fdch pr\u00edsad a chemick\u00fdch zl\u00fa\u010den\u00edn, m\u00f4\u017eete ma\u0165 istotu, \u017ee do svojho tela d\u00e1vate len to najlep\u0161ie. Balieme ka\u017ed\u00fa kapsulu s l\u00e1skou a starostlivos\u0165ou o va\u0161e zdravie.<\/p>\n<h2 id=\"jednoduche-pouzitie\">Jednoduch\u00e9 Pou\u017eitie<\/h2>\n<p>Nechceme komplikova\u0165 v\u00e1\u0161 \u017eivot. Pou\u017e\u00edvate Activestin kaps\u00faly jednoducho a pohodlne. Sta\u010d\u00ed u\u017ei\u0165 odpor\u00fa\u010dan\u00fa d\u00e1vku pod\u013ea pokynov na obale a necha\u0165 na\u0161u \u00fa\u010dinn\u00fa formulu p\u00f4sobi\u0165. Nemus\u00edte sa obmedzova\u0165 zlo\u017eit\u00fdmi re\u017eimami alebo pr\u00edsne kontrolovan\u00fdmi jed\u00e1lni\u010dkami. Dajte svojmu telu to, \u010do potrebuje, a sledujte, ako sa v\u00e1\u0161 vzh\u013ead a sebavedomie zlep\u0161uje.<\/p>\n<h2 id=\"vyuzite-svoj-potencial\">Vy\u017eite Svoj Potenci\u00e1l<\/h2>\n<p>Vyjdite zo svojej komfortnej z\u00f3ny a za\u010dnite \u017ei\u0165 svoj \u017eivot pln\u00fdm tempom. S Activestin kapsulami m\u00e1te \u0161ancu vy\u017ei\u0165 si ka\u017ed\u00fd okamih a z\u00e1rove\u0148 dosiahnu\u0165 svoje ciele. U\u017e ne\u010dakajte na zajtraj\u0161ok, za\u010dnite u\u017e dnes. Z\u00edskajte energiu, sebavedomie a telo, ktor\u00e9 v\u00e1s bude te\u0161i\u0165. Activestin kapsule v\u00e1m uk\u00e1\u017eu cestu k zdrav\u00e9mu a pohodln\u00e9mu chudnutiu, na ktor\u00e9 ste \u010dakali.<\/p>\n<p>Pripojte sa k tis\u00edckam spokojn\u00fdch z\u00e1kazn\u00edkov, ktor\u00ed u\u017e za\u017eili \u00fa\u017easn\u00e9 v\u00fdsledky s Aktivestin kapsulami. Va\u0161a cesta k lep\u0161iemu ja za\u010d\u00edna teraz. Objednajte si Activestin kapsule e\u0161te dnes a za\u010dnite c\u00edti\u0165 a vyzera\u0165 lep\u0161ie ne\u017e kedyko\u013evek predt\u00fdm!<\/p>\n","protected":false},"excerpt":{"rendered":"<p>Activestin &#8211; pr\u00edrodn\u00e9 kapsule na chudnutie. Bezpe\u010dne a efekt\u00edvne redukujte v\u00e1hu. Zr\u00fdchlite v\u00e1\u0161 metabolizmus a spalujte tuk bez n\u00e1mahy. Vysk\u00fa\u0161ajte hne\u010f!<\/p>\n","protected":false},"featured_media":7741,"comment_status":"open","ping_status":"closed","template":"","meta":{"site-sidebar-layout":"default","site-content-layout":"","ast-site-content-layout":"default","site-content-style":"default","site-sidebar-style":"default","ast-global-header-display":"","ast-banner-title-visibility":"","ast-main-header-display":"","ast-hfb-above-header-display":"","ast-hfb-below-header-display":"","ast-hfb-mobile-header-display":"","site-post-title":"","ast-breadcrumbs-content":"","ast-featured-img":"","footer-sml-layout":"","ast-disable-related-posts":"","theme-transparent-header-meta":"default","adv-header-id-meta":"","stick-header-meta":"","header-above-stick-meta":"","header-main-stick-meta":"","header-below-stick-meta":"","astra-migrate-meta-layouts":"set","ast-page-background-enabled":"default","ast-page-background-meta":{"desktop":{"background-color":"","background-image":"","background-repeat":"repeat","background-position":"center center","background-size":"auto","background-attachment":"scroll","background-type":"","background-media":"","overlay-type":"","overlay-color":"","overlay-opacity":"","overlay-gradient":""},"tablet":{"background-color":"","background-image":"","background-repeat":"repeat","background-position":"center center","background-size":"auto","background-attachment":"scroll","background-type":"","background-media":"","overlay-type":"","overlay-color":"","overlay-opacity":"","overlay-gradient":""},"mobile":{"background-color":"","background-image":"","background-repeat":"repeat","background-position":"center center","background-size":"auto","background-attachment":"scroll","background-type":"","background-media":"","overlay-type":"","overlay-color":"","overlay-opacity":"","overlay-gradient":""}},"ast-content-background-meta":{"desktop":{"background-color":"var(--ast-global-color-5)","background-image":"","background-repeat":"repeat","background-position":"center center","background-size":"auto","background-attachment":"scroll","background-type":"","background-media":"","overlay-type":"","overlay-color":"","overlay-opacity":"","overlay-gradient":""},"tablet":{"background-color":"var(--ast-global-color-5)","background-image":"","background-repeat":"repeat","background-position":"center center","background-size":"auto","background-attachment":"scroll","background-type":"","background-media":"","overlay-type":"","overlay-color":"","overlay-opacity":"","overlay-gradient":""},"mobile":{"background-color":"var(--ast-global-color-5)","background-image":"","background-repeat":"repeat","background-position":"center center","background-size":"auto","background-attachment":"scroll","background-type":"","background-media":"","overlay-type":"","overlay-color":"","overlay-opacity":"","overlay-gradient":""}}},"product_brand":[],"product_cat":[39],"product_tag":[],"class_list":{"0":"post-7742","1":"product","2":"type-product","3":"status-publish","4":"has-post-thumbnail","6":"product_cat-na-chudnutie","7":"desktop-align-left","8":"tablet-align-left","9":"mobile-align-left","11":"first","12":"instock","13":"sale","14":"taxable","15":"shipping-taxable","16":"purchasable","17":"product-type-simple"},"_links":{"self":[{"href":"https:\/\/wellness4you.cz\/sk\/wp-json\/wp\/v2\/product\/7742","targetHints":{"allow":["GET"]}}],"collection":[{"href":"https:\/\/wellness4you.cz\/sk\/wp-json\/wp\/v2\/product"}],"about":[{"href":"https:\/\/wellness4you.cz\/sk\/wp-json\/wp\/v2\/types\/product"}],"replies":[{"embeddable":true,"href":"https:\/\/wellness4you.cz\/sk\/wp-json\/wp\/v2\/comments?post=7742"}],"wp:featuredmedia":[{"embeddable":true,"href":"https:\/\/wellness4you.cz\/sk\/wp-json\/wp\/v2\/media\/7741"}],"wp:attachment":[{"href":"https:\/\/wellness4you.cz\/sk\/wp-json\/wp\/v2\/media?parent=7742"}],"wp:term":[{"taxonomy":"product_brand","embeddable":true,"href":"https:\/\/wellness4you.cz\/sk\/wp-json\/wp\/v2\/product_brand?post=7742"},{"taxonomy":"product_cat","embeddable":true,"href":"https:\/\/wellness4you.cz\/sk\/wp-json\/wp\/v2\/product_cat?post=7742"},{"taxonomy":"product_tag","embeddable":true,"href":"https:\/\/wellness4you.cz\/sk\/wp-json\/wp\/v2\/product_tag?post=7742"}],"curies":[{"name":"wp","href":"https:\/\/api.w.org\/{rel}","templated":true}]}}