{"id":7738,"date":"2023-09-02T20:47:59","date_gmt":"2023-09-02T18:47:59","guid":{"rendered":"https:\/\/wellness4you.cz\/sk\/flexosamine\/"},"modified":"2026-01-08T22:52:35","modified_gmt":"2026-01-08T21:52:35","slug":"flexosamine","status":"publish","type":"product","link":"https:\/\/wellness4you.cz\/sk\/flexosamine\/","title":{"rendered":"Flexosamine"},"content":{"rendered":"<p>V dne\u0161nej dobe \u010dasto h\u013ead\u00e1me rie\u0161enia, ktor\u00e9 by n\u00e1m pomohli zvl\u00e1da\u0165 boles\u0165 a nepohodlie s\u00favisiace s na\u0161imi k\u013abmi. Flexosamine sa n\u00e1m predstavuje ako ide\u00e1lny spolo\u010dn\u00edk v tomto boji. Ale \u010do rob\u00ed tento produkt tak\u00fdm v\u00fdnimo\u010dn\u00fdm?<\/p>\n<p>Prv\u00fdm a najd\u00f4le\u017eitej\u0161\u00edm faktom je, \u017ee tento produkt nepon\u00faka iba do\u010dasn\u00fa \u00fa\u013eavu od bolesti. Pon\u00faka rie\u0161enie, ktor\u00e9 cie\u013eavedomo napom\u00e1ha obnovova\u0165 po\u0161koden\u00e9 k\u013aby a redukuje boles\u0165 dlhodobo.<\/p>\n<p>U\u017e viac nemus\u00edte by\u0165 otrokom kon\u0161tantn\u00e9ho nepohodlia a bolesti. Flexosamine v\u00e1m pon\u00faka \u0161ancu na nov\u00fd za\u010diatok, kde va\u0161e k\u013aby bud\u00fa silnej\u0161ie, zdrav\u0161ie a flexibilnej\u0161ie.<\/p>\n<h2 id=\"prednosti\">Prednosti Flexosamine<\/h2>\n<p>Okrem obnovy po\u0161koden\u00fdch k\u013abov pon\u00faka tento produkt mno\u017estvo \u010fal\u0161\u00edch v\u00fdhod. V\u00fdnimo\u010dnos\u0165 tohto produktu spo\u010d\u00edva v jeho schopnosti poskytn\u00fa\u0165 r\u00fdchlu \u00fa\u013eavu od bolesti a z\u00e1rove\u0148 zabra\u0148ova\u0165 z\u00e1palom. T\u00edm v\u00e1m umo\u017e\u0148uje u\u017e\u00edva\u0165 akt\u00edvny a plnohodnotn\u00fd \u017eivot bez obmedzen\u00ed.<\/p>\n<p>Boles\u0165 k\u013abov m\u00f4\u017ee v\u00fdrazne ovplyvni\u0165 kvalitu v\u00e1\u0161ho \u017eivota. No s Flexosamine si m\u00f4\u017eete by\u0165 ist\u00ed, \u017ee ste urobili spr\u00e1vny krok smerom k zdrav\u0161\u00edm a \u0161\u0165astnej\u0161\u00edm k\u013abom.<\/p>\n<h2 id=\"unikatna-formula\">Unik\u00e1tna formula a inovat\u00edvny sp\u00f4sob spracovania<\/h2>\n<p>\u010co rob\u00ed tento produkt tak\u00fdm v\u00fdnimo\u010dn\u00fdm, je jeho unik\u00e1tna formula. Kombinuje pr\u00edrodn\u00e9 zlo\u017eky s modernou technol\u00f3giou, \u010d\u00edm vytv\u00e1ra produkt, ktor\u00fd je efekt\u00edvny a bezpe\u010dn\u00fd pre va\u0161e telo.<\/p>\n<p>Inovat\u00edvny sp\u00f4sob spracovania zabezpe\u010duje, \u017ee v\u0161etky zlo\u017eky s\u00fa spr\u00e1vne kombinovan\u00e9 a v ide\u00e1lnych pomeroch, aby ste dosiahli optim\u00e1lne v\u00fdsledky. Flexosamine je v\u00fdsledkom dlhoro\u010dn\u00e9ho v\u00fdskumu a testovania, \u010do z neho rob\u00ed produkt, ktor\u00e9mu m\u00f4\u017eete d\u00f4verova\u0165.<\/p>\n<p>Nemus\u00edte ma\u0165 obavy o ved\u013eaj\u0161ie \u00fa\u010dinky alebo o to, \u017ee produkt nebude fungova\u0165. Flexosamine bol navrhnut\u00fd tak, aby v\u00e1m poskytol maxim\u00e1lnu \u00fa\u010dinnos\u0165 bez kompromisov.<\/p>\n<h2 id=\"vyzva-konania\">V\u00fdzva k konaniu<\/h2>\n<p>Ne\u010dakajte, k\u00fdm boles\u0165 k\u013abov ovplyvn\u00ed v\u00e1\u0161 \u017eivot e\u0161te viac. Rie\u0161enie je tu a vol\u00e1 sa Flexosamine. Zvo\u013ete cestu k lep\u0161iemu zdraviu k\u013abov a akt\u00edvnej\u0161iemu \u017eivotu bez bolesti.<\/p>\n<p>Pripojte sa k tis\u00edckam spokojn\u00fdch z\u00e1kazn\u00edkov, ktor\u00ed u\u017e vysk\u00fa\u0161ali tento produkt a videli pozit\u00edvne v\u00fdsledky. Nechajte sa in\u0161pirova\u0165 ich pr\u00edbehmi a urobte ten prv\u00fd krok smerom k zdrav\u0161\u00edm k\u013abom e\u0161te dnes!<\/p>\n<p><strong>Zamovte svoj Flexosamine teraz a za\u017eite zmenu, ktor\u00fa pon\u00faka!<\/strong><\/p>\n","protected":false},"excerpt":{"rendered":"<p>Flexosamine v\u00e1m pomo\u017ee obnovi\u0165 po\u0161koden\u00e9 k\u013aby a zmierni\u0165 boles\u0165. V\u010faka unik\u00e1tnej formule z\u00edskate \u00fa\u013eavu od z\u00e1palov. U\u017eite si komfort v ka\u017edodennom \u017eivote s Flexosamine. Objednajte si hne\u010f teraz!<\/p>\n","protected":false},"featured_media":7737,"comment_status":"open","ping_status":"closed","template":"","meta":{"site-sidebar-layout":"default","site-content-layout":"","ast-site-content-layout":"default","site-content-style":"default","site-sidebar-style":"default","ast-global-header-display":"","ast-banner-title-visibility":"","ast-main-header-display":"","ast-hfb-above-header-display":"","ast-hfb-below-header-display":"","ast-hfb-mobile-header-display":"","site-post-title":"","ast-breadcrumbs-content":"","ast-featured-img":"","footer-sml-layout":"","ast-disable-related-posts":"","theme-transparent-header-meta":"default","adv-header-id-meta":"","stick-header-meta":"","header-above-stick-meta":"","header-main-stick-meta":"","header-below-stick-meta":"","astra-migrate-meta-layouts":"set","ast-page-background-enabled":"default","ast-page-background-meta":{"desktop":{"background-color":"","background-image":"","background-repeat":"repeat","background-position":"center center","background-size":"auto","background-attachment":"scroll","background-type":"","background-media":"","overlay-type":"","overlay-color":"","overlay-opacity":"","overlay-gradient":""},"tablet":{"background-color":"","background-image":"","background-repeat":"repeat","background-position":"center center","background-size":"auto","background-attachment":"scroll","background-type":"","background-media":"","overlay-type":"","overlay-color":"","overlay-opacity":"","overlay-gradient":""},"mobile":{"background-color":"","background-image":"","background-repeat":"repeat","background-position":"center center","background-size":"auto","background-attachment":"scroll","background-type":"","background-media":"","overlay-type":"","overlay-color":"","overlay-opacity":"","overlay-gradient":""}},"ast-content-background-meta":{"desktop":{"background-color":"var(--ast-global-color-5)","background-image":"","background-repeat":"repeat","background-position":"center center","background-size":"auto","background-attachment":"scroll","background-type":"","background-media":"","overlay-type":"","overlay-color":"","overlay-opacity":"","overlay-gradient":""},"tablet":{"background-color":"var(--ast-global-color-5)","background-image":"","background-repeat":"repeat","background-position":"center center","background-size":"auto","background-attachment":"scroll","background-type":"","background-media":"","overlay-type":"","overlay-color":"","overlay-opacity":"","overlay-gradient":""},"mobile":{"background-color":"var(--ast-global-color-5)","background-image":"","background-repeat":"repeat","background-position":"center center","background-size":"auto","background-attachment":"scroll","background-type":"","background-media":"","overlay-type":"","overlay-color":"","overlay-opacity":"","overlay-gradient":""}}},"product_brand":[],"product_cat":[41],"product_tag":[],"class_list":{"0":"post-7738","1":"product","2":"type-product","3":"status-publish","4":"has-post-thumbnail","6":"product_cat-produkty-pre-zdravie","7":"desktop-align-left","8":"tablet-align-left","9":"mobile-align-left","11":"first","12":"instock","13":"sale","14":"taxable","15":"shipping-taxable","16":"purchasable","17":"product-type-simple"},"_links":{"self":[{"href":"https:\/\/wellness4you.cz\/sk\/wp-json\/wp\/v2\/product\/7738","targetHints":{"allow":["GET"]}}],"collection":[{"href":"https:\/\/wellness4you.cz\/sk\/wp-json\/wp\/v2\/product"}],"about":[{"href":"https:\/\/wellness4you.cz\/sk\/wp-json\/wp\/v2\/types\/product"}],"replies":[{"embeddable":true,"href":"https:\/\/wellness4you.cz\/sk\/wp-json\/wp\/v2\/comments?post=7738"}],"wp:featuredmedia":[{"embeddable":true,"href":"https:\/\/wellness4you.cz\/sk\/wp-json\/wp\/v2\/media\/7737"}],"wp:attachment":[{"href":"https:\/\/wellness4you.cz\/sk\/wp-json\/wp\/v2\/media?parent=7738"}],"wp:term":[{"taxonomy":"product_brand","embeddable":true,"href":"https:\/\/wellness4you.cz\/sk\/wp-json\/wp\/v2\/product_brand?post=7738"},{"taxonomy":"product_cat","embeddable":true,"href":"https:\/\/wellness4you.cz\/sk\/wp-json\/wp\/v2\/product_cat?post=7738"},{"taxonomy":"product_tag","embeddable":true,"href":"https:\/\/wellness4you.cz\/sk\/wp-json\/wp\/v2\/product_tag?post=7738"}],"curies":[{"name":"wp","href":"https:\/\/api.w.org\/{rel}","templated":true}]}}