{"id":7736,"date":"2023-09-02T20:47:59","date_gmt":"2023-09-02T18:47:59","guid":{"rendered":"https:\/\/wellness4you.cz\/sk\/reliver\/"},"modified":"2026-01-08T22:52:38","modified_gmt":"2026-01-08T21:52:38","slug":"reliver","status":"publish","type":"product","link":"https:\/\/wellness4you.cz\/sk\/reliver\/","title":{"rendered":"Reliver"},"content":{"rendered":"<h2 id=\"vyhody\">V\u00fdhody produktu Reliver<\/h2>\n<p>Alkoholov\u00e1 z\u00e1vislos\u0165 je komplexn\u00fd probl\u00e9m, ktor\u00fd ovplyv\u0148uje \u017eivot mnoh\u00fdch \u013eud\u00ed. Pon\u00fakame v\u00e1m pr\u00edrodn\u00e9, bezpe\u010dn\u00e9 a efekt\u00edvne rie\u0161enie. Predstavujeme v\u00e1m Reliver &#8211; kapsule, ktor\u00e9 sa stali revol\u00faciou v boji proti z\u00e1vislosti od alkoholu.<\/p>\n<p>Jednou z hlavn\u00fdch v\u00fdhod produktu Reliver je jeho pr\u00edrodn\u00e9 zlo\u017eenie. Nie je potrebn\u00e9 sa ob\u00e1va\u0165 ved\u013eaj\u0161\u00edch \u00fa\u010dinkov, preto\u017ee Reliver je zalo\u017een\u00fd na pr\u00edrodn\u00fdch zlo\u017ek\u00e1ch, ktor\u00e9 s\u00fa pre telo bezpe\u010dn\u00e9.<\/p>\n<p>\u010co to znamen\u00e1 pre v\u00e1s alebo va\u0161ich bl\u00edzkych? S produktom tento produkt m\u00f4\u017eete dosiahnu\u0165 zlep\u0161enie bez vystavovania tela agres\u00edvnym chemik\u00e1li\u00e1m alebo invaz\u00edvnym lie\u010debn\u00fdm postupom.<\/p>\n<h2 id=\"prirodna-sila\">Pr\u00edrodn\u00e1 sila v boji proti alkoholizmu<\/h2>\n<p>Reliver nie je len \u010fal\u0161\u00ed doplnok. Je to v\u00fdsledok dlhodob\u00e9ho v\u00fdskumu a \u0161t\u00fadi\u00ed o tom, ako pr\u00edrodn\u00e9 zlo\u017eky m\u00f4\u017eu pom\u00f4c\u0165 \u013eu\u010fom prekona\u0165 z\u00e1vislos\u0165. Tento produkt nielen\u017ee pom\u00e1ha odstr\u00e1ni\u0165 psychologick\u00fa potrebu konzumova\u0165 alkohol, ale aj zni\u017euje riziko depresie a op\u00e4tovn\u00fdch relapsov.<\/p>\n<p>Reliver taktie\u017e minimalizuje riziko prehnan\u00e9ho pitia, \u010d\u00edm chr\u00e1ni va\u0161e telo pred negat\u00edvnymi \u00fa\u010dinkami alkoholu. V\u010faka jeho jedine\u010dn\u00e9mu zlo\u017eeniu m\u00f4\u017eete dosiahnu\u0165 rovnov\u00e1hu a zdrav\u0161\u00ed \u017eivotn\u00fd \u0161t\u00fdl bez toho, aby ste museli obetova\u0165 pohodu a pohodlie.<\/p>\n<h2 id=\"diskretne-pomoc\">Diskr\u00e9tne pom\u00e1hajte bl\u00edzkym<\/h2>\n<p>Jedna z unik\u00e1tnych vlastnost\u00ed produktu tento produkt je mo\u017enos\u0165 pom\u00f4c\u0165 niekomu v tichosti, bez toho aby o tom vedel. Ak m\u00e1te bl\u00edzkeho \u010dloveka, ktor\u00fd bojuje s alkoholovou z\u00e1vislos\u0165ou a nevie, ako za\u010da\u0165 cestu k uzdraveniu, Reliver m\u00f4\u017ee by\u0165 tich\u00fdm pomocn\u00edkom na tejto ceste.<\/p>\n<p>V dne\u0161nej dobe je d\u00f4le\u017eit\u00e9, \u017ee m\u00e1me mo\u017enos\u0165 pom\u00e1ha\u0165 na\u0161im bl\u00edzkym, a to bez toho, aby sme ich vystavovali \u010fal\u0161iemu stresu alebo potupe. T\u00fdmto sp\u00f4sobom m\u00f4\u017eeme pon\u00faknu\u0165 podporu a n\u00e1dej t\u00fdm, ktor\u00ed to najviac potrebuj\u00fa.<\/p>\n<h2 id=\"mechanizmus\">Ak\u00fd je mechanizmus p\u00f4sobenia?<\/h2>\n<p>Reliver pracuje t\u00fdm, \u017ee eliminuje psychologick\u00fd impulz k pitie. Mnoho \u013eud\u00ed, ktor\u00ed bojuj\u00fa s alkoholizmom, \u010dasto za\u017e\u00edva siln\u00fa t\u00fa\u017ebu po alkohole. Tento produkt pom\u00e1ha zmierni\u0165 t\u00fato t\u00fa\u017ebu, \u010d\u00edm u\u013eah\u010duje cestu k zotaveniu.<\/p>\n<p>Okrem toho tento produkt redukuje pr\u00edznaky depresie, ktor\u00e1 je \u010dasto spojen\u00e1 s alkoholovou z\u00e1vislos\u0165ou. Tak\u00fdto holistick\u00fd pr\u00edstup k lie\u010dbe zabezpe\u010duje, \u017ee klienti dostan\u00fa najlep\u0161iu mo\u017en\u00fa starostlivos\u0165 a podporu v ka\u017edej f\u00e1ze svojho zotavovania.<\/p>\n<h2 id=\"zaver\">Z\u00e1ver a v\u00fdzva k akcii<\/h2>\n<p>Kapsuly Reliver predstavuj\u00fa nov\u00fd pr\u00edstup k lie\u010dbe alkoholovej z\u00e1vislosti. Ich pr\u00edrodn\u00e9 zlo\u017eenie a unik\u00e1tne vlastnosti v\u00e1m alebo va\u0161im bl\u00edzkym m\u00f4\u017eu pom\u00f4c\u0165 na ceste k plnohodnotn\u00e9mu \u017eivotu bez alkoholu.<\/p>\n<p>Je \u010das zmeni\u0165 svoj \u017eivot k lep\u0161iemu. Zvo\u013ete pr\u00edrodn\u00fa cestu k uzdraveniu a objavte, ako Reliver m\u00f4\u017ee by\u0165 k\u013e\u00fa\u010dom k va\u0161ej obnove. <strong>Nev\u00e1hajte a objednajte si e\u0161te dnes!<\/strong><\/p>\n","protected":false},"excerpt":{"rendered":"<p>Reliver kapsuly prirodzene bojuj\u00fa proti alkoholovej z\u00e1vislosti. Zni\u017euj\u00fa n\u00e1vraty choroby, depresie a nutkanie na opit\u00e9. P\u00f4sobia efekt\u00edvne a s\u00fa bezpe\u010dn\u00e9 pre telo. Objednajte hne\u010f a zme\u0148te \u017eivot na lep\u0161ie!<\/p>\n","protected":false},"featured_media":7735,"comment_status":"open","ping_status":"closed","template":"","meta":{"site-sidebar-layout":"default","site-content-layout":"","ast-site-content-layout":"default","site-content-style":"default","site-sidebar-style":"default","ast-global-header-display":"","ast-banner-title-visibility":"","ast-main-header-display":"","ast-hfb-above-header-display":"","ast-hfb-below-header-display":"","ast-hfb-mobile-header-display":"","site-post-title":"","ast-breadcrumbs-content":"","ast-featured-img":"","footer-sml-layout":"","ast-disable-related-posts":"","theme-transparent-header-meta":"default","adv-header-id-meta":"","stick-header-meta":"","header-above-stick-meta":"","header-main-stick-meta":"","header-below-stick-meta":"","astra-migrate-meta-layouts":"set","ast-page-background-enabled":"default","ast-page-background-meta":{"desktop":{"background-color":"","background-image":"","background-repeat":"repeat","background-position":"center center","background-size":"auto","background-attachment":"scroll","background-type":"","background-media":"","overlay-type":"","overlay-color":"","overlay-opacity":"","overlay-gradient":""},"tablet":{"background-color":"","background-image":"","background-repeat":"repeat","background-position":"center center","background-size":"auto","background-attachment":"scroll","background-type":"","background-media":"","overlay-type":"","overlay-color":"","overlay-opacity":"","overlay-gradient":""},"mobile":{"background-color":"","background-image":"","background-repeat":"repeat","background-position":"center center","background-size":"auto","background-attachment":"scroll","background-type":"","background-media":"","overlay-type":"","overlay-color":"","overlay-opacity":"","overlay-gradient":""}},"ast-content-background-meta":{"desktop":{"background-color":"var(--ast-global-color-5)","background-image":"","background-repeat":"repeat","background-position":"center center","background-size":"auto","background-attachment":"scroll","background-type":"","background-media":"","overlay-type":"","overlay-color":"","overlay-opacity":"","overlay-gradient":""},"tablet":{"background-color":"var(--ast-global-color-5)","background-image":"","background-repeat":"repeat","background-position":"center center","background-size":"auto","background-attachment":"scroll","background-type":"","background-media":"","overlay-type":"","overlay-color":"","overlay-opacity":"","overlay-gradient":""},"mobile":{"background-color":"var(--ast-global-color-5)","background-image":"","background-repeat":"repeat","background-position":"center center","background-size":"auto","background-attachment":"scroll","background-type":"","background-media":"","overlay-type":"","overlay-color":"","overlay-opacity":"","overlay-gradient":""}}},"product_brand":[],"product_cat":[41],"product_tag":[],"class_list":{"0":"post-7736","1":"product","2":"type-product","3":"status-publish","4":"has-post-thumbnail","6":"product_cat-produkty-pre-zdravie","7":"desktop-align-left","8":"tablet-align-left","9":"mobile-align-left","11":"first","12":"instock","13":"sale","14":"taxable","15":"shipping-taxable","16":"purchasable","17":"product-type-simple"},"_links":{"self":[{"href":"https:\/\/wellness4you.cz\/sk\/wp-json\/wp\/v2\/product\/7736","targetHints":{"allow":["GET"]}}],"collection":[{"href":"https:\/\/wellness4you.cz\/sk\/wp-json\/wp\/v2\/product"}],"about":[{"href":"https:\/\/wellness4you.cz\/sk\/wp-json\/wp\/v2\/types\/product"}],"replies":[{"embeddable":true,"href":"https:\/\/wellness4you.cz\/sk\/wp-json\/wp\/v2\/comments?post=7736"}],"wp:featuredmedia":[{"embeddable":true,"href":"https:\/\/wellness4you.cz\/sk\/wp-json\/wp\/v2\/media\/7735"}],"wp:attachment":[{"href":"https:\/\/wellness4you.cz\/sk\/wp-json\/wp\/v2\/media?parent=7736"}],"wp:term":[{"taxonomy":"product_brand","embeddable":true,"href":"https:\/\/wellness4you.cz\/sk\/wp-json\/wp\/v2\/product_brand?post=7736"},{"taxonomy":"product_cat","embeddable":true,"href":"https:\/\/wellness4you.cz\/sk\/wp-json\/wp\/v2\/product_cat?post=7736"},{"taxonomy":"product_tag","embeddable":true,"href":"https:\/\/wellness4you.cz\/sk\/wp-json\/wp\/v2\/product_tag?post=7736"}],"curies":[{"name":"wp","href":"https:\/\/api.w.org\/{rel}","templated":true}]}}