{"id":7732,"date":"2023-09-02T20:47:56","date_gmt":"2023-09-02T18:47:56","guid":{"rendered":"https:\/\/wellness4you.cz\/sk\/prostanol\/"},"modified":"2026-01-08T22:52:38","modified_gmt":"2026-01-08T21:52:38","slug":"prostanol","status":"publish","type":"product","link":"https:\/\/wellness4you.cz\/sk\/prostanol\/","title":{"rendered":"Prostanol"},"content":{"rendered":"<h2 id=\"uvod\">\u00davod<\/h2>\n<p>Prostanol je inovat\u00edvny produkt navrhnut\u00fd tak, aby bojoval proti prostatit\u00edde a z\u00e1rove\u0148 predch\u00e1dzal jej vzniku. S Prostanolom s\u00fa bolesti a p\u00e1lenie v oblasti slab\u00edn a v dolnej \u010dasti chrbta minulos\u0165ou. U\u017e\u00edvate\u013eom prin\u00e1\u0161a komfort v podobe stabilnej\u0161ieho a menej \u010dast\u00e9ho mo\u010denia. Navy\u0161e, eliminuje z\u00e1pal a obnovuje erektiln\u00fa funkciu.<\/p>\n<p>Mnoh\u00ed mu\u017ei \u010delia probl\u00e9mom s prostatou, ale nemus\u00ed to by\u0165 tak. Prostanol je rie\u0161enie, ktor\u00e9 sa zameriava na kore\u0148 probl\u00e9mu \u2013 z\u00e1pal prostaty. A to v\u0161etko s pomocou pr\u00edrodn\u00fdch zlo\u017eiek.<\/p>\n<h2 id=\"vyhody\">K\u013e\u00fa\u010dov\u00e9 v\u00fdhody<\/h2>\n<p>Jeden z hlavn\u00fdch d\u00f4vodov, pre\u010do je Prostanol tak\u00fd ob\u013e\u00faben\u00fd, je jeho schopnos\u0165 pon\u00faknu\u0165 u\u017e\u00edvate\u013eom mnoho v\u00fdhod. Za prv\u00e9, \u00faplne eliminuje nepohodlie, boles\u0165 a p\u00e1lenie pri mo\u010den\u00ed. M\u00e1 pozit\u00edvny vplyv nielen na prostatu, ale aj na cel\u00e9 telo, \u010do v\u00e1m umo\u017en\u00ed c\u00edti\u0165 sa lep\u0161ie a akt\u00edvnej\u0161ie.<\/p>\n<p>K\u00fdm in\u00e9 produkty len maskuj\u00fa sympt\u00f3my, Prostanol sa zameriava na odstr\u00e1nenie pr\u00ed\u010diny probl\u00e9mu. T\u00fdm p\u00e1dom sa pr\u00edznaky nevr\u00e1tia a vy m\u00f4\u017eete pokra\u010dova\u0165 v norm\u00e1lnom \u017eivote bez ob\u00e1v.<\/p>\n<p>\u010casto sa vyskytuj\u00fa aj probl\u00e9my s erekciou v d\u00f4sledku probl\u00e9mov s prostatou. Prostanol obnovuje t\u00fato funkciu a z\u00e1rove\u0148 zvy\u0161uje celkov\u00fa energiu a v\u00fddr\u017e tela.<\/p>\n<h2 id=\"zlozky\">Akt\u00edvne zlo\u017eky<\/h2>\n<p>Skuto\u010dn\u00e1 sila Prostanolu spo\u010d\u00edva v jeho akt\u00edvnych zlo\u017ek\u00e1ch. Obsahuje extrakt Muira puama, ktor\u00fd je zn\u00e1my svojimi afrodiziak\u00e1lnymi vlastnos\u0165ami. Galangal extrakt podporuje zdravie mo\u010dov\u00e9ho traktu a m\u00e1 protiz\u00e1palov\u00e9 \u00fa\u010dinky.<\/p>\n<p>Echinacea extrakt je siln\u00fd imunitn\u00fd booster, ktor\u00fd pom\u00e1ha telu bojova\u0165 proti infekci\u00e1m a z\u00e1palom. Maca extrakt podporuje hormon\u00e1lnu rovnov\u00e1hu a zvy\u0161uje energetick\u00e9 hladiny tela, zatia\u013e \u010do Ginseng extrakt pom\u00e1ha zlep\u0161i\u0165 cirkul\u00e1ciu a zvy\u0161uje vitalitu.<\/p>\n<p>Extrakt z chaluhy (Kelp) je bohat\u00fd na vitam\u00edny a miner\u00e1ly, ktor\u00e9 podporuj\u00fa zdravie prostaty a celkov\u00e9 zdravie tela. Tieto v\u0161etky zlo\u017eky spolo\u010dne pracuj\u00fa na zlep\u0161enie zdravia prostaty a celkov\u00e9ho zdravotn\u00e9ho stavu u\u017e\u00edvate\u013ea.<\/p>\n<h2 id=\"vyber\">Pre\u010do si vybra\u0165 Prostanol?<\/h2>\n<p>Prostanol nie je len \u010fal\u0161\u00edm doplnkom na trhu. Je to vedecky overen\u00fd produkt, ktor\u00fd bol \u0161peci\u00e1lne navrhnut\u00fd na rie\u0161enie probl\u00e9mov s prostatou. S\u00fa\u010das\u0165ou jeho v\u00fdvoja boli rozsiahle v\u00fdskumy a testy, ktor\u00e9 zabezpe\u010duj\u00fa, \u017ee je nielen \u00fa\u010dinn\u00fd, ale aj bezpe\u010dn\u00fd pre ka\u017edodenn\u00e9 pou\u017eitie.<\/p>\n<p>Mu\u017ei z cel\u00e9ho Slovenska u\u017e za\u017eili \u00fa\u013eavu a zlep\u0161enie kvality \u017eivota v\u010faka Prostanolu. Ne\u010dakajte, k\u00fdm probl\u00e9my s prostatou ovplyvnia v\u00e1\u0161 \u017eivot. Zvo\u013ete si Prostanol a z\u00edskajte sp\u00e4\u0165 kontrolu nad svoj\u00edm zdrav\u00edm a pohodou.<\/p>\n<p>\u010ci u\u017e ste u\u017e za\u017eili probl\u00e9my s prostatou alebo h\u013ead\u00e1te prevent\u00edvne rie\u0161enie, Prostanol je tu pre v\u00e1s. Neodkladajte zlep\u0161enie v\u00e1\u0161ho \u017eivota na nesk\u00f4r. Zvo\u013ete si zdravie a pohodu teraz.<\/p>\n<p><strong>Za\u010dnite svoju cestu k zdravej prostate dnes. Objednajte si Prostanol!<\/strong><\/p>\n","protected":false},"excerpt":{"rendered":"<p>Prostanol, na b\u00e1ze pr\u00edrodn\u00fdch zlo\u017eiek, \u00fa\u010dinne bojuje proti prostatit\u00edde a zabra\u0148uje jej opakovaniu. Eliminuje boles\u0165, p\u00e1lenie a stabilizuje mo\u010dov\u00fd syst\u00e9m, zatia\u013e \u010do obnovuje erektiln\u00fa funkciu. S Prostanolom posiln\u00edte svoje telo a obnov\u00edte zdravie prostaty. Objednajte si e\u0161te dnes a c\u00ed\u0165te zmenu!<\/p>\n","protected":false},"featured_media":7731,"comment_status":"open","ping_status":"closed","template":"","meta":{"site-sidebar-layout":"default","site-content-layout":"","ast-site-content-layout":"default","site-content-style":"default","site-sidebar-style":"default","ast-global-header-display":"","ast-banner-title-visibility":"","ast-main-header-display":"","ast-hfb-above-header-display":"","ast-hfb-below-header-display":"","ast-hfb-mobile-header-display":"","site-post-title":"","ast-breadcrumbs-content":"","ast-featured-img":"","footer-sml-layout":"","ast-disable-related-posts":"","theme-transparent-header-meta":"default","adv-header-id-meta":"","stick-header-meta":"","header-above-stick-meta":"","header-main-stick-meta":"","header-below-stick-meta":"","astra-migrate-meta-layouts":"set","ast-page-background-enabled":"default","ast-page-background-meta":{"desktop":{"background-color":"","background-image":"","background-repeat":"repeat","background-position":"center center","background-size":"auto","background-attachment":"scroll","background-type":"","background-media":"","overlay-type":"","overlay-color":"","overlay-opacity":"","overlay-gradient":""},"tablet":{"background-color":"","background-image":"","background-repeat":"repeat","background-position":"center center","background-size":"auto","background-attachment":"scroll","background-type":"","background-media":"","overlay-type":"","overlay-color":"","overlay-opacity":"","overlay-gradient":""},"mobile":{"background-color":"","background-image":"","background-repeat":"repeat","background-position":"center center","background-size":"auto","background-attachment":"scroll","background-type":"","background-media":"","overlay-type":"","overlay-color":"","overlay-opacity":"","overlay-gradient":""}},"ast-content-background-meta":{"desktop":{"background-color":"var(--ast-global-color-5)","background-image":"","background-repeat":"repeat","background-position":"center center","background-size":"auto","background-attachment":"scroll","background-type":"","background-media":"","overlay-type":"","overlay-color":"","overlay-opacity":"","overlay-gradient":""},"tablet":{"background-color":"var(--ast-global-color-5)","background-image":"","background-repeat":"repeat","background-position":"center center","background-size":"auto","background-attachment":"scroll","background-type":"","background-media":"","overlay-type":"","overlay-color":"","overlay-opacity":"","overlay-gradient":""},"mobile":{"background-color":"var(--ast-global-color-5)","background-image":"","background-repeat":"repeat","background-position":"center center","background-size":"auto","background-attachment":"scroll","background-type":"","background-media":"","overlay-type":"","overlay-color":"","overlay-opacity":"","overlay-gradient":""}}},"product_brand":[],"product_cat":[40],"product_tag":[],"class_list":{"0":"post-7732","1":"product","2":"type-product","3":"status-publish","4":"has-post-thumbnail","6":"product_cat-produkty-pre-muzov","7":"desktop-align-left","8":"tablet-align-left","9":"mobile-align-left","11":"first","12":"instock","13":"sale","14":"taxable","15":"shipping-taxable","16":"purchasable","17":"product-type-simple"},"_links":{"self":[{"href":"https:\/\/wellness4you.cz\/sk\/wp-json\/wp\/v2\/product\/7732","targetHints":{"allow":["GET"]}}],"collection":[{"href":"https:\/\/wellness4you.cz\/sk\/wp-json\/wp\/v2\/product"}],"about":[{"href":"https:\/\/wellness4you.cz\/sk\/wp-json\/wp\/v2\/types\/product"}],"replies":[{"embeddable":true,"href":"https:\/\/wellness4you.cz\/sk\/wp-json\/wp\/v2\/comments?post=7732"}],"wp:featuredmedia":[{"embeddable":true,"href":"https:\/\/wellness4you.cz\/sk\/wp-json\/wp\/v2\/media\/7731"}],"wp:attachment":[{"href":"https:\/\/wellness4you.cz\/sk\/wp-json\/wp\/v2\/media?parent=7732"}],"wp:term":[{"taxonomy":"product_brand","embeddable":true,"href":"https:\/\/wellness4you.cz\/sk\/wp-json\/wp\/v2\/product_brand?post=7732"},{"taxonomy":"product_cat","embeddable":true,"href":"https:\/\/wellness4you.cz\/sk\/wp-json\/wp\/v2\/product_cat?post=7732"},{"taxonomy":"product_tag","embeddable":true,"href":"https:\/\/wellness4you.cz\/sk\/wp-json\/wp\/v2\/product_tag?post=7732"}],"curies":[{"name":"wp","href":"https:\/\/api.w.org\/{rel}","templated":true}]}}