{"id":7730,"date":"2023-09-02T20:47:56","date_gmt":"2023-09-02T18:47:56","guid":{"rendered":"https:\/\/wellness4you.cz\/sk\/nootronin\/"},"modified":"2026-01-08T22:52:37","modified_gmt":"2026-01-08T21:52:37","slug":"nootronin","status":"publish","type":"product","link":"https:\/\/wellness4you.cz\/sk\/nootronin\/","title":{"rendered":"Nootronin"},"content":{"rendered":"<h2 id=\"co-je-nootronin\">\u010co je Nootronin?<\/h2>\n<p>Nootronin nie je len oby\u010dajn\u00fd doplnok. Ide o kapsule navrhnut\u00e9 \u0161peci\u00e1lne na podporu fungovania v\u00e1\u0161ho mozgu.<\/p>\n<p>Ka\u017ed\u00fd z n\u00e1s sa ob\u010das c\u00edti unaven\u00fd, rozpt\u00fdlen\u00fd alebo m\u00e1 probl\u00e9my s koncentr\u00e1ciou. Nootronin v\u00e1m m\u00f4\u017ee pom\u00f4c\u0165 zvl\u00e1dnu\u0165 tieto probl\u00e9my. Tento produkt je v\u00fdsledkom intenz\u00edvneho v\u00fdskumu a je ur\u010den\u00fd pre t\u00fdch, ktor\u00ed h\u013eadaj\u00fa kvalitn\u00e9 rie\u0161enie na podporu svojho kognit\u00edvneho v\u00fdkonu.<\/p>\n<h2 id=\"vyhody-uzivania\">V\u00fdhody u\u017e\u00edvania<\/h2>\n<p>Pre\u010do by ste mali zvoli\u0165 Nootronin pred in\u00fdmi produktami? Tu je nieko\u013eko hlavn\u00fdch d\u00f4vodov:<\/p>\n<p><strong>Zlep\u0161enie pam\u00e4ti:<\/strong> Kto by nechcel ma\u0165 lep\u0161iu pam\u00e4\u0165? Nootronin v\u00e1m m\u00f4\u017ee pom\u00f4c\u0165 zlep\u0161i\u0165 dlhodob\u00fa aj kr\u00e1tkodob\u00fa pam\u00e4\u0165. \u010ci u\u017e potrebujete zapam\u00e4ta\u0165 si viac inform\u00e1ci\u00ed pre pr\u00e1cu alebo \u0161t\u00fadium, tento produkt je tu pre v\u00e1s.<\/p>\n<p><strong>Vy\u0161\u0161ia koncentr\u00e1cia:<\/strong> Nootronin m\u00f4\u017ee posilni\u0165 va\u0161u schopnos\u0165 s\u00fastredi\u0165 sa na \u00falohy, ktor\u00e9 vy\u017eaduj\u00fa maxim\u00e1lnu pozornos\u0165.<\/p>\n<p><strong>Podpora mozgu:<\/strong> Mozog je n\u00e1\u0161 najd\u00f4le\u017eitej\u0161\u00ed org\u00e1n a potrebuje pravideln\u00fa starostlivos\u0165. Tento produkt je navrhnut\u00fd tak, aby poskytoval esenci\u00e1lne \u017eiviny pre jeho optim\u00e1lne fungovanie.<\/p>\n<h2 id=\"ako-to-funguje\">Ako to funguje?<\/h2>\n<p>Ako m\u00f4\u017ee Nootronin dosiahnu\u0165 v\u0161etky tieto \u00fa\u010dinky? K\u013e\u00fa\u010dom je jeho jedine\u010dn\u00e9 zlo\u017eenie. Zatia\u013e \u010do presn\u00e9 zlo\u017eky s\u00fa obchodn\u00fdm tajomstvom, produkt bol vyvinut\u00fd t\u00edmom odborn\u00edkov s d\u00f4razom na kvalitu a \u00fa\u010dinnos\u0165.<\/p>\n<p>Ka\u017ed\u00e1 kapsula je pln\u00e1 akt\u00edvnych zlo\u017eiek, ktor\u00e9 maj\u00fa priamy vplyv na v\u00e1\u0161 nervov\u00fd syst\u00e9m a kognit\u00edvne funkcie. U\u017e\u00edvan\u00edm Nootroninu m\u00f4\u017eete poc\u00edti\u0165 zlep\u0161enie v r\u00f4znych oblastiach v\u00e1\u0161ho ment\u00e1lneho v\u00fdkonu.<\/p>\n<h2 id=\"pre-koho-je-urceny\">Pre koho je ur\u010den\u00fd?<\/h2>\n<p>Nootronin je ur\u010den\u00fd pre ka\u017ed\u00e9ho, kto chce vylep\u0161i\u0165 svoj kognit\u00edvny v\u00fdkon. \u010ci u\u017e ste \u0161tudent, ktor\u00fd potrebuje lep\u0161iu koncentr\u00e1ciu pri \u0161t\u00fadiu, pracovn\u00edk, ktor\u00fd potrebuje zvl\u00e1dnu\u0165 n\u00e1ro\u010dn\u00e9 \u00falohy, alebo jednoducho niekto, kto chce udr\u017ea\u0165 mozog v top stave, tento produkt je pre v\u00e1s.<\/p>\n<p>Nemus\u00edte by\u0165 expertom v oblasti v\u00fd\u017eivy ani medic\u00edny, aby ste vedeli, ako tento produkt funguje. Sta\u010d\u00ed dodr\u017eiava\u0165 odpor\u00fa\u010dan\u00e9 d\u00e1vkovanie a pozorova\u0165 zlep\u0161enie svojho ment\u00e1lneho v\u00fdkonu.<\/p>\n<h2 id=\"vyzva-k-akcii\">V\u00fdzva k akcii<\/h2>\n<p>Ne\u010dakajte na to, k\u00fdm pr\u00edde \u010fal\u0161ia chv\u00ed\u013ea slabosti alebo rozpt\u00fdlenosti. Urobte pre svoj mozog to najlep\u0161ie a vysk\u00fa\u0161ajte Nootronin e\u0161te dnes! Va\u0161a myse\u013e si zasl\u00fa\u017ei len to najlep\u0161ie, a s t\u00fdmto produktom m\u00f4\u017eete dosiahnu\u0165 pr\u00e1ve to.<\/p>\n<p><strong>Pripojte sa k t\u00fdm, ktor\u00ed u\u017e objavili v\u00fdhody Nootroninu. Objednajte si teraz!<\/strong><\/p>\n","protected":false},"excerpt":{"rendered":"<p>Nootronin kapsuly v\u00fdrazne zlep\u0161uj\u00fa pam\u00e4\u0165 a s\u00fastredenie. Optim\u00e1lne pre podporu mozgovej aktivity. Zv\u00fd\u0161te svoju ment\u00e1lnu v\u00fdkonnos\u0165. Objednajte teraz!<\/p>\n","protected":false},"featured_media":7729,"comment_status":"open","ping_status":"closed","template":"","meta":{"site-sidebar-layout":"default","site-content-layout":"","ast-site-content-layout":"default","site-content-style":"default","site-sidebar-style":"default","ast-global-header-display":"","ast-banner-title-visibility":"","ast-main-header-display":"","ast-hfb-above-header-display":"","ast-hfb-below-header-display":"","ast-hfb-mobile-header-display":"","site-post-title":"","ast-breadcrumbs-content":"","ast-featured-img":"","footer-sml-layout":"","ast-disable-related-posts":"","theme-transparent-header-meta":"default","adv-header-id-meta":"","stick-header-meta":"","header-above-stick-meta":"","header-main-stick-meta":"","header-below-stick-meta":"","astra-migrate-meta-layouts":"set","ast-page-background-enabled":"default","ast-page-background-meta":{"desktop":{"background-color":"","background-image":"","background-repeat":"repeat","background-position":"center center","background-size":"auto","background-attachment":"scroll","background-type":"","background-media":"","overlay-type":"","overlay-color":"","overlay-opacity":"","overlay-gradient":""},"tablet":{"background-color":"","background-image":"","background-repeat":"repeat","background-position":"center center","background-size":"auto","background-attachment":"scroll","background-type":"","background-media":"","overlay-type":"","overlay-color":"","overlay-opacity":"","overlay-gradient":""},"mobile":{"background-color":"","background-image":"","background-repeat":"repeat","background-position":"center center","background-size":"auto","background-attachment":"scroll","background-type":"","background-media":"","overlay-type":"","overlay-color":"","overlay-opacity":"","overlay-gradient":""}},"ast-content-background-meta":{"desktop":{"background-color":"var(--ast-global-color-5)","background-image":"","background-repeat":"repeat","background-position":"center center","background-size":"auto","background-attachment":"scroll","background-type":"","background-media":"","overlay-type":"","overlay-color":"","overlay-opacity":"","overlay-gradient":""},"tablet":{"background-color":"var(--ast-global-color-5)","background-image":"","background-repeat":"repeat","background-position":"center center","background-size":"auto","background-attachment":"scroll","background-type":"","background-media":"","overlay-type":"","overlay-color":"","overlay-opacity":"","overlay-gradient":""},"mobile":{"background-color":"var(--ast-global-color-5)","background-image":"","background-repeat":"repeat","background-position":"center center","background-size":"auto","background-attachment":"scroll","background-type":"","background-media":"","overlay-type":"","overlay-color":"","overlay-opacity":"","overlay-gradient":""}}},"product_brand":[],"product_cat":[41],"product_tag":[],"class_list":{"0":"post-7730","1":"product","2":"type-product","3":"status-publish","4":"has-post-thumbnail","6":"product_cat-produkty-pre-zdravie","7":"desktop-align-left","8":"tablet-align-left","9":"mobile-align-left","11":"first","12":"instock","13":"sale","14":"taxable","15":"shipping-taxable","16":"purchasable","17":"product-type-simple"},"_links":{"self":[{"href":"https:\/\/wellness4you.cz\/sk\/wp-json\/wp\/v2\/product\/7730","targetHints":{"allow":["GET"]}}],"collection":[{"href":"https:\/\/wellness4you.cz\/sk\/wp-json\/wp\/v2\/product"}],"about":[{"href":"https:\/\/wellness4you.cz\/sk\/wp-json\/wp\/v2\/types\/product"}],"replies":[{"embeddable":true,"href":"https:\/\/wellness4you.cz\/sk\/wp-json\/wp\/v2\/comments?post=7730"}],"wp:featuredmedia":[{"embeddable":true,"href":"https:\/\/wellness4you.cz\/sk\/wp-json\/wp\/v2\/media\/7729"}],"wp:attachment":[{"href":"https:\/\/wellness4you.cz\/sk\/wp-json\/wp\/v2\/media?parent=7730"}],"wp:term":[{"taxonomy":"product_brand","embeddable":true,"href":"https:\/\/wellness4you.cz\/sk\/wp-json\/wp\/v2\/product_brand?post=7730"},{"taxonomy":"product_cat","embeddable":true,"href":"https:\/\/wellness4you.cz\/sk\/wp-json\/wp\/v2\/product_cat?post=7730"},{"taxonomy":"product_tag","embeddable":true,"href":"https:\/\/wellness4you.cz\/sk\/wp-json\/wp\/v2\/product_tag?post=7730"}],"curies":[{"name":"wp","href":"https:\/\/api.w.org\/{rel}","templated":true}]}}