{"id":7728,"date":"2023-09-02T20:47:55","date_gmt":"2023-09-02T18:47:55","guid":{"rendered":"https:\/\/wellness4you.cz\/sk\/nightbeast\/"},"modified":"2026-01-08T22:52:37","modified_gmt":"2026-01-08T21:52:37","slug":"nightbeast","status":"publish","type":"product","link":"https:\/\/wellness4you.cz\/sk\/nightbeast\/","title":{"rendered":"NightBeast"},"content":{"rendered":"<h2><a href=\"#benefity\">Benefity pr\u00edrodn\u00fdch zlo\u017eiek pre v\u00e1\u0161 sexu\u00e1lny \u017eivot<\/a><\/h2>\n<h2><a href=\"#lepsie-prekrvenie\">Zlep\u0161en\u00e9 prekrvenie pre intenz\u00edvne pote\u0161enie<\/a><\/h2>\n<h2><a href=\"#objednavka\">Objednajte si NightBeast Krem e\u0161te dnes<\/a><\/h2>\n<h2 id=\"benefity\">Benefity pr\u00edrodn\u00fdch zlo\u017eiek pre v\u00e1\u0161 sexu\u00e1lny \u017eivot<\/h2>\n<p>Prin\u00e1\u0161ame v\u00e1m revolu\u010dn\u00fd produkt na trhu, ktor\u00fd bude ma\u0165 priazniv\u00fd vplyv na v\u00e1\u0161 sexu\u00e1lny \u017eivot &#8211; NightBeast Krem. Na\u0161a inovat\u00edvna formula na b\u00e1ze pr\u00edrodn\u00fdch zlo\u017eiek bola starostlivo vyvinut\u00e1 s cie\u013eom zv\u00fd\u0161i\u0165 va\u0161u sexu\u00e1lnu t\u00fa\u017ebu a podpori\u0165 rast mu\u017esk\u00e9ho pohlavn\u00e9ho org\u00e1nu. U\u017e nemus\u00edte rie\u0161i\u0165 komplikovan\u00e9 postupy alebo rizikov\u00e9 met\u00f3dy, NightBeast Krem v\u00e1m prin\u00e1\u0161a jednoduch\u00e9 a efekt\u00edvne rie\u0161enie.<\/p>\n<p>Sme si ist\u00ed, \u017ee chcete dosiahnu\u0165 maxim\u00e1lny v\u00fdkon vo svojej int\u00edmnej oblasti. Na\u0161a formula obsahuje starostlivo vybran\u00e9 pr\u00edrodn\u00e9 zlo\u017eky, ktor\u00e9 maj\u00fa pozit\u00edvny vplyv na va\u0161u sexu\u00e1lnu vitalitu. Bez oh\u013eadu na va\u0161u vekov\u00fa kateg\u00f3riu m\u00f4\u017ee tento krem prispie\u0165 k lep\u0161iemu sexu\u00e1lnemu z\u00e1\u017eitku a zv\u00fd\u0161eniu v\u00e1\u0161ho sebavedomia.<\/p>\n<h2 id=\"lepsie-prekrvenie\">Zlep\u0161en\u00e9 prekrvenie pre intenz\u00edvne pote\u0161enie<\/h2>\n<p>Viete, ak\u00fd d\u00f4le\u017eit\u00fd je dostato\u010dn\u00fd krvn\u00fd obeh pre zv\u00fd\u0161enie sexu\u00e1lneho pote\u0161enia. Pr\u00e1ve tu prich\u00e1dza do hry NightBeast Krem. Na\u0161a \u0161peci\u00e1lna formula podporuje lep\u0161ie prekrvenie mu\u017esk\u00e9ho pohlavn\u00e9ho org\u00e1nu, \u010do m\u00f4\u017ee ma\u0165 za n\u00e1sledok silnej\u0161ie a trv\u00e1cnej\u0161ie erekcie. S lep\u0161\u00edm prekrven\u00edm prich\u00e1dza aj v\u00e4\u010d\u0161ia senzitivita, \u010do m\u00f4\u017ee vies\u0165 k intenz\u00edvnej\u0161\u00edm orgazmom pre v\u00e1s aj v\u00e1\u0161ho partnera.<\/p>\n<p>NightBeast Krem sa \u013eahko aplikuje a r\u00fdchlo sa vstreb\u00e1va do poko\u017eky. Jeho \u00fa\u010dinky nie s\u00fa len do\u010dasn\u00e9 &#8211; pravideln\u00e9 pou\u017e\u00edvanie m\u00f4\u017ee vies\u0165 k dlhodob\u00fdm v\u00fdsledkom. Za\u017eite rozko\u0161 naplno a doprajte si nezabudnute\u013en\u00e9 momenty pln\u00e9 v\u00e1\u0161ne a ext\u00e1zy.<\/p>\n<h2 id=\"objednavka\">Objednajte si NightBeast Krem e\u0161te dnes<\/h2>\n<p>Nemus\u00edte \u010daka\u0165 na lep\u0161\u00ed sexu\u00e1lny \u017eivot. S tento kremom m\u00e1te pr\u00edle\u017eitos\u0165 zmeni\u0165 svoj \u017eivot u\u017e dnes. Urobte pre seba krok spr\u00e1vnym smerom a za\u017eite sexu\u00e1lnu spokojnos\u0165, ak\u00fa si zasl\u00fa\u017eite. Na\u0161i spokojn\u00ed z\u00e1kazn\u00edci s\u00fa pre n\u00e1s d\u00f4kazom \u00fa\u010dinnosti n\u00e1\u0161ho produktu.<\/p>\n<p>Z\u00edskajte sp\u00e4\u0165 svoje sebavedomie a o\u017eivte v\u00e1\u0161 vz\u0165ah so vzru\u0161uj\u00facim sexu\u00e1lnym \u017eivotom. Objednajte si NightBeast Krem e\u0161te dnes a pre\u017eite v\u00e1\u0161e\u0148 a intimitu na \u00faplne novom leveli!<\/p>\n<p>D\u00e1vka v\u00e1\u0161ho najlep\u0161ieho sexu\u00e1lneho \u017eivota je na dosah. Ne\u010dakajte, NightBeast Krem je tu pre v\u00e1s. Z\u00edskajte sp\u00e4\u0165 kontrolu nad svoj\u00edm sexu\u00e1lnym zdrav\u00edm a uspokojte nielen seba, ale aj svojho partnera. Objednajte si ho e\u0161te dnes a prebud\u00edme spolu v\u00e1\u0161 vn\u00fatorn\u00fd NightBeast!<\/p>\n","protected":false},"excerpt":{"rendered":"<p>NightBeast krem, na b\u00e1ze pr\u00edrodn\u00fdch zlo\u017eiek, zvy\u0161uje libido a podporuje rast mu\u017esk\u00e9ho pohlavnej org\u00e1nu. Zlep\u0161uje prekrvenie a posil\u0148uje sexu\u00e1lny z\u00e1\u017eitok. Objednajte si e\u0161te dnes a o\u017eivte svoju v\u00e1\u0161e\u0148!<\/p>\n","protected":false},"featured_media":7727,"comment_status":"open","ping_status":"closed","template":"","meta":{"site-sidebar-layout":"default","site-content-layout":"","ast-site-content-layout":"default","site-content-style":"default","site-sidebar-style":"default","ast-global-header-display":"","ast-banner-title-visibility":"","ast-main-header-display":"","ast-hfb-above-header-display":"","ast-hfb-below-header-display":"","ast-hfb-mobile-header-display":"","site-post-title":"","ast-breadcrumbs-content":"","ast-featured-img":"","footer-sml-layout":"","ast-disable-related-posts":"","theme-transparent-header-meta":"default","adv-header-id-meta":"","stick-header-meta":"","header-above-stick-meta":"","header-main-stick-meta":"","header-below-stick-meta":"","astra-migrate-meta-layouts":"set","ast-page-background-enabled":"default","ast-page-background-meta":{"desktop":{"background-color":"","background-image":"","background-repeat":"repeat","background-position":"center center","background-size":"auto","background-attachment":"scroll","background-type":"","background-media":"","overlay-type":"","overlay-color":"","overlay-opacity":"","overlay-gradient":""},"tablet":{"background-color":"","background-image":"","background-repeat":"repeat","background-position":"center center","background-size":"auto","background-attachment":"scroll","background-type":"","background-media":"","overlay-type":"","overlay-color":"","overlay-opacity":"","overlay-gradient":""},"mobile":{"background-color":"","background-image":"","background-repeat":"repeat","background-position":"center center","background-size":"auto","background-attachment":"scroll","background-type":"","background-media":"","overlay-type":"","overlay-color":"","overlay-opacity":"","overlay-gradient":""}},"ast-content-background-meta":{"desktop":{"background-color":"var(--ast-global-color-5)","background-image":"","background-repeat":"repeat","background-position":"center center","background-size":"auto","background-attachment":"scroll","background-type":"","background-media":"","overlay-type":"","overlay-color":"","overlay-opacity":"","overlay-gradient":""},"tablet":{"background-color":"var(--ast-global-color-5)","background-image":"","background-repeat":"repeat","background-position":"center center","background-size":"auto","background-attachment":"scroll","background-type":"","background-media":"","overlay-type":"","overlay-color":"","overlay-opacity":"","overlay-gradient":""},"mobile":{"background-color":"var(--ast-global-color-5)","background-image":"","background-repeat":"repeat","background-position":"center center","background-size":"auto","background-attachment":"scroll","background-type":"","background-media":"","overlay-type":"","overlay-color":"","overlay-opacity":"","overlay-gradient":""}}},"product_brand":[],"product_cat":[40],"product_tag":[],"class_list":{"0":"post-7728","1":"product","2":"type-product","3":"status-publish","4":"has-post-thumbnail","6":"product_cat-produkty-pre-muzov","7":"desktop-align-left","8":"tablet-align-left","9":"mobile-align-left","11":"first","12":"instock","13":"sale","14":"taxable","15":"shipping-taxable","16":"purchasable","17":"product-type-simple"},"_links":{"self":[{"href":"https:\/\/wellness4you.cz\/sk\/wp-json\/wp\/v2\/product\/7728","targetHints":{"allow":["GET"]}}],"collection":[{"href":"https:\/\/wellness4you.cz\/sk\/wp-json\/wp\/v2\/product"}],"about":[{"href":"https:\/\/wellness4you.cz\/sk\/wp-json\/wp\/v2\/types\/product"}],"replies":[{"embeddable":true,"href":"https:\/\/wellness4you.cz\/sk\/wp-json\/wp\/v2\/comments?post=7728"}],"wp:featuredmedia":[{"embeddable":true,"href":"https:\/\/wellness4you.cz\/sk\/wp-json\/wp\/v2\/media\/7727"}],"wp:attachment":[{"href":"https:\/\/wellness4you.cz\/sk\/wp-json\/wp\/v2\/media?parent=7728"}],"wp:term":[{"taxonomy":"product_brand","embeddable":true,"href":"https:\/\/wellness4you.cz\/sk\/wp-json\/wp\/v2\/product_brand?post=7728"},{"taxonomy":"product_cat","embeddable":true,"href":"https:\/\/wellness4you.cz\/sk\/wp-json\/wp\/v2\/product_cat?post=7728"},{"taxonomy":"product_tag","embeddable":true,"href":"https:\/\/wellness4you.cz\/sk\/wp-json\/wp\/v2\/product_tag?post=7728"}],"curies":[{"name":"wp","href":"https:\/\/api.w.org\/{rel}","templated":true}]}}