{"id":7726,"date":"2023-09-02T20:47:55","date_gmt":"2023-09-02T18:47:55","guid":{"rendered":"https:\/\/wellness4you.cz\/sk\/keto-black\/"},"modified":"2026-01-08T22:52:37","modified_gmt":"2026-01-08T21:52:37","slug":"keto-black","status":"publish","type":"product","link":"https:\/\/wellness4you.cz\/sk\/keto-black\/","title":{"rendered":"Keto Black"},"content":{"rendered":"<h2><a href=\"#section1\">\u00davod<\/a><\/h2>\n<h2><a href=\"#section2\">Aktiv\u00e1cia Prirodzen\u00fdch Mechanizmov Chudnutia<\/a><\/h2>\n<h2><a href=\"#section3\">Normliz\u00e1cia Metabolizmu<\/a><\/h2>\n<h2><a href=\"#section4\">Zlo\u017eenie a \u00da\u010dinn\u00e9 Zlo\u017eky<\/a><\/h2>\n<h2><a href=\"#section5\">Alergick\u00e9 Reakcie a Z\u00e1vislos\u0165<\/a><\/h2>\n<h2><a href=\"#section6\">Sk\u00faste E\u0161te Dnes<\/a><\/h2>\n<p><!-- \u00davod --><\/p>\n<h2 id=\"section1\">\u00davod<\/h2>\n<p>Vitajte! Ste na ceste k zdrav\u00e9mu a vyv\u00e1\u017een\u00e9mu chudnutiu, ktor\u00e9 v\u00e1m umo\u017en\u00ed dosiahnu\u0165 va\u0161e ciele. Predstavujeme Keto Black+ &#8211; pr\u00e1\u0161ok na chudnutie a di\u00e9tu, ktor\u00fd vych\u00e1dza z rastlinn\u00fdch zlo\u017eiek a zabezpe\u010duje optim\u00e1lny sp\u00f4sob dosahovania ide\u00e1lnej v\u00e1hy.<\/p>\n<p><!-- Aktiv\u00e1cia Prirodzen\u00fdch Mechanizmov Chudnutia --><\/p>\n<h2 id=\"section2\">Aktiv\u00e1cia Prirodzen\u00fdch Mechanizmov Chudnutia<\/h2>\n<p>Keto Black+ je revolu\u010dn\u00fd v\u00fdrobok, ktor\u00fd pom\u00e1ha aktivova\u0165 prirodzen\u00e9 mechanizmy chudnutia v tele. Po\u010das u\u017e\u00edvania tohto produktu sa sp\u00fa\u0161\u0165aj\u00fa ket\u00f3nov\u00e9 teles\u00e1, \u010do sp\u00f4sobuje, \u017ee va\u0161e telo za\u010dne vyu\u017e\u00edva\u0165 tukov\u00e9 z\u00e1soby na produkciu energie. Tento proces efekt\u00edvne podpor\u00ed va\u0161e chudnutie.<\/p>\n<p><!-- Normliz\u00e1cia Metabolizmu --><\/p>\n<h2 id=\"section3\">Normaliz\u00e1cia Metabolizmu<\/h2>\n<p>Keto Black+ nie je len \u010fal\u0161\u00edm v\u00fdrobkom na chudnutie, ale aj spo\u013eahliv\u00fdm spolo\u010dn\u00edkom na ceste k norm\u00e1lnej funkcii metabolizmu. V kombin\u00e1cii so zmenami vo va\u0161om \u017eivotnom \u0161t\u00fdle a stravovac\u00edch n\u00e1vykoch v\u00e1m tento produkt pom\u00f4\u017ee dosiahnu\u0165 vyv\u00e1\u017een\u00fd metabolizmus, \u010do je k\u013e\u00fa\u010dom k udr\u017eaniu zdrav\u00e9ho v\u00e1hov\u00e9ho rozsahu.<\/p>\n<p><!-- Zlo\u017eenie a \u00da\u010dinn\u00e9 Zlo\u017eky --><\/p>\n<h2 id=\"section4\">Zlo\u017eenie a \u00da\u010dinn\u00e9 Zlo\u017eky<\/h2>\n<p>Keto Black+ obsahuje pr\u00edsady z\u00edskan\u00e9 z pr\u00edrody, ktor\u00e9 maj\u00fa v\u00fdrazn\u00fd vplyv na proces chudnutia. Medzi hlavn\u00e9 \u00fa\u010dinn\u00e9 zlo\u017eky patria extrakt z avok\u00e1da a extrakt z listov zelen\u00e9ho \u010daju. Avok\u00e1do je bohat\u00e9 na \u017eiviny a antioxidanty, ktor\u00e9 podporuj\u00fa spa\u013eovanie tukov. Zelen\u00fd \u010daj zase zr\u00fdch\u013euje metabolizmus a pom\u00e1ha v\u00e1m dosiahnu\u0165 r\u00fdchlej\u0161ie v\u00fdsledky.<\/p>\n<p><!-- Alergick\u00e9 Reakcie a Z\u00e1vislos\u0165 --><\/p>\n<h2 id=\"section5\">Alergick\u00e9 Reakcie a Z\u00e1vislos\u0165<\/h2>\n<p>Jedn\u00fdm z hlavn\u00fdch benefitov tento produkt je jeho prirodzen\u00e9 zlo\u017eenie. Tento v\u00fdrobok neobsahuje \u017eiadne konzervanty, \u010do zni\u017euje riziko vzniku alergick\u00fdch reakci\u00ed. Navy\u0161e, Keto Black+ je navrhnut\u00fd tak, aby nevytv\u00e1ral z\u00e1vislos\u0165. M\u00f4\u017eete ho u\u017e\u00edva\u0165 s d\u00f4verou, \u017ee sa nebudete musie\u0165 ob\u00e1va\u0165 negat\u00edvnych ved\u013eaj\u0161\u00edch \u00fa\u010dinkov.<\/p>\n<p><!-- Sk\u00faste Keto Black+ E\u0161te Dnes --><\/p>\n<h2 id=\"section6\">Sk\u00faste E\u0161te Dnes<\/h2>\n<p>Teraz je spr\u00e1vny \u010das na to, aby ste sa stali lep\u0161ou verziou seba sam\u00fdch. S Keto Black+ z\u00edskate spo\u013eahliv\u00fd sp\u00f4sob, ako dosiahnu\u0165 svoje ciele t\u00fdkaj\u00face sa v\u00e1hy a zdravia. Nechajte sa strhn\u00fa\u0165 v\u00fdhodami tohto \u00fa\u010dinn\u00e9ho pr\u00e1\u0161ku, ktor\u00fd v\u00e1m pom\u00f4\u017ee akt\u00edvne spusti\u0165 proces chudnutia a dosiahnu\u0165 optim\u00e1lny metabolizmus.<\/p>\n<p>Ne\u010dakajte! Za\u010dnite svoju cestu k zdrav\u0161iemu a \u0161\u0165astnej\u0161iemu \u017eivotu s tento produkt e\u0161te dnes. Z\u00edskajte sp\u00e4\u0165 kontrolu nad svoj\u00edm telom a urobte prv\u00fd krok k pozit\u00edvnym zmen\u00e1m. Objednajte si svoj bal\u00ed\u010dek Keto Black+ teraz!<\/p>\n","protected":false},"excerpt":{"rendered":"<p>Keto Black je pr\u00e1\u0161ok z rastlinn\u00fdch zlo\u017eiek, ktor\u00fd stimuluje prirodzen\u00e9 chudnutie v\u010faka produkcii ket\u00f3nov\u00fdch teliesok. Telo v\u010faka nemu vyu\u017e\u00edva tuky ako energiu a s \u00fapravou \u017eivotn\u00e9ho \u0161t\u00fdlu normalizuje metabolizmus. Neobsahuje konzerva\u010dn\u00e9 l\u00e1tky a akt\u00edvne zlo\u017eky zah\u0155\u0148aj\u00fa v\u00fd\u0165a\u017eok z avok\u00e1da a zelen\u00e9ho \u010daju. Objednajte si e\u0161te dnes a za\u010dnite chudn\u00fa\u0165 prirodzen\u00fdm sp\u00f4sobom!<\/p>\n","protected":false},"featured_media":7725,"comment_status":"open","ping_status":"closed","template":"","meta":{"site-sidebar-layout":"default","site-content-layout":"","ast-site-content-layout":"default","site-content-style":"default","site-sidebar-style":"default","ast-global-header-display":"","ast-banner-title-visibility":"","ast-main-header-display":"","ast-hfb-above-header-display":"","ast-hfb-below-header-display":"","ast-hfb-mobile-header-display":"","site-post-title":"","ast-breadcrumbs-content":"","ast-featured-img":"","footer-sml-layout":"","ast-disable-related-posts":"","theme-transparent-header-meta":"default","adv-header-id-meta":"","stick-header-meta":"","header-above-stick-meta":"","header-main-stick-meta":"","header-below-stick-meta":"","astra-migrate-meta-layouts":"set","ast-page-background-enabled":"default","ast-page-background-meta":{"desktop":{"background-color":"","background-image":"","background-repeat":"repeat","background-position":"center center","background-size":"auto","background-attachment":"scroll","background-type":"","background-media":"","overlay-type":"","overlay-color":"","overlay-opacity":"","overlay-gradient":""},"tablet":{"background-color":"","background-image":"","background-repeat":"repeat","background-position":"center center","background-size":"auto","background-attachment":"scroll","background-type":"","background-media":"","overlay-type":"","overlay-color":"","overlay-opacity":"","overlay-gradient":""},"mobile":{"background-color":"","background-image":"","background-repeat":"repeat","background-position":"center center","background-size":"auto","background-attachment":"scroll","background-type":"","background-media":"","overlay-type":"","overlay-color":"","overlay-opacity":"","overlay-gradient":""}},"ast-content-background-meta":{"desktop":{"background-color":"var(--ast-global-color-5)","background-image":"","background-repeat":"repeat","background-position":"center center","background-size":"auto","background-attachment":"scroll","background-type":"","background-media":"","overlay-type":"","overlay-color":"","overlay-opacity":"","overlay-gradient":""},"tablet":{"background-color":"var(--ast-global-color-5)","background-image":"","background-repeat":"repeat","background-position":"center center","background-size":"auto","background-attachment":"scroll","background-type":"","background-media":"","overlay-type":"","overlay-color":"","overlay-opacity":"","overlay-gradient":""},"mobile":{"background-color":"var(--ast-global-color-5)","background-image":"","background-repeat":"repeat","background-position":"center center","background-size":"auto","background-attachment":"scroll","background-type":"","background-media":"","overlay-type":"","overlay-color":"","overlay-opacity":"","overlay-gradient":""}}},"product_brand":[],"product_cat":[39],"product_tag":[],"class_list":{"0":"post-7726","1":"product","2":"type-product","3":"status-publish","4":"has-post-thumbnail","6":"product_cat-na-chudnutie","7":"desktop-align-left","8":"tablet-align-left","9":"mobile-align-left","11":"first","12":"instock","13":"sale","14":"taxable","15":"shipping-taxable","16":"purchasable","17":"product-type-simple"},"_links":{"self":[{"href":"https:\/\/wellness4you.cz\/sk\/wp-json\/wp\/v2\/product\/7726","targetHints":{"allow":["GET"]}}],"collection":[{"href":"https:\/\/wellness4you.cz\/sk\/wp-json\/wp\/v2\/product"}],"about":[{"href":"https:\/\/wellness4you.cz\/sk\/wp-json\/wp\/v2\/types\/product"}],"replies":[{"embeddable":true,"href":"https:\/\/wellness4you.cz\/sk\/wp-json\/wp\/v2\/comments?post=7726"}],"wp:featuredmedia":[{"embeddable":true,"href":"https:\/\/wellness4you.cz\/sk\/wp-json\/wp\/v2\/media\/7725"}],"wp:attachment":[{"href":"https:\/\/wellness4you.cz\/sk\/wp-json\/wp\/v2\/media?parent=7726"}],"wp:term":[{"taxonomy":"product_brand","embeddable":true,"href":"https:\/\/wellness4you.cz\/sk\/wp-json\/wp\/v2\/product_brand?post=7726"},{"taxonomy":"product_cat","embeddable":true,"href":"https:\/\/wellness4you.cz\/sk\/wp-json\/wp\/v2\/product_cat?post=7726"},{"taxonomy":"product_tag","embeddable":true,"href":"https:\/\/wellness4you.cz\/sk\/wp-json\/wp\/v2\/product_tag?post=7726"}],"curies":[{"name":"wp","href":"https:\/\/api.w.org\/{rel}","templated":true}]}}