{"id":7724,"date":"2023-09-02T20:47:55","date_gmt":"2023-09-02T18:47:55","guid":{"rendered":"https:\/\/wellness4you.cz\/sk\/germivir-120g\/"},"modified":"2026-01-08T22:52:38","modified_gmt":"2026-01-08T21:52:38","slug":"germivir-120g","status":"publish","type":"product","link":"https:\/\/wellness4you.cz\/sk\/germivir-120g\/","title":{"rendered":"Germivir 120g"},"content":{"rendered":"<div class=\"toc\">\n<h2><a href=\"#sec1\">\u00davod<\/a><\/h2>\n<h2><a href=\"#sec2\">Pre\u010do si vybra\u0165 Germivir?<\/a><\/h2>\n<h2><a href=\"#sec3\">Ako funguje Germivir 120g?<\/a><\/h2>\n<h2><a href=\"#sec4\">Na\u0161a z\u00e1ruka<\/a><\/h2>\n<h2><a href=\"#sec5\">Objednajte si e\u0161te dnes!<\/a><\/h2>\n<\/div>\n<p><!-- Product Description --><\/p>\n<h2 id=\"sec1\">\u00davod<\/h2>\n<p>Vitajte! Radi by sme v\u00e1m predstavili revolu\u010dn\u00fd produkt, ktor\u00fd v\u00e1m pom\u00f4\u017ee udr\u017ea\u0165 va\u0161e zdravie v bezpe\u010d\u00ed. Ak h\u013ead\u00e1te sp\u00f4sob, ako \u00fa\u010dinne chr\u00e1ni\u0165 svoje telo pred r\u00f4znymi druhmi parazitov, potom je tu pre v\u00e1s Germivir 120g!<\/p>\n<h2 id=\"sec2\">Pre\u010do si vybra\u0165 Germivir?<\/h2>\n<p>Germivir 120g je viac ne\u017e len oby\u010dajn\u00fd produkt. Je to va\u0161a obrana pred nevidite\u013en\u00fdmi hrozbami, ktor\u00e9 m\u00f4\u017eu ohrozi\u0165 va\u0161e zdravie. S t\u00fdmto \u00fa\u010dinn\u00fdm rie\u0161en\u00edm nemus\u00edte \u010daka\u0165, k\u00fdm sa probl\u00e9my objavia. Germivir v\u00e1m poskytuje akt\u00edvnu ochranu, v\u010faka ktorej m\u00f4\u017eete \u017ei\u0165 \u017eivot pln\u00fd energie a vitality.<\/p>\n<p>Slovakia je kr\u00e1sna krajina, no aj tu sa m\u00f4\u017eete stret\u00e1va\u0165 s r\u00f4znymi parazitmi, ktor\u00e9 m\u00f4\u017eu ovplyvni\u0165 v\u00e1\u0161 ka\u017edodenn\u00fd \u017eivot. Germivir je navrhnut\u00fd tak, aby v\u00e1m poskytol bezpe\u010die, ktor\u00e9 potrebujete. Zabudnite na obavy z parazitov a za\u010dnite si u\u017e\u00edva\u0165 ka\u017ed\u00fd okamih s d\u00f4verou v svoje zdravie.<\/p>\n<h2 id=\"sec3\">Ako funguje Germivir 120g?<\/h2>\n<p>Germivir 120g obsahuje \u0161peci\u00e1lne vybran\u00e9 pr\u00edrodn\u00e9 zlo\u017eky, ktor\u00e9 maj\u00fa schopnos\u0165 bojova\u0165 proti r\u00f4znym druhom parazitov. Jeho \u00fa\u010dinn\u00e9 zlo\u017eenie pracuje synergicky pre va\u0161u pohodu. Tento produkt zvy\u0161uje obranyschopnos\u0165 v\u00e1\u0161ho tela a pom\u00e1ha udr\u017eiava\u0165 v\u00e1s zdrav\u00fdch vonkaj\u0161ie aj vn\u00fatri.<\/p>\n<p>A nie len to! Germivir tie\u017e podporuje tr\u00e1venie a zabezpe\u010duje, \u017ee va\u0161e telo dost\u00e1va v\u0161etky potrebn\u00e9 \u017eiviny na udr\u017eanie energie a vitality. U\u017e nikdy viac nebudete musie\u0165 z\u00e1pasi\u0165 s nepr\u00edjemn\u00fdmi pr\u00edznakmi spojen\u00fdmi s parazitmi, preto\u017ee Germivir je tu, aby v\u00e1s ochr\u00e1nil.<\/p>\n<h2 id=\"sec4\">Na\u0161a z\u00e1ruka<\/h2>\n<p>Va\u0161e zdravie je na\u0161ou prioritou. D\u00f4verujeme v \u00fa\u010dinnos\u0165 Germiviru a sme presved\u010den\u00ed, \u017ee budete spokojn\u00ed s jeho v\u00fdsledkami. V pr\u00edpade, \u017ee by ste v\u0161ak neboli spokojn\u00ed, nev\u00e1hajte n\u00e1s kontaktova\u0165. Na\u0161a z\u00e1ruka spo\u010d\u00edva v va\u0161om zdrav\u00ed a pohode.<\/p>\n<h2 id=\"sec5\">Objednajte si e\u0161te dnes!<\/h2>\n<p>Je \u010das prevzia\u0165 kontrolu nad svoj\u00edm zdrav\u00edm a \u017ei\u0165 \u017eivot naplno. Germivir v\u00e1m poskytne ochranu pred parazitmi a umo\u017en\u00ed v\u00e1m c\u00edti\u0165 sa skvele ka\u017ed\u00fd de\u0148. Ne\u010dakajte, k\u00fdm sa probl\u00e9my objavia. Objednajte si svoj Germivir 120g e\u0161te dnes a za\u017eite zmenu vo svojom \u017eivote!<\/p>\n","protected":false},"excerpt":{"rendered":"<p>Germivir 120g \u00fa\u010dinne chr\u00e1ni pred v\u0161etk\u00fdmi druhmi parazitov. Va\u0161e zdravie bude v bezpe\u010d\u00ed. Ne\u010dakajte na probl\u00e9my. Objednajte si e\u0161te dnes!<\/p>\n","protected":false},"featured_media":7723,"comment_status":"open","ping_status":"closed","template":"","meta":{"site-sidebar-layout":"default","site-content-layout":"","ast-site-content-layout":"default","site-content-style":"default","site-sidebar-style":"default","ast-global-header-display":"","ast-banner-title-visibility":"","ast-main-header-display":"","ast-hfb-above-header-display":"","ast-hfb-below-header-display":"","ast-hfb-mobile-header-display":"","site-post-title":"","ast-breadcrumbs-content":"","ast-featured-img":"","footer-sml-layout":"","ast-disable-related-posts":"","theme-transparent-header-meta":"default","adv-header-id-meta":"","stick-header-meta":"","header-above-stick-meta":"","header-main-stick-meta":"","header-below-stick-meta":"","astra-migrate-meta-layouts":"set","ast-page-background-enabled":"default","ast-page-background-meta":{"desktop":{"background-color":"","background-image":"","background-repeat":"repeat","background-position":"center center","background-size":"auto","background-attachment":"scroll","background-type":"","background-media":"","overlay-type":"","overlay-color":"","overlay-opacity":"","overlay-gradient":""},"tablet":{"background-color":"","background-image":"","background-repeat":"repeat","background-position":"center center","background-size":"auto","background-attachment":"scroll","background-type":"","background-media":"","overlay-type":"","overlay-color":"","overlay-opacity":"","overlay-gradient":""},"mobile":{"background-color":"","background-image":"","background-repeat":"repeat","background-position":"center center","background-size":"auto","background-attachment":"scroll","background-type":"","background-media":"","overlay-type":"","overlay-color":"","overlay-opacity":"","overlay-gradient":""}},"ast-content-background-meta":{"desktop":{"background-color":"var(--ast-global-color-5)","background-image":"","background-repeat":"repeat","background-position":"center center","background-size":"auto","background-attachment":"scroll","background-type":"","background-media":"","overlay-type":"","overlay-color":"","overlay-opacity":"","overlay-gradient":""},"tablet":{"background-color":"var(--ast-global-color-5)","background-image":"","background-repeat":"repeat","background-position":"center center","background-size":"auto","background-attachment":"scroll","background-type":"","background-media":"","overlay-type":"","overlay-color":"","overlay-opacity":"","overlay-gradient":""},"mobile":{"background-color":"var(--ast-global-color-5)","background-image":"","background-repeat":"repeat","background-position":"center center","background-size":"auto","background-attachment":"scroll","background-type":"","background-media":"","overlay-type":"","overlay-color":"","overlay-opacity":"","overlay-gradient":""}}},"product_brand":[],"product_cat":[41],"product_tag":[],"class_list":{"0":"post-7724","1":"product","2":"type-product","3":"status-publish","4":"has-post-thumbnail","6":"product_cat-produkty-pre-zdravie","7":"desktop-align-left","8":"tablet-align-left","9":"mobile-align-left","11":"first","12":"instock","13":"sale","14":"taxable","15":"shipping-taxable","16":"purchasable","17":"product-type-simple"},"_links":{"self":[{"href":"https:\/\/wellness4you.cz\/sk\/wp-json\/wp\/v2\/product\/7724","targetHints":{"allow":["GET"]}}],"collection":[{"href":"https:\/\/wellness4you.cz\/sk\/wp-json\/wp\/v2\/product"}],"about":[{"href":"https:\/\/wellness4you.cz\/sk\/wp-json\/wp\/v2\/types\/product"}],"replies":[{"embeddable":true,"href":"https:\/\/wellness4you.cz\/sk\/wp-json\/wp\/v2\/comments?post=7724"}],"wp:featuredmedia":[{"embeddable":true,"href":"https:\/\/wellness4you.cz\/sk\/wp-json\/wp\/v2\/media\/7723"}],"wp:attachment":[{"href":"https:\/\/wellness4you.cz\/sk\/wp-json\/wp\/v2\/media?parent=7724"}],"wp:term":[{"taxonomy":"product_brand","embeddable":true,"href":"https:\/\/wellness4you.cz\/sk\/wp-json\/wp\/v2\/product_brand?post=7724"},{"taxonomy":"product_cat","embeddable":true,"href":"https:\/\/wellness4you.cz\/sk\/wp-json\/wp\/v2\/product_cat?post=7724"},{"taxonomy":"product_tag","embeddable":true,"href":"https:\/\/wellness4you.cz\/sk\/wp-json\/wp\/v2\/product_tag?post=7724"}],"curies":[{"name":"wp","href":"https:\/\/api.w.org\/{rel}","templated":true}]}}