{"id":7720,"date":"2023-09-02T20:47:54","date_gmt":"2023-09-02T18:47:54","guid":{"rendered":"https:\/\/wellness4you.cz\/sk\/cystenon\/"},"modified":"2026-01-08T22:52:37","modified_gmt":"2026-01-08T21:52:37","slug":"cystenon","status":"publish","type":"product","link":"https:\/\/wellness4you.cz\/sk\/cystenon\/","title":{"rendered":"Cystenon"},"content":{"rendered":"<h2><a href=\"#benefity\">Benefity v\u00fdrobku<\/a><\/h2>\n<h2><a href=\"#prirodzene-riesenie\">Prirodzen\u00e9 rie\u0161enie pre cystit\u00eddu<\/a><\/h2>\n<h2><a href=\"#ucinne-odstranenie-priciny\">\u00da\u010dinn\u00e9 odstr\u00e1nenie pr\u00ed\u010diny cystit\u00eddy<\/a><\/h2>\n<h2><a href=\"#zabudnite-na-nechcenne-zvlasty\">Zabudnite na nechcen\u00e9 zvlasty<\/a><\/h2>\n<h2><a href=\"#ulava-od-neprijemnosti\">\u00da\u013eava od nepriemernosti a bolesti<\/a><\/h2>\n<h2><a href=\"#plna-ulava-pri-navsteve-restroomu\">Pln\u00e1 \u00fa\u013eava pri n\u00e1v\u0161teve toalety<\/a><\/h2>\n<h2><a href=\"#zivot-bez-cystitidy\">\u017divot bez cystit\u00eddy<\/a><\/h2>\n<p><!-- Product Description --><\/p>\n<h2 id=\"benefity\">Benefity v\u00fdrobku<\/h2>\n<p>Predstavujeme v\u00e1m revolu\u010dn\u00fd v\u00fdrobok v boji proti cystit\u00edde &#8211; Cystenon. Za tento v\u00fdnimo\u010dn\u00fd pr\u00edpravok stoj\u00ed t\u00edm v\u00e1\u0161niv\u00fdch v\u00fdskumn\u00edkov zo sf\u00e9ry zdravotnej starostlivosti, ktor\u00ed s\u00fa hrd\u00ed na svoju pr\u00edrodn\u00fa formul\u00e1ciu. T\u00e1to formul\u00e1cia nielen\u017ee predstavuje inov\u00e1ciu v lie\u010dbe, ale prin\u00e1\u0161a s sebou aj radu \u00fa\u017easn\u00fdch benefitov pre va\u0161u pohodu a zdravie.<\/p>\n<h2 id=\"prirodzene-riesenie\">Prirodzen\u00e9 rie\u0161enie pre cystit\u00eddu<\/h2>\n<p>Cystenon je va\u0161a \u0161anca na znovuz\u00edskanie kontroly nad svoj\u00edm zdrav\u00edm. T\u00e1to jedine\u010dn\u00e1 formula kombinuje vedeck\u00e9 poznatky s pr\u00edrodn\u00fdmi zlo\u017ekami, \u010do zabezpe\u010duje \u00fa\u010dinn\u00fd boj proti pr\u00ed\u010din\u00e1m cystit\u00eddy. \u010co je najlep\u0161ie, poskytuje toto rie\u0161enie bez ob\u00e1v z nepriazniv\u00fdch ved\u013eaj\u0161\u00edch \u00fa\u010dinkov, \u010do z neho rob\u00ed spo\u013eahliv\u00fd a priazniv\u00fd sp\u00f4sob lie\u010dby.<\/p>\n<h2 id=\"ucinne-odstranenie-priciny\">\u00da\u010dinn\u00e9 odstr\u00e1nenie pr\u00ed\u010diny cystit\u00eddy<\/h2>\n<p>Nie je to len o zmiernen\u00ed sympt\u00f3mov. Cystenon sa zameriava na samotn\u00fa pr\u00ed\u010dinu cystit\u00eddy, \u010do zaru\u010duje dlhodob\u00fa \u00fa\u013eavu. Prestanete sa tr\u00e1pi\u0165 opakuj\u00facimi sa probl\u00e9mami a budete sa m\u00f4c\u0165 venova\u0165 \u017eivotu naplno.<\/p>\n<h2 id=\"zabudnite-na-nechcenne-zvlasty\">Zabudnite na nechcen\u00e9 zvlasty<\/h2>\n<p>Cystit\u00edda m\u00f4\u017ee prinies\u0165 nechcen\u00e9 a nepr\u00edjemn\u00e9 zvlasty, ktor\u00e9 v\u00e1s obmedzuj\u00fa vo va\u0161ich ka\u017edodenn\u00fdch aktivit\u00e1ch. S Cystenonom u\u017e nebudete musie\u0165 rie\u0161i\u0165 nepr\u00edjemn\u00e9 momenty nevo\u013enosti a ne\u010dakan\u00fdch n\u00e1v\u0161tev toalety.<\/p>\n<h2 id=\"ulava-od-neprijemnosti\">\u00da\u013eava od nepriemernosti a bolesti<\/h2>\n<p>S Cystenonom m\u00e1te pr\u00edle\u017eitos\u0165 znovu objavi\u0165 radosti norm\u00e1lneho \u017eivota, bez neust\u00e1lych ob\u00e1v a obmedzen\u00ed. T\u00e1to \u00fa\u010dinn\u00e1 mo\u017enos\u0165 predstavuje n\u00e1dej a je krokom smerom k svetlej\u0161iemu a bezbolestn\u00e9mu zajtraj\u0161ku. Medzi v\u0161etk\u00fdmi \u017eivotn\u00fdmi okamihmi, umo\u017e\u0148uje Cystenon c\u00edti\u0165 sa slobodne a ma\u0165 d\u00f4veru vo vlastn\u00e9 telo. Tak\u017ee, \u010do keby ste sa dnes rozhodli da\u0165 \u017eivotu nov\u00fd impulz a za\u010da\u0165 \u017ei\u0165 na pln\u00e9 obr\u00e1tky v\u010faka Cystenonu?<\/p>\n<h2 id=\"plna-ulava-pri-navsteve-restroomu\">Pln\u00e1 \u00fa\u013eava pri n\u00e1v\u0161teve toalety<\/h2>\n<p>Cystenon dok\u00e1\u017ee obnovi\u0165 v\u00e1\u0161 pokoj a d\u00f4veru v ka\u017edodenn\u00fdch \u010dinnostiach, bez strachu z nepredv\u00eddan\u00fdch bolestiv\u00fdch pocitov. S jeho pomocou m\u00f4\u017eete \u017ei\u0165 be\u017en\u00fdm \u017eivotom, bez toho, aby v\u00e1s cystit\u00edda neust\u00e1le obmedzovala. M\u00e1te mo\u017enos\u0165 znovu z\u00edska\u0165 kontrolu nad svojim zdrav\u00edm a pohodou.<\/p>\n<h2 id=\"zivot-bez-cystitidy\">\u017divot bez cystit\u00eddy<\/h2>\n<p>M\u00e1te chu\u0165 \u017ei\u0165 \u017eivot bez bolesti a obmedzen\u00ed? Osvojte si kontrolu nad svoj\u00edm zdrav\u00edm, a za\u017e\u00edvajte ka\u017ed\u00fd de\u0148 s energiou a pohodou. Cystenon je tu pre v\u00e1s, aby v\u00e1m umo\u017enil chr\u00e1ni\u0165 tie najcennej\u0161ie chv\u00edle pred strachom z cystit\u00eddy. Predstavte si t\u00fa slobodu, t\u00fa rados\u0165 z ka\u017ed\u00e9ho d\u0148a bez ob\u00e1v.<br \/>\n<!-- Call to Action --><br \/>\nNezosta\u0148te v re\u0165aziach, ktor\u00e9 v\u00e1m nastavuje cystit\u00edda. S Cystenonom m\u00f4\u017eete vykro\u010di\u0165 vpred s istotou. Ne\u010dakajte, objednajte si ho u\u017e dnes a urobte ten rozhoduj\u00faci krok k \u017eivotu bez cystit\u00eddy.<\/p>\n","protected":false},"excerpt":{"rendered":"<p>Cystenon je pr\u00edrodn\u00fd liek na cystit\u00eddu, ktor\u00fd efekt\u00edvne a bezpe\u010dne rie\u0161i pr\u00ed\u010diny. Zabudnite na nechcen\u00e9 mo\u010denie a bolesti v bruchu. C\u00edtite \u00fapln\u00fa \u00fa\u013eavu pri n\u00e1v\u0161teve toalety. Objednajte si e\u0161te dnes!<\/p>\n","protected":false},"featured_media":7719,"comment_status":"open","ping_status":"closed","template":"","meta":{"site-sidebar-layout":"default","site-content-layout":"","ast-site-content-layout":"default","site-content-style":"default","site-sidebar-style":"default","ast-global-header-display":"","ast-banner-title-visibility":"","ast-main-header-display":"","ast-hfb-above-header-display":"","ast-hfb-below-header-display":"","ast-hfb-mobile-header-display":"","site-post-title":"","ast-breadcrumbs-content":"","ast-featured-img":"","footer-sml-layout":"","ast-disable-related-posts":"","theme-transparent-header-meta":"default","adv-header-id-meta":"","stick-header-meta":"","header-above-stick-meta":"","header-main-stick-meta":"","header-below-stick-meta":"","astra-migrate-meta-layouts":"set","ast-page-background-enabled":"default","ast-page-background-meta":{"desktop":{"background-color":"","background-image":"","background-repeat":"repeat","background-position":"center center","background-size":"auto","background-attachment":"scroll","background-type":"","background-media":"","overlay-type":"","overlay-color":"","overlay-opacity":"","overlay-gradient":""},"tablet":{"background-color":"","background-image":"","background-repeat":"repeat","background-position":"center center","background-size":"auto","background-attachment":"scroll","background-type":"","background-media":"","overlay-type":"","overlay-color":"","overlay-opacity":"","overlay-gradient":""},"mobile":{"background-color":"","background-image":"","background-repeat":"repeat","background-position":"center center","background-size":"auto","background-attachment":"scroll","background-type":"","background-media":"","overlay-type":"","overlay-color":"","overlay-opacity":"","overlay-gradient":""}},"ast-content-background-meta":{"desktop":{"background-color":"var(--ast-global-color-5)","background-image":"","background-repeat":"repeat","background-position":"center center","background-size":"auto","background-attachment":"scroll","background-type":"","background-media":"","overlay-type":"","overlay-color":"","overlay-opacity":"","overlay-gradient":""},"tablet":{"background-color":"var(--ast-global-color-5)","background-image":"","background-repeat":"repeat","background-position":"center center","background-size":"auto","background-attachment":"scroll","background-type":"","background-media":"","overlay-type":"","overlay-color":"","overlay-opacity":"","overlay-gradient":""},"mobile":{"background-color":"var(--ast-global-color-5)","background-image":"","background-repeat":"repeat","background-position":"center center","background-size":"auto","background-attachment":"scroll","background-type":"","background-media":"","overlay-type":"","overlay-color":"","overlay-opacity":"","overlay-gradient":""}}},"product_brand":[],"product_cat":[41],"product_tag":[],"class_list":{"0":"post-7720","1":"product","2":"type-product","3":"status-publish","4":"has-post-thumbnail","6":"product_cat-produkty-pre-zdravie","7":"desktop-align-left","8":"tablet-align-left","9":"mobile-align-left","11":"first","12":"instock","13":"sale","14":"taxable","15":"shipping-taxable","16":"purchasable","17":"product-type-simple"},"_links":{"self":[{"href":"https:\/\/wellness4you.cz\/sk\/wp-json\/wp\/v2\/product\/7720","targetHints":{"allow":["GET"]}}],"collection":[{"href":"https:\/\/wellness4you.cz\/sk\/wp-json\/wp\/v2\/product"}],"about":[{"href":"https:\/\/wellness4you.cz\/sk\/wp-json\/wp\/v2\/types\/product"}],"replies":[{"embeddable":true,"href":"https:\/\/wellness4you.cz\/sk\/wp-json\/wp\/v2\/comments?post=7720"}],"wp:featuredmedia":[{"embeddable":true,"href":"https:\/\/wellness4you.cz\/sk\/wp-json\/wp\/v2\/media\/7719"}],"wp:attachment":[{"href":"https:\/\/wellness4you.cz\/sk\/wp-json\/wp\/v2\/media?parent=7720"}],"wp:term":[{"taxonomy":"product_brand","embeddable":true,"href":"https:\/\/wellness4you.cz\/sk\/wp-json\/wp\/v2\/product_brand?post=7720"},{"taxonomy":"product_cat","embeddable":true,"href":"https:\/\/wellness4you.cz\/sk\/wp-json\/wp\/v2\/product_cat?post=7720"},{"taxonomy":"product_tag","embeddable":true,"href":"https:\/\/wellness4you.cz\/sk\/wp-json\/wp\/v2\/product_tag?post=7720"}],"curies":[{"name":"wp","href":"https:\/\/api.w.org\/{rel}","templated":true}]}}