{"id":7718,"date":"2023-09-02T20:47:54","date_gmt":"2023-09-02T18:47:54","guid":{"rendered":"https:\/\/wellness4you.cz\/sk\/coralift\/"},"modified":"2026-01-08T22:52:37","modified_gmt":"2026-01-08T21:52:37","slug":"coralift","status":"publish","type":"product","link":"https:\/\/wellness4you.cz\/sk\/coralift\/","title":{"rendered":"Coralift"},"content":{"rendered":"<h2>\u00davod<\/h2>\n<p>Chcete ma\u0165 dokonal\u00fa ple\u0165 bez vr\u00e1sok a c\u00edti\u0165 sa znova mlad\u00fd? Predstavujeme produkt, ktor\u00fd v\u00e1m m\u00f4\u017ee pom\u00f4c\u0165 dosiahnu\u0165 tento sen za iba mesiac. Pripome\u0148te si pocit, ke\u010f va\u0161a ple\u0165 vyzerala \u010derstvo a mladistvo.<\/p>\n<p>Ak h\u013ead\u00e1te rie\u0161enie, ktor\u00e9 prin\u00e1\u0161a nielen starostlivos\u0165, ale aj celkov\u00fa premenu v\u00e1\u0161ho vzh\u013eadu, tento kr\u00e9m je pr\u00e1ve pre v\u00e1s. A nie je to len \u010fal\u0161\u00ed kr\u00e9m na trhu. Je to rie\u0161enie, ktor\u00e9 skuto\u010dne funguje.<\/p>\n<h2>Ako funguje Coralift kr\u00e9m?<\/h2>\n<p>T\u00e1to inovat\u00edvna zmes je navrhnut\u00e1 tak, aby sa s\u00fastredila na vr\u00e1sky a obnovila poko\u017eku. Akt\u00edvne zlo\u017eky v kr\u00e9me pracuj\u00fa na bunkovej \u00farovni, \u010d\u00edm hydratuj\u00fa a obnovuj\u00fa va\u0161u ple\u0165. T\u00fdmto sp\u00f4sobom sa vr\u00e1sky postupne vyhladzuj\u00fa a va\u0161a ple\u0165 bude vyzera\u0165 mlad\u0161ie a svie\u017ee.<\/p>\n<p>Spolu s t\u00fdmto kr\u00e9mom sa m\u00f4\u017eete te\u0161i\u0165 z lep\u0161ej elasticity poko\u017eky a silnej\u0161ej hydrat\u00e1cie. A najlep\u0161ie na tom je, \u017ee tieto v\u00fdhody prich\u00e1dzaj\u00fa prirodzene a bez ak\u00fdchko\u013evek agres\u00edvnych chemik\u00e1li\u00ed alebo proced\u00far.<\/p>\n<h2>V\u00fdhody pou\u017e\u00edvania<\/h2>\n<p>V\u0161etci vieme, \u017ee nie je \u013eahk\u00e9 n\u00e1js\u0165 produkt, ktor\u00fd skuto\u010dne spln\u00ed v\u0161etko, \u010do s\u013eubuje. Ale tento kr\u00e9m je in\u00fd. Ke\u010f ho budete pravidelne pou\u017e\u00edva\u0165, zaznamen\u00e1te skuto\u010dn\u00e9 zmeny na va\u0161ej pleti.<\/p>\n<p>Prv\u00fdm a najvidite\u013enej\u0161\u00edm benefitom je vyhladenie vr\u00e1sok. Ale to nie je v\u0161etko. Va\u0161a ple\u0165 bude vy\u017eiven\u00e1, hydratovan\u00e1 a bude ma\u0165 zdrav\u0161\u00ed t\u00f3n. V\u010faka tomu budete vyzera\u0165 mlad\u0161ie a va\u0161a ple\u0165 bude \u017eiari\u0165 prirodzen\u00fdm svetlom.<\/p>\n<h2>Vychutnajte si premenu<\/h2>\n<p>Za\u010dnite s touto zmenou dnes a v priebehu mesiaca uvid\u00edte rozdiel. Va\u0161i priatelia a rodina bud\u00fa ohromen\u00ed t\u00fdm, ak\u00fd mlad\u00fd a svie\u017ei vzh\u013ead m\u00e1te. Nebude to len o tom, ako vyzer\u00e1te, ale aj o tom, ako sa c\u00edtite. Ke\u010f sa pozriete do zrkadla a uvid\u00edte svoju dokonal\u00fa a svie\u017eu ple\u0165, v\u00e1\u0161 sebavedom\u00fd pocit st\u00fapne.<\/p>\n<h2>Pre\u010do Coralift?<\/h2>\n<p>Existuje mnoho produktov, ktor\u00e9 s\u013eubuj\u00fa mladistv\u00fd vzh\u013ead. Ale len m\u00e1lo z nich prin\u00e1\u0161a tak\u00e9 v\u00fdsledky ako Coralift. Je to produkt, ktor\u00fd kombinuje najlep\u0161ie z vedy a pr\u00edrody, aby v\u00e1m poskytol rie\u0161enie, ktor\u00e9 skuto\u010dne funguje.<\/p>\n<p>Nenechajte sa oklama\u0165 falo\u0161n\u00fdmi s\u013eubmi a dajte svojej pleti to najlep\u0161ie. Va\u0161a ple\u0165 si zasl\u00fa\u017ei Coralift.<\/p>\n<h2>Z\u00e1ver a v\u00fdzva k akcii<\/h2>\n<p>Nemus\u00edte sa zmieri\u0165 s vr\u00e1skami a starn\u00facou poko\u017ekou. M\u00e1te mo\u017enos\u0165 zvoli\u0165 si mladistv\u00fd vzh\u013ead a c\u00edti\u0165 sa op\u00e4\u0165 skvele. Objednajte si svoj Coralift kr\u00e9m dnes a urobte prv\u00fd krok k dokonalej pleti. <strong>Nev\u00e1hajte, va\u0161a dokonal\u00e1 ple\u0165 v\u00e1s \u010dak\u00e1!<\/strong><\/p>\n","protected":false},"excerpt":{"rendered":"<p>Coralift kr\u00e9m v\u00e1m za mesiac zabezpe\u010d\u00ed dokonal\u00fa ple\u0165 bez vr\u00e1sok. Vychutnajte si exkluz\u00edvnos\u0165 a mladistv\u00fd vzh\u013ead. Nielen starostlivos\u0165, ale premenu v\u00e1\u0161ho vzh\u013eadu. Objednajte si teraz a z\u00edskajte mlad\u0161iu ple\u0165!<\/p>\n","protected":false},"featured_media":7717,"comment_status":"open","ping_status":"closed","template":"","meta":{"site-sidebar-layout":"default","site-content-layout":"","ast-site-content-layout":"default","site-content-style":"default","site-sidebar-style":"default","ast-global-header-display":"","ast-banner-title-visibility":"","ast-main-header-display":"","ast-hfb-above-header-display":"","ast-hfb-below-header-display":"","ast-hfb-mobile-header-display":"","site-post-title":"","ast-breadcrumbs-content":"","ast-featured-img":"","footer-sml-layout":"","ast-disable-related-posts":"","theme-transparent-header-meta":"default","adv-header-id-meta":"","stick-header-meta":"","header-above-stick-meta":"","header-main-stick-meta":"","header-below-stick-meta":"","astra-migrate-meta-layouts":"set","ast-page-background-enabled":"default","ast-page-background-meta":{"desktop":{"background-color":"","background-image":"","background-repeat":"repeat","background-position":"center center","background-size":"auto","background-attachment":"scroll","background-type":"","background-media":"","overlay-type":"","overlay-color":"","overlay-opacity":"","overlay-gradient":""},"tablet":{"background-color":"","background-image":"","background-repeat":"repeat","background-position":"center center","background-size":"auto","background-attachment":"scroll","background-type":"","background-media":"","overlay-type":"","overlay-color":"","overlay-opacity":"","overlay-gradient":""},"mobile":{"background-color":"","background-image":"","background-repeat":"repeat","background-position":"center center","background-size":"auto","background-attachment":"scroll","background-type":"","background-media":"","overlay-type":"","overlay-color":"","overlay-opacity":"","overlay-gradient":""}},"ast-content-background-meta":{"desktop":{"background-color":"var(--ast-global-color-5)","background-image":"","background-repeat":"repeat","background-position":"center center","background-size":"auto","background-attachment":"scroll","background-type":"","background-media":"","overlay-type":"","overlay-color":"","overlay-opacity":"","overlay-gradient":""},"tablet":{"background-color":"var(--ast-global-color-5)","background-image":"","background-repeat":"repeat","background-position":"center center","background-size":"auto","background-attachment":"scroll","background-type":"","background-media":"","overlay-type":"","overlay-color":"","overlay-opacity":"","overlay-gradient":""},"mobile":{"background-color":"var(--ast-global-color-5)","background-image":"","background-repeat":"repeat","background-position":"center center","background-size":"auto","background-attachment":"scroll","background-type":"","background-media":"","overlay-type":"","overlay-color":"","overlay-opacity":"","overlay-gradient":""}}},"product_brand":[],"product_cat":[42],"product_tag":[],"class_list":{"0":"post-7718","1":"product","2":"type-product","3":"status-publish","4":"has-post-thumbnail","6":"product_cat-produkty-proti-starnutiu","7":"desktop-align-left","8":"tablet-align-left","9":"mobile-align-left","11":"first","12":"instock","13":"sale","14":"taxable","15":"shipping-taxable","16":"purchasable","17":"product-type-simple"},"_links":{"self":[{"href":"https:\/\/wellness4you.cz\/sk\/wp-json\/wp\/v2\/product\/7718","targetHints":{"allow":["GET"]}}],"collection":[{"href":"https:\/\/wellness4you.cz\/sk\/wp-json\/wp\/v2\/product"}],"about":[{"href":"https:\/\/wellness4you.cz\/sk\/wp-json\/wp\/v2\/types\/product"}],"replies":[{"embeddable":true,"href":"https:\/\/wellness4you.cz\/sk\/wp-json\/wp\/v2\/comments?post=7718"}],"wp:featuredmedia":[{"embeddable":true,"href":"https:\/\/wellness4you.cz\/sk\/wp-json\/wp\/v2\/media\/7717"}],"wp:attachment":[{"href":"https:\/\/wellness4you.cz\/sk\/wp-json\/wp\/v2\/media?parent=7718"}],"wp:term":[{"taxonomy":"product_brand","embeddable":true,"href":"https:\/\/wellness4you.cz\/sk\/wp-json\/wp\/v2\/product_brand?post=7718"},{"taxonomy":"product_cat","embeddable":true,"href":"https:\/\/wellness4you.cz\/sk\/wp-json\/wp\/v2\/product_cat?post=7718"},{"taxonomy":"product_tag","embeddable":true,"href":"https:\/\/wellness4you.cz\/sk\/wp-json\/wp\/v2\/product_tag?post=7718"}],"curies":[{"name":"wp","href":"https:\/\/api.w.org\/{rel}","templated":true}]}}