{"id":7716,"date":"2023-09-02T20:47:54","date_gmt":"2023-09-02T18:47:54","guid":{"rendered":"https:\/\/wellness4you.cz\/sk\/collagent\/"},"modified":"2026-05-16T21:14:21","modified_gmt":"2026-05-16T19:14:21","slug":"collagent","status":"publish","type":"product","link":"https:\/\/wellness4you.cz\/sk\/collagent\/","title":{"rendered":"Collagent"},"content":{"rendered":"<p>\u010ci u\u017e chcete vylep\u0161i\u0165 stav va\u0161ej poko\u017eky, doda\u0165 \u017eivot va\u0161im vlasom alebo posilni\u0165 va\u0161e nechty, Collagent je pr\u00e1ve pre v\u00e1s. Tento produkt predstavuje revol\u00faciu v starostlivosti o kr\u00e1su a je navrhnut\u00fd tak, aby v\u00e1m priniesol v\u00fdrazn\u00e9 v\u00fdsledky.<\/p>\n<p>Nemus\u00edte sa spolieha\u0165 na n\u00e1kladn\u00e9 proced\u00fary alebo komplikovan\u00e9 rie\u0161enia. S t\u00fdmto pr\u00edrodn\u00fdm pr\u00e1\u0161kom m\u00f4\u017eete dosiahnu\u0165 z\u00e1videniahodn\u00e9 v\u00fdsledky z pohodlia v\u00e1\u0161ho domova.<\/p>\n<p>Pon\u00faka rie\u0161enie pre mnoh\u00e9 probl\u00e9my s\u00favisiace s poko\u017ekou, vlasmi a nechtami, ktor\u00e9 mnoh\u00ed z n\u00e1s za\u017e\u00edvaj\u00fa. Rovnako je v\u00fdnimo\u010dn\u00fd v\u010faka svojim unik\u00e1tnym zlo\u017ek\u00e1m, ktor\u00e9 poskytuj\u00fa r\u00fdchle a efekt\u00edvne v\u00fdsledky.<\/p>\n<h2 id=\"preco\">Pre\u010do Collagent?<\/h2>\n<p>Na trhu je mnoho produktov, ktor\u00e9 s\u013eubuj\u00fa v\u00fdsledky. Av\u0161ak m\u00e1lokedy n\u00e1jdete produkt, ktor\u00fd skuto\u010dne dod\u00e1 to, \u010do s\u013eubuje. Collagent je in\u00fd. Jeho sila spo\u010d\u00edva v inovat\u00edvnych zlo\u017ek\u00e1ch a vedecky overenej formule, ktor\u00e1 prin\u00e1\u0161a v\u00fdsledky, ktor\u00e9 vid\u00edte a c\u00edtite.<\/p>\n<h2 id=\"vyhody\">V\u00fdhody oproti in\u00fdm produktom<\/h2>\n<p>Niekedy je \u0165a\u017ek\u00e9 rozpozna\u0165 skuto\u010dn\u00e9 v\u00fdhody produktu, ale v pr\u00edpade tohto pr\u00e1\u0161ku je to jasn\u00e9. Oproti in\u00fdm produktom, Collagent:<\/p>\n<ul>\n<li>Posil\u0148uje poko\u017eku, vlas a nechty zvn\u00fatra von.<\/li>\n<li>Obsahuje pr\u00edrodn\u00e9 zlo\u017eky, ktor\u00e9 s\u00fa \u0161etrn\u00e9 k va\u0161ej poko\u017eke.<\/li>\n<li>Je v\u00fdsledkom dlhoro\u010dn\u00e9ho v\u00fdskumu a v\u00fdvoja.<\/li>\n<\/ul>\n<h2 id=\"zlozky\">Kl\u00ed\u010dov\u00e9 zlo\u017eky a ich v\u00fdznam<\/h2>\n<p>Pr\u00e1\u0161ok obsahuje kombin\u00e1ciu kolag\u00e9nu, peptidov a v\u00fd\u0165a\u017ekov z rias, ktor\u00e9 spolu tvoria siln\u00fa formulu pre va\u0161u kr\u00e1su. Na z\u00e1klade ich schopnosti v\u00fdrazne zlep\u0161i\u0165 vzh\u013ead a kond\u00edciu va\u0161ej poko\u017eky, vlasov a nechtov sme vybrali tieto zlo\u017eky.<\/p>\n<h2 id=\"funguje\">Ako funguje?<\/h2>\n<p>Collagent p\u00f4sob\u00ed na bunkovom \u00farovni. Peptidy stimuluj\u00fa produkciu kolag\u00e9nu vo va\u0161om tele, \u010do vedie k obnove poko\u017eky. V\u00fd\u0165a\u017eky z rias dod\u00e1vaj\u00fa potrebn\u00e9 \u017eiviny, ktor\u00e9 pom\u00e1haj\u00fa va\u0161ej poko\u017eke, vlasom a nechtom zosta\u0165 siln\u00fdmi a zdrav\u00fdmi. A ke\u010f\u017ee v\u0161etky tieto zlo\u017eky s\u00fa pr\u00edrodn\u00e9, nemus\u00edte sa ob\u00e1va\u0165 o ved\u013eaj\u0161ie \u00fa\u010dinky.<\/p>\n<p>Regularn\u00e9 pou\u017e\u00edvanie tohto produktu v\u00e1m m\u00f4\u017ee prinies\u0165 v\u00fdsledky u\u017e v priebehu nieko\u013ek\u00fdch t\u00fd\u017ed\u0148ov. Collagent v\u00e1m poskytne hladk\u00fa a jemn\u00fa poko\u017eku, siln\u00e9 a leskl\u00e9 vlasy a odoln\u00e9 nechty proti l\u00e1mavosti.<\/p>\n<h2 id=\"akcia\">Akcia na konci<\/h2>\n<p>Ne\u010dakajte na zmenu. Za\u010dnite dnes a uvid\u00edte, ako tento produkt men\u00ed v\u00e1\u0161 vzh\u013ead a c\u00edtite sa lep\u0161ie v svojej ko\u017ei. Objednajte si svoj bal\u00ed\u010dek Collagent teraz a vychutnajte si v\u0161etky jeho v\u00fdhody!<\/p>\n","protected":false},"excerpt":{"rendered":"<p>Collagent je kr\u00e1sny pr\u00e1\u0161ok pre poko\u017eku, vlasy a nechty. Obsahuje inovat\u00edvnu formulu s peptidmi, kolag\u00e9nom a v\u00fd\u0165a\u017ekami z rias. Zdokona\u013euje vzh\u013ead a kond\u00edciu va\u0161ej poko\u017eky, vlasov a nechtov. Objednajte si teraz a vychutnajte si jeho blahodarn\u00e9 \u00fa\u010dinky!<\/p>\n","protected":false},"featured_media":7715,"comment_status":"open","ping_status":"closed","template":"","meta":{"site-sidebar-layout":"default","site-content-layout":"","ast-site-content-layout":"default","site-content-style":"default","site-sidebar-style":"default","ast-global-header-display":"","ast-banner-title-visibility":"","ast-main-header-display":"","ast-hfb-above-header-display":"","ast-hfb-below-header-display":"","ast-hfb-mobile-header-display":"","site-post-title":"","ast-breadcrumbs-content":"","ast-featured-img":"","footer-sml-layout":"","ast-disable-related-posts":"","theme-transparent-header-meta":"default","adv-header-id-meta":"","stick-header-meta":"","header-above-stick-meta":"","header-main-stick-meta":"","header-below-stick-meta":"","astra-migrate-meta-layouts":"set","ast-page-background-enabled":"default","ast-page-background-meta":{"desktop":{"background-color":"","background-image":"","background-repeat":"repeat","background-position":"center center","background-size":"auto","background-attachment":"scroll","background-type":"","background-media":"","overlay-type":"","overlay-color":"","overlay-opacity":"","overlay-gradient":""},"tablet":{"background-color":"","background-image":"","background-repeat":"repeat","background-position":"center center","background-size":"auto","background-attachment":"scroll","background-type":"","background-media":"","overlay-type":"","overlay-color":"","overlay-opacity":"","overlay-gradient":""},"mobile":{"background-color":"","background-image":"","background-repeat":"repeat","background-position":"center center","background-size":"auto","background-attachment":"scroll","background-type":"","background-media":"","overlay-type":"","overlay-color":"","overlay-opacity":"","overlay-gradient":""}},"ast-content-background-meta":{"desktop":{"background-color":"var(--ast-global-color-5)","background-image":"","background-repeat":"repeat","background-position":"center center","background-size":"auto","background-attachment":"scroll","background-type":"","background-media":"","overlay-type":"","overlay-color":"","overlay-opacity":"","overlay-gradient":""},"tablet":{"background-color":"var(--ast-global-color-5)","background-image":"","background-repeat":"repeat","background-position":"center center","background-size":"auto","background-attachment":"scroll","background-type":"","background-media":"","overlay-type":"","overlay-color":"","overlay-opacity":"","overlay-gradient":""},"mobile":{"background-color":"var(--ast-global-color-5)","background-image":"","background-repeat":"repeat","background-position":"center center","background-size":"auto","background-attachment":"scroll","background-type":"","background-media":"","overlay-type":"","overlay-color":"","overlay-opacity":"","overlay-gradient":""}}},"product_brand":[],"product_cat":[63,42],"product_tag":[],"class_list":{"0":"post-7716","1":"product","2":"type-product","3":"status-publish","4":"has-post-thumbnail","6":"product_cat-novinky","7":"product_cat-produkty-proti-starnutiu","8":"desktop-align-left","9":"tablet-align-left","10":"mobile-align-left","12":"first","13":"instock","14":"sale","15":"taxable","16":"shipping-taxable","17":"purchasable","18":"product-type-simple"},"_links":{"self":[{"href":"https:\/\/wellness4you.cz\/sk\/wp-json\/wp\/v2\/product\/7716","targetHints":{"allow":["GET"]}}],"collection":[{"href":"https:\/\/wellness4you.cz\/sk\/wp-json\/wp\/v2\/product"}],"about":[{"href":"https:\/\/wellness4you.cz\/sk\/wp-json\/wp\/v2\/types\/product"}],"replies":[{"embeddable":true,"href":"https:\/\/wellness4you.cz\/sk\/wp-json\/wp\/v2\/comments?post=7716"}],"wp:featuredmedia":[{"embeddable":true,"href":"https:\/\/wellness4you.cz\/sk\/wp-json\/wp\/v2\/media\/7715"}],"wp:attachment":[{"href":"https:\/\/wellness4you.cz\/sk\/wp-json\/wp\/v2\/media?parent=7716"}],"wp:term":[{"taxonomy":"product_brand","embeddable":true,"href":"https:\/\/wellness4you.cz\/sk\/wp-json\/wp\/v2\/product_brand?post=7716"},{"taxonomy":"product_cat","embeddable":true,"href":"https:\/\/wellness4you.cz\/sk\/wp-json\/wp\/v2\/product_cat?post=7716"},{"taxonomy":"product_tag","embeddable":true,"href":"https:\/\/wellness4you.cz\/sk\/wp-json\/wp\/v2\/product_tag?post=7716"}],"curies":[{"name":"wp","href":"https:\/\/api.w.org\/{rel}","templated":true}]}}