{"id":7710,"date":"2023-09-02T20:47:53","date_gmt":"2023-09-02T18:47:53","guid":{"rendered":"https:\/\/wellness4you.cz\/sk\/visitec\/"},"modified":"2026-01-08T22:52:38","modified_gmt":"2026-01-08T21:52:38","slug":"visitec","status":"publish","type":"product","link":"https:\/\/wellness4you.cz\/sk\/visitec\/","title":{"rendered":"Visitec"},"content":{"rendered":"<h2>Obsah:<\/h2>\n<ul>\n<li><a href=\"#v\u00fdhody\">V\u00fdhody produktu Visitec<\/a><\/li>\n<li><a href=\"#zlo\u017eky\">Hlavn\u00e9 zlo\u017eky: \u010cu\u010doriedka a Mlie\u010dku<\/a><\/li>\n<li><a href=\"#akcia\">Pre\u010do si vybra\u0165 Visitec?<\/a><\/li>\n<\/ul>\n<p>M\u00e1te pocit, \u017ee Va\u0161e o\u010di u\u017e nie s\u00fa tak\u00e9, ak\u00e9 boli kedysi? M\u00e1te ob\u010das probl\u00e9my s \u010d\u00edtan\u00edm mal\u00e9ho textu alebo c\u00edtite nap\u00e4tie v o\u010diach po celodennom pozeran\u00ed do obrazovky? Niekedy sa m\u00f4\u017eeme c\u00edti\u0165 bezmocn\u00ed vo\u010di starnutiu a jeho dopadom na na\u0161e telo. Ale teraz je tu rie\u0161enie, ktor\u00e9 v\u00e1m pom\u00f4\u017ee udr\u017ea\u0165 zrak v optim\u00e1lnom stave aj v pokro\u010dilom veku.<\/p>\n<p>Zabudnite na bolestiv\u00e9 o\u010di a nejasn\u00e9 videnie! S produktom Visitec m\u00f4\u017eete za\u017ei\u0165 okam\u017eit\u00e9 \u00fa\u013eavy od z\u00e1palu, nap\u00e4tia o\u010d\u00ed a abnormal\u00edt vn\u00fatroo\u010dn\u00e9ho tlaku. Toto nie je iba \u010fal\u0161\u00ed produkt na trhu, je to revol\u00facia v starostlivosti o o\u010di.<\/p>\n<p>\u010casto sme bombardovan\u00ed mno\u017estvom inform\u00e1ci\u00ed o produktoch pre zdravie o\u010d\u00ed, ale \u010do rob\u00ed Visitec v\u00fdnimo\u010dn\u00fdm? Je to jeho zlo\u017eenie a zameranie na skuto\u010dn\u00e9 potreby na\u0161ich o\u010d\u00ed.<\/p>\n<h2 id=\"v\u00fdhody\">V\u00fdhody produktu Visitec<\/h2>\n<p>Visitec navrhol tak, aby bol viac ne\u017e len \u010fal\u0161\u00edm doplnkom stravy. Je to produkt, ktor\u00fd sa zameriava na konkr\u00e9tne probl\u00e9my, ktor\u00e9 m\u00f4\u017eeme ma\u0165 s na\u0161imi o\u010dami vo vy\u0161\u0161om veku. Jeho hlavnou \u00falohou je zni\u017eova\u0165 z\u00e1pal, ktor\u00fd sp\u00f4sobuje hlavn\u00e9 nepohodlie a boles\u0165. Okrem toho zn\u00ed\u017ei nap\u00e4tie o\u010d\u00ed, ktor\u00e9 m\u00f4\u017ee sp\u00f4sobi\u0165 dlh\u00e9 pozeranie do obrazovky alebo \u010d\u00edtanie pri slabom osvetlen\u00ed. A kone\u010dne, normalizuje vn\u00fatroo\u010dn\u00fd tlak, ktor\u00fd je k\u013e\u00fa\u010dov\u00fdm faktorom pre zdravie o\u010d\u00ed a prevenciu mnoh\u00fdch o\u010dn\u00fdch probl\u00e9mov.<\/p>\n<p>Mnoh\u00ed z n\u00e1s venuj\u00fa ve\u013ea \u010dasu a pe\u0148az\u00ed na starostlivos\u0165 o poko\u017eku, vlasy alebo nechty, ale zab\u00fadame na na\u0161e o\u010di. Visitec n\u00e1m pripom\u00edna, \u017ee je d\u00f4le\u017eit\u00e9 venova\u0165 pozornos\u0165 tomuto k\u013e\u00fa\u010dov\u00e9mu org\u00e1nu a poskytn\u00fa\u0165 mu to najlep\u0161ie.<\/p>\n<h2 id=\"zlo\u017eky\">Hlavn\u00e9 zlo\u017eky: \u010cu\u010doriedka a Mlie\u010dku<\/h2>\n<p>Visitec sa vyzna\u010duje svojimi hlavn\u00fdmi zlo\u017ekami &#8211; \u010du\u010doriedkou a mlie\u010dkom, ktor\u00e9 robia z Visitec v\u00fdnimo\u010dn\u00fd produkt.. Tieto dva pr\u00edrodn\u00e9 zlo\u017eky maj\u00fa zn\u00e1me pozit\u00edvne \u00fa\u010dinky na zdravie o\u010d\u00ed.<\/p>\n<p>\u010cu\u010doriedka je zn\u00e1ma svojimi antioxida\u010dn\u00fdmi vlastnos\u0165ami, ktor\u00e9 pom\u00e1haj\u00fa chr\u00e1ni\u0165 o\u010di pred vo\u013en\u00fdmi radik\u00e1lmi a podporuj\u00fa zdravie o\u010dnej sietnice. Mlie\u010dku, na druhej strane, je zn\u00e1ma svojimi upokojuj\u00facimi a protiz\u00e1palov\u00fdmi vlastnos\u0165ami, ktor\u00e9 pom\u00e1haj\u00fa zni\u017eova\u0165 nap\u00e4tie a boles\u0165 v o\u010diach.<\/p>\n<p>S kombin\u00e1ciou t\u00fdchto dvoch siln\u00fdch zlo\u017eiek m\u00f4\u017ee tento produkt poskytn\u00fa\u0165 v\u0161etko, \u010do va\u0161e o\u010di potrebuj\u00fa na to, aby zostali zdrav\u00e9 a ostr\u00e9 aj vo vy\u0161\u0161om veku.<\/p>\n<h2 id=\"akcia\">Pre\u010do si vybra\u0165 Visitec?<\/h2>\n<p>Vo svete, kde je tak ve\u013ea produktov a mo\u017enost\u00ed, m\u00f4\u017ee by\u0165 \u0165a\u017ek\u00e9 vybra\u0165 si ten prav\u00fd. Ale s tento produkt si m\u00f4\u017eete by\u0165 ist\u00ed, \u017ee ste urobili spr\u00e1vnu vo\u013ebu. Je to produkt, ktor\u00fd sa zameriava na skuto\u010dn\u00e9 potreby va\u0161ich o\u010d\u00ed a poskytuje im v\u0161etko, \u010do potrebuj\u00fa.<\/p>\n<p>Neme\u0161kajte a za\u010dnite sa stara\u0165 o svoje o\u010di dnes! <strong>Objednajte si Visitec hne\u010f teraz<\/strong> a za\u017eite rozdiel vo va\u0161om viden\u00ed!<\/p>\n","protected":false},"excerpt":{"rendered":"<p>Visitec zni\u017euje z\u00e1pal, nap\u00e4tie o\u010d\u00ed a normalizuje vn\u00fatroo\u010dn\u00fd tlak. Zachovajte si ostr\u00e9 videnie aj vo vy\u0161\u0161om veku. Obsahuje \u010du\u010doriedku a mlie\u010dku. Objednajte hne\u010f!<\/p>\n","protected":false},"featured_media":7709,"comment_status":"open","ping_status":"closed","template":"","meta":{"site-sidebar-layout":"default","site-content-layout":"","ast-site-content-layout":"default","site-content-style":"default","site-sidebar-style":"default","ast-global-header-display":"","ast-banner-title-visibility":"","ast-main-header-display":"","ast-hfb-above-header-display":"","ast-hfb-below-header-display":"","ast-hfb-mobile-header-display":"","site-post-title":"","ast-breadcrumbs-content":"","ast-featured-img":"","footer-sml-layout":"","ast-disable-related-posts":"","theme-transparent-header-meta":"default","adv-header-id-meta":"","stick-header-meta":"","header-above-stick-meta":"","header-main-stick-meta":"","header-below-stick-meta":"","astra-migrate-meta-layouts":"set","ast-page-background-enabled":"default","ast-page-background-meta":{"desktop":{"background-color":"","background-image":"","background-repeat":"repeat","background-position":"center center","background-size":"auto","background-attachment":"scroll","background-type":"","background-media":"","overlay-type":"","overlay-color":"","overlay-opacity":"","overlay-gradient":""},"tablet":{"background-color":"","background-image":"","background-repeat":"repeat","background-position":"center center","background-size":"auto","background-attachment":"scroll","background-type":"","background-media":"","overlay-type":"","overlay-color":"","overlay-opacity":"","overlay-gradient":""},"mobile":{"background-color":"","background-image":"","background-repeat":"repeat","background-position":"center center","background-size":"auto","background-attachment":"scroll","background-type":"","background-media":"","overlay-type":"","overlay-color":"","overlay-opacity":"","overlay-gradient":""}},"ast-content-background-meta":{"desktop":{"background-color":"var(--ast-global-color-5)","background-image":"","background-repeat":"repeat","background-position":"center center","background-size":"auto","background-attachment":"scroll","background-type":"","background-media":"","overlay-type":"","overlay-color":"","overlay-opacity":"","overlay-gradient":""},"tablet":{"background-color":"var(--ast-global-color-5)","background-image":"","background-repeat":"repeat","background-position":"center center","background-size":"auto","background-attachment":"scroll","background-type":"","background-media":"","overlay-type":"","overlay-color":"","overlay-opacity":"","overlay-gradient":""},"mobile":{"background-color":"var(--ast-global-color-5)","background-image":"","background-repeat":"repeat","background-position":"center center","background-size":"auto","background-attachment":"scroll","background-type":"","background-media":"","overlay-type":"","overlay-color":"","overlay-opacity":"","overlay-gradient":""}}},"product_brand":[],"product_cat":[41],"product_tag":[],"class_list":{"0":"post-7710","1":"product","2":"type-product","3":"status-publish","4":"has-post-thumbnail","6":"product_cat-produkty-pre-zdravie","7":"desktop-align-left","8":"tablet-align-left","9":"mobile-align-left","11":"first","12":"instock","13":"sale","14":"taxable","15":"shipping-taxable","16":"purchasable","17":"product-type-simple"},"_links":{"self":[{"href":"https:\/\/wellness4you.cz\/sk\/wp-json\/wp\/v2\/product\/7710","targetHints":{"allow":["GET"]}}],"collection":[{"href":"https:\/\/wellness4you.cz\/sk\/wp-json\/wp\/v2\/product"}],"about":[{"href":"https:\/\/wellness4you.cz\/sk\/wp-json\/wp\/v2\/types\/product"}],"replies":[{"embeddable":true,"href":"https:\/\/wellness4you.cz\/sk\/wp-json\/wp\/v2\/comments?post=7710"}],"wp:featuredmedia":[{"embeddable":true,"href":"https:\/\/wellness4you.cz\/sk\/wp-json\/wp\/v2\/media\/7709"}],"wp:attachment":[{"href":"https:\/\/wellness4you.cz\/sk\/wp-json\/wp\/v2\/media?parent=7710"}],"wp:term":[{"taxonomy":"product_brand","embeddable":true,"href":"https:\/\/wellness4you.cz\/sk\/wp-json\/wp\/v2\/product_brand?post=7710"},{"taxonomy":"product_cat","embeddable":true,"href":"https:\/\/wellness4you.cz\/sk\/wp-json\/wp\/v2\/product_cat?post=7710"},{"taxonomy":"product_tag","embeddable":true,"href":"https:\/\/wellness4you.cz\/sk\/wp-json\/wp\/v2\/product_tag?post=7710"}],"curies":[{"name":"wp","href":"https:\/\/api.w.org\/{rel}","templated":true}]}}