{"id":7708,"date":"2023-09-02T20:47:53","date_gmt":"2023-09-02T18:47:53","guid":{"rendered":"https:\/\/wellness4you.cz\/sk\/vigaman\/"},"modified":"2026-01-08T22:52:37","modified_gmt":"2026-01-08T21:52:37","slug":"vigaman","status":"publish","type":"product","link":"https:\/\/wellness4you.cz\/sk\/vigaman\/","title":{"rendered":"Vigaman"},"content":{"rendered":"<h2 id=\"why-vigaman\">Pre\u010do vybra\u0165 Vigaman?<\/h2>\n<p>\u010co je najv\u00e4\u010d\u0161ou obavou mnoh\u00fdch mu\u017eov? Probl\u00e9my v sp\u00e1lni. Chcie\u0165 dosiahnu\u0165 svoj pln\u00fd potenci\u00e1l a uspokoji\u0165 svojho partnera je prirodzen\u00e9. Vigaman je tu, aby v\u00e1m pomohol dosiahnu\u0165 pr\u00e1ve to.<\/p>\n<p>\u010ci u\u017e ste sa stretli s probl\u00e9mami v int\u00edmnej oblasti alebo len h\u013ead\u00e1te sp\u00f4sob, ako vylep\u0161i\u0165 svoj v\u00fdkon, tento produkt je ide\u00e1lnou vo\u013ebou. Nehovor\u00edme tu len o \u010fal\u0161om doplnku na trhu. Hovor\u00edme o rie\u0161en\u00ed, ktor\u00e9 \u0161peci\u00e1lne navrhli pre mu\u017eov, aby dosiahli a udr\u017eali svoju energiu a vitalitu.<\/p>\n<h2 id=\"benefits\">Ak\u00e9 v\u00fdhody prin\u00e1\u0161a?<\/h2>\n<p>Nie je tajomstvom, \u017ee ka\u017ed\u00fd produkt tvrd\u00ed, \u017ee je &#8220;najlep\u0161\u00ed&#8221;. Ale Vigaman sa odli\u0161uje nie svojimi vlastnos\u0165ami, ale skuto\u010dn\u00fdmi v\u00fdhodami, ktor\u00e9 pon\u00faka:<\/p>\n<p><b>1. Zv\u00fd\u0161en\u00e1 sebavedomos\u0165:<\/b> C\u00edti\u0165 sa dobre vo svojej ko\u017ei a ma\u0165 sebavedomie v sp\u00e1lni m\u00f4\u017ee by\u0165 pre mnoh\u00fdch mu\u017eov prevratn\u00e9. V\u010faka tomuto produktu m\u00f4\u017eete znova za\u017ei\u0165 t\u00fato istotu.<\/p>\n<p><b>2. Prirodzenos\u0165:<\/b> Nejde tu o chemick\u00e9 zlo\u017eky alebo pr\u00edsady, ktor\u00e9 by mohli ma\u0165 ved\u013eaj\u0161ie \u00fa\u010dinky. S Vigaman z\u00edskavate prirodzen\u00fd sp\u00f4sob, ako zv\u00fd\u0161i\u0165 svoju mu\u017enos\u0165.<\/p>\n<p><b>3. Jednoduch\u00e9 pou\u017eitie:<\/b> Nie je potrebn\u00e9 dodr\u017eiava\u0165 \u017eiadne komplikovan\u00e9 re\u017eimy alebo pl\u00e1ny. Posta\u010duje nasledova\u0165 jednoduch\u00e9 odpor\u00fa\u010dania a u\u017e\u00edva\u0165 produkt pravidelne.<\/p>\n<h2 id=\"results\">Kedy o\u010dak\u00e1va\u0165 v\u00fdsledky?<\/h2>\n<p>Jedna z prv\u00fdch ot\u00e1zok, ktor\u00fa si mu\u017ei klad\u00fa, je: &#8220;Kedy uvid\u00edm v\u00fdsledky?&#8221; Odpove\u010f je jednoduch\u00e1: ka\u017ed\u00fd organizmus je in\u00fd. Niektor\u00ed m\u00f4\u017eu vidie\u0165 v\u00fdsledky u\u017e po nieko\u013ek\u00fdch t\u00fd\u017ed\u0148och, zatia\u013e \u010do in\u00ed m\u00f4\u017eu potrebova\u0165 viac \u010dasu.<\/p>\n<p>S t\u00fdmto produktom investujete do svojho zdravia a pohody na dlhodobom horizonte. Nie je to len r\u00fdchle rie\u0161enie na jedno pou\u017eitie, ale invest\u00edcia do v\u00e1\u0161ho celkov\u00e9ho blahobytu a sebavedomia.<\/p>\n<p>Zatia\u013e \u010do mnoh\u00ed \u013eudia h\u013eadaj\u00fa r\u00fdchle rie\u0161enia svojich probl\u00e9mov, Vigaman pon\u00faka dlhodob\u00e9 rie\u0161enie, ktor\u00e9 v\u00e1m m\u00f4\u017ee prinies\u0165 trval\u00e9 v\u00fdsledky a zv\u00fd\u0161i\u0165 va\u0161e sebavedomie v int\u00edmnych chv\u00ed\u013each.<\/p>\n<p>Ne\u010dakajte, k\u00fdm probl\u00e9my v sp\u00e1lni eskaluj\u00fa. M\u00e1te mo\u017enos\u0165 za\u010da\u0165 zmeny u\u017e dnes a za\u017ei\u0165 radostn\u00e9 chv\u00edle bez ob\u00e1v a stresu. Tento produkt je tu, aby v\u00e1m pomohol dosiahnu\u0165 pr\u00e1ve to.<\/p>\n<p>Cho\u010fte za svoj\u00edm potenci\u00e1lom a dajte sebe a svojmu partnerovi to najlep\u0161ie. Objednajte si Vigaman e\u0161te dnes a za\u017eite skuto\u010dn\u00fa zmenu v svojom \u017eivote.<\/p>\n","protected":false},"excerpt":{"rendered":"<p>Vigaman je rie\u0161enie pre mu\u017esk\u00e9 probl\u00e9my v posteli. Zaru\u010duje posilnenie mu\u017eskej potencie a d\u00f4veru. C\u00ed\u0165te sa op\u00e4\u0165 siln\u00fd a sebavedom\u00fd. Objednajte si Vigaman hne\u010f teraz!<\/p>\n","protected":false},"featured_media":7707,"comment_status":"open","ping_status":"closed","template":"","meta":{"site-sidebar-layout":"default","site-content-layout":"","ast-site-content-layout":"default","site-content-style":"default","site-sidebar-style":"default","ast-global-header-display":"","ast-banner-title-visibility":"","ast-main-header-display":"","ast-hfb-above-header-display":"","ast-hfb-below-header-display":"","ast-hfb-mobile-header-display":"","site-post-title":"","ast-breadcrumbs-content":"","ast-featured-img":"","footer-sml-layout":"","ast-disable-related-posts":"","theme-transparent-header-meta":"default","adv-header-id-meta":"","stick-header-meta":"","header-above-stick-meta":"","header-main-stick-meta":"","header-below-stick-meta":"","astra-migrate-meta-layouts":"set","ast-page-background-enabled":"default","ast-page-background-meta":{"desktop":{"background-color":"","background-image":"","background-repeat":"repeat","background-position":"center center","background-size":"auto","background-attachment":"scroll","background-type":"","background-media":"","overlay-type":"","overlay-color":"","overlay-opacity":"","overlay-gradient":""},"tablet":{"background-color":"","background-image":"","background-repeat":"repeat","background-position":"center center","background-size":"auto","background-attachment":"scroll","background-type":"","background-media":"","overlay-type":"","overlay-color":"","overlay-opacity":"","overlay-gradient":""},"mobile":{"background-color":"","background-image":"","background-repeat":"repeat","background-position":"center center","background-size":"auto","background-attachment":"scroll","background-type":"","background-media":"","overlay-type":"","overlay-color":"","overlay-opacity":"","overlay-gradient":""}},"ast-content-background-meta":{"desktop":{"background-color":"var(--ast-global-color-5)","background-image":"","background-repeat":"repeat","background-position":"center center","background-size":"auto","background-attachment":"scroll","background-type":"","background-media":"","overlay-type":"","overlay-color":"","overlay-opacity":"","overlay-gradient":""},"tablet":{"background-color":"var(--ast-global-color-5)","background-image":"","background-repeat":"repeat","background-position":"center center","background-size":"auto","background-attachment":"scroll","background-type":"","background-media":"","overlay-type":"","overlay-color":"","overlay-opacity":"","overlay-gradient":""},"mobile":{"background-color":"var(--ast-global-color-5)","background-image":"","background-repeat":"repeat","background-position":"center center","background-size":"auto","background-attachment":"scroll","background-type":"","background-media":"","overlay-type":"","overlay-color":"","overlay-opacity":"","overlay-gradient":""}}},"product_brand":[],"product_cat":[40],"product_tag":[],"class_list":{"0":"post-7708","1":"product","2":"type-product","3":"status-publish","4":"has-post-thumbnail","6":"product_cat-produkty-pre-muzov","7":"desktop-align-left","8":"tablet-align-left","9":"mobile-align-left","11":"first","12":"instock","13":"sale","14":"taxable","15":"shipping-taxable","16":"purchasable","17":"product-type-simple"},"_links":{"self":[{"href":"https:\/\/wellness4you.cz\/sk\/wp-json\/wp\/v2\/product\/7708","targetHints":{"allow":["GET"]}}],"collection":[{"href":"https:\/\/wellness4you.cz\/sk\/wp-json\/wp\/v2\/product"}],"about":[{"href":"https:\/\/wellness4you.cz\/sk\/wp-json\/wp\/v2\/types\/product"}],"replies":[{"embeddable":true,"href":"https:\/\/wellness4you.cz\/sk\/wp-json\/wp\/v2\/comments?post=7708"}],"wp:featuredmedia":[{"embeddable":true,"href":"https:\/\/wellness4you.cz\/sk\/wp-json\/wp\/v2\/media\/7707"}],"wp:attachment":[{"href":"https:\/\/wellness4you.cz\/sk\/wp-json\/wp\/v2\/media?parent=7708"}],"wp:term":[{"taxonomy":"product_brand","embeddable":true,"href":"https:\/\/wellness4you.cz\/sk\/wp-json\/wp\/v2\/product_brand?post=7708"},{"taxonomy":"product_cat","embeddable":true,"href":"https:\/\/wellness4you.cz\/sk\/wp-json\/wp\/v2\/product_cat?post=7708"},{"taxonomy":"product_tag","embeddable":true,"href":"https:\/\/wellness4you.cz\/sk\/wp-json\/wp\/v2\/product_tag?post=7708"}],"curies":[{"name":"wp","href":"https:\/\/api.w.org\/{rel}","templated":true}]}}