{"id":7704,"date":"2023-09-02T20:47:52","date_gmt":"2023-09-02T18:47:52","guid":{"rendered":"https:\/\/wellness4you.cz\/sk\/vizonic\/"},"modified":"2026-05-16T21:14:21","modified_gmt":"2026-05-16T19:14:21","slug":"vizonic","status":"publish","type":"product","link":"https:\/\/wellness4you.cz\/sk\/vizonic\/","title":{"rendered":"Vizonic"},"content":{"rendered":"<h2 id=\"vizonic-intro\">O \u010dom s\u00fa kapsuly Vizonic?<\/h2>\n<p>Ka\u017ed\u00fd z n\u00e1s t\u00fa\u017ei po jasnom a ostrom zraku. Predstavte si svet, kde s\u00fa farby \u017eiv\u0161ie a v\u0161etko je jasnej\u0161ie. S kapsulami Vizonic je to mo\u017en\u00e9. S\u00fa navrhnut\u00e9 tak, aby V\u00e1m pomohli dosiahnu\u0165 ten najlep\u0161\u00ed mo\u017en\u00fd zrak prirodzen\u00fdm sp\u00f4sobom.<\/p>\n<h2 id=\"vizonic-benefits\">V\u00fdhody pou\u017e\u00edvania kaps\u00fal<\/h2>\n<p>Pre\u010do by ste mali zv\u00e1\u017ei\u0165 pridanie kaps\u00fal Vizonic do svojho ka\u017edodenn\u00e9ho \u017eivota?<\/p>\n<p>Prv\u00e1 a najd\u00f4le\u017eitej\u0161ia v\u00fdhoda je jasn\u00fd a oster zrak bez nutnosti pou\u017e\u00edvania okuliarov alebo kontaktn\u00fdch \u0161o\u0161oviek. To znamen\u00e1, \u017ee budete m\u00f4c\u0165 \u017ei\u0165 plnohodnotn\u00fd \u017eivot bez obmedzen\u00ed.<\/p>\n<p>Okrem toho, \u017ee Vizonic posil\u0148uje V\u00e1\u0161 zrak, tie\u017e poskytuje \u00fa\u013eavu od be\u017en\u00fdch probl\u00e9mov s o\u010dami. \u010ci u\u017e m\u00e1te \u00fanavu o\u010d\u00ed z dlh\u00fdch hod\u00edn str\u00e1ven\u00fdch pred po\u010d\u00edta\u010dom, alebo V\u00e1m sp\u00f4sobili nepr\u00edjemn\u00e9 svrbenie a p\u00e1lenie alergie, tieto kapsuly V\u00e1m pom\u00e1haj\u00fa.<\/p>\n<p>\u010eal\u0161ou nespornou v\u00fdhodou je r\u00fdchlos\u0165, s akou kapsuly tento produkt prin\u00e1\u0161aj\u00fa v\u00fdsledky. Nemus\u00edte \u010daka\u0165 mesiace, aby ste videli zlep\u0161enie. Mnoh\u00ed pou\u017e\u00edvatelia hl\u00e1sia vidite\u013en\u00e9 v\u00fdsledky u\u017e po nieko\u013ek\u00fdch d\u0148och!<\/p>\n<h2 id=\"vizonic-ingredients\">Pr\u00edrodn\u00e9 zlo\u017eky pre maxim\u00e1lnu efekt\u00edvnos\u0165<\/h2>\n<p>Tajomstvom nie je, \u017ee pr\u00edrodn\u00e9 ingrediencie \u010dasto dosahuj\u00fa vy\u0161\u0161iu \u00fa\u010dinnos\u0165 a v\u00e4\u010d\u0161iu bezpe\u010dnos\u0165 ne\u017e syntetick\u00e9 alternat\u00edvy. Vizonic kapsuly obsahuj\u00fa starostlivo vybran\u00e9 pr\u00edrodn\u00e9 zlo\u017eky, ktor\u00e9 \u013eudia pou\u017e\u00edvali po st\u00e1ro\u010dia na podporu zdrav\u00e9ho zraku. Nemus\u00edte ma\u0165 obavy o ved\u013eaj\u0161ie \u00fa\u010dinky, preto\u017ee kapsuly Vizonic s\u00fa 100% pr\u00edrodn\u00e9 a bezpe\u010dn\u00e9 pre va\u0161e o\u010di.<\/p>\n<h2 id=\"vizonic-function\">Ako funguj\u00fa kapsuly<\/h2>\n<p>Fungovanie kaps\u00fal Vizonic je jednoduch\u00e9. V\u010faka unik\u00e1tnemu zlo\u017eeniu pr\u00edrodn\u00fdch zlo\u017eiek tieto kapsuly poskytuj\u00fa v\u0161etko, \u010do va\u0161e o\u010di potrebuj\u00fa, aby mohli fungova\u0165 na vrchole svojich mo\u017enost\u00ed. Zlo\u017eky v t\u00fdchto kapsul\u00e1ch posil\u0148uj\u00fa a chr\u00e1nia o\u010dn\u00e9 tkanivo, zni\u017euj\u00fa z\u00e1pal a podporuj\u00fa jasn\u00fd, ost\u0159\u00fd zrak.<\/p>\n<p>Denne u\u017e\u00edvan\u00e9 kapsuly Vizonic podporuj\u00fa celkov\u00e9 zdravie va\u0161ich o\u010d\u00ed, chr\u00e1nia pred \u0161kodliv\u00fdmi faktormi z okolia a podporuj\u00fa prirodzen\u00fa schopnos\u0165 oka opravi\u0165 a obnovi\u0165 sa.<\/p>\n<h2 id=\"vizonic-order\">Objednajte hne\u010f teraz!<\/h2>\n<p>Pre\u010do e\u0161te v\u00e1hate? Za\u017eite zlep\u0161enie zraku, ktor\u00e9 pon\u00fakaj\u00fa kapsuly Vizonic. O\u017eivte svet okolo seba a za\u017eite ka\u017ed\u00fd moment v jeho plnej kr\u00e1se. Objednajte si svoje kapsuly e\u0161te dnes a zistite, \u010do pre v\u00e1s m\u00f4\u017eu urobi\u0165!<\/p>\n","protected":false},"excerpt":{"rendered":"<p>Kapsuly Vizonic pon\u00fakaj\u00fa prirodzen\u00e9 a \u00fa\u010dinn\u00e9 zlep\u0161enie zraku. Na z\u00e1klade starostlivo vybran\u00fdch pr\u00edrodn\u00fdch ingredienci\u00ed rie\u0161ia be\u017en\u00e9 probl\u00e9my s o\u010dami. Za\u017eite r\u00fdchle a bezpe\u010dn\u00e9 v\u00fdsledky. Objednajte e\u0161te dnes!<\/p>\n","protected":false},"featured_media":7703,"comment_status":"open","ping_status":"closed","template":"","meta":{"site-sidebar-layout":"default","site-content-layout":"","ast-site-content-layout":"default","site-content-style":"default","site-sidebar-style":"default","ast-global-header-display":"","ast-banner-title-visibility":"","ast-main-header-display":"","ast-hfb-above-header-display":"","ast-hfb-below-header-display":"","ast-hfb-mobile-header-display":"","site-post-title":"","ast-breadcrumbs-content":"","ast-featured-img":"","footer-sml-layout":"","ast-disable-related-posts":"","theme-transparent-header-meta":"default","adv-header-id-meta":"","stick-header-meta":"","header-above-stick-meta":"","header-main-stick-meta":"","header-below-stick-meta":"","astra-migrate-meta-layouts":"set","ast-page-background-enabled":"default","ast-page-background-meta":{"desktop":{"background-color":"","background-image":"","background-repeat":"repeat","background-position":"center center","background-size":"auto","background-attachment":"scroll","background-type":"","background-media":"","overlay-type":"","overlay-color":"","overlay-opacity":"","overlay-gradient":""},"tablet":{"background-color":"","background-image":"","background-repeat":"repeat","background-position":"center center","background-size":"auto","background-attachment":"scroll","background-type":"","background-media":"","overlay-type":"","overlay-color":"","overlay-opacity":"","overlay-gradient":""},"mobile":{"background-color":"","background-image":"","background-repeat":"repeat","background-position":"center center","background-size":"auto","background-attachment":"scroll","background-type":"","background-media":"","overlay-type":"","overlay-color":"","overlay-opacity":"","overlay-gradient":""}},"ast-content-background-meta":{"desktop":{"background-color":"var(--ast-global-color-5)","background-image":"","background-repeat":"repeat","background-position":"center center","background-size":"auto","background-attachment":"scroll","background-type":"","background-media":"","overlay-type":"","overlay-color":"","overlay-opacity":"","overlay-gradient":""},"tablet":{"background-color":"var(--ast-global-color-5)","background-image":"","background-repeat":"repeat","background-position":"center center","background-size":"auto","background-attachment":"scroll","background-type":"","background-media":"","overlay-type":"","overlay-color":"","overlay-opacity":"","overlay-gradient":""},"mobile":{"background-color":"var(--ast-global-color-5)","background-image":"","background-repeat":"repeat","background-position":"center center","background-size":"auto","background-attachment":"scroll","background-type":"","background-media":"","overlay-type":"","overlay-color":"","overlay-opacity":"","overlay-gradient":""}}},"product_brand":[],"product_cat":[63,41],"product_tag":[],"class_list":{"0":"post-7704","1":"product","2":"type-product","3":"status-publish","4":"has-post-thumbnail","6":"product_cat-novinky","7":"product_cat-produkty-pre-zdravie","8":"desktop-align-left","9":"tablet-align-left","10":"mobile-align-left","12":"first","13":"instock","14":"sale","15":"taxable","16":"shipping-taxable","17":"purchasable","18":"product-type-simple"},"_links":{"self":[{"href":"https:\/\/wellness4you.cz\/sk\/wp-json\/wp\/v2\/product\/7704","targetHints":{"allow":["GET"]}}],"collection":[{"href":"https:\/\/wellness4you.cz\/sk\/wp-json\/wp\/v2\/product"}],"about":[{"href":"https:\/\/wellness4you.cz\/sk\/wp-json\/wp\/v2\/types\/product"}],"replies":[{"embeddable":true,"href":"https:\/\/wellness4you.cz\/sk\/wp-json\/wp\/v2\/comments?post=7704"}],"wp:featuredmedia":[{"embeddable":true,"href":"https:\/\/wellness4you.cz\/sk\/wp-json\/wp\/v2\/media\/7703"}],"wp:attachment":[{"href":"https:\/\/wellness4you.cz\/sk\/wp-json\/wp\/v2\/media?parent=7704"}],"wp:term":[{"taxonomy":"product_brand","embeddable":true,"href":"https:\/\/wellness4you.cz\/sk\/wp-json\/wp\/v2\/product_brand?post=7704"},{"taxonomy":"product_cat","embeddable":true,"href":"https:\/\/wellness4you.cz\/sk\/wp-json\/wp\/v2\/product_cat?post=7704"},{"taxonomy":"product_tag","embeddable":true,"href":"https:\/\/wellness4you.cz\/sk\/wp-json\/wp\/v2\/product_tag?post=7704"}],"curies":[{"name":"wp","href":"https:\/\/api.w.org\/{rel}","templated":true}]}}