{"id":7698,"date":"2023-09-02T20:47:51","date_gmt":"2023-09-02T18:47:51","guid":{"rendered":"https:\/\/wellness4you.cz\/sk\/cardiotensive\/"},"modified":"2026-01-08T22:52:36","modified_gmt":"2026-01-08T21:52:36","slug":"cardiotensive","status":"publish","type":"product","link":"https:\/\/wellness4you.cz\/sk\/cardiotensive\/","title":{"rendered":"Cardiotensive"},"content":{"rendered":"<h2>\u00davod<\/h2>\n<p>Cardiotensive: Synt\u00e9za talianskej medic\u00edny a modern\u00fdch zdravotn\u00fdch objavov pre zdravie srdca a cievneho syst\u00e9mu. V\u00fdsledok dlh\u00e9ho v\u00fdskumu. T\u00e1to met\u00f3da boja proti hypertenzii potl\u00e1\u010da pr\u00edznaky a odha\u013euje kore\u0148ov\u00e9 pr\u00ed\u010diny probl\u00e9mu, prin\u00e1\u0161aj\u00fac unik\u00e1tny pr\u00edstup.<\/p>\n<p>Na\u0161a filozofia je jednoduch\u00e1: poskytn\u00fa\u0165 \u013eu\u010fom n\u00e1stroje na dosiahnutie optim\u00e1lneho zdravia prostredn\u00edctvom harm\u00f3nie medzi pr\u00edrodou a vedou. Cardiotensive je navrhnut\u00fd tak, aby poskytoval podporu nielen pre srdce, ale aj pre celkov\u00fa pohodu a vitalitu. To v\u0161etko je zabalene do pohodln\u00e9ho a \u013eahko u\u017e\u00edvate\u013en\u00e9ho form\u00e1tu, preto\u017ee ver\u00edme, \u017ee zdravie by malo by\u0165 pre ka\u017ed\u00e9ho dosiahnute\u013en\u00e9 bez kompromisov.<\/p>\n<p><span style=\"font-size: 1.7em; font-weight: bold;\">Hlavn\u00e9 v\u00fdhody produktu<\/span><\/p>\n<p>\u010co rob\u00ed Cardiotensive tak\u00fdm mimoriadnym? Prich\u00e1dza s mno\u017estvom v\u00fdhod:<\/p>\n<p><strong>Prirodzen\u00e1 starostlivos\u0165:<\/strong> Zlo\u017een\u00fd z \u010disto pr\u00edrodn\u00fdch zlo\u017eiek, ktor\u00e9 s\u00fa zn\u00e1me svojimi prospe\u0161n\u00fdmi \u00fa\u010dinkami na srdce a cievny syst\u00e9m.<\/p>\n<p><strong>Komplexn\u00e9 p\u00f4sobenie:<\/strong> Kombinuje \u00fa\u010dinky mnoh\u00fdch akt\u00edvnych zlo\u017eiek, aby poskytol celkov\u00fa podporu pre va\u0161e zdravie.<\/p>\n<p><strong>Vyroben\u00e9 v Taliansku:<\/strong> Zabezpe\u010duje v\u00e1m kvalitu a spo\u013eahlivos\u0165, ktor\u00e9 poch\u00e1dzaj\u00fa z jednej z popredn\u00fdch eur\u00f3pskych kraj\u00edn v oblasti zdravotnej starostlivosti a v\u00fdskumu.<\/p>\n<h2>Detaily akt\u00edvnych zlo\u017eiek<\/h2>\n<p>Teraz sa pohlbime do toho, \u010do rob\u00ed Cardiotensive tak \u00fa\u010dinn\u00fdm:<\/p>\n<p><strong>Plody a listy bazy \u010diernej:<\/strong> Tieto komponenty s\u00fa zn\u00e1me svoj\u00edm schopnos\u0165ami podporova\u0165 srdce a zlep\u0161ova\u0165 cirkul\u00e1ciu krvi.<\/p>\n<p><strong>Koncentr\u00e1ty:<\/strong> Radica, jablko, \u010dierne r\u00edbezle, sladk\u00e9 zemiaky a \u010dere\u0161ne \u2013 v\u0161etky tieto zlo\u017eky s\u00fa bohat\u00e9 na vitam\u00edny a miner\u00e1ly, ktor\u00e9 s\u00fa nevyhnutn\u00e9 pre zdrav\u00e9 srdce a cievny syst\u00e9m.<\/p>\n<p><strong>Cesnak:<\/strong> Je zn\u00e1my svojimi antioxida\u010dn\u00fdmi vlastnos\u0165ami a schopnos\u0165ou bojova\u0165 proti vysok\u00e9mu krvn\u00e9mu tlaku.<\/p>\n<p><strong>Listy olivy:<\/strong> Obsahuj\u00fa l\u00e1tky, ktor\u00e9 m\u00f4\u017eu pom\u00e1ha\u0165 zni\u017eova\u0165 riziko srdcov\u00fdch ochoren\u00ed a zlep\u0161ova\u0165 celkov\u00fd cievny syst\u00e9m.<\/p>\n<p>Zatia\u013e \u010do mnoh\u00e9 produkty sa spoliehaj\u00fa na jednu alebo dve akt\u00edvne zlo\u017eky, Cardiotensive kombinuje viacero siln\u00fdch zlo\u017eiek, aby zabezpe\u010dil komplexn\u00fa starostlivos\u0165 o va\u0161e srdce.<\/p>\n<h2><\/h2>\n<p>Zvo\u013ete si \u017eivot pln\u00fd energie a vitality so z\u00e1zrakom pr\u00edrody v podobe Cardiotensive. Va\u0161e srdce si zasl\u00fa\u017ei len t\u00fa najlep\u0161iu starostlivos\u0165, a preto ho obdarujte silou pr\u00edrodn\u00fdch zlo\u017eiek spojenou s vedeck\u00fdm pokrokom. Urobte prv\u00fd krok k zdrav\u0161iemu \u017eivotu u\u017e dnes a nechajte Cardiotensive st\u00e1\u0165 pri va\u0161ej strane na ceste k optim\u00e1lnemu zdraviu. T\u00e1to starostlivos\u0165 urob\u00ed va\u0161e telo v\u010fa\u010dn\u00fdm.<\/p>\n","protected":false},"excerpt":{"rendered":"<p>Zn\u00ed\u017ete vysok\u00fd krvn\u00fd tlak prirodzene s t\u00fdmito talbetkami Cardiotensive. Vyroben\u00e9 v Taliansku, s obsahom extraktov z hlohu, cesnaku, olivov\u00fdch listov a koncentr\u00e1tov z repy, jablka, \u010diernej r\u00edbezle, sladk\u00e9ho zemiaka a \u010dere\u0161ne. U\u017eite si zdravie s touto \u00fa\u010dinnou zmesou. Objednajte si e\u0161te dnes!<\/p>\n","protected":false},"featured_media":7697,"comment_status":"open","ping_status":"closed","template":"","meta":{"site-sidebar-layout":"default","site-content-layout":"","ast-site-content-layout":"default","site-content-style":"default","site-sidebar-style":"default","ast-global-header-display":"","ast-banner-title-visibility":"","ast-main-header-display":"","ast-hfb-above-header-display":"","ast-hfb-below-header-display":"","ast-hfb-mobile-header-display":"","site-post-title":"","ast-breadcrumbs-content":"","ast-featured-img":"","footer-sml-layout":"","ast-disable-related-posts":"","theme-transparent-header-meta":"default","adv-header-id-meta":"","stick-header-meta":"","header-above-stick-meta":"","header-main-stick-meta":"","header-below-stick-meta":"","astra-migrate-meta-layouts":"set","ast-page-background-enabled":"default","ast-page-background-meta":{"desktop":{"background-color":"","background-image":"","background-repeat":"repeat","background-position":"center center","background-size":"auto","background-attachment":"scroll","background-type":"","background-media":"","overlay-type":"","overlay-color":"","overlay-opacity":"","overlay-gradient":""},"tablet":{"background-color":"","background-image":"","background-repeat":"repeat","background-position":"center center","background-size":"auto","background-attachment":"scroll","background-type":"","background-media":"","overlay-type":"","overlay-color":"","overlay-opacity":"","overlay-gradient":""},"mobile":{"background-color":"","background-image":"","background-repeat":"repeat","background-position":"center center","background-size":"auto","background-attachment":"scroll","background-type":"","background-media":"","overlay-type":"","overlay-color":"","overlay-opacity":"","overlay-gradient":""}},"ast-content-background-meta":{"desktop":{"background-color":"var(--ast-global-color-5)","background-image":"","background-repeat":"repeat","background-position":"center center","background-size":"auto","background-attachment":"scroll","background-type":"","background-media":"","overlay-type":"","overlay-color":"","overlay-opacity":"","overlay-gradient":""},"tablet":{"background-color":"var(--ast-global-color-5)","background-image":"","background-repeat":"repeat","background-position":"center center","background-size":"auto","background-attachment":"scroll","background-type":"","background-media":"","overlay-type":"","overlay-color":"","overlay-opacity":"","overlay-gradient":""},"mobile":{"background-color":"var(--ast-global-color-5)","background-image":"","background-repeat":"repeat","background-position":"center center","background-size":"auto","background-attachment":"scroll","background-type":"","background-media":"","overlay-type":"","overlay-color":"","overlay-opacity":"","overlay-gradient":""}}},"product_brand":[],"product_cat":[41],"product_tag":[],"class_list":{"0":"post-7698","1":"product","2":"type-product","3":"status-publish","4":"has-post-thumbnail","6":"product_cat-produkty-pre-zdravie","7":"desktop-align-left","8":"tablet-align-left","9":"mobile-align-left","11":"first","12":"instock","13":"sale","14":"taxable","15":"shipping-taxable","16":"purchasable","17":"product-type-simple"},"_links":{"self":[{"href":"https:\/\/wellness4you.cz\/sk\/wp-json\/wp\/v2\/product\/7698","targetHints":{"allow":["GET"]}}],"collection":[{"href":"https:\/\/wellness4you.cz\/sk\/wp-json\/wp\/v2\/product"}],"about":[{"href":"https:\/\/wellness4you.cz\/sk\/wp-json\/wp\/v2\/types\/product"}],"replies":[{"embeddable":true,"href":"https:\/\/wellness4you.cz\/sk\/wp-json\/wp\/v2\/comments?post=7698"}],"wp:featuredmedia":[{"embeddable":true,"href":"https:\/\/wellness4you.cz\/sk\/wp-json\/wp\/v2\/media\/7697"}],"wp:attachment":[{"href":"https:\/\/wellness4you.cz\/sk\/wp-json\/wp\/v2\/media?parent=7698"}],"wp:term":[{"taxonomy":"product_brand","embeddable":true,"href":"https:\/\/wellness4you.cz\/sk\/wp-json\/wp\/v2\/product_brand?post=7698"},{"taxonomy":"product_cat","embeddable":true,"href":"https:\/\/wellness4you.cz\/sk\/wp-json\/wp\/v2\/product_cat?post=7698"},{"taxonomy":"product_tag","embeddable":true,"href":"https:\/\/wellness4you.cz\/sk\/wp-json\/wp\/v2\/product_tag?post=7698"}],"curies":[{"name":"wp","href":"https:\/\/api.w.org\/{rel}","templated":true}]}}