{"id":7688,"date":"2023-09-02T20:47:49","date_gmt":"2023-09-02T18:47:49","guid":{"rendered":"https:\/\/wellness4you.cz\/sk\/rectin\/"},"modified":"2026-01-08T22:52:36","modified_gmt":"2026-01-08T21:52:36","slug":"rectin","status":"publish","type":"product","link":"https:\/\/wellness4you.cz\/sk\/rectin\/","title":{"rendered":"Rectin"},"content":{"rendered":"<h2 id=\"co-je-rectin\">\u010co je Rectin?<\/h2>\n<p>Rectin je revolu\u010dn\u00fd kr\u00e9m vytvoren\u00fd na b\u00e1ze pr\u00edrodn\u00fdch zlo\u017eiek. Jeho z\u00e1merom je pon\u00faknu\u0165 u\u013eavu od nepohodlia sp\u00f4soben\u00e9ho hemoroidmi a pritom zd\u00f4raz\u0148ova\u0165 prirodzenos\u0165 a bezpe\u010dnos\u0165 jeho zlo\u017eiek.<\/p>\n<p>Niekedy m\u00f4\u017ee by\u0165 \u0165a\u017ek\u00e9 n\u00e1js\u0165 produkt, ktor\u00fd je \u00fa\u010dinn\u00fd a z\u00e1rove\u0148 \u0161etrn\u00fd k citlivej oblasti. Tento produkt je odpove\u010f na t\u00fato v\u00fdzvu. S jeho jedine\u010dn\u00fdm zlo\u017een\u00edm zabezpe\u010duje, \u017ee m\u00f4\u017eete za\u017ei\u0165 \u00fa\u013eavu, ktor\u00fa potrebujete, bez ob\u00e1v z ved\u013eaj\u0161\u00edch \u00fa\u010dinkov.<\/p>\n<h2 id=\"vyhody\">V\u00fdhody pou\u017e\u00edvania kremu<\/h2>\n<p>Pr\u00edrodn\u00e9 zlo\u017eky, ktor\u00e9 s\u00fa s\u00fa\u010das\u0165ou kr\u00e9mu, nielen\u017ee prispievaj\u00fa k r\u00fdchlemu a efekt\u00edvnemu zmierneniu sympt\u00f3mov spojen\u00fdch s hemoroidmi, ale tie\u017e podporuj\u00fa celkov\u00e9 zdravie dan\u00e9 oblasti. V\u00fdsledkom je komplexn\u00fd pr\u00edstup k lie\u010dbe, ktor\u00fd je z\u00e1rove\u0148 jemn\u00fd a \u00fa\u010dinn\u00fd.<\/p>\n<p>\u010eal\u0161ou v\u00fdhodou tohto kr\u00e9mu je jeho r\u00fdchla absorpcia. Po aplik\u00e1cii sa r\u00fdchlo vstreb\u00e1va do poko\u017eky, \u010do zabezpe\u010duje r\u00fdchlu \u00fa\u013eavu bez mastn\u00e9ho alebo lepkav\u00e9ho pocitu.<\/p>\n<p>Rectin tie\u017e pon\u00faka dlhotrvaj\u00face \u00fa\u010dinky. V\u010faka svojim zlo\u017ek\u00e1m pom\u00e1ha nielen pri ak\u00fatnych sympt\u00f3moch, ale tie\u017e pri prevencii ich op\u00e4tovn\u00e9ho v\u00fdskytu.<\/p>\n<h2 id=\"ako-funguje\">Ako Rectin funguje<\/h2>\n<p>Kl\u00fa\u010dom k \u00faspechu kr\u00e9mu tento produkt je jeho zlo\u017eenie. Zlo\u017eky, ktor\u00e9 obsahuje, s\u00fa zn\u00e1me svojimi protiz\u00e1palov\u00fdmi, upokojuj\u00facimi a hojiv\u00fdmi vlastnos\u0165ami, \u010do zabezpe\u010duje r\u00fdchlu a efekt\u00edvnu \u00fa\u013eavu.<\/p>\n<p>\u010eal\u0161\u00edm faktorom je jeho schopnos\u0165 hydratova\u0165 postihnut\u00fa oblas\u0165, \u010do pom\u00e1ha zmierni\u0165 svrbenie a podr\u00e1\u017edenie. Takto dok\u00e1\u017ee Rectin r\u00fdchlo a efekt\u00edvne zmierni\u0165 sympt\u00f3my spojen\u00e9 s hemoroidmi a z\u00e1rove\u0148 podpori\u0165 proces regener\u00e1cie tkaniva.<\/p>\n<h2 id=\"preco-vybrat\">Pre\u010do si vybra\u0165 Rectin?<\/h2>\n<p>Na trhu je mnoho produktov ur\u010den\u00fdch na lie\u010dbu hemoroidov, ale tento produkt vynik\u00e1 v\u010faka svojej prirodzenosti a \u00fa\u010dinnosti. Jeho pr\u00edrodn\u00e9 zlo\u017eky zabezpe\u010duj\u00fa, \u017ee je vhodn\u00fd aj pre tie najcitlivej\u0161ie typy pleti, zatia\u013e \u010do jeho siln\u00e9 protiz\u00e1palov\u00e9 vlastnosti r\u00fdchlo zni\u017euj\u00fa opuch a boles\u0165.<\/p>\n<p>Je d\u00f4le\u017eit\u00e9 ma\u0165 rie\u0161enie, ktor\u00e9 v\u00e1m m\u00f4\u017ee pon\u00faknu\u0165 r\u00fdchlu \u00fa\u013eavu, ale z\u00e1rove\u0148 je d\u00f4le\u017eit\u00e9 dba\u0165 na to, aby bolo toto rie\u0161enie \u0161etrn\u00e9 a bezpe\u010dn\u00e9. Rectin je presne tak\u00fdto produkt &#8211; kombin\u00e1cia \u00fa\u010dinnosti a jemnosti, ktor\u00fa h\u013ead\u00e1te.<\/p>\n<p>Ne\u010dakajte na to, a\u017e v\u00e1s nepohodlie sp\u00f4soben\u00e9 hemoroidmi znovu prekvap\u00ed. Bu\u010fte pripraven\u00ed a zaobstarajte si Rectin e\u0161te dnes. Urobte pre seba krok smerom k pohodlnej\u0161iemu \u017eivotu bez nepohodlia.<\/p>\n<p>Nezme\u0161kajte pr\u00edle\u017eitos\u0165 za\u017ei\u0165 \u00fa\u013eavu, ktor\u00fa v\u00e1m Rectin m\u00f4\u017ee pon\u00faknu\u0165. <strong>Kliknite sem a za\u010dnite cestu k pohodlnej\u0161iemu \u017eivotu u\u017e dnes!<\/strong><\/p>\n","protected":false},"excerpt":{"rendered":"<p>Rectin je \u0161peci\u00e1lne navrhnut\u00fd kr\u00e9m na b\u00e1ze pr\u00edrodn\u00fdch zlo\u017eiek s prospe\u0161n\u00fdmi \u00fa\u010dinkami na zdravie. \u00da\u010dinne zmiernuje nepr\u00edjemn\u00e9 pr\u00edznaky spojen\u00e9 s hemoroidami. Poc\u00ed\u0165te \u00fa\u013eavu a komfort. Objednajte si e\u0161te dnes!<\/p>\n","protected":false},"featured_media":7687,"comment_status":"open","ping_status":"closed","template":"","meta":{"site-sidebar-layout":"default","site-content-layout":"","ast-site-content-layout":"default","site-content-style":"default","site-sidebar-style":"default","ast-global-header-display":"","ast-banner-title-visibility":"","ast-main-header-display":"","ast-hfb-above-header-display":"","ast-hfb-below-header-display":"","ast-hfb-mobile-header-display":"","site-post-title":"","ast-breadcrumbs-content":"","ast-featured-img":"","footer-sml-layout":"","ast-disable-related-posts":"","theme-transparent-header-meta":"default","adv-header-id-meta":"","stick-header-meta":"","header-above-stick-meta":"","header-main-stick-meta":"","header-below-stick-meta":"","astra-migrate-meta-layouts":"set","ast-page-background-enabled":"default","ast-page-background-meta":{"desktop":{"background-color":"","background-image":"","background-repeat":"repeat","background-position":"center center","background-size":"auto","background-attachment":"scroll","background-type":"","background-media":"","overlay-type":"","overlay-color":"","overlay-opacity":"","overlay-gradient":""},"tablet":{"background-color":"","background-image":"","background-repeat":"repeat","background-position":"center center","background-size":"auto","background-attachment":"scroll","background-type":"","background-media":"","overlay-type":"","overlay-color":"","overlay-opacity":"","overlay-gradient":""},"mobile":{"background-color":"","background-image":"","background-repeat":"repeat","background-position":"center center","background-size":"auto","background-attachment":"scroll","background-type":"","background-media":"","overlay-type":"","overlay-color":"","overlay-opacity":"","overlay-gradient":""}},"ast-content-background-meta":{"desktop":{"background-color":"var(--ast-global-color-5)","background-image":"","background-repeat":"repeat","background-position":"center center","background-size":"auto","background-attachment":"scroll","background-type":"","background-media":"","overlay-type":"","overlay-color":"","overlay-opacity":"","overlay-gradient":""},"tablet":{"background-color":"var(--ast-global-color-5)","background-image":"","background-repeat":"repeat","background-position":"center center","background-size":"auto","background-attachment":"scroll","background-type":"","background-media":"","overlay-type":"","overlay-color":"","overlay-opacity":"","overlay-gradient":""},"mobile":{"background-color":"var(--ast-global-color-5)","background-image":"","background-repeat":"repeat","background-position":"center center","background-size":"auto","background-attachment":"scroll","background-type":"","background-media":"","overlay-type":"","overlay-color":"","overlay-opacity":"","overlay-gradient":""}}},"product_brand":[],"product_cat":[41],"product_tag":[],"class_list":{"0":"post-7688","1":"product","2":"type-product","3":"status-publish","4":"has-post-thumbnail","6":"product_cat-produkty-pre-zdravie","7":"desktop-align-left","8":"tablet-align-left","9":"mobile-align-left","11":"first","12":"instock","13":"sale","14":"taxable","15":"shipping-taxable","16":"purchasable","17":"product-type-simple"},"_links":{"self":[{"href":"https:\/\/wellness4you.cz\/sk\/wp-json\/wp\/v2\/product\/7688","targetHints":{"allow":["GET"]}}],"collection":[{"href":"https:\/\/wellness4you.cz\/sk\/wp-json\/wp\/v2\/product"}],"about":[{"href":"https:\/\/wellness4you.cz\/sk\/wp-json\/wp\/v2\/types\/product"}],"replies":[{"embeddable":true,"href":"https:\/\/wellness4you.cz\/sk\/wp-json\/wp\/v2\/comments?post=7688"}],"wp:featuredmedia":[{"embeddable":true,"href":"https:\/\/wellness4you.cz\/sk\/wp-json\/wp\/v2\/media\/7687"}],"wp:attachment":[{"href":"https:\/\/wellness4you.cz\/sk\/wp-json\/wp\/v2\/media?parent=7688"}],"wp:term":[{"taxonomy":"product_brand","embeddable":true,"href":"https:\/\/wellness4you.cz\/sk\/wp-json\/wp\/v2\/product_brand?post=7688"},{"taxonomy":"product_cat","embeddable":true,"href":"https:\/\/wellness4you.cz\/sk\/wp-json\/wp\/v2\/product_cat?post=7688"},{"taxonomy":"product_tag","embeddable":true,"href":"https:\/\/wellness4you.cz\/sk\/wp-json\/wp\/v2\/product_tag?post=7688"}],"curies":[{"name":"wp","href":"https:\/\/api.w.org\/{rel}","templated":true}]}}