{"id":7686,"date":"2023-09-02T20:47:49","date_gmt":"2023-09-02T18:47:49","guid":{"rendered":"https:\/\/wellness4you.cz\/sk\/nemanex\/"},"modified":"2026-01-08T22:52:34","modified_gmt":"2026-01-08T21:52:34","slug":"nemanex","status":"publish","type":"product","link":"https:\/\/wellness4you.cz\/sk\/nemanex\/","title":{"rendered":"Nemanex"},"content":{"rendered":"<h2>Obsah<\/h2>\n<ul>\n<li><a href=\"#prednosti\">Prednosti produktu Nemanex kvapky<\/a><\/li>\n<li><a href=\"#zlozky\">Vysoko kvalitn\u00e9 zlo\u017eky<\/a><\/li>\n<li><a href=\"#davkovanie\">Jednoduch\u00e9 d\u00e1vkovanie s praktickou pipetou<\/a><\/li>\n<li><a href=\"#ochrana\">Ochrana v\u00e1\u0161ho zdravia<\/a><\/li>\n<\/ul>\n<p>Nie je tajomstvom, \u017ee \u017eivotn\u00fd \u0161t\u00fdl a prostredie v dne\u0161nej dobe \u010dasto prin\u00e1\u0161aj\u00fa ne\u017eiaduce parazity do n\u00e1\u0161ho tela. Pr\u00e1ve preto je d\u00f4le\u017eit\u00e9 ma\u0165 spo\u013eahliv\u00e9ho partnera, ktor\u00fd n\u00e1m v tejto oblasti pom\u00f4\u017ee. A pr\u00e1ve tu vstupuj\u00fa do hry kvapky Nemanex.<\/p>\n<p>Zam\u00fd\u0161\u013eate sa nad t\u00fdm, pre\u010do si vybra\u0165 tento konkr\u00e9tny produkt? Odpove\u010f je jednoduch\u00e1. Nemanex kvapky prin\u00e1\u0161aj\u00fa viac ne\u017e len \u00fa\u010dinn\u00fa obranu proti parazitom. V\u010faka vynikaj\u00facej kvalite a spo\u013eahliv\u00fdm zlo\u017ek\u00e1m je tento produkt ide\u00e1lnym rie\u0161en\u00edm pre ka\u017ed\u00e9ho, kto si v\u00e1\u017ei svoje zdravie.<\/p>\n<p>Probl\u00e9my s parazitmi nie s\u00fa len nepr\u00edjemn\u00e9, ale m\u00f4\u017eu aj v\u00e1\u017ene ohrozi\u0165 na\u0161e zdravie. Preto je d\u00f4le\u017eit\u00e9 kona\u0165 r\u00fdchlo a \u00fa\u010dinne. A pr\u00e1ve kvapky Nemanex v\u00e1m v tom m\u00f4\u017eu by\u0165 spo\u013eahliv\u00fdm pomocn\u00edkom.<\/p>\n<h2 id=\"prednosti\">Prednosti produktu Nemanex kvapky<\/h2>\n<p>\u010co presne rob\u00ed tieto kvapky tak v\u00fdnimo\u010dn\u00fdmi? Ak h\u013ead\u00e1te produkt, ktor\u00fd v\u00e1m poskytne maximum v\u00fdhod a z\u00e1rove\u0148 je jednoduch\u00fd na pou\u017eitie, Nemanex kvapky s\u00fa t\u00fdm prav\u00fdm rie\u0161en\u00edm pre v\u00e1s.<\/p>\n<h2 id=\"zlozky\">Vysoko kvalitn\u00e9 zlo\u017eky<\/h2>\n<p>Na prvom mieste stoj\u00ed vysok\u00e1 kvalita zlo\u017eiek. Tento produkt je vyroben\u00fd za pr\u00edsnych hygienick\u00fdch podmienok, \u010do zabezpe\u010duje, \u017ee dost\u00e1vate to najlep\u0161ie z pr\u00edrody. Rastlinn\u00e9 extrakty a in\u00e9 pr\u00edrodn\u00e9 zlo\u017eky v t\u00fdchto kvapk\u00e1ch s\u00fa starostlivo vybran\u00e9 a kombinovan\u00e9 tak, aby poskytovali maximum \u00fa\u010dinku.<\/p>\n<p>Nemanex kvapky nie s\u00fa len o zlo\u017ek\u00e1ch. Ide o sp\u00f4sob, ak\u00fdm kombinujeme a spracov\u00e1vame tieto zlo\u017eky, aby sme v\u00e1m poskytli maxim\u00e1lnu ochranu pred parazitmi.<\/p>\n<h2 id=\"davkovanie\">Jednoduch\u00e9 d\u00e1vkovanie s praktickou pipetou<\/h2>\n<p>D\u00e1vkovanie liekov m\u00f4\u017ee by\u0165 niekedy zlo\u017eit\u00e9 a stresuj\u00face, ale nie s kvapkami Nemanex. V\u010faka praktickej pipete m\u00f4\u017eete \u013eahko z\u00edska\u0165 presn\u00fa d\u00e1vku, ktor\u00fa potrebujete, a aplikova\u0165 ju r\u00e1no alebo kedyko\u013evek po\u010das d\u0148a, ke\u010f to budete potrebova\u0165.<\/p>\n<p>Jednoduch\u00e9 a presn\u00e9 d\u00e1vkovanie v\u00e1m pom\u00f4\u017ee zabezpe\u010di\u0165, \u017ee vyu\u017eijete v\u0161etky v\u00fdhody produktu bez ak\u00fdchko\u013evek komplik\u00e1ci\u00ed alebo starost\u00ed.<\/p>\n<h2 id=\"ochrana\">Ochrana v\u00e1\u0161ho zdravia<\/h2>\n<p>Nemanex kvapky s\u00fa nielen o obrane proti parazitom. S\u00fa tie\u017e o ochrane v\u00e1\u0161ho zdravia a zabezpe\u010den\u00ed, aby ste mali \u017eivot pln\u00fd energie a bez ne\u017eiaducich komplik\u00e1ci\u00ed.<\/p>\n<p>Ne\u010dakajte, k\u00fdm sa probl\u00e9my stan\u00fa v\u00e1\u017enymi. Za\u010dnite dba\u0165 na svoje zdravie u\u017e dnes. Ochra\u0148te seba a svoju rodinu pred parazitmi a in\u00fdmi hrozbami, ktor\u00e9 m\u00f4\u017eu ohrozi\u0165 va\u0161e zdravie.<\/p>\n<p><strong>Objednajte si svoj bal\u00ed\u010dek Nemanex kvapky e\u0161te dnes a za\u017eite pocit istoty a ochrany, ktor\u00fa v\u00e1m m\u00f4\u017ee poskytn\u00fa\u0165 len tento v\u00fdnimo\u010dn\u00fd produkt.<\/strong><\/p>\n","protected":false},"excerpt":{"rendered":"<p>Nemanex kvapky pr\u00edrodne podporuj\u00fa va\u0161e telo proti parazitom. Vysoko kvalitn\u00e9 zlo\u017eky a pr\u00edsna hygienick\u00e1 kontrola zaru\u010duj\u00fa vynikaj\u00facu kvalitu. Praktick\u00e1 pipeta zabezpe\u010duje jednoduch\u00e9 d\u00e1vkovanie r\u00e1no. Objednajte si e\u0161te dnes a ochra\u0148te svoje zdravie!<\/p>\n","protected":false},"featured_media":7685,"comment_status":"open","ping_status":"closed","template":"","meta":{"site-sidebar-layout":"default","site-content-layout":"","ast-site-content-layout":"default","site-content-style":"default","site-sidebar-style":"default","ast-global-header-display":"","ast-banner-title-visibility":"","ast-main-header-display":"","ast-hfb-above-header-display":"","ast-hfb-below-header-display":"","ast-hfb-mobile-header-display":"","site-post-title":"","ast-breadcrumbs-content":"","ast-featured-img":"","footer-sml-layout":"","ast-disable-related-posts":"","theme-transparent-header-meta":"default","adv-header-id-meta":"","stick-header-meta":"","header-above-stick-meta":"","header-main-stick-meta":"","header-below-stick-meta":"","astra-migrate-meta-layouts":"set","ast-page-background-enabled":"default","ast-page-background-meta":{"desktop":{"background-color":"","background-image":"","background-repeat":"repeat","background-position":"center center","background-size":"auto","background-attachment":"scroll","background-type":"","background-media":"","overlay-type":"","overlay-color":"","overlay-opacity":"","overlay-gradient":""},"tablet":{"background-color":"","background-image":"","background-repeat":"repeat","background-position":"center center","background-size":"auto","background-attachment":"scroll","background-type":"","background-media":"","overlay-type":"","overlay-color":"","overlay-opacity":"","overlay-gradient":""},"mobile":{"background-color":"","background-image":"","background-repeat":"repeat","background-position":"center center","background-size":"auto","background-attachment":"scroll","background-type":"","background-media":"","overlay-type":"","overlay-color":"","overlay-opacity":"","overlay-gradient":""}},"ast-content-background-meta":{"desktop":{"background-color":"var(--ast-global-color-5)","background-image":"","background-repeat":"repeat","background-position":"center center","background-size":"auto","background-attachment":"scroll","background-type":"","background-media":"","overlay-type":"","overlay-color":"","overlay-opacity":"","overlay-gradient":""},"tablet":{"background-color":"var(--ast-global-color-5)","background-image":"","background-repeat":"repeat","background-position":"center center","background-size":"auto","background-attachment":"scroll","background-type":"","background-media":"","overlay-type":"","overlay-color":"","overlay-opacity":"","overlay-gradient":""},"mobile":{"background-color":"var(--ast-global-color-5)","background-image":"","background-repeat":"repeat","background-position":"center center","background-size":"auto","background-attachment":"scroll","background-type":"","background-media":"","overlay-type":"","overlay-color":"","overlay-opacity":"","overlay-gradient":""}}},"product_brand":[],"product_cat":[41],"product_tag":[],"class_list":{"0":"post-7686","1":"product","2":"type-product","3":"status-publish","4":"has-post-thumbnail","6":"product_cat-produkty-pre-zdravie","7":"desktop-align-left","8":"tablet-align-left","9":"mobile-align-left","11":"first","12":"instock","13":"sale","14":"taxable","15":"shipping-taxable","16":"purchasable","17":"product-type-simple"},"_links":{"self":[{"href":"https:\/\/wellness4you.cz\/sk\/wp-json\/wp\/v2\/product\/7686","targetHints":{"allow":["GET"]}}],"collection":[{"href":"https:\/\/wellness4you.cz\/sk\/wp-json\/wp\/v2\/product"}],"about":[{"href":"https:\/\/wellness4you.cz\/sk\/wp-json\/wp\/v2\/types\/product"}],"replies":[{"embeddable":true,"href":"https:\/\/wellness4you.cz\/sk\/wp-json\/wp\/v2\/comments?post=7686"}],"wp:featuredmedia":[{"embeddable":true,"href":"https:\/\/wellness4you.cz\/sk\/wp-json\/wp\/v2\/media\/7685"}],"wp:attachment":[{"href":"https:\/\/wellness4you.cz\/sk\/wp-json\/wp\/v2\/media?parent=7686"}],"wp:term":[{"taxonomy":"product_brand","embeddable":true,"href":"https:\/\/wellness4you.cz\/sk\/wp-json\/wp\/v2\/product_brand?post=7686"},{"taxonomy":"product_cat","embeddable":true,"href":"https:\/\/wellness4you.cz\/sk\/wp-json\/wp\/v2\/product_cat?post=7686"},{"taxonomy":"product_tag","embeddable":true,"href":"https:\/\/wellness4you.cz\/sk\/wp-json\/wp\/v2\/product_tag?post=7686"}],"curies":[{"name":"wp","href":"https:\/\/api.w.org\/{rel}","templated":true}]}}