{"id":7684,"date":"2023-09-02T20:47:48","date_gmt":"2023-09-02T18:47:48","guid":{"rendered":"https:\/\/wellness4you.cz\/sk\/hondrolife\/"},"modified":"2026-01-08T22:52:34","modified_gmt":"2026-01-08T21:52:34","slug":"hondrolife","status":"publish","type":"product","link":"https:\/\/wellness4you.cz\/sk\/hondrolife\/","title":{"rendered":"HondroLife"},"content":{"rendered":"<h2>Obsah<\/h2>\n<ul>\n<li><a href=\"#prednosti\">Prednosti HondroLife<\/a><\/li>\n<li><a href=\"#ako-funguje\">Ako HondroLife funguje?<\/a><\/li>\n<li><a href=\"#zivot-bez-bolesti\">\u017divot bez bolesti<\/a><\/li>\n<li><a href=\"#vyzva\">V\u00fdzva pre v\u00e1s<\/a><\/li>\n<\/ul>\n<p>Ka\u017ed\u00fd z n\u00e1s t\u00fa\u017ei po pohodlnom a akt\u00edvnom \u017eivote. No, \u010do ak v\u00e1s tr\u00e1pi nepr\u00edjemn\u00e1 boles\u0165 k\u013abov? Predstavte si, \u017ee by ste mohli op\u00e4\u0165 \u017ei\u0165 bez obmedzen\u00ed, bez bolesti. A presne na to je tu pr\u00edpravok, ktor\u00fd v\u00e1m m\u00f4\u017ee pom\u00f4c\u0165 dosiahnu\u0165 tento sen.<\/p>\n<p>Boles\u0165 k\u013abov je \u010dast\u00fdm probl\u00e9mom medzi obyvate\u013emi Slovenska. Z\u00e1pas\u00edte s \u0148ou pri ka\u017edom kroku, obmedzuje v\u00e1s v ka\u017edodenn\u00fdch \u010dinnostiach, rob\u00ed v\u00e1m probl\u00e9my pri \u0161porte, \u010di dokonca pri jednoduchom vst\u00e1van\u00ed z postele. Predstavte si, \u017ee by v\u0161etky tieto probl\u00e9my mohli by\u0165 minulos\u0165ou. A to v\u010faka pr\u00edpravku, ktor\u00fd nie je len \u010fal\u0161\u00edm liekom z lek\u00e1rne, ale je skuto\u010dn\u00fdm rie\u0161en\u00edm v\u00e1\u0161ho probl\u00e9mu.<\/p>\n<p>Boles\u0165 k\u013abov m\u00f4\u017ee by\u0165 \u010dasto d\u00f4sledkom zranenia, opotrebenia \u010di veku. Av\u0161ak, namiesto toho, aby ste sa neust\u00e1le spoliehali na tabletky proti bolesti alebo r\u00f4zne mas\u00e1\u017ee, m\u00e1te mo\u017enos\u0165 vysk\u00fa\u0161a\u0165 nie\u010do, \u010do v\u00e1m pon\u00faka dlhotrvaj\u00face \u00fa\u013eavy.<\/p>\n<h2 id=\"prednosti\">Prednosti HondroLife<\/h2>\n<p>\u010co je teda v\u00fdnimo\u010dn\u00e9 na HondroLife? Je to pr\u00edrodn\u00fd sprej, ktor\u00fd je navrhnut\u00fd presne pre \u013eud\u00ed ako vy, ktor\u00ed trpia boles\u0165ami k\u013abov. Sprej pon\u00faka r\u00fdchlu a efekt\u00edvnu \u00fa\u013eavu, bez ved\u013eaj\u0161\u00edch \u00fa\u010dinkov, ktor\u00e9 m\u00f4\u017eu sp\u00f4sobi\u0165 in\u00e9 pr\u00edpravky.<\/p>\n<p>Pr\u00edrodn\u00e9 zlo\u017eky, ktor\u00e9 obsahuje, zabezpe\u010duj\u00fa, \u017ee je bezpe\u010dn\u00fd pre ka\u017edodenn\u00e9 pou\u017eitie. Neobsahuje chemik\u00e1lie ani umel\u00e9 l\u00e1tky, ktor\u00e9 by mohli po\u0161kodi\u0165 va\u0161e zdravie. Tento sprej je skuto\u010dn\u00fdm darom pr\u00edrody pre v\u0161etk\u00fdch, ktor\u00ed h\u013eadaj\u00fa rie\u0161enie svojich probl\u00e9mov s boles\u0165ou k\u013abov.<\/p>\n<h2 id=\"ako-funguje\">Ako HondroLife funguje?<\/h2>\n<p>Ke\u010f aplikujete sprej priamo na postihnut\u00fa oblas\u0165, r\u00fdchlo prenik\u00e1 do poko\u017eky a poskytuje okam\u017eit\u00fa \u00fa\u013eavu. Pom\u00e1ha zni\u017eova\u0165 opuchy, z\u00e1paly a napom\u00e1ha regener\u00e1cii postihnut\u00fdch oblast\u00ed. M\u00f4\u017eete ho pou\u017e\u00edva\u0165 kedyko\u013evek poc\u00edtite boles\u0165, a v kr\u00e1tkom \u010dase poc\u00edtite \u00fa\u013eavu.<\/p>\n<p>A \u010do je najlep\u0161ie? HondroLife nie je len do\u010dasn\u00fdm rie\u0161en\u00edm. Pri pravidelnom pou\u017e\u00edvan\u00ed m\u00f4\u017eete dosiahnu\u0165 dlhodob\u00fa \u00fa\u013eavu a zlep\u0161enie stavu va\u0161ich k\u013abov. Nebudete musie\u0165 obmedzova\u0165 svoju fyzick\u00fa aktivitu alebo sa ob\u00e1va\u0165 ka\u017ed\u00e9ho kroku.<\/p>\n<h2 id=\"zivot-bez-bolesti\">\u017divot bez bolesti<\/h2>\n<p>\u017divot bez bolesti znamen\u00e1 slobodu. Slobodu robi\u0165 \u010do chcete, kedy chcete. Bez obmedzen\u00ed, bez strachu. M\u00f4\u017eete znova objavi\u0165 radosti akt\u00edvneho \u017eivota, \u010di u\u017e ide o \u0161port, turistiku, tanec alebo jednoduch\u00e9 prech\u00e1dzky v pr\u00edrode. S HondroLife sa v\u00e1m otv\u00e1raj\u00fa dvere do sveta, kde boles\u0165 neexistuje.<\/p>\n<h2 id=\"vyzva\">V\u00fdzva pre v\u00e1s<\/h2>\n<p>Nemus\u00edte sa spolieha\u0165 len na slov\u00e1. Vysk\u00fa\u0161ajte HondroLife na vlastnej poko\u017eke a presved\u010dte sa sami o jeho \u00fa\u010dinkoch. Nechajte boles\u0165 za sebou a objednajte si HondroLife e\u0161te dnes! Pre\u010do by ste mali e\u0161te v\u00e1ha\u0165, ke\u010f rie\u0161enie va\u0161ich probl\u00e9mov je na dosah ruky?<\/p>\n","protected":false},"excerpt":{"rendered":"<p>HondroLife je pr\u00edrodn\u00fd sprej proti bolesti, navrhnut\u00fd pre \u013eud\u00ed s boles\u0165ami k\u013abov. Pomo\u017ee v\u00e1m \u017ei\u0165 plnohodnotn\u00fd \u017eivot bez bolesti. Nechajte boles\u0165 za sebou. Objednajte si HondroLife e\u0161te dnes!<\/p>\n","protected":false},"featured_media":7683,"comment_status":"open","ping_status":"closed","template":"","meta":{"site-sidebar-layout":"default","site-content-layout":"","ast-site-content-layout":"default","site-content-style":"default","site-sidebar-style":"default","ast-global-header-display":"","ast-banner-title-visibility":"","ast-main-header-display":"","ast-hfb-above-header-display":"","ast-hfb-below-header-display":"","ast-hfb-mobile-header-display":"","site-post-title":"","ast-breadcrumbs-content":"","ast-featured-img":"","footer-sml-layout":"","ast-disable-related-posts":"","theme-transparent-header-meta":"default","adv-header-id-meta":"","stick-header-meta":"","header-above-stick-meta":"","header-main-stick-meta":"","header-below-stick-meta":"","astra-migrate-meta-layouts":"set","ast-page-background-enabled":"default","ast-page-background-meta":{"desktop":{"background-color":"","background-image":"","background-repeat":"repeat","background-position":"center center","background-size":"auto","background-attachment":"scroll","background-type":"","background-media":"","overlay-type":"","overlay-color":"","overlay-opacity":"","overlay-gradient":""},"tablet":{"background-color":"","background-image":"","background-repeat":"repeat","background-position":"center center","background-size":"auto","background-attachment":"scroll","background-type":"","background-media":"","overlay-type":"","overlay-color":"","overlay-opacity":"","overlay-gradient":""},"mobile":{"background-color":"","background-image":"","background-repeat":"repeat","background-position":"center center","background-size":"auto","background-attachment":"scroll","background-type":"","background-media":"","overlay-type":"","overlay-color":"","overlay-opacity":"","overlay-gradient":""}},"ast-content-background-meta":{"desktop":{"background-color":"var(--ast-global-color-5)","background-image":"","background-repeat":"repeat","background-position":"center center","background-size":"auto","background-attachment":"scroll","background-type":"","background-media":"","overlay-type":"","overlay-color":"","overlay-opacity":"","overlay-gradient":""},"tablet":{"background-color":"var(--ast-global-color-5)","background-image":"","background-repeat":"repeat","background-position":"center center","background-size":"auto","background-attachment":"scroll","background-type":"","background-media":"","overlay-type":"","overlay-color":"","overlay-opacity":"","overlay-gradient":""},"mobile":{"background-color":"var(--ast-global-color-5)","background-image":"","background-repeat":"repeat","background-position":"center center","background-size":"auto","background-attachment":"scroll","background-type":"","background-media":"","overlay-type":"","overlay-color":"","overlay-opacity":"","overlay-gradient":""}}},"product_brand":[],"product_cat":[41],"product_tag":[],"class_list":{"0":"post-7684","1":"product","2":"type-product","3":"status-publish","4":"has-post-thumbnail","6":"product_cat-produkty-pre-zdravie","7":"desktop-align-left","8":"tablet-align-left","9":"mobile-align-left","11":"first","12":"instock","13":"sale","14":"taxable","15":"shipping-taxable","16":"purchasable","17":"product-type-simple"},"_links":{"self":[{"href":"https:\/\/wellness4you.cz\/sk\/wp-json\/wp\/v2\/product\/7684","targetHints":{"allow":["GET"]}}],"collection":[{"href":"https:\/\/wellness4you.cz\/sk\/wp-json\/wp\/v2\/product"}],"about":[{"href":"https:\/\/wellness4you.cz\/sk\/wp-json\/wp\/v2\/types\/product"}],"replies":[{"embeddable":true,"href":"https:\/\/wellness4you.cz\/sk\/wp-json\/wp\/v2\/comments?post=7684"}],"wp:featuredmedia":[{"embeddable":true,"href":"https:\/\/wellness4you.cz\/sk\/wp-json\/wp\/v2\/media\/7683"}],"wp:attachment":[{"href":"https:\/\/wellness4you.cz\/sk\/wp-json\/wp\/v2\/media?parent=7684"}],"wp:term":[{"taxonomy":"product_brand","embeddable":true,"href":"https:\/\/wellness4you.cz\/sk\/wp-json\/wp\/v2\/product_brand?post=7684"},{"taxonomy":"product_cat","embeddable":true,"href":"https:\/\/wellness4you.cz\/sk\/wp-json\/wp\/v2\/product_cat?post=7684"},{"taxonomy":"product_tag","embeddable":true,"href":"https:\/\/wellness4you.cz\/sk\/wp-json\/wp\/v2\/product_tag?post=7684"}],"curies":[{"name":"wp","href":"https:\/\/api.w.org\/{rel}","templated":true}]}}