{"id":7643,"date":"2023-08-25T18:06:53","date_gmt":"2023-08-25T16:06:53","guid":{"rendered":"https:\/\/wellness4you.cz\/sk\/?post_type=product&#038;p=7643"},"modified":"2026-05-16T21:14:21","modified_gmt":"2026-05-16T19:14:21","slug":"varicone","status":"publish","type":"product","link":"https:\/\/wellness4you.cz\/sk\/varicone\/","title":{"rendered":"Varicone"},"content":{"rendered":"<h2 id=\"toc\">Obsah<\/h2>\n<p><a href=\"#varicone-benefity\">Benefity produktu<\/a><\/p>\n<p><a href=\"#varicone-zlozenie\">Zlo\u017eenie<\/a><\/p>\n<p><a href=\"#varicone-pouzitie\">Ako pou\u017e\u00edva\u0165 Varicone<\/a><\/p>\n<p><a href=\"#varicone-varixy\">Zabudnite na probl\u00e9my s varixmi!<\/a><\/p>\n<p><a href=\"#varicone-nenechajte\">Nenechajte, aby v\u00e1s varixy zdr\u017eiavali!<\/a><\/p>\n<p><a href=\"#varicone-objednavka\">Ako si objedna\u0165 Varicone<\/a><\/p>\n<p><a href=\"#varicone-spokojnost\">Z\u00e1ruka spokojnosti s Varicone<\/a><\/p>\n<h2 id=\"varicone-benefity\">Benefity produktu<\/h2>\n<p>Varixy m\u00f4\u017eu sp\u00f4sobi\u0165 nepr\u00edjemn\u00e9 pocity v noh\u00e1ch a ovplyvni\u0165 v\u00e1\u0161 ka\u017edodenn\u00fd \u017eivot. Na\u0161\u0165astie, tu je rie\u0161enie &#8211; <strong>Varicone<\/strong>. T\u00e1to rastlinn\u00e1 lie\u010dba bola vyvinut\u00e1 na rie\u0161enie probl\u00e9mu roz\u0161\u00edren\u00fdch \u017e\u00edl bez chirurgick\u00e9ho z\u00e1sahu.<\/p>\n<p>Sme tu pre v\u00e1s, obyvatelia Slovenska, aby sme v\u00e1m predstavili t\u00fato revolu\u010dn\u00fa met\u00f3du, ktor\u00e1 v\u00e1m pom\u00f4\u017ee vr\u00e1ti\u0165 sa k zdrav\u00fdm noh\u00e1m a pohodln\u00e9mu \u017eivotn\u00e9mu \u0161t\u00fdlu.<\/p>\n<h2 id=\"varicone-zlozenie\">Zlo\u017eenie Varicone<\/h2>\n<p>\u00da\u010dinnos\u0165 produktu spo\u010d\u00edva v jeho starostlivo vybran\u00fdch zlo\u017ek\u00e1ch. Na\u0161e pr\u00edsady s\u00fa prirodzen\u00e9 a \u00fa\u010dinn\u00e9, aby sme dosiahli maxim\u00e1lny v\u00fdsledok pre va\u0161e nohy.<\/p>\n<p><strong>1. Extrakt z oby\u010dajn\u00e9ho su\u0161enca (Melilotus officinalis):<\/strong><\/p>\n<ul>\n<li>T\u00e1to zlo\u017eka pom\u00e1ha zlep\u0161i\u0165 obeh krvi, \u010dist\u00ed krvn\u00e9 cievy a \u017eily a br\u00e1ni tvorbe krvn\u00fdch zrazen\u00edn.<\/li>\n<\/ul>\n<p><strong>2. Extrakt zo semien ka\u0161tanu ko\u0148sk\u00e9ho (Aesculus hippocastanum):<\/strong><\/p>\n<ul>\n<li>Pom\u00e1ha posilni\u0165 steny ciev, zni\u017euje tlak na krvn\u00e9 cievy a \u017eily a zlep\u0161uje funkciu chlopni\u010diek v \u017eil\u00e1ch.<\/li>\n<\/ul>\n<p><strong>3. Extrakt z rias:<\/strong><\/p>\n<ul>\n<li>T\u00e1to zlo\u017eka prispieva k \u010disteniu ciev a podporuje prirodzen\u00fd obeh krvi.<\/li>\n<\/ul>\n<p><strong>4. Extrakt z gotu kola (Centella asiatica):<\/strong><\/p>\n<ul>\n<li>Pom\u00e1ha posilni\u0165 steny ciev, zlep\u0161uje obeh krvi a redukuje stagn\u00e1ciu krvi.<\/li>\n<\/ul>\n<p><strong>5. Extrakt z rep\u00edka (Arctium lappa):<\/strong><\/p>\n<ul>\n<li>Zabra\u0148uje alergick\u00fdm reakci\u00e1m, za\u010dervenaniu, bolesti a svrbeniu n\u00f4h.<\/li>\n<\/ul>\n<h2 id=\"varicone-pouzitie\">Ako pou\u017e\u00edva\u0165 Varicone<\/h2>\n<p>Pou\u017e\u00edvanie Varicone je jednoduch\u00e9 a efekt\u00edvne. Sta\u010d\u00ed aplikova\u0165 tenk\u00fa vrstvu g\u00e9lu na postihnut\u00fa oblas\u0165 n\u00f4h a jemne vmas\u00edrova\u0165. Odpor\u00fa\u010dame pou\u017e\u00edva\u0165 dvakr\u00e1t denne &#8211; r\u00e1no a ve\u010der. \u00da\u010dinky budete c\u00edti\u0165 postupne, ako sa va\u0161e nohy bud\u00fa c\u00edti\u0165 \u013eah\u0161ie a zdrav\u0161ie.<\/p>\n<h2 id=\"varicone-varixy\">Zabudnite na probl\u00e9my s varixmi!<\/h2>\n<p>Varixy m\u00f4\u017eu by\u0165 nielen nepr\u00edjemn\u00e9, ale aj esteticky ru\u0161iv\u00e9. S Varicone v\u0161ak nemus\u00edte trpie\u0165. Jeho \u00fa\u010dinn\u00e9 zlo\u017eenie sa postar\u00e1 o to, aby va\u0161e nohy znova vyzerali a c\u00edtili sa dobre. Zabudnite na nepr\u00edjemn\u00e9 bolesti, opuchy a nepr\u00edjemn\u00e9 vzh\u013ead varixov!<\/p>\n<h2 id=\"varicone-nenechajte\">Nenechajte, aby v\u00e1s varixy zdr\u017eiavali!<\/h2>\n<p>\u017divot je pr\u00edli\u0161 kr\u00e1tky na to, aby ste tr\u00e1vili \u010das obmedzen\u00edmi sp\u00f4soben\u00fdmi varixmi. S Varicone sa m\u00f4\u017eete vr\u00e1ti\u0165 k akt\u00edvnemu \u017eivotn\u00e9mu \u0161t\u00fdlu. U\u017eite si prech\u00e1dzky, cvi\u010denie a aktivity, ktor\u00e9 v\u00e1s nap\u013a\u0148aj\u00fa rados\u0165ou, bez ob\u00e1v z nepr\u00edjemnost\u00ed sp\u00f4soben\u00fdch varixmi.<\/p>\n<h2 id=\"varicone-objednavka\">Ako si objedna\u0165<\/h2>\n<p>Z\u00edskanie svojho vlastn\u00e9ho tento produkt je jednoduch\u00e9. Sta\u010d\u00ed prejs\u0165 na na\u0161u ofici\u00e1lnu webov\u00fa str\u00e1nku a zada\u0165 svoje \u00fadaje. O chv\u00ed\u013eu budete ma\u0165 mo\u017enos\u0165 zlep\u0161i\u0165 svoje nohy a vr\u00e1ti\u0165 sa k zdrav\u00e9mu \u017eivotn\u00e9mu \u0161t\u00fdlu.<\/p>\n<h2 id=\"varicone-spokojnost\">Z\u00e1ruka spokojnosti s Varicone<\/h2>\n<p>D\u00f4verujeme v \u00fa\u010dinnos\u0165 tento produkt a sme presved\u010den\u00ed, \u017ee budete s v\u00fdsledkami spokojn\u00ed. Ak v\u0161ak nebudete s produktom spokojn\u00ed z nejak\u00e9ho d\u00f4vodu, nev\u00e1hajte n\u00e1s kontaktova\u0165. Va\u0161a spokojnos\u0165 je pre n\u00e1s d\u00f4le\u017eit\u00e1 a radi v\u00e1m pom\u00f4\u017eeme n\u00e1js\u0165 rie\u0161enie.<\/p>\n<p>Nev\u00e1hajte viac! Vr\u00e1\u0165te si zdrav\u00e9 nohy a pohodln\u00fd \u017eivot s Varicone! Objednajte si ho e\u0161te dnes!<\/p>\n","protected":false},"excerpt":{"rendered":"<p>Varicone &#8211; Rastlinn\u00fd prostriedok pre zlep\u0161enie cirkul\u00e1cie krvi a lie\u010dbu varixov bez chirurgick\u00e9ho z\u00e1kroku. Na\u0161a unik\u00e1tna formula obsahuje pr\u00edrodn\u00e9 extrakty, ktor\u00e9 posil\u0148uj\u00fa cievy, zlep\u0161uj\u00fa obeh krvi a zabra\u0148uj\u00fa tvorbe krvn\u00fdch zrazen\u00edn. Zabudnite na bolestiv\u00e9 varixy a opuchy n\u00f4h s Varicone!<\/p>\n","protected":false},"featured_media":7644,"comment_status":"open","ping_status":"closed","template":"","meta":{"site-sidebar-layout":"default","site-content-layout":"","ast-site-content-layout":"default","site-content-style":"default","site-sidebar-style":"default","ast-global-header-display":"","ast-banner-title-visibility":"","ast-main-header-display":"","ast-hfb-above-header-display":"","ast-hfb-below-header-display":"","ast-hfb-mobile-header-display":"","site-post-title":"","ast-breadcrumbs-content":"","ast-featured-img":"","footer-sml-layout":"","ast-disable-related-posts":"","theme-transparent-header-meta":"default","adv-header-id-meta":"","stick-header-meta":"","header-above-stick-meta":"","header-main-stick-meta":"","header-below-stick-meta":"","astra-migrate-meta-layouts":"set","ast-page-background-enabled":"default","ast-page-background-meta":{"desktop":{"background-color":"","background-image":"","background-repeat":"repeat","background-position":"center center","background-size":"auto","background-attachment":"scroll","background-type":"","background-media":"","overlay-type":"","overlay-color":"","overlay-opacity":"","overlay-gradient":""},"tablet":{"background-color":"","background-image":"","background-repeat":"repeat","background-position":"center center","background-size":"auto","background-attachment":"scroll","background-type":"","background-media":"","overlay-type":"","overlay-color":"","overlay-opacity":"","overlay-gradient":""},"mobile":{"background-color":"","background-image":"","background-repeat":"repeat","background-position":"center center","background-size":"auto","background-attachment":"scroll","background-type":"","background-media":"","overlay-type":"","overlay-color":"","overlay-opacity":"","overlay-gradient":""}},"ast-content-background-meta":{"desktop":{"background-color":"var(--ast-global-color-5)","background-image":"","background-repeat":"repeat","background-position":"center center","background-size":"auto","background-attachment":"scroll","background-type":"","background-media":"","overlay-type":"","overlay-color":"","overlay-opacity":"","overlay-gradient":""},"tablet":{"background-color":"var(--ast-global-color-5)","background-image":"","background-repeat":"repeat","background-position":"center center","background-size":"auto","background-attachment":"scroll","background-type":"","background-media":"","overlay-type":"","overlay-color":"","overlay-opacity":"","overlay-gradient":""},"mobile":{"background-color":"var(--ast-global-color-5)","background-image":"","background-repeat":"repeat","background-position":"center center","background-size":"auto","background-attachment":"scroll","background-type":"","background-media":"","overlay-type":"","overlay-color":"","overlay-opacity":"","overlay-gradient":""}}},"product_brand":[],"product_cat":[63,41],"product_tag":[],"class_list":{"0":"post-7643","1":"product","2":"type-product","3":"status-publish","4":"has-post-thumbnail","6":"product_cat-novinky","7":"product_cat-produkty-pre-zdravie","8":"desktop-align-left","9":"tablet-align-left","10":"mobile-align-left","12":"first","13":"instock","14":"sale","15":"taxable","16":"shipping-taxable","17":"purchasable","18":"product-type-simple"},"_links":{"self":[{"href":"https:\/\/wellness4you.cz\/sk\/wp-json\/wp\/v2\/product\/7643","targetHints":{"allow":["GET"]}}],"collection":[{"href":"https:\/\/wellness4you.cz\/sk\/wp-json\/wp\/v2\/product"}],"about":[{"href":"https:\/\/wellness4you.cz\/sk\/wp-json\/wp\/v2\/types\/product"}],"replies":[{"embeddable":true,"href":"https:\/\/wellness4you.cz\/sk\/wp-json\/wp\/v2\/comments?post=7643"}],"wp:featuredmedia":[{"embeddable":true,"href":"https:\/\/wellness4you.cz\/sk\/wp-json\/wp\/v2\/media\/7644"}],"wp:attachment":[{"href":"https:\/\/wellness4you.cz\/sk\/wp-json\/wp\/v2\/media?parent=7643"}],"wp:term":[{"taxonomy":"product_brand","embeddable":true,"href":"https:\/\/wellness4you.cz\/sk\/wp-json\/wp\/v2\/product_brand?post=7643"},{"taxonomy":"product_cat","embeddable":true,"href":"https:\/\/wellness4you.cz\/sk\/wp-json\/wp\/v2\/product_cat?post=7643"},{"taxonomy":"product_tag","embeddable":true,"href":"https:\/\/wellness4you.cz\/sk\/wp-json\/wp\/v2\/product_tag?post=7643"}],"curies":[{"name":"wp","href":"https:\/\/api.w.org\/{rel}","templated":true}]}}