{"id":7640,"date":"2023-08-25T17:48:17","date_gmt":"2023-08-25T15:48:17","guid":{"rendered":"https:\/\/wellness4you.cz\/sk\/?post_type=product&#038;p=7640"},"modified":"2026-01-08T22:52:38","modified_gmt":"2026-01-08T21:52:38","slug":"cardio-a","status":"publish","type":"product","link":"https:\/\/wellness4you.cz\/sk\/cardio-a\/","title":{"rendered":"Cardio A"},"content":{"rendered":"<p>Cardio A je va\u0161\u00edm spo\u013eahliv\u00fdm partnerom pre podporu zdravia v\u00e1\u0161ho srdca a udr\u017eanie norm\u00e1lneho tlaku krvi. Chcete zabezpe\u010di\u0165, aby va\u0161e srdce pracovalo v optim\u00e1lnom re\u017eime? Na\u0161a revolu\u010dn\u00e1 formula v\u00e1m pom\u00f4\u017ee dosiahnu\u0165 t\u00fato rovnov\u00e1hu pre va\u0161e zdravie.<\/p>\n<h2>Obsah<\/h2>\n<ul>\n<li><a href=\"#o-zdravom-srdci-a-norm\u00e1lnom-tlaku-krvi\">O zdravom srdci a norm\u00e1lnom tlaku krvi<\/a><\/li>\n<li><a href=\"#na\u0161a-revolu\u010dn\u00e1-formula\">Na\u0161a revolu\u010dn\u00e1 formula<\/a><\/li>\n<li><a href=\"#v\u00fdhody-ktor\u00e9-m\u00f4\u017eete-o\u010dak\u00e1va\u0165\">V\u00fdhody, ktor\u00e9 m\u00f4\u017eete o\u010dak\u00e1va\u0165<\/a><\/li>\n<li><a href=\"#ako-u\u017e\u00edva\u0165-cardio-a\">Ako u\u017e\u00edva\u0165 Cardio A<\/a><\/li>\n<li><a href=\"#sk\u00fasenosti-na\u0161ich-klientov\">Sk\u00fasenosti na\u0161ich klientov<\/a><\/li>\n<li><a href=\"#va\u0161a-cesta-k-zdrav\u00e9mu-srdcu\">Va\u0161a cesta k zdrav\u00e9mu srdcu<\/a><\/li>\n<\/ul>\n<h2>O zdravom srdci a norm\u00e1lnom tlaku krvi<\/h2>\n<p>Nem\u00f4\u017eeme prece\u0148ova\u0165 d\u00f4le\u017eitos\u0165 zdrav\u00e9ho srdca a optim\u00e1lneho tlaku krvi pre v\u00e1\u0161 celkov\u00fd \u017eivotn\u00fd \u0161t\u00fdl. S\u00fa\u010dasn\u00fd hektick\u00fd \u017eivotn\u00fd temp sa v\u0161ak m\u00f4\u017ee javi\u0165 ako v\u00fdzva udr\u017ea\u0165 si zdravie srdca. Ak h\u013ead\u00e1te sp\u00f4sob, ako podpori\u0165 svoje srdce a udr\u017ea\u0165 si norm\u00e1lny tlak krvi, m\u00f4\u017eeme v\u00e1m pom\u00f4c\u0165.<\/p>\n<h2>Na\u0161a revolu\u010dn\u00e1 formula<\/h2>\n<p>S hrdos\u0165ou predstavujeme Cardio A &#8211; revolu\u010dn\u00fd doplnok stravy, ktor\u00fd je navrhnut\u00fd na podporu zdravia srdca a udr\u017eanie norm\u00e1lneho tlaku krvi. Na\u0161a v\u00fdskumn\u00e1 a v\u00fdvojov\u00e1 skupina spojila najnov\u0161ie objavy v oblasti v\u00fd\u017eivy a medic\u00edny a vytvorila t\u00fato jedine\u010dn\u00fa formul\u00e1ciu.<\/p>\n<h2>V\u00fdhody, ktor\u00e9 m\u00f4\u017eete o\u010dak\u00e1va\u0165<\/h2>\n<ul>\n<li>Posilnenie srdcov\u00e9ho svalu: Cardio A obsahuje zlo\u017eky, ktor\u00e9 m\u00f4\u017eu pom\u00f4c\u0165 posilni\u0165 srdcov\u00fd sval a zlep\u0161i\u0165 jeho celkov\u00fa funkciu.<\/li>\n<li>Podpora optim\u00e1lneho krvn\u00e9ho tlaku: Udr\u017eiavanie norm\u00e1lneho krvn\u00e9ho tlaku je k\u013e\u00fa\u010dov\u00e9 pre zdrav\u00e9 srdce. Na\u0161a formula m\u00f4\u017ee prispie\u0165 k udr\u017eaniu optim\u00e1lneho tlaku.<\/li>\n<li>Zlep\u0161en\u00e1 cirkul\u00e1cia: Spr\u00e1vna cirkul\u00e1cia je z\u00e1kladom zdravia. Cardio A m\u00f4\u017ee podpori\u0165 zv\u00fd\u0161en\u00fd prietok krvi a lep\u0161iu cirkul\u00e1ciu \u017eivotne d\u00f4le\u017eit\u00fdch \u017eiv\u00edn.<\/li>\n<li>Energia a vitalita: S lep\u0161\u00edm zdrav\u00edm srdca prich\u00e1dza aj zv\u00fd\u0161en\u00e1 energia. Budete sa c\u00edti\u0165 svie\u017ei a pln\u00ed \u017eivota.<\/li>\n<\/ul>\n<h2>Ako u\u017e\u00edva\u0165 Cardio A<\/h2>\n<p>U\u017e\u00edvanie Cardio A je jednoduch\u00e9 a pohodln\u00e9. Sta\u010d\u00ed u\u017ei\u0165 odpor\u00fa\u010dan\u00fa d\u00e1vku denne s jedlom a zap\u00edja\u0165 dostato\u010dn\u00fdm mno\u017estvom vody. Pre optim\u00e1lne v\u00fdsledky odpor\u00fa\u010dame dodr\u017eiava\u0165 pravideln\u00fd re\u017eim u\u017e\u00edvania.<\/p>\n<h2>Sk\u00fasenosti na\u0161ich klientov<\/h2>\n<p>Na\u0161a spokojn\u00e1 klientela je pre n\u00e1s najv\u00e4\u010d\u0161ou odmenou. Po\u010d\u00favali sme pr\u00edbehy na\u0161ich klientov, ktor\u00ed n\u00e1m s rados\u0165ou povedali o pozit\u00edvnych zmen\u00e1ch, ktor\u00e9 za\u017eili po u\u017e\u00edvan\u00ed Cardio A. Niektor\u00ed uv\u00e1dzaj\u00fa zn\u00ed\u017eenie tlaku, in\u00ed zase pocit v\u00e4\u010d\u0161ej vitality. Va\u0161e zdravie je pre n\u00e1s prioritou a sme hrd\u00ed na to, \u017ee m\u00f4\u017eeme by\u0165 s\u00fa\u010das\u0165ou va\u0161ej cesty k lep\u0161iemu \u017eivotu.<\/p>\n<h2>Va\u0161a cesta k zdrav\u00e9mu srdcu<\/h2>\n<p>Ak h\u013ead\u00e1te sp\u00f4sob, ako podpori\u0165 svoje srdce a udr\u017ea\u0165 si norm\u00e1lny tlak krvi, Cardio A je tu pre v\u00e1s. Na\u0161a vedecky overen\u00e1 formula kombinuje pr\u00edrodn\u00e9 zlo\u017eky, ktor\u00e9 m\u00f4\u017eu ma\u0165 pozit\u00edvny vplyv na zdravie v\u00e1\u0161ho srdca. Nezabudnite, \u017ee invest\u00edcia do svojho zdravia je invest\u00edciou do kvality v\u00e1\u0161ho \u017eivota.<\/p>\n<p>Nenechajte svoje zdravie na n\u00e1hodu. Za\u010dnite s Cardio A e\u0161te dnes a dajte svojmu srdcu to najlep\u0161ie. Va\u0161e srdce zasl\u00fa\u017ei t\u00fa najlep\u0161iu starostlivos\u0165. Objednajte si Cardio A e\u0161te dnes a za\u010dnite svoju cestu k zdrav\u00e9mu srdcu a vyv\u00e1\u017een\u00e9mu tlaku krvi!<\/p>\n","protected":false},"excerpt":{"rendered":"<p>Zvo\u013ete zdravie pre va\u0161e srdce a udr\u017eujte norm\u00e1lny tlak krvi s doplnkom stravy Cardio A. Unik\u00e1tna formula, ktor\u00e1 posiln\u00ed svaly srdca, podpor\u00ed optim\u00e1lny tlak a prinesie viac vitality do v\u00e1\u0161ho \u017eivota.<\/p>\n","protected":false},"featured_media":7641,"comment_status":"open","ping_status":"closed","template":"","meta":{"site-sidebar-layout":"default","site-content-layout":"","ast-site-content-layout":"default","site-content-style":"default","site-sidebar-style":"default","ast-global-header-display":"","ast-banner-title-visibility":"","ast-main-header-display":"","ast-hfb-above-header-display":"","ast-hfb-below-header-display":"","ast-hfb-mobile-header-display":"","site-post-title":"","ast-breadcrumbs-content":"","ast-featured-img":"","footer-sml-layout":"","ast-disable-related-posts":"","theme-transparent-header-meta":"default","adv-header-id-meta":"","stick-header-meta":"","header-above-stick-meta":"","header-main-stick-meta":"","header-below-stick-meta":"","astra-migrate-meta-layouts":"set","ast-page-background-enabled":"default","ast-page-background-meta":{"desktop":{"background-color":"","background-image":"","background-repeat":"repeat","background-position":"center center","background-size":"auto","background-attachment":"scroll","background-type":"","background-media":"","overlay-type":"","overlay-color":"","overlay-opacity":"","overlay-gradient":""},"tablet":{"background-color":"","background-image":"","background-repeat":"repeat","background-position":"center center","background-size":"auto","background-attachment":"scroll","background-type":"","background-media":"","overlay-type":"","overlay-color":"","overlay-opacity":"","overlay-gradient":""},"mobile":{"background-color":"","background-image":"","background-repeat":"repeat","background-position":"center center","background-size":"auto","background-attachment":"scroll","background-type":"","background-media":"","overlay-type":"","overlay-color":"","overlay-opacity":"","overlay-gradient":""}},"ast-content-background-meta":{"desktop":{"background-color":"var(--ast-global-color-5)","background-image":"","background-repeat":"repeat","background-position":"center center","background-size":"auto","background-attachment":"scroll","background-type":"","background-media":"","overlay-type":"","overlay-color":"","overlay-opacity":"","overlay-gradient":""},"tablet":{"background-color":"var(--ast-global-color-5)","background-image":"","background-repeat":"repeat","background-position":"center center","background-size":"auto","background-attachment":"scroll","background-type":"","background-media":"","overlay-type":"","overlay-color":"","overlay-opacity":"","overlay-gradient":""},"mobile":{"background-color":"var(--ast-global-color-5)","background-image":"","background-repeat":"repeat","background-position":"center center","background-size":"auto","background-attachment":"scroll","background-type":"","background-media":"","overlay-type":"","overlay-color":"","overlay-opacity":"","overlay-gradient":""}}},"product_brand":[],"product_cat":[41],"product_tag":[],"class_list":{"0":"post-7640","1":"product","2":"type-product","3":"status-publish","4":"has-post-thumbnail","6":"product_cat-produkty-pre-zdravie","7":"desktop-align-left","8":"tablet-align-left","9":"mobile-align-left","11":"first","12":"instock","13":"sale","14":"taxable","15":"shipping-taxable","16":"purchasable","17":"product-type-simple"},"_links":{"self":[{"href":"https:\/\/wellness4you.cz\/sk\/wp-json\/wp\/v2\/product\/7640","targetHints":{"allow":["GET"]}}],"collection":[{"href":"https:\/\/wellness4you.cz\/sk\/wp-json\/wp\/v2\/product"}],"about":[{"href":"https:\/\/wellness4you.cz\/sk\/wp-json\/wp\/v2\/types\/product"}],"replies":[{"embeddable":true,"href":"https:\/\/wellness4you.cz\/sk\/wp-json\/wp\/v2\/comments?post=7640"}],"wp:featuredmedia":[{"embeddable":true,"href":"https:\/\/wellness4you.cz\/sk\/wp-json\/wp\/v2\/media\/7641"}],"wp:attachment":[{"href":"https:\/\/wellness4you.cz\/sk\/wp-json\/wp\/v2\/media?parent=7640"}],"wp:term":[{"taxonomy":"product_brand","embeddable":true,"href":"https:\/\/wellness4you.cz\/sk\/wp-json\/wp\/v2\/product_brand?post=7640"},{"taxonomy":"product_cat","embeddable":true,"href":"https:\/\/wellness4you.cz\/sk\/wp-json\/wp\/v2\/product_cat?post=7640"},{"taxonomy":"product_tag","embeddable":true,"href":"https:\/\/wellness4you.cz\/sk\/wp-json\/wp\/v2\/product_tag?post=7640"}],"curies":[{"name":"wp","href":"https:\/\/api.w.org\/{rel}","templated":true}]}}