{"id":7422,"date":"2023-07-12T22:09:43","date_gmt":"2023-07-12T20:09:43","guid":{"rendered":"https:\/\/wellness4you.cz\/sk\/?post_type=product&#038;p=7422"},"modified":"2026-01-08T22:52:36","modified_gmt":"2026-01-08T21:52:36","slug":"keto-matcha-blue","status":"publish","type":"product","link":"https:\/\/wellness4you.cz\/sk\/keto-matcha-blue\/","title":{"rendered":"Keto Matcha Blue"},"content":{"rendered":"<p>Keto Matcha Blue je pln\u00fd prospe\u0161n\u00fdch zlo\u017eiek, ktor\u00e9 v\u00e1m pom\u00e1haj\u00fa spa\u013eova\u0165 tuk a udr\u017eiava\u0165 zdrav\u00fa hladinu energie. Obsahuje koncentr\u00e1t syrov\u00e1tokov\u00e9ho prote\u00ednu, ktor\u00fd podporuje svalov\u00fd rast a obnovu po\u010das cvi\u010denia. Tie\u017e obsahuje vl\u00e1kninu z kukuri\u010dn\u00fdch stmiev, ktor\u00e1 pom\u00e1ha udr\u017eiava\u0165 zdrav\u00fa \u010drevn\u00fa funkciu.<\/p>\n<h2>Obsah<\/h2>\n<p><a href=\"#uvod\">\u00davod<\/a> | <a href=\"#zdrave-vyhody\">Zdrav\u00e9 V\u00fdhody<\/a> | <a href=\"#priprava\">Jednoduch\u00e1 Pr\u00edprava<\/a> | <a href=\"#chutovy-zazitok\">Chu\u0165ov\u00fd Z\u00e1\u017eitok<\/a> | <a href=\"#energia\">Dlhodob\u00e1 Energia<\/a> | <a href=\"#prirodzene\">Prirodzen\u00e1 Vo\u013eba<\/a> | <a href=\"#zaver\">Na\u010do \u010cak\u00e1te?<\/a><\/p>\n<h2 id=\"uvod\">\u00davod<\/h2>\n<p>Vitajte v svete zdrav\u00e9ho \u017eivotn\u00e9ho \u0161t\u00fdlu a osvie\u017euj\u00faceho z\u00e1\u017eitku s nov\u00fdm Keto Matcha Blue. T\u00e1to \u00fa\u017easn\u00e1 zmes prin\u00e1\u0161a spojenie tradi\u010dnej japonskej matcha \u010daje a modern\u00e9ho z\u00e1zraku &#8211; keto stravy. Pre\u010d\u00edtajte si viac a objavte, ako v\u00e1m Keto-Matcha Blue m\u00f4\u017ee pom\u00f4c\u0165 dosiahnu\u0165 vyv\u00e1\u017een\u00fd \u017eivot pln\u00fd vitality.<\/p>\n<h2 id=\"zdrave-vyhody\">Zdrav\u00e9 V\u00fdhody<\/h2>\n<p>S KetoMatchaBlue si m\u00f4\u017eete by\u0165 ist\u00ed, \u017ee rob\u00edte nie\u010do dobr\u00e9 pre svoje telo. Bo\u017esk\u00e1 matcha je pln\u00e1 antioxidantov, ktor\u00e9 pom\u00e1haj\u00fa bojova\u0165 proti vo\u013en\u00fdm radik\u00e1lom a podporuj\u00fa celkov\u00e9 zdravie. Okrem toho, t\u00e1to zmes obsahuje esenci\u00e1lne vitam\u00edny a miner\u00e1ly, ktor\u00e9 posil\u0148uj\u00fa imunitn\u00fd syst\u00e9m a dod\u00e1vaj\u00fa energiu do v\u00e1\u0161ho ka\u017edodenn\u00e9ho \u017eivota.<\/p>\n<h2 id=\"priprava\">Jednoduch\u00e1 Pr\u00edprava<\/h2>\n<p>S pr\u00edpravou Keto Matcha toho nebudete ma\u0165 \u017eiadne \u0165a\u017ekosti. Sta\u010d\u00ed nasypa\u0165 odpor\u00fa\u010dan\u00e9 mno\u017estvo do \u0161\u00e1lky, prida\u0165 hor\u00facu vodu a premie\u0161a\u0165. V priebehu chv\u00edle sa v\u00e1m naskytne jemn\u00e1 zelen\u00e1 n\u00e1pojov\u00e1 o\u00e1za, pripraven\u00e1 na to, aby v\u00e1s obohatila v ka\u017edom d\u00fa\u0161ku. R\u00fdchlo, jednoducho a s chu\u0165ov\u00fdm v\u00fdbuchom.<\/p>\n<h2 id=\"chutovy-zazitok\">Chu\u0165ov\u00fd Z\u00e1\u017eitok<\/h2>\n<p>Vychutnajte si z\u00e1van Japonska vo svojej \u0161\u00e1lke. KetoMatcha Blue sp\u00e1ja bohat\u00fa chu\u0165 tradi\u010dnej matcha \u010daje so sladk\u00fdm dotykom modern\u00fdch pr\u00edsad. Ka\u017ed\u00fd d\u00fa\u0161ok je osvie\u017euj\u00facim tancom chut\u00ed, ktor\u00fd pote\u0161\u00ed va\u0161e zmysly a poskytne v\u00e1m relaxa\u010dn\u00fd okamih v ru\u0161nom dni.<\/p>\n<h2 id=\"energia\">Dlhodob\u00e1 Energia<\/h2>\n<p>Zabudnite na prudk\u00e9 p\u00e1dy energie po konzum\u00e1cii cukru a nezdrav\u00fdch ob\u010derstven\u00ed. S Keto-Matcha Blue z\u00edskavate dlhodob\u00fd pr\u00fad energie bez n\u00e1hlych poklesov. Zmes obsahuje unik\u00e1tnu kombin\u00e1ciu zlo\u017eiek, ktor\u00e9 podporuj\u00fa udr\u017eanie stabilnej hladiny cukru v krvi, \u010do znamen\u00e1, \u017ee budete pln\u00ed energie po cel\u00fd de\u0148.<\/p>\n<h2 id=\"prirodzene\">Prirodzen\u00e1 Vo\u013eba<\/h2>\n<p>Nechajte sa ok\u00fazli\u0165 pr\u00edrodnou kr\u00e1sou a silou Keto-Matcha Blue. Sme hrd\u00ed na to, \u017ee na\u0161a zmes je vyroben\u00e1 z najkvalitnej\u0161\u00edch pr\u00edrodn\u00fdch surov\u00edn, bez umel\u00fdch farb\u00edv, pr\u00edsad alebo konzervantov. To znamen\u00e1, \u017ee dost\u00e1vate do svojho tela len to najlep\u0161ie &#8211; \u010dist\u00fa rados\u0165 a vitalitu.<\/p>\n<h2 id=\"zaver\">Na\u010do \u010cak\u00e1te?<\/h2>\n<p>Je \u010das prebudi\u0165 svoje telo a myse\u013e s \u00fa\u017easnou zmesou, ktor\u00e1 rob\u00ed z\u00e1zraky pre va\u0161e zdravie. Keto Blue v\u00e1m prin\u00e1\u0161a v\u0161etko, \u010do potrebujete na podporu zdrav\u00e9ho \u017eivotn\u00e9ho \u0161t\u00fdlu &#8211; antioxidanty, vitam\u00edny, dlhodob\u00fa energiu a v\u00fdnimo\u010dn\u00fa chu\u0165. Nechajte sa unies\u0165 do sveta, kde sa trad\u00edcia stret\u00e1va s modernos\u0165ou, a objavte nov\u00fd sp\u00f4sob, ako sa stara\u0165 o svoje telo. Objednajte si e\u0161te dnes!<\/p>\n<p>Zvo\u013ete Keto Matcha Blue a prevezmite kontrolu nad svojim zdrav\u00edm a kond\u00edciou. S touto skvelou kombin\u00e1ciou pr\u00edrodn\u00fdch zlo\u017eiek dosiahnete svoju optim\u00e1lnu v\u00e1hu a zlep\u0161\u00edte svoje fyzick\u00e9 a du\u0161evn\u00e9 blaho.<\/p>\n<p>Nenechajte svoje ciele na nesk\u00f4r. Vysk\u00fa\u0161ajte Keto Matcha Blue u\u017e dnes a za\u010dnite cestu k zdraviu a \u0161t\u00edhlej postave!<\/p>\n","protected":false},"excerpt":{"rendered":"<p>Z\u00edska\u0165 dokonal\u00fa postavu s Keto Matcha Blue! Tento v\u00fd\u017eivov\u00fd doplnok na chudnutie obsahuje unik\u00e1tnu zmes akt\u00edvnych zlo\u017eiek, ktor\u00e9 podporuj\u00fa spa\u013eovanie tukov, svalov\u00fd rast a energiu. Vychutnajte si pr\u00edrodn\u00e9 ingrediencie ako matcha, zelen\u00fd \u010daj, vitam\u00edny a miner\u00e1ly pre zdrav\u00e9 a \u00fa\u010dinn\u00e9 chudnutie. Objednajte si Keto-Matcha Blue e\u0161te dnes a za\u010dnite dosahova\u0165 svoje ciele!<\/p>\n","protected":false},"featured_media":7423,"comment_status":"open","ping_status":"closed","template":"","meta":{"site-sidebar-layout":"default","site-content-layout":"default","ast-site-content-layout":"default","site-content-style":"default","site-sidebar-style":"default","ast-global-header-display":"","ast-banner-title-visibility":"","ast-main-header-display":"","ast-hfb-above-header-display":"","ast-hfb-below-header-display":"","ast-hfb-mobile-header-display":"","site-post-title":"","ast-breadcrumbs-content":"","ast-featured-img":"","footer-sml-layout":"","ast-disable-related-posts":"","theme-transparent-header-meta":"default","adv-header-id-meta":"","stick-header-meta":"","header-above-stick-meta":"","header-main-stick-meta":"","header-below-stick-meta":"","astra-migrate-meta-layouts":"set","ast-page-background-enabled":"default","ast-page-background-meta":{"desktop":{"background-color":"","background-image":"","background-repeat":"repeat","background-position":"center center","background-size":"auto","background-attachment":"scroll","background-type":"","background-media":"","overlay-type":"","overlay-color":"","overlay-opacity":"","overlay-gradient":""},"tablet":{"background-color":"","background-image":"","background-repeat":"repeat","background-position":"center center","background-size":"auto","background-attachment":"scroll","background-type":"","background-media":"","overlay-type":"","overlay-color":"","overlay-opacity":"","overlay-gradient":""},"mobile":{"background-color":"","background-image":"","background-repeat":"repeat","background-position":"center center","background-size":"auto","background-attachment":"scroll","background-type":"","background-media":"","overlay-type":"","overlay-color":"","overlay-opacity":"","overlay-gradient":""}},"ast-content-background-meta":{"desktop":{"background-color":"var(--ast-global-color-5)","background-image":"","background-repeat":"repeat","background-position":"center center","background-size":"auto","background-attachment":"scroll","background-type":"","background-media":"","overlay-type":"","overlay-color":"","overlay-opacity":"","overlay-gradient":""},"tablet":{"background-color":"var(--ast-global-color-5)","background-image":"","background-repeat":"repeat","background-position":"center center","background-size":"auto","background-attachment":"scroll","background-type":"","background-media":"","overlay-type":"","overlay-color":"","overlay-opacity":"","overlay-gradient":""},"mobile":{"background-color":"var(--ast-global-color-5)","background-image":"","background-repeat":"repeat","background-position":"center center","background-size":"auto","background-attachment":"scroll","background-type":"","background-media":"","overlay-type":"","overlay-color":"","overlay-opacity":"","overlay-gradient":""}}},"product_brand":[],"product_cat":[39],"product_tag":[],"class_list":{"0":"post-7422","1":"product","2":"type-product","3":"status-publish","4":"has-post-thumbnail","6":"product_cat-na-chudnutie","7":"desktop-align-left","8":"tablet-align-left","9":"mobile-align-left","11":"first","12":"instock","13":"sale","14":"taxable","15":"shipping-taxable","16":"purchasable","17":"product-type-simple"},"_links":{"self":[{"href":"https:\/\/wellness4you.cz\/sk\/wp-json\/wp\/v2\/product\/7422","targetHints":{"allow":["GET"]}}],"collection":[{"href":"https:\/\/wellness4you.cz\/sk\/wp-json\/wp\/v2\/product"}],"about":[{"href":"https:\/\/wellness4you.cz\/sk\/wp-json\/wp\/v2\/types\/product"}],"replies":[{"embeddable":true,"href":"https:\/\/wellness4you.cz\/sk\/wp-json\/wp\/v2\/comments?post=7422"}],"wp:featuredmedia":[{"embeddable":true,"href":"https:\/\/wellness4you.cz\/sk\/wp-json\/wp\/v2\/media\/7423"}],"wp:attachment":[{"href":"https:\/\/wellness4you.cz\/sk\/wp-json\/wp\/v2\/media?parent=7422"}],"wp:term":[{"taxonomy":"product_brand","embeddable":true,"href":"https:\/\/wellness4you.cz\/sk\/wp-json\/wp\/v2\/product_brand?post=7422"},{"taxonomy":"product_cat","embeddable":true,"href":"https:\/\/wellness4you.cz\/sk\/wp-json\/wp\/v2\/product_cat?post=7422"},{"taxonomy":"product_tag","embeddable":true,"href":"https:\/\/wellness4you.cz\/sk\/wp-json\/wp\/v2\/product_tag?post=7422"}],"curies":[{"name":"wp","href":"https:\/\/api.w.org\/{rel}","templated":true}]}}