{"id":7037,"date":"2023-02-28T17:11:51","date_gmt":"2023-02-28T16:11:51","guid":{"rendered":"https:\/\/wellness4you.cz\/sk\/?post_type=product&#038;p=7037"},"modified":"2026-01-08T22:52:37","modified_gmt":"2026-01-08T21:52:37","slug":"fungent","status":"publish","type":"product","link":"https:\/\/wellness4you.cz\/sk\/fungent\/","title":{"rendered":"Fungent"},"content":{"rendered":"<p>Ak m\u00e1te ples\u0148ov\u00e9 infekcie a chcete sa ich zbavi\u0165 raz a nav\u017edy, m\u00e1me pre v\u00e1s novinku! Fungent je nov\u00fd kr\u00e9m, ktor\u00fd v\u00e1m pom\u00f4\u017ee zbavi\u0165 sa nevzh\u013eadn\u00fdch ples\u0148ov\u00fdch infekci\u00ed a z\u00e1rove\u0148 o\u0161etri\u0165 va\u0161u poko\u017eku tak, ako si zasl\u00fa\u017ei.<\/p>\n<h2>Zlo\u017eenie<\/h2>\n<p>Fungent obsahuje len pr\u00edrodn\u00e9 zlo\u017eky, ktor\u00e9 prenikaj\u00fa hlboko do va\u0161ej poko\u017eky a \u00fa\u010dinne bojuj\u00fa s ples\u0148ami. Tento z\u00e1zra\u010dn\u00fd kr\u00e9m bol \u0161peci\u00e1lne navrhnut\u00fd tak, aby bol bezpe\u010dn\u00fd a \u00fa\u010dinn\u00fd aj proti t\u00fdm najtvrdohlavej\u0161\u00edm ples\u0148ov\u00fdm infekci\u00e1m.<\/p>\n<h2>\u00da\u010dinky<\/h2>\n<p>Fungent nielen\u017ee r\u00fdchlo zmierni podr\u00e1\u017edenie a svrbenie, ale z\u00e1rove\u0148 udr\u017e\u00ed va\u0161u poko\u017eku hydratovan\u00fa pre dlhotrvaj\u00face v\u00fdsledky. Pr\u00edjemn\u00e1 levandu\u013eov\u00e1 v\u00f4\u0148a Fungent navy\u0161e zaru\u010duje uvo\u013e\u0148uj\u00faci z\u00e1\u017eitok pri ka\u017edom pou\u017eit\u00ed.<\/p>\n<h2>V\u00fdsledky<\/h2>\n<p>Sta\u010d\u00ed jedna aplik\u00e1cia a okam\u017eite poc\u00edtite rozdiel, ktor\u00fd Fungent prin\u00e1\u0161a! Opravuje a vy\u017eivuje va\u0161u poko\u017eku zvn\u00fatra, odstra\u0148uje nevzh\u013eadn\u00e9 kruhy a \u010derven\u00e9 \u0161kvrny sp\u00f4soben\u00e9 ples\u0148ov\u00fdmi infekciami u\u017e za dva t\u00fd\u017edne.<\/p>\n<h2>Zhrnutie<\/h2>\n<p>Tento kr\u00e9m je teda skvelou vo\u013ebou pre v\u0161etk\u00fdch, ktor\u00ed trpia ples\u0148ov\u00fdmi infekciami a chc\u00fa sa ich zbavi\u0165 r\u00fdchlo a \u00fa\u010dinne. Kr\u00e9m je jednoduch\u00fd na pou\u017eitie, bezpe\u010dn\u00fd a \u00fa\u010dinn\u00fd, navy\u0161e s pr\u00edjemnou v\u00f4\u0148ou levandule. Sta\u010d\u00ed len jedna aplik\u00e1cia a uvid\u00edte rozdiel u\u017e za dva t\u00fd\u017edne. S Fungentom sa m\u00f4\u017eete kone\u010dne rozl\u00fa\u010di\u0165 s nevzh\u013eadn\u00fdmi ples\u0148ov\u00fdmi infekciami a ma\u0165 zdrav\u00fa a kr\u00e1snu poko\u017eku.<\/p>\n<h2>Aplik\u00e1cia<\/h2>\n<p>Fungent je jednoduch\u00fd na pou\u017eitie. Sta\u010d\u00ed nanies\u0165 tenk\u00fa vrstvu kr\u00e9mu na postihnut\u00fa oblas\u0165 dvakr\u00e1t denne &#8211; r\u00e1no a ve\u010der. Kr\u00e9m sa \u013eahko vstreb\u00e1va a nezanech\u00e1va mastn\u00fd pocit.<\/p>\n<h2>Bezpe\u010dnos\u0165<\/h2>\n<p>Tento kr\u00e9m bol dermatologicky testovan\u00fd a je vhodn\u00fd pre ka\u017ed\u00fd typ poko\u017eky. Kr\u00e9m neobsahuje \u017eiadne agres\u00edvne zlo\u017eky a je bezpe\u010dn\u00fd aj pre citliv\u00fa poko\u017eku.<\/p>\n<h2>Pr\u00edrodn\u00e9 zlo\u017eky<\/h2>\n<p>Fungent obsahuje len pr\u00edrodn\u00e9 zlo\u017eky, ako je napr\u00edklad tea tree olej, ktor\u00fd m\u00e1 antibakteri\u00e1lne a protiples\u0148ov\u00e9 \u00fa\u010dinky. Okrem toho obsahuje aj aloe vera, ktor\u00e1 hydratuje a upokojuje poko\u017eku, a k\u00f3rejsk\u00fa ostru\u017einu, ktor\u00e1 poko\u017eku regeneruje.<\/p>\n<p>Ak h\u013ead\u00e1te \u00fa\u010dinn\u00e9 rie\u0161enie proti ples\u0148ov\u00fdm infekci\u00e1m, Fungent je tou spr\u00e1vnou vo\u013ebou. Kr\u00e9m nielen\u017ee \u00fa\u010dinne bojuje proti ples\u0148ov\u00fdm infekci\u00e1m, ale z\u00e1rove\u0148 hydratuje a upokojuje poko\u017eku. S pr\u00edjemnou v\u00f4\u0148ou levandule je pou\u017eitie Fungentu ka\u017ed\u00fd de\u0148 pr\u00edjemn\u00fdm z\u00e1\u017eitkom. Sk\u00faste Fungent u\u017e dnes a uvid\u00edte rozdiel u\u017e za dva t\u00fd\u017edne.<\/p>\n","protected":false},"excerpt":{"rendered":"<p>Fungent &#8211; kr\u00e9m na boj s ples\u0148ov\u00fdmi infekciami. Kr\u00e9m nielen\u017ee \u00fa\u010dinne bojuje proti ples\u0148ov\u00fdm infekci\u00e1m, ale z\u00e1rove\u0148 hydratuje a upokojuje poko\u017eku.<\/p>\n","protected":false},"featured_media":7038,"comment_status":"open","ping_status":"closed","template":"","meta":{"site-sidebar-layout":"default","site-content-layout":"default","ast-site-content-layout":"default","site-content-style":"default","site-sidebar-style":"default","ast-global-header-display":"","ast-banner-title-visibility":"","ast-main-header-display":"","ast-hfb-above-header-display":"","ast-hfb-below-header-display":"","ast-hfb-mobile-header-display":"","site-post-title":"","ast-breadcrumbs-content":"","ast-featured-img":"","footer-sml-layout":"","ast-disable-related-posts":"","theme-transparent-header-meta":"default","adv-header-id-meta":"","stick-header-meta":"","header-above-stick-meta":"","header-main-stick-meta":"","header-below-stick-meta":"","astra-migrate-meta-layouts":"set","ast-page-background-enabled":"default","ast-page-background-meta":{"desktop":{"background-color":"","background-image":"","background-repeat":"repeat","background-position":"center center","background-size":"auto","background-attachment":"scroll","background-type":"","background-media":"","overlay-type":"","overlay-color":"","overlay-opacity":"","overlay-gradient":""},"tablet":{"background-color":"","background-image":"","background-repeat":"repeat","background-position":"center center","background-size":"auto","background-attachment":"scroll","background-type":"","background-media":"","overlay-type":"","overlay-color":"","overlay-opacity":"","overlay-gradient":""},"mobile":{"background-color":"","background-image":"","background-repeat":"repeat","background-position":"center center","background-size":"auto","background-attachment":"scroll","background-type":"","background-media":"","overlay-type":"","overlay-color":"","overlay-opacity":"","overlay-gradient":""}},"ast-content-background-meta":{"desktop":{"background-color":"var(--ast-global-color-5)","background-image":"","background-repeat":"repeat","background-position":"center center","background-size":"auto","background-attachment":"scroll","background-type":"","background-media":"","overlay-type":"","overlay-color":"","overlay-opacity":"","overlay-gradient":""},"tablet":{"background-color":"var(--ast-global-color-5)","background-image":"","background-repeat":"repeat","background-position":"center center","background-size":"auto","background-attachment":"scroll","background-type":"","background-media":"","overlay-type":"","overlay-color":"","overlay-opacity":"","overlay-gradient":""},"mobile":{"background-color":"var(--ast-global-color-5)","background-image":"","background-repeat":"repeat","background-position":"center center","background-size":"auto","background-attachment":"scroll","background-type":"","background-media":"","overlay-type":"","overlay-color":"","overlay-opacity":"","overlay-gradient":""}}},"product_brand":[],"product_cat":[41],"product_tag":[],"class_list":{"0":"post-7037","1":"product","2":"type-product","3":"status-publish","4":"has-post-thumbnail","6":"product_cat-produkty-pre-zdravie","7":"desktop-align-left","8":"tablet-align-left","9":"mobile-align-left","11":"first","12":"instock","13":"sale","14":"taxable","15":"shipping-taxable","16":"purchasable","17":"product-type-simple"},"_links":{"self":[{"href":"https:\/\/wellness4you.cz\/sk\/wp-json\/wp\/v2\/product\/7037","targetHints":{"allow":["GET"]}}],"collection":[{"href":"https:\/\/wellness4you.cz\/sk\/wp-json\/wp\/v2\/product"}],"about":[{"href":"https:\/\/wellness4you.cz\/sk\/wp-json\/wp\/v2\/types\/product"}],"replies":[{"embeddable":true,"href":"https:\/\/wellness4you.cz\/sk\/wp-json\/wp\/v2\/comments?post=7037"}],"wp:featuredmedia":[{"embeddable":true,"href":"https:\/\/wellness4you.cz\/sk\/wp-json\/wp\/v2\/media\/7038"}],"wp:attachment":[{"href":"https:\/\/wellness4you.cz\/sk\/wp-json\/wp\/v2\/media?parent=7037"}],"wp:term":[{"taxonomy":"product_brand","embeddable":true,"href":"https:\/\/wellness4you.cz\/sk\/wp-json\/wp\/v2\/product_brand?post=7037"},{"taxonomy":"product_cat","embeddable":true,"href":"https:\/\/wellness4you.cz\/sk\/wp-json\/wp\/v2\/product_cat?post=7037"},{"taxonomy":"product_tag","embeddable":true,"href":"https:\/\/wellness4you.cz\/sk\/wp-json\/wp\/v2\/product_tag?post=7037"}],"curies":[{"name":"wp","href":"https:\/\/api.w.org\/{rel}","templated":true}]}}