{"id":7029,"date":"2023-02-28T14:49:52","date_gmt":"2023-02-28T13:49:52","guid":{"rendered":"https:\/\/wellness4you.cz\/sk\/?post_type=product&#038;p=7029"},"modified":"2026-01-08T22:52:36","modified_gmt":"2026-01-08T21:52:36","slug":"varixil","status":"publish","type":"product","link":"https:\/\/wellness4you.cz\/sk\/varixil\/","title":{"rendered":"Varixil"},"content":{"rendered":"<p>Varixil je kr\u00e9m ur\u010den\u00fd pre lie\u010dbu k\u0155\u010dov\u00fdch \u017e\u00edl. Tento v\u00fdrobok bol vytvoren\u00fd s cie\u013eom poskytn\u00fa\u0165 \u00fa\u013eavu a zlep\u0161i\u0165 stav pacientov, ktor\u00ed trpia k\u0155\u010dov\u00fdmi \u017eilami. Kr\u00e9m obsahuje \u0161peci\u00e1lne zlo\u017eky, ktor\u00e9 pom\u00e1haj\u00fa zmierni\u0165 sympt\u00f3my k\u0155\u010dov\u00fdch \u017e\u00edl a zlep\u0161i\u0165 krvn\u00fd obeh.<\/p>\n<p>Kr\u00e9m Varixil je bezpe\u010dn\u00fd a \u00fa\u010dinn\u00fd sp\u00f4sob lie\u010dby k\u0155\u010dov\u00fdch \u017e\u00edl.\u00a0Jeho zlo\u017eky s\u00fa starostlivo vybran\u00e9 a preuk\u00e1zate\u013ene pom\u00e1haj\u00fa zlep\u0161ova\u0165 stav k\u0155\u010dov\u00fdch \u017e\u00edl. Okrem toho kr\u00e9m neobsahuje \u017eiadne \u0161kodliv\u00e9 chemik\u00e1lie, ktor\u00e9 by mohli ma\u0165 ne\u017eiaduce \u00fa\u010dinky na poko\u017eku alebo zdravie pacienta. Kr\u00e9m Varixil sa tie\u017e r\u00fdchlo vstrebe do poko\u017eky a nezanech\u00e1va mastn\u00e9 stopy, \u010do znamen\u00e1, \u017ee m\u00f4\u017ee by\u0165 pou\u017eit\u00fd kedyko\u013evek po\u010das d\u0148a. Preto je kr\u00e9m ide\u00e1lny pre \u013eud\u00ed, ktor\u00ed h\u013eadaj\u00fa bezpe\u010dn\u00fd a \u00fa\u010dinn\u00fd sp\u00f4sob lie\u010dby k\u0155\u010dov\u00fdch \u017e\u00edl, ktor\u00fd im umo\u017en\u00ed \u017ei\u0165 norm\u00e1lny \u017eivot.<\/p>\n<h2>\u00da\u010dinky:<\/h2>\n<ul>\n<li>Zlep\u0161uje obeh krvi v \u017eil\u00e1ch a arteri\u00e1ch.<\/li>\n<li>Zni\u017euje opuchy a boles\u0165 n\u00f4h.<\/li>\n<li>Pom\u00e1ha zni\u017eova\u0165 z\u00e1palov\u00e9 procesy.<\/li>\n<li>Zlep\u0161uje vzh\u013ead a text\u00faru poko\u017eky.<\/li>\n<li>Zni\u017euje pocit \u0165a\u017ekosti a \u00fanava v noh\u00e1ch.<\/li>\n<\/ul>\n<h2>Hlavn\u00e9 zlo\u017eky Varixil:<\/h2>\n<ul>\n<li>Extrakt z ka\u0161tanu &#8211; pom\u00e1ha zni\u017eova\u0165 z\u00e1palov\u00e9 procesy a zlep\u0161uje prietok krvi.<\/li>\n<li>Extrakt z ginkga &#8211; zlep\u0161uje prietok krvi v \u017eil\u00e1ch a arteri\u00e1ch a zni\u017euje opuchy.<\/li>\n<li>Extrakt z arniky &#8211; m\u00e1 protiz\u00e1palov\u00e9 \u00fa\u010dinky a zlep\u0161uje cirkul\u00e1ciu krvi.<\/li>\n<li>Mentol &#8211; zni\u017euje pocit bolesti a upokojuje svaly.<\/li>\n<\/ul>\n<p>Kr\u00e9m sa aplikuje dvakr\u00e1t denne na postihnut\u00e9 miesta a jemne sa vmas\u00edruje do poko\u017eky. Vzh\u013eadom na obsah mentolu m\u00f4\u017ee kr\u00e9m okam\u017eite zmierni\u0165 pocit bolesti a nap\u00e4tia v noh\u00e1ch.\u00a0Je d\u00f4le\u017eit\u00e9 zd\u00f4razni\u0165, \u017ee kr\u00e9m Varixil nie je n\u00e1hradou za lek\u00e1rsku starostlivos\u0165 a pacienti s v\u00e1\u017enymi probl\u00e9mami by mali vyh\u013eada\u0165 odborn\u00fa pomoc. Av\u0161ak pre t\u00fdch, ktor\u00ed trpia menej z\u00e1va\u017en\u00fdmi pr\u00edznakmi, m\u00f4\u017ee by\u0165 tento kr\u00e9m skvel\u00fdm sp\u00f4sobom, ako zlep\u0161i\u0165 ich stav a kvalitu \u017eivota.<\/p>\n","protected":false},"excerpt":{"rendered":"<p>Varixil je kr\u00e9m na k\u0155\u010dov\u00e9 \u017eily s \u00fa\u010dinn\u00fdmi zlo\u017ekami, ktor\u00e9 zlep\u0161uj\u00fa prietok krvi a zni\u017euj\u00fa opuchy. Lie\u010dte svoje k\u0155\u010dov\u00e9 \u017eily r\u00fdchlo a efekt\u00edvne s kr\u00e9mom Varixil.<\/p>\n","protected":false},"featured_media":7030,"comment_status":"open","ping_status":"closed","template":"","meta":{"site-sidebar-layout":"default","site-content-layout":"default","ast-site-content-layout":"default","site-content-style":"default","site-sidebar-style":"default","ast-global-header-display":"","ast-banner-title-visibility":"","ast-main-header-display":"","ast-hfb-above-header-display":"","ast-hfb-below-header-display":"","ast-hfb-mobile-header-display":"","site-post-title":"","ast-breadcrumbs-content":"","ast-featured-img":"","footer-sml-layout":"","ast-disable-related-posts":"","theme-transparent-header-meta":"default","adv-header-id-meta":"","stick-header-meta":"","header-above-stick-meta":"","header-main-stick-meta":"","header-below-stick-meta":"","astra-migrate-meta-layouts":"set","ast-page-background-enabled":"default","ast-page-background-meta":{"desktop":{"background-color":"","background-image":"","background-repeat":"repeat","background-position":"center center","background-size":"auto","background-attachment":"scroll","background-type":"","background-media":"","overlay-type":"","overlay-color":"","overlay-opacity":"","overlay-gradient":""},"tablet":{"background-color":"","background-image":"","background-repeat":"repeat","background-position":"center center","background-size":"auto","background-attachment":"scroll","background-type":"","background-media":"","overlay-type":"","overlay-color":"","overlay-opacity":"","overlay-gradient":""},"mobile":{"background-color":"","background-image":"","background-repeat":"repeat","background-position":"center center","background-size":"auto","background-attachment":"scroll","background-type":"","background-media":"","overlay-type":"","overlay-color":"","overlay-opacity":"","overlay-gradient":""}},"ast-content-background-meta":{"desktop":{"background-color":"var(--ast-global-color-5)","background-image":"","background-repeat":"repeat","background-position":"center center","background-size":"auto","background-attachment":"scroll","background-type":"","background-media":"","overlay-type":"","overlay-color":"","overlay-opacity":"","overlay-gradient":""},"tablet":{"background-color":"var(--ast-global-color-5)","background-image":"","background-repeat":"repeat","background-position":"center center","background-size":"auto","background-attachment":"scroll","background-type":"","background-media":"","overlay-type":"","overlay-color":"","overlay-opacity":"","overlay-gradient":""},"mobile":{"background-color":"var(--ast-global-color-5)","background-image":"","background-repeat":"repeat","background-position":"center center","background-size":"auto","background-attachment":"scroll","background-type":"","background-media":"","overlay-type":"","overlay-color":"","overlay-opacity":"","overlay-gradient":""}}},"product_brand":[],"product_cat":[41],"product_tag":[],"class_list":{"0":"post-7029","1":"product","2":"type-product","3":"status-publish","4":"has-post-thumbnail","6":"product_cat-produkty-pre-zdravie","7":"desktop-align-left","8":"tablet-align-left","9":"mobile-align-left","11":"first","12":"instock","13":"sale","14":"taxable","15":"shipping-taxable","16":"purchasable","17":"product-type-simple"},"_links":{"self":[{"href":"https:\/\/wellness4you.cz\/sk\/wp-json\/wp\/v2\/product\/7029","targetHints":{"allow":["GET"]}}],"collection":[{"href":"https:\/\/wellness4you.cz\/sk\/wp-json\/wp\/v2\/product"}],"about":[{"href":"https:\/\/wellness4you.cz\/sk\/wp-json\/wp\/v2\/types\/product"}],"replies":[{"embeddable":true,"href":"https:\/\/wellness4you.cz\/sk\/wp-json\/wp\/v2\/comments?post=7029"}],"wp:featuredmedia":[{"embeddable":true,"href":"https:\/\/wellness4you.cz\/sk\/wp-json\/wp\/v2\/media\/7030"}],"wp:attachment":[{"href":"https:\/\/wellness4you.cz\/sk\/wp-json\/wp\/v2\/media?parent=7029"}],"wp:term":[{"taxonomy":"product_brand","embeddable":true,"href":"https:\/\/wellness4you.cz\/sk\/wp-json\/wp\/v2\/product_brand?post=7029"},{"taxonomy":"product_cat","embeddable":true,"href":"https:\/\/wellness4you.cz\/sk\/wp-json\/wp\/v2\/product_cat?post=7029"},{"taxonomy":"product_tag","embeddable":true,"href":"https:\/\/wellness4you.cz\/sk\/wp-json\/wp\/v2\/product_tag?post=7029"}],"curies":[{"name":"wp","href":"https:\/\/api.w.org\/{rel}","templated":true}]}}