{"id":6675,"date":"2023-01-15T04:12:20","date_gmt":"2023-01-15T03:12:20","guid":{"rendered":"https:\/\/wellness4you.cz\/sk\/?post_type=product&#038;p=6675"},"modified":"2026-01-08T22:52:37","modified_gmt":"2026-01-08T21:52:37","slug":"varicol","status":"publish","type":"product","link":"https:\/\/wellness4you.cz\/sk\/varicol\/","title":{"rendered":"Varicol"},"content":{"rendered":"<h2>M\u00e1te pocit, \u017ee s\u00fa va\u0161e nohy za\u0165a\u017een\u00e9 a unaven\u00e9?<\/h2>\n<p>Trp\u00edte k\u0155\u010dov\u00fdmi \u017eilami? U\u017e sa nemus\u00edte ob\u00e1va\u0165! Predstavujeme v\u00e1m Varicol &#8211; revolu\u010dn\u00fd v\u00fdrobok, ktor\u00fd \u00faplne o\u017eiv\u00ed va\u0161e nohy!<\/p>\n<p>Varicol udr\u017euje va\u0161e nohy \u013eahk\u00e9, vo\u013en\u00e9 a zdrav\u00e9. Je to revolu\u010dn\u00fd v\u00fdrobok, ktor\u00fd predch\u00e1dza komplik\u00e1ci\u00e1m k\u0155\u010dov\u00fdch \u017e\u00edl na noh\u00e1ch a odstra\u0148uje \u00fanavu n\u00f4h. Tento \u00fa\u017easn\u00fd v\u00fdrobok sa d\u00e1 pohodlne pou\u017e\u00edva\u0165 kdeko\u013evek bez zlo\u017eit\u00fdch n\u00e1vodov, \u010do znamen\u00e1, \u017ee ho m\u00f4\u017eete pou\u017e\u00edva\u0165, aj ke\u010f si nechcete vyhradi\u0165 \u010das na starostlivos\u0165 o seba. Pri pravidelnom pou\u017e\u00edvan\u00ed Varicolu bud\u00fa v\u0161etky tieto probl\u00e9my, ako s\u00fa opuchy n\u00f4h a z\u00e1paly sp\u00f4soben\u00e9 k\u0155\u010dov\u00fdmi \u017eilami, nav\u017edy vymazan\u00e9 z v\u00e1\u0161ho \u017eivota!<\/p>\n<p>Varicol sa \u013eahko pou\u017e\u00edva a je ur\u010den\u00fd na zlep\u0161enie cirkul\u00e1cie v \u017eil\u00e1ch, aby ste svojim noh\u00e1m dodali \u017eivot, ktor\u00fd si zasl\u00fa\u017eia. Jeho patentovan\u00e1 zmes tie\u017e pom\u00e1ha zni\u017eova\u0165 boles\u0165 sp\u00f4soben\u00fa chronickou \u00fanavou alebo dlh\u00fdm st\u00e1t\u00edm, tak\u017ee m\u00f4\u017eete zosta\u0165 akt\u00edvni bez pocitu \u0165a\u017eoby. Navy\u0161e jeho jedine\u010dn\u00fd dizajn pon\u00faka pevn\u00fa kompresiu, ktor\u00e1 stabilizuje cirkul\u00e1ciu krvi v doln\u00fdch kon\u010datin\u00e1ch a z\u00e1rove\u0148 zabra\u0148uje bolestivosti a \u00fanave. \u010ci u\u017e beh\u00e1te marat\u00f3ny, alebo len chod\u00edte po meste, Varicol v\u00e1m kryje chrb\u00e1t (alebo by sme mali poveda\u0165 nohy?).<\/p>\n<h2>Rozl\u00fa\u010dte sa s pocitom vle\u010denia a priv\u00edtajte \u013eahkos\u0165 so syst\u00e9mom Varicol!<\/h2>\n<p>S t\u00fdmto neuverite\u013en\u00fdm v\u00fdrobkom po svojom boku sa u\u017e nikdy nebudete musie\u0165 ob\u00e1va\u0165 komplik\u00e1ci\u00ed alebo stresu navy\u0161e. Vysk\u00fa\u0161ajte ho teraz a uvid\u00edte, ako v\u00e1m Varicol pom\u00f4\u017ee zv\u00fd\u0161i\u0165 \u00farove\u0148 ka\u017edodennej aktivity s nulovou n\u00e1mahou!<\/p>\n<p>Chcete sa c\u00edti\u0165 \u013eahko a vo\u013ene na noh\u00e1ch? M\u00e1te u\u017e dos\u0165 nepr\u00edjemn\u00fdch pocitov a komplik\u00e1ci\u00ed spojen\u00fdch s k\u0155\u010dov\u00fdmi \u017eilami? Varicol je presne to, \u010do potrebujete! Varicol je ide\u00e1lny pre \u013eud\u00ed s akt\u00edvnym \u017eivotn\u00fdm \u0161t\u00fdlom, pom\u00e1ha podporova\u0165 zdrav\u00fd krvn\u00fd obeh v noh\u00e1ch a vracia v\u00e1m pocit \u013eahkosti. V\u010faka jednoduch\u00e9mu n\u00e1vodu na pou\u017eitie sa Varicol r\u00fdchlo stane z\u00e1kladom va\u0161ej ka\u017edodennej rutiny!<\/p>\n<p>Je vyroben\u00fd z pr\u00edrodn\u00fdch zlo\u017eiek a je ide\u00e1lnym spolo\u010dn\u00edkom pre ka\u017ed\u00e9ho, kto chce chr\u00e1ni\u0165 svoje nohy pred probl\u00e9mami s k\u0155\u010dov\u00fdmi \u017eilami. Hladk\u00fd kr\u00e9m sa \u013eahko vstreb\u00e1va do poko\u017eky bez lepkav\u00e9ho pocitu a umel\u00fdch v\u00f4n\u00ed. Navy\u0161e je dermatologicky testovan\u00fd, tak\u017ee sa m\u00f4\u017eete spo\u013eahn\u00fa\u0165 na jeho \u0161etrnos\u0165 &#8211; je ide\u00e1lny aj pre tie najcitlivej\u0161ie typy poko\u017eky.<\/p>\n<p>Pre\u010do \u010daka\u0165 dlh\u0161ie, ke\u010f m\u00f4\u017eete poc\u00edti\u0165 okam\u017eit\u00fa \u00fa\u013eavu od bolest\u00ed a unaven\u00fdch n\u00f4h? Teraz je \u010das u\u017ei\u0165 si pohyb bez olova v\u010faka \u0161peci\u00e1lnemu zlo\u017eeniu Varicolu. Z\u00edskajte sp\u00e4\u0165 pocit \u013eahkosti a dodajte svojmu kroku trochu jari e\u0161te dnes &#8211; vyberte si Varicol!<\/p>\n","protected":false},"excerpt":{"rendered":"<p>Varicol predch\u00e1dza komplik\u00e1ci\u00e1m k\u0155\u010dov\u00fdch \u017e\u00edl na noh\u00e1ch a odstra\u0148uje \u00fanavu n\u00f4h. K\u00fapi\u0165 Varicol v Slovenskej Republike za v\u00fdhodn\u00fa cenu. Kde k\u00fapi\u0165. Cena. Hodnotenie. Doru\u010denie na celom Slovensku: Prievidza, Poprad, Martin, Tren\u010d\u00edn, Trnava, Bansk\u00e1 Bystrica, Nitra, \u017dilina, Pre\u0161ov, Ko\u0161ice, Bratislava, Zvolen, Pie\u0161\u0165any, Liptovsk\u00fd Mikul\u00e1\u0161 a Bardejov. Ako si tovar vzia\u0165, Indik\u00e1cie pre pou\u017eitie, Kontraindik\u00e1cie. K\u00fapte si Varicol online.<\/p>\n","protected":false},"featured_media":6940,"comment_status":"open","ping_status":"closed","template":"","meta":{"site-sidebar-layout":"default","site-content-layout":"default","ast-site-content-layout":"default","site-content-style":"default","site-sidebar-style":"default","ast-global-header-display":"","ast-banner-title-visibility":"","ast-main-header-display":"","ast-hfb-above-header-display":"","ast-hfb-below-header-display":"","ast-hfb-mobile-header-display":"","site-post-title":"","ast-breadcrumbs-content":"","ast-featured-img":"","footer-sml-layout":"","ast-disable-related-posts":"","theme-transparent-header-meta":"default","adv-header-id-meta":"","stick-header-meta":"","header-above-stick-meta":"","header-main-stick-meta":"","header-below-stick-meta":"","astra-migrate-meta-layouts":"default","ast-page-background-enabled":"default","ast-page-background-meta":{"desktop":{"background-color":"","background-image":"","background-repeat":"repeat","background-position":"center center","background-size":"auto","background-attachment":"scroll","background-type":"","background-media":"","overlay-type":"","overlay-color":"","overlay-opacity":"","overlay-gradient":""},"tablet":{"background-color":"","background-image":"","background-repeat":"repeat","background-position":"center center","background-size":"auto","background-attachment":"scroll","background-type":"","background-media":"","overlay-type":"","overlay-color":"","overlay-opacity":"","overlay-gradient":""},"mobile":{"background-color":"","background-image":"","background-repeat":"repeat","background-position":"center center","background-size":"auto","background-attachment":"scroll","background-type":"","background-media":"","overlay-type":"","overlay-color":"","overlay-opacity":"","overlay-gradient":""}},"ast-content-background-meta":{"desktop":{"background-color":"var(--ast-global-color-5)","background-image":"","background-repeat":"repeat","background-position":"center center","background-size":"auto","background-attachment":"scroll","background-type":"","background-media":"","overlay-type":"","overlay-color":"","overlay-opacity":"","overlay-gradient":""},"tablet":{"background-color":"var(--ast-global-color-5)","background-image":"","background-repeat":"repeat","background-position":"center center","background-size":"auto","background-attachment":"scroll","background-type":"","background-media":"","overlay-type":"","overlay-color":"","overlay-opacity":"","overlay-gradient":""},"mobile":{"background-color":"var(--ast-global-color-5)","background-image":"","background-repeat":"repeat","background-position":"center center","background-size":"auto","background-attachment":"scroll","background-type":"","background-media":"","overlay-type":"","overlay-color":"","overlay-opacity":"","overlay-gradient":""}}},"product_brand":[],"product_cat":[41],"product_tag":[],"class_list":{"0":"post-6675","1":"product","2":"type-product","3":"status-publish","4":"has-post-thumbnail","6":"product_cat-produkty-pre-zdravie","7":"desktop-align-left","8":"tablet-align-left","9":"mobile-align-left","11":"first","12":"instock","13":"taxable","14":"shipping-taxable","15":"purchasable","16":"product-type-simple"},"_links":{"self":[{"href":"https:\/\/wellness4you.cz\/sk\/wp-json\/wp\/v2\/product\/6675","targetHints":{"allow":["GET"]}}],"collection":[{"href":"https:\/\/wellness4you.cz\/sk\/wp-json\/wp\/v2\/product"}],"about":[{"href":"https:\/\/wellness4you.cz\/sk\/wp-json\/wp\/v2\/types\/product"}],"replies":[{"embeddable":true,"href":"https:\/\/wellness4you.cz\/sk\/wp-json\/wp\/v2\/comments?post=6675"}],"wp:featuredmedia":[{"embeddable":true,"href":"https:\/\/wellness4you.cz\/sk\/wp-json\/wp\/v2\/media\/6940"}],"wp:attachment":[{"href":"https:\/\/wellness4you.cz\/sk\/wp-json\/wp\/v2\/media?parent=6675"}],"wp:term":[{"taxonomy":"product_brand","embeddable":true,"href":"https:\/\/wellness4you.cz\/sk\/wp-json\/wp\/v2\/product_brand?post=6675"},{"taxonomy":"product_cat","embeddable":true,"href":"https:\/\/wellness4you.cz\/sk\/wp-json\/wp\/v2\/product_cat?post=6675"},{"taxonomy":"product_tag","embeddable":true,"href":"https:\/\/wellness4you.cz\/sk\/wp-json\/wp\/v2\/product_tag?post=6675"}],"curies":[{"name":"wp","href":"https:\/\/api.w.org\/{rel}","templated":true}]}}