{"id":6674,"date":"2023-01-15T04:12:20","date_gmt":"2023-01-15T03:12:20","guid":{"rendered":"https:\/\/wellness4you.cz\/sk\/?post_type=product&#038;p=6674"},"modified":"2026-01-08T22:52:37","modified_gmt":"2026-01-08T21:52:37","slug":"ostyhealth","status":"publish","type":"product","link":"https:\/\/wellness4you.cz\/sk\/ostyhealth\/","title":{"rendered":"OstyHealth"},"content":{"rendered":"<h2>OstyHealth je nov\u00fd produkt, ktor\u00fd je ur\u010den\u00fd na r\u00fdchlu a dlhodob\u00fa \u00fa\u013eavu od bolesti k\u013abov.<\/h2>\n<p>N\u00e1\u0161 produkt pom\u00e1ha zni\u017eova\u0165 opuchy a z\u00e1paly k\u013abov t\u00fdm, \u017ee sa na ne zameriava pomocou pr\u00edrodn\u00fdch zl\u00fa\u010den\u00edn na rastlinnej b\u00e1ze, ktor\u00e9 m\u00f4\u017eu prinies\u0165 v\u00fdsledky u\u017e za jednu hodinu.<\/p>\n<p>N\u00e1\u0161 pr\u00edpravok OstyHealth p\u00f4sob\u00ed vn\u00fatorne aj zvonka a pom\u00e1ha zvl\u00e1dnu\u0165 z\u00e1kladn\u00e9 pr\u00ed\u010diny bolesti k\u013abov. Obsahuje cel\u00fd rad osved\u010den\u00fdch, prospe\u0161n\u00fdch zlo\u017eiek, ako je glukozam\u00edn, chondroit\u00edn sulf\u00e1t, kurkuma, hor\u010d\u00edk, \u010dierne korenie a extrakt zo z\u00e1zvoru &#8211; v\u0161etky tieto l\u00e1tky maj\u00fa za cie\u013e zn\u00ed\u017ei\u0165 podr\u00e1\u017edenie k\u013abov a podpori\u0165 optim\u00e1lne zdravie k\u013abov.<\/p>\n<p>Ke\u010f budete pou\u017e\u00edva\u0165 na\u0161e produkty OstyHealth na bolesti k\u013abov, okam\u017eite z\u00edskate r\u00fdchlo p\u00f4sobiacu \u00fa\u013eavu od zap\u00e1len\u00fdch k\u013abov! T\u00e1to inovat\u00edvna recept\u00fara r\u00fdchlo upokojuje bo\u013eav\u00e9 svaly a z\u00e1rove\u0148 poskytuje \u010fal\u0161ie posil\u0148uj\u00face \u00fa\u010dinky.<\/p>\n<p>M\u00f4\u017eete d\u00f4verova\u0165 OstyHealth, pokia\u013e ide o poskytovanie r\u00fdchlych a z\u00e1rove\u0148 dlhodob\u00fdch rie\u0161en\u00ed pre va\u0161e potreby v oblasti starostlivosti o k\u013aby. Na\u0161e v\u00fdrobky nielen\u017ee r\u00fdchlo p\u00f4sobia na zn\u00ed\u017eenie ak\u00fatnej bolesti, ale poskytuj\u00fa aj trval\u00fa podporu, aby sa stuhnut\u00e9 alebo bolestiv\u00e9 k\u013aby vo\u013ene pohybovali bez probl\u00e9mov a nepohodlia. Vyzdvihnite si OthyytProduct e\u0161te dnes a vysk\u00fa\u0161ajte si siln\u00e9 lie\u010div\u00e9 \u00fa\u010dinky na vlastnej ko\u017ei!<\/p>\n<h2>U\u017e v\u00e1s nebav\u00ed, \u017ee v\u00e1m boles\u0165 k\u013abov zni\u017euje kvalitu \u017eivota?<\/h2>\n<p>OstyHealth je tu, aby v\u00e1m pomohol! Vytvorili sme r\u00fdchle rie\u0161enie na dlhodob\u00fa \u00fa\u013eavu od nepr\u00edjemnej, ru\u0161ivej bolesti k\u013abov.<\/p>\n<p>N\u00e1\u0161 v\u00fdrobok sa sklad\u00e1 z \u010disto pr\u00edrodn\u00fdch zlo\u017eiek a \u017eiv\u00edn, tak\u017ee sa m\u00f4\u017ee pou\u017e\u00edva\u0165 bezpe\u010dne aj \u00fa\u010dinne. Pri testoch sme zaznamenali s\u013eubn\u00e9 v\u00fdsledky u\u017e za nieko\u013eko t\u00fd\u017ed\u0148ov. OstyHealth p\u00f4sob\u00ed na zn\u00ed\u017eenie z\u00e1palu, ktor\u00fd sp\u00f4sobuje boles\u0165 k\u013abov, a z\u00e1rove\u0148 napravuje v\u0161etky \u0161kody sp\u00f4soben\u00e9 rokmi opotrebovania.<\/p>\n<p>Toto \u00fa\u010dinn\u00e9 rie\u0161enie dod\u00e1va v\u00e1\u0161mu telu presne to, \u010do potrebuje, aby bolo zdrav\u00e9 a prospievalo. Na\u0161i pou\u017e\u00edvatelia hl\u00e1sia takmer okam\u017eit\u00fa \u00fa\u013eavu po pou\u017eit\u00ed, s \u010fal\u0161\u00edmi dodato\u010dn\u00fdmi v\u00fdhodami v priebehu \u010dasu, ke\u010f sa po\u0161kodenia za\u010dn\u00fa hoji\u0165. Bolestiv\u00e9 opuchy a stuhnutos\u0165 sa zmen\u0161uj\u00fa dostato\u010dne r\u00fdchlo na to, aby ste mohli obnovi\u0165 pohyblivos\u0165 svojich k\u013abov &#8211; dokonca aj t\u00fdch najcitlivej\u0161\u00edch! Navy\u0161e pri pou\u017e\u00edvan\u00ed n\u00e1\u0161ho v\u00fdrobku nehroz\u00ed \u017eiadne riziko ani ved\u013eaj\u0161ie \u00fa\u010dinky &#8211; na rozdiel od mnoh\u00fdch in\u00fdch mo\u017enost\u00ed na trhu.<\/p>\n<p>OstyHealth je rie\u0161enie, ktor\u00e9 ste h\u013eadali, ak chcete skuto\u010dn\u00fa \u00fa\u013eavu od bolesti k\u013abov, ktor\u00e1 trv\u00e1. Pri jednom pou\u017eit\u00ed denne za\u010dnete poci\u0165ova\u0165 rozdiel u\u017e za dva t\u00fd\u017edne &#8211; \u010d\u00edm z\u00edskate sp\u00e4\u0165 kontrolu nad svoj\u00edm telom a \u010das na aktivity, ktor\u00e9 v\u00e1s robia \u0161\u0165astn\u00fdmi! Vysk\u00fa\u0161ajte OstyHealth e\u0161te dnes a c\u00ed\u0165te sa silnej\u0161\u00ed a zdrav\u0161\u00ed ako kedyko\u013evek predt\u00fdm!<\/p>\n","protected":false},"excerpt":{"rendered":"<p>OstyHealth je produkt, ktor\u00fd je ur\u010den\u00fd na r\u00fdchlu \u00fa\u013eavu od bolesti k\u013abov. K\u00fapi\u0165 OstyHealth v Slovenskej Republike za v\u00fdhodn\u00fa cenu. Cena. Hodnotenie. Kde k\u00fapi\u0165. Doru\u010denie na celom Slovensku: Poprad, Martin, Tren\u010d\u00edn, Trnava, Bansk\u00e1 Bystrica, Nitra, \u017dilina, Pre\u0161ov, Ko\u0161ice, Bratislava, Zvolen, Prievidza, Liptovsk\u00fd Mikul\u00e1\u0161, Bardejov a Humenn\u00e9. Indik\u00e1cie pre pou\u017eitie, Kontraindik\u00e1cie, Ako si tovar vzia\u0165. K\u00fapte si OstyHealth online.<\/p>\n","protected":false},"featured_media":6938,"comment_status":"open","ping_status":"closed","template":"","meta":{"site-sidebar-layout":"default","site-content-layout":"default","ast-site-content-layout":"default","site-content-style":"default","site-sidebar-style":"default","ast-global-header-display":"","ast-banner-title-visibility":"","ast-main-header-display":"","ast-hfb-above-header-display":"","ast-hfb-below-header-display":"","ast-hfb-mobile-header-display":"","site-post-title":"","ast-breadcrumbs-content":"","ast-featured-img":"","footer-sml-layout":"","ast-disable-related-posts":"","theme-transparent-header-meta":"default","adv-header-id-meta":"","stick-header-meta":"","header-above-stick-meta":"","header-main-stick-meta":"","header-below-stick-meta":"","astra-migrate-meta-layouts":"default","ast-page-background-enabled":"default","ast-page-background-meta":{"desktop":{"background-color":"","background-image":"","background-repeat":"repeat","background-position":"center center","background-size":"auto","background-attachment":"scroll","background-type":"","background-media":"","overlay-type":"","overlay-color":"","overlay-opacity":"","overlay-gradient":""},"tablet":{"background-color":"","background-image":"","background-repeat":"repeat","background-position":"center center","background-size":"auto","background-attachment":"scroll","background-type":"","background-media":"","overlay-type":"","overlay-color":"","overlay-opacity":"","overlay-gradient":""},"mobile":{"background-color":"","background-image":"","background-repeat":"repeat","background-position":"center center","background-size":"auto","background-attachment":"scroll","background-type":"","background-media":"","overlay-type":"","overlay-color":"","overlay-opacity":"","overlay-gradient":""}},"ast-content-background-meta":{"desktop":{"background-color":"var(--ast-global-color-5)","background-image":"","background-repeat":"repeat","background-position":"center center","background-size":"auto","background-attachment":"scroll","background-type":"","background-media":"","overlay-type":"","overlay-color":"","overlay-opacity":"","overlay-gradient":""},"tablet":{"background-color":"var(--ast-global-color-5)","background-image":"","background-repeat":"repeat","background-position":"center center","background-size":"auto","background-attachment":"scroll","background-type":"","background-media":"","overlay-type":"","overlay-color":"","overlay-opacity":"","overlay-gradient":""},"mobile":{"background-color":"var(--ast-global-color-5)","background-image":"","background-repeat":"repeat","background-position":"center center","background-size":"auto","background-attachment":"scroll","background-type":"","background-media":"","overlay-type":"","overlay-color":"","overlay-opacity":"","overlay-gradient":""}}},"product_brand":[],"product_cat":[41],"product_tag":[],"class_list":{"0":"post-6674","1":"product","2":"type-product","3":"status-publish","4":"has-post-thumbnail","6":"product_cat-produkty-pre-zdravie","7":"desktop-align-left","8":"tablet-align-left","9":"mobile-align-left","11":"first","12":"instock","13":"sale","14":"taxable","15":"shipping-taxable","16":"purchasable","17":"product-type-simple"},"_links":{"self":[{"href":"https:\/\/wellness4you.cz\/sk\/wp-json\/wp\/v2\/product\/6674","targetHints":{"allow":["GET"]}}],"collection":[{"href":"https:\/\/wellness4you.cz\/sk\/wp-json\/wp\/v2\/product"}],"about":[{"href":"https:\/\/wellness4you.cz\/sk\/wp-json\/wp\/v2\/types\/product"}],"replies":[{"embeddable":true,"href":"https:\/\/wellness4you.cz\/sk\/wp-json\/wp\/v2\/comments?post=6674"}],"wp:featuredmedia":[{"embeddable":true,"href":"https:\/\/wellness4you.cz\/sk\/wp-json\/wp\/v2\/media\/6938"}],"wp:attachment":[{"href":"https:\/\/wellness4you.cz\/sk\/wp-json\/wp\/v2\/media?parent=6674"}],"wp:term":[{"taxonomy":"product_brand","embeddable":true,"href":"https:\/\/wellness4you.cz\/sk\/wp-json\/wp\/v2\/product_brand?post=6674"},{"taxonomy":"product_cat","embeddable":true,"href":"https:\/\/wellness4you.cz\/sk\/wp-json\/wp\/v2\/product_cat?post=6674"},{"taxonomy":"product_tag","embeddable":true,"href":"https:\/\/wellness4you.cz\/sk\/wp-json\/wp\/v2\/product_tag?post=6674"}],"curies":[{"name":"wp","href":"https:\/\/api.w.org\/{rel}","templated":true}]}}