{"id":6671,"date":"2023-01-15T04:12:18","date_gmt":"2023-01-15T03:12:18","guid":{"rendered":"https:\/\/wellness4you.cz\/sk\/?post_type=product&#038;p=6671"},"modified":"2026-01-08T22:52:37","modified_gmt":"2026-01-08T21:52:37","slug":"germivir","status":"publish","type":"product","link":"https:\/\/wellness4you.cz\/sk\/germivir\/","title":{"rendered":"Germivir"},"content":{"rendered":"<h2>Germivir, \u00fa\u010dinn\u00fd liek proti v\u0161etk\u00fdm druhom parazitov!<\/h2>\n<p>Germivir je vynikaj\u00facou vo\u013ebou pre va\u0161e potreby v oblasti likvid\u00e1cie parazitov. Na\u0161a jedine\u010dn\u00e1 kombin\u00e1cia pr\u00edrodn\u00fdch a \u00fa\u010dinn\u00fdch zlo\u017eiek eliminuje vonkaj\u0161ie parazity a udr\u017eiava ich v bezpe\u010d\u00ed. T\u00e1to \u00fa\u010dinn\u00e1 zmes v\u00e1s nielen r\u00fdchlo a \u013eahko zbav\u00ed existuj\u00faceho napadnutia, ale pri pravidelnom pou\u017e\u00edvan\u00ed zabr\u00e1ni tomu, aby sa v bud\u00facnosti uchytili vn\u00fatorn\u00ed votrelci.<\/p>\n<p>Nap\u00e1da dospel\u00e9 jedince aj vaj\u00ed\u010dka, \u010d\u00edm zaru\u010duje \u00fapln\u00e9 odstr\u00e1nenie v\u0161etk\u00fdch parazitov do 24 hod\u00edn. Germivir je mocnej\u0161\u00ed ako mnoh\u00e9 in\u00e9 rie\u0161enia na trhu, preto\u017ee \u010dist\u00ed viac ne\u017e len zab\u00edja dospel\u00fdch \u0161kodcov &#8211; ni\u010d\u00ed aj ich reproduk\u010dn\u00e9 cykly, tak\u017ee sa nevyliahnu nov\u00ed. S jednou jednoduchou aplik\u00e1ciou mesa\u010dne sa m\u00f4\u017eete rozl\u00fa\u010di\u0165 s podr\u00e1\u017eden\u00edm, svrben\u00edm a obavami z nebezpe\u010dn\u00fdch ochoren\u00ed sp\u00f4soben\u00fdch parazitmi!<\/p>\n<p>Pre\u010do sa teda rozhodn\u00fa\u0165 pre Germivir? Tento mocn\u00fd prostriedok funguje 24 hod\u00edn denne, 7 dn\u00ed v t\u00fd\u017edni. Navy\u0161e je netoxick\u00fd a vhodn\u00fd pre \u013eud\u00ed aj zvierat\u00e1. Vyberte si e\u0161te dnes.<\/p>\n<h2>M\u00e1te obavy z parazitov, ktor\u00e9 m\u00f4\u017eu napadn\u00fa\u0165 va\u0161e telo a sp\u00f4sobi\u0165 v\u00e1\u017ene zdravotn\u00e9 probl\u00e9my?<\/h2>\n<p>U\u017e sa nemus\u00edte b\u00e1\u0165! Predstavujeme v\u00e1m Germivir: \u00fa\u010dinn\u00fd liek, ktor\u00fd bojuje proti v\u0161etk\u00fdm typom parazitov, aby ste mohli zosta\u0165 v bezpe\u010d\u00ed a zdrav\u00ed.<\/p>\n<p>Je vytvoren\u00fd zo siln\u00fdch, ale \u0161etrn\u00fdch zlo\u017eiek, ktor\u00e9 umo\u017e\u0148uj\u00fa maxim\u00e1lnu \u00fa\u010dinnos\u0165.<\/p>\n<p>Bu\u010fte o krok vpred pred napadnut\u00edm s Germivir. Chr\u00e1\u0148te seba a svojich bl\u00edzkych pred otravn\u00fdmi votrelcami pou\u017e\u00edvan\u00edm n\u00e1\u0161ho bezpe\u010dn\u00e9ho a \u00fa\u010dinn\u00e9ho pr\u00edpravku. Je to jedin\u00fd spo\u013eahliv\u00fd sp\u00f4sob, ako zabezpe\u010di\u0165 \u010distej\u0161iu kvalitu vzduchu a hygienick\u00e9 podmienky v p\u00f4de bez parazitov &#8211; \u010do zaru\u010duje zdrav\u0161\u00ed \u017eivotn\u00fd \u0161t\u00fdl na dlh\u0161\u00ed \u010das. Pridajte sa teda k n\u00e1m v prvej l\u00ednii boja proti parazitom e\u0161te dnes pridan\u00edm pr\u00edpravku Germivir do svojho ka\u017edodenn\u00e9ho programu!<\/p>\n","protected":false},"excerpt":{"rendered":"<p>Germivir &#8211; \u00fa\u010dinn\u00fd liek proti v\u0161etk\u00fdm druhom parazitov! K\u00fapi\u0165 Germivir v Slovenskej Republike za v\u00fdhodn\u00fa cenu. Cena. Hodnotenie. Kde k\u00fapi\u0165. Doru\u010denie na celom Slovensku: Trnava, Bansk\u00e1 Bystrica, Nitra, \u017dilina, Pre\u0161ov, Ko\u0161ice, Bratislava, Zvolen, Prievidza, Poprad, Martin, Tren\u010d\u00edn, Levice, Kom\u00e1rno a Spi\u0161sk\u00e1 Nov\u00e1 Ves. Indik\u00e1cie pre pou\u017eitie, Kontraindik\u00e1cie, Ako si tovar vzia\u0165. K\u00fapte si Germivir online.<\/p>\n","protected":false},"featured_media":6932,"comment_status":"open","ping_status":"closed","template":"","meta":{"site-sidebar-layout":"default","site-content-layout":"default","ast-site-content-layout":"default","site-content-style":"default","site-sidebar-style":"default","ast-global-header-display":"","ast-banner-title-visibility":"","ast-main-header-display":"","ast-hfb-above-header-display":"","ast-hfb-below-header-display":"","ast-hfb-mobile-header-display":"","site-post-title":"","ast-breadcrumbs-content":"","ast-featured-img":"","footer-sml-layout":"","ast-disable-related-posts":"","theme-transparent-header-meta":"default","adv-header-id-meta":"","stick-header-meta":"","header-above-stick-meta":"","header-main-stick-meta":"","header-below-stick-meta":"","astra-migrate-meta-layouts":"default","ast-page-background-enabled":"default","ast-page-background-meta":{"desktop":{"background-color":"","background-image":"","background-repeat":"repeat","background-position":"center center","background-size":"auto","background-attachment":"scroll","background-type":"","background-media":"","overlay-type":"","overlay-color":"","overlay-opacity":"","overlay-gradient":""},"tablet":{"background-color":"","background-image":"","background-repeat":"repeat","background-position":"center center","background-size":"auto","background-attachment":"scroll","background-type":"","background-media":"","overlay-type":"","overlay-color":"","overlay-opacity":"","overlay-gradient":""},"mobile":{"background-color":"","background-image":"","background-repeat":"repeat","background-position":"center center","background-size":"auto","background-attachment":"scroll","background-type":"","background-media":"","overlay-type":"","overlay-color":"","overlay-opacity":"","overlay-gradient":""}},"ast-content-background-meta":{"desktop":{"background-color":"var(--ast-global-color-5)","background-image":"","background-repeat":"repeat","background-position":"center center","background-size":"auto","background-attachment":"scroll","background-type":"","background-media":"","overlay-type":"","overlay-color":"","overlay-opacity":"","overlay-gradient":""},"tablet":{"background-color":"var(--ast-global-color-5)","background-image":"","background-repeat":"repeat","background-position":"center center","background-size":"auto","background-attachment":"scroll","background-type":"","background-media":"","overlay-type":"","overlay-color":"","overlay-opacity":"","overlay-gradient":""},"mobile":{"background-color":"var(--ast-global-color-5)","background-image":"","background-repeat":"repeat","background-position":"center center","background-size":"auto","background-attachment":"scroll","background-type":"","background-media":"","overlay-type":"","overlay-color":"","overlay-opacity":"","overlay-gradient":""}}},"product_brand":[],"product_cat":[41],"product_tag":[],"class_list":{"0":"post-6671","1":"product","2":"type-product","3":"status-publish","4":"has-post-thumbnail","6":"product_cat-produkty-pre-zdravie","7":"desktop-align-left","8":"tablet-align-left","9":"mobile-align-left","11":"first","12":"instock","13":"sale","14":"taxable","15":"shipping-taxable","16":"purchasable","17":"product-type-simple"},"_links":{"self":[{"href":"https:\/\/wellness4you.cz\/sk\/wp-json\/wp\/v2\/product\/6671","targetHints":{"allow":["GET"]}}],"collection":[{"href":"https:\/\/wellness4you.cz\/sk\/wp-json\/wp\/v2\/product"}],"about":[{"href":"https:\/\/wellness4you.cz\/sk\/wp-json\/wp\/v2\/types\/product"}],"replies":[{"embeddable":true,"href":"https:\/\/wellness4you.cz\/sk\/wp-json\/wp\/v2\/comments?post=6671"}],"wp:featuredmedia":[{"embeddable":true,"href":"https:\/\/wellness4you.cz\/sk\/wp-json\/wp\/v2\/media\/6932"}],"wp:attachment":[{"href":"https:\/\/wellness4you.cz\/sk\/wp-json\/wp\/v2\/media?parent=6671"}],"wp:term":[{"taxonomy":"product_brand","embeddable":true,"href":"https:\/\/wellness4you.cz\/sk\/wp-json\/wp\/v2\/product_brand?post=6671"},{"taxonomy":"product_cat","embeddable":true,"href":"https:\/\/wellness4you.cz\/sk\/wp-json\/wp\/v2\/product_cat?post=6671"},{"taxonomy":"product_tag","embeddable":true,"href":"https:\/\/wellness4you.cz\/sk\/wp-json\/wp\/v2\/product_tag?post=6671"}],"curies":[{"name":"wp","href":"https:\/\/api.w.org\/{rel}","templated":true}]}}