{"id":6669,"date":"2023-01-15T04:12:17","date_gmt":"2023-01-15T03:12:17","guid":{"rendered":"https:\/\/wellness4you.cz\/sk\/?post_type=product&#038;p=6669"},"modified":"2026-01-08T22:52:37","modified_gmt":"2026-01-08T21:52:37","slug":"erectil","status":"publish","type":"product","link":"https:\/\/wellness4you.cz\/sk\/erectil\/","title":{"rendered":"Erectil"},"content":{"rendered":"<h2>Ste pripraven\u00ed posun\u00fa\u0165 svoje int\u00edmne chv\u00edle na vy\u0161\u0161iu \u00farove\u0148?<\/h2>\n<p>Erectil &#8211; najsilnej\u0161ie kapsule na trhu na zlep\u0161enie sexu\u00e1lnej sily! Erectil pom\u00e1ha udr\u017ea\u0165 v\u00e1s a va\u0161u partnerku dlh\u0161ie spokojn\u00e9. Ka\u017ed\u00e1 kapsula obsahuje zmes \u0161peci\u00e1lne vyvinut\u00fdch zlo\u017eiek, ktor\u00e9 pom\u00e1haj\u00fa zabezpe\u010di\u0165 \u0161pi\u010dkov\u00fa v\u00fddr\u017e a v\u00fdkonnos\u0165, tak\u017ee sa m\u00f4\u017eete vr\u00e1ti\u0165 do hry, kedyko\u013evek v\u00e1s prepadne n\u00e1lada.<\/p>\n<p>Na\u0161e jedine\u010dn\u00e9 zlo\u017eenie \u00fa\u010dinkuje r\u00fdchlo a efekt\u00edvne &#8211; u\u017e jedna kapsula hodinu pred int\u00edmnym stykom pon\u00faka vynikaj\u00face v\u00fdsledky. Pre t\u00fdch, ktor\u00ed h\u013eadaj\u00fa postupnej\u0161\u00ed pr\u00edstup, pom\u00f4\u017ee dlhodobej\u0161ie u\u017e\u00edvanie Erectilu pri kontinu\u00e1lnom zvy\u0161ovan\u00ed sexu\u00e1lnej sily v priebehu \u010dasu. A bez ak\u00fdchko\u013evek ne\u017eiaducich ved\u013eaj\u0161\u00edch \u00fa\u010dinkov je to bezpe\u010dn\u00fd, prirodzen\u00fd sp\u00f4sob, ako vylep\u0161i\u0165 svoj milostn\u00fd \u017eivot.<\/p>\n<p>Rozl\u00fa\u010dte sa s nev\u00fdrazn\u00fdmi sexu\u00e1lnymi stretnutiami a v\u00fdhovorkami typu &#8220;dnes ve\u010der nie, mil\u00e1\u010dik&#8221; &#8211; s d\u00f4verou sa pustite do svojich v\u00e1\u0161n\u00ed a z\u00e1rove\u0148 vyu\u017eite \u00fa\u017easn\u00e9 schopnosti Erectilu na zv\u00fd\u0161enie sily! Na\u0161e kapsule s\u00fa tu, aby sa postarali o to, \u017ee v\u0161etky va\u0161e s\u00fakromn\u00e9 chv\u00edle bud\u00fa \u010do najpr\u00edjemnej\u0161ie. Za\u010dnite za\u017e\u00edva\u0165 lep\u0161iu \u00farove\u0148 rozko\u0161e u\u017e teraz &#8211; vyzdvihnite si f\u013ea\u0161u Erectil e\u0161te dnes!<\/p>\n<h2>Erectil &#8211; Poc\u00ed\u0165te silu!<\/h2>\n<p>Potrebujete podporu v sp\u00e1lni? Neh\u013eadajte ni\u010d in\u00e9 ako Erectil! Na\u0161e revolu\u010dn\u00e9 kapsule s\u00fa navrhnut\u00e9 tak, aby v\u00e1m pomohli znovu na\u0161tartova\u0165 v\u00e1\u0161 sexu\u00e1lny \u017eivot a dodali v\u00e1m silu a v\u00fddr\u017e, aby ste zap\u00f4sobili a uspokojili.<\/p>\n<p>Kedysi bolo rie\u0161enie sexu\u00e1lnych probl\u00e9mov nie\u010d\u00edm, za \u010do ste sa museli hanbi\u0165. Ale u\u017e nie &#8211; s Erectilom sa m\u00f4\u017eete c\u00edti\u0165 sebaisto a ma\u0165 pod kontrolou prirodzen\u00e9 potreby svojho tela. Erectil, poh\u00e1\u0148an\u00fd zmesou bylinn\u00fdch extraktov a pln\u00fd d\u00f4le\u017eit\u00fdch vitam\u00ednov, je va\u0161ou \u00faplne prirodzenou odpove\u010fou na zv\u00fd\u0161enie libida a sexu\u00e1lnej sily. Je pln\u00fd antioxidantov, ako je \u017een\u0161en a Gingko Biloba, podporuje celkov\u00fa pohodu a z\u00e1rove\u0148 bystr\u00ed myse\u013e pre maxim\u00e1lne uspokojenie z v\u00fdkonu.<\/p>\n<p>Tak u\u017e ne\u010dakajte &#8211; objednajte si z\u00e1soby Erectilu e\u0161te dnes! S takto dobr\u00fdmi produktmi v\u00e1m u\u017e ni\u010d nebr\u00e1ni v tom, aby ste ovl\u00e1dli svoju zdatnos\u0165 v sp\u00e1lni a stali sa kr\u00e1\u013eom (alebo kr\u00e1\u013eovnou) zmyselnej bla\u017eenosti.<\/p>\n","protected":false},"excerpt":{"rendered":"<p>Erectil &#8211; najsilnej\u0161ie kapsule na trhu na zlep\u0161enie sexu\u00e1lnej sily! K\u00fapi\u0165 Erectil v Slovenskej Republike za v\u00fdhodn\u00fa cenu. Kde k\u00fapi\u0165. Cena. Hodnotenie. Doru\u010denie na celom Slovensku: Nitra, \u017dilina, Pre\u0161ov, Ko\u0161ice, Bratislava, Zvolen, Prievidza, Poprad, Martin, Tren\u010d\u00edn, Trnava, Bansk\u00e1 Bystrica, Spi\u0161sk\u00e1 Nov\u00e1 Ves, Michalovce a Nov\u00e9 Z\u00e1mky. Indik\u00e1cie pre pou\u017eitie, Kontraindik\u00e1cie, Ako si tovar vzia\u0165. K\u00fapte si Erectil online.<\/p>\n","protected":false},"featured_media":6928,"comment_status":"open","ping_status":"closed","template":"","meta":{"site-sidebar-layout":"default","site-content-layout":"default","ast-site-content-layout":"default","site-content-style":"default","site-sidebar-style":"default","ast-global-header-display":"","ast-banner-title-visibility":"","ast-main-header-display":"","ast-hfb-above-header-display":"","ast-hfb-below-header-display":"","ast-hfb-mobile-header-display":"","site-post-title":"","ast-breadcrumbs-content":"","ast-featured-img":"","footer-sml-layout":"","ast-disable-related-posts":"","theme-transparent-header-meta":"default","adv-header-id-meta":"","stick-header-meta":"","header-above-stick-meta":"","header-main-stick-meta":"","header-below-stick-meta":"","astra-migrate-meta-layouts":"default","ast-page-background-enabled":"default","ast-page-background-meta":{"desktop":{"background-color":"","background-image":"","background-repeat":"repeat","background-position":"center center","background-size":"auto","background-attachment":"scroll","background-type":"","background-media":"","overlay-type":"","overlay-color":"","overlay-opacity":"","overlay-gradient":""},"tablet":{"background-color":"","background-image":"","background-repeat":"repeat","background-position":"center center","background-size":"auto","background-attachment":"scroll","background-type":"","background-media":"","overlay-type":"","overlay-color":"","overlay-opacity":"","overlay-gradient":""},"mobile":{"background-color":"","background-image":"","background-repeat":"repeat","background-position":"center center","background-size":"auto","background-attachment":"scroll","background-type":"","background-media":"","overlay-type":"","overlay-color":"","overlay-opacity":"","overlay-gradient":""}},"ast-content-background-meta":{"desktop":{"background-color":"var(--ast-global-color-5)","background-image":"","background-repeat":"repeat","background-position":"center center","background-size":"auto","background-attachment":"scroll","background-type":"","background-media":"","overlay-type":"","overlay-color":"","overlay-opacity":"","overlay-gradient":""},"tablet":{"background-color":"var(--ast-global-color-5)","background-image":"","background-repeat":"repeat","background-position":"center center","background-size":"auto","background-attachment":"scroll","background-type":"","background-media":"","overlay-type":"","overlay-color":"","overlay-opacity":"","overlay-gradient":""},"mobile":{"background-color":"var(--ast-global-color-5)","background-image":"","background-repeat":"repeat","background-position":"center center","background-size":"auto","background-attachment":"scroll","background-type":"","background-media":"","overlay-type":"","overlay-color":"","overlay-opacity":"","overlay-gradient":""}}},"product_brand":[],"product_cat":[40],"product_tag":[],"class_list":{"0":"post-6669","1":"product","2":"type-product","3":"status-publish","4":"has-post-thumbnail","6":"product_cat-produkty-pre-muzov","7":"desktop-align-left","8":"tablet-align-left","9":"mobile-align-left","11":"first","12":"instock","13":"sale","14":"taxable","15":"shipping-taxable","16":"purchasable","17":"product-type-simple"},"_links":{"self":[{"href":"https:\/\/wellness4you.cz\/sk\/wp-json\/wp\/v2\/product\/6669","targetHints":{"allow":["GET"]}}],"collection":[{"href":"https:\/\/wellness4you.cz\/sk\/wp-json\/wp\/v2\/product"}],"about":[{"href":"https:\/\/wellness4you.cz\/sk\/wp-json\/wp\/v2\/types\/product"}],"replies":[{"embeddable":true,"href":"https:\/\/wellness4you.cz\/sk\/wp-json\/wp\/v2\/comments?post=6669"}],"wp:featuredmedia":[{"embeddable":true,"href":"https:\/\/wellness4you.cz\/sk\/wp-json\/wp\/v2\/media\/6928"}],"wp:attachment":[{"href":"https:\/\/wellness4you.cz\/sk\/wp-json\/wp\/v2\/media?parent=6669"}],"wp:term":[{"taxonomy":"product_brand","embeddable":true,"href":"https:\/\/wellness4you.cz\/sk\/wp-json\/wp\/v2\/product_brand?post=6669"},{"taxonomy":"product_cat","embeddable":true,"href":"https:\/\/wellness4you.cz\/sk\/wp-json\/wp\/v2\/product_cat?post=6669"},{"taxonomy":"product_tag","embeddable":true,"href":"https:\/\/wellness4you.cz\/sk\/wp-json\/wp\/v2\/product_tag?post=6669"}],"curies":[{"name":"wp","href":"https:\/\/api.w.org\/{rel}","templated":true}]}}