{"id":6668,"date":"2023-01-15T04:12:17","date_gmt":"2023-01-15T03:12:17","guid":{"rendered":"https:\/\/wellness4you.cz\/sk\/?post_type=product&#038;p=6668"},"modified":"2026-01-08T22:52:37","modified_gmt":"2026-01-08T21:52:37","slug":"diabex","status":"publish","type":"product","link":"https:\/\/wellness4you.cz\/sk\/diabex\/","title":{"rendered":"Diabex"},"content":{"rendered":"<h2>Kapsuly Diabex s\u00fa ide\u00e1lnym rie\u0161en\u00edm pre ka\u017ed\u00e9ho, kto bojuje s cukrovkou!<\/h2>\n<p>N\u00e1\u0161 revolu\u010dn\u00fd doplnok na kontrolu cukrovky obsahuje jedine\u010dn\u00fa zmes pr\u00edrodn\u00fdch zlo\u017eiek. S Diabex budete m\u00f4c\u0165 udr\u017ea\u0165 hladinu cukru v krvi v bezpe\u010dn\u00fdch medziach a podpori\u0165 norm\u00e1lnu funkciu inzul\u00ednu.<\/p>\n<p>Na\u0161e \u0161peci\u00e1lne zlo\u017eenie \u00fa\u010dinkuje r\u00fdchlo a efekt\u00edvne, \u010do v\u00e1m umo\u017en\u00ed vy\u0165a\u017ei\u0165 z d\u0148a viac bez ob\u00e1v z prudk\u00fdch n\u00e1rastov gluk\u00f3zy, ktor\u00e9 sp\u00fa\u0161\u0165aj\u00fa pr\u00edznaky cukrovky. T\u00fdm, \u017ee telu dodaj\u00fa d\u00f4le\u017eit\u00e9 antioxidanty, v\u00e1m na\u0161e tablety pom\u00f4\u017eu udr\u017ea\u0165 zdrav\u00fa hladinu cukru v krvi a z\u00e1rove\u0148 podporia rast buniek, ktor\u00e9 s\u00fa d\u00f4le\u017eit\u00e9 pre metabolizmus. \u010ci u\u017e h\u013ead\u00e1te zmenu \u017eivotn\u00e9ho \u0161t\u00fdlu alebo len nie\u010do na lep\u0161ie zvl\u00e1danie svojho stavu, Diabex je odpove\u010fou.<\/p>\n<p>Na\u0161e pr\u00edrodn\u00e9 zlo\u017eenie je nielen bezpe\u010dn\u00e9 a \u00fa\u010dinn\u00e9, ale je aj neuverite\u013ene cenovo dostupn\u00e9 &#8211; v\u010faka \u010domu m\u00f4\u017ee tieto neuverite\u013en\u00e9 produkty vyu\u017e\u00edva\u0165 ka\u017ed\u00fd. A \u010do viac, pon\u00fakame dopravu zadarmo, tak\u017ee aj ke\u010f m\u00e1te pr\u00e1ve teraz m\u00e1lo pe\u0148az\u00ed, nebudete ma\u0165 \u017eiadne obavy, pokia\u013e ide o n\u00e1klady na doru\u010denie! S Diabex kapsulami po va\u0161om boku nebola starostlivos\u0165 o seba nikdy jednoduch\u0161ia. Tak u\u017e ne\u010dakajte ani min\u00fatu &#8211; vezmite zodpovednos\u0165 za svoju cukrovku e\u0161te dnes a u\u017e\u00edvajte si \u017eivot bez obmedzen\u00ed!<\/p>\n<h2>\u017dijete s cukrovkou?<\/h2>\n<p>U\u017e nemus\u00edte \u017ei\u0165 v strachu! Diabex je tu, aby v\u00e1m pomohol. Tieto \u00fa\u017easn\u00e9 kapsule pon\u00fakaj\u00fa \u00fa\u013eavu od bolest\u00ed a utrpenia \u017eivota s cukrovkou, ktor\u00e1 zmen\u00ed \u017eivot. Nielen\u017ee pom\u00e1ha vyrovn\u00e1va\u0165 hladinu cukru v krvi, ale prich\u00e1dza s cel\u00fdm radom \u010fal\u0161\u00edch \u00fa\u017easn\u00fdch v\u00fdhod pre va\u0161u celkov\u00fa pohodu.<\/p>\n<p>Predstavte si, \u017ee u\u017e \u017eiadne bolesti, \u017eiadna letargia a v\u00e4\u010d\u0161ie du\u0161evn\u00e9 s\u00fastredenie ka\u017ed\u00fd de\u0148. S Diabexom po va\u0161om boku to v\u0161etko m\u00f4\u017ee by\u0165 realitou. Bylinn\u00e1 zmes pom\u00e1ha regulova\u0165 metabolizmus gluk\u00f3zy a z\u00e1rove\u0148 zni\u017euje z\u00e1paly v tele a podporuje zdravie nervov, tak\u017ee sa m\u00f4\u017eete c\u00edti\u0165 skvele po cel\u00fd rok. Navy\u0161e v\u010faka pr\u00edrodn\u00fdm zlo\u017ek\u00e1m nehroz\u00ed riziko nepr\u00edjemn\u00fdch ved\u013eaj\u0161\u00edch \u00fa\u010dinkov, ak\u00e9 sa be\u017ene sp\u00e1jaj\u00fa s tradi\u010dnou liekovou lie\u010dbou. Ne\u010dakajte preto ani de\u0148 &#8211; vysk\u00fa\u0161ajte Diabex a za\u010dnite sa c\u00edti\u0165 dobre e\u0161te dnes!<\/p>\n","protected":false},"excerpt":{"rendered":"<p>Diabex s\u00fa ide\u00e1lnym rie\u0161en\u00edm pre ka\u017ed\u00e9ho, kto bojuje s cukrovkou! K\u00fapi\u0165 Diabex v Slovenskej Republike za v\u00fdhodn\u00fa cenu. Cena. Hodnotenie. Kde k\u00fapi\u0165. Doru\u010denie na celom Slovensku: \u017dilina, Pre\u0161ov, Ko\u0161ice, Bratislava, Zvolen, Prievidza, Poprad, Martin, Tren\u010d\u00edn, Trnava, Bansk\u00e1 Bystrica, Nitra, Michalovce, Nov\u00e9 Z\u00e1mky a Pova\u017esk\u00e1 Bystrica. Kontraindik\u00e1cie, Ako si tovar vzia\u0165, Indik\u00e1cie pre pou\u017eitie. K\u00fapte si Diabex online.<\/p>\n","protected":false},"featured_media":6926,"comment_status":"open","ping_status":"closed","template":"","meta":{"site-sidebar-layout":"default","site-content-layout":"default","ast-site-content-layout":"default","site-content-style":"default","site-sidebar-style":"default","ast-global-header-display":"","ast-banner-title-visibility":"","ast-main-header-display":"","ast-hfb-above-header-display":"","ast-hfb-below-header-display":"","ast-hfb-mobile-header-display":"","site-post-title":"","ast-breadcrumbs-content":"","ast-featured-img":"","footer-sml-layout":"","ast-disable-related-posts":"","theme-transparent-header-meta":"default","adv-header-id-meta":"","stick-header-meta":"","header-above-stick-meta":"","header-main-stick-meta":"","header-below-stick-meta":"","astra-migrate-meta-layouts":"default","ast-page-background-enabled":"default","ast-page-background-meta":{"desktop":{"background-color":"","background-image":"","background-repeat":"repeat","background-position":"center center","background-size":"auto","background-attachment":"scroll","background-type":"","background-media":"","overlay-type":"","overlay-color":"","overlay-opacity":"","overlay-gradient":""},"tablet":{"background-color":"","background-image":"","background-repeat":"repeat","background-position":"center center","background-size":"auto","background-attachment":"scroll","background-type":"","background-media":"","overlay-type":"","overlay-color":"","overlay-opacity":"","overlay-gradient":""},"mobile":{"background-color":"","background-image":"","background-repeat":"repeat","background-position":"center center","background-size":"auto","background-attachment":"scroll","background-type":"","background-media":"","overlay-type":"","overlay-color":"","overlay-opacity":"","overlay-gradient":""}},"ast-content-background-meta":{"desktop":{"background-color":"var(--ast-global-color-5)","background-image":"","background-repeat":"repeat","background-position":"center center","background-size":"auto","background-attachment":"scroll","background-type":"","background-media":"","overlay-type":"","overlay-color":"","overlay-opacity":"","overlay-gradient":""},"tablet":{"background-color":"var(--ast-global-color-5)","background-image":"","background-repeat":"repeat","background-position":"center center","background-size":"auto","background-attachment":"scroll","background-type":"","background-media":"","overlay-type":"","overlay-color":"","overlay-opacity":"","overlay-gradient":""},"mobile":{"background-color":"var(--ast-global-color-5)","background-image":"","background-repeat":"repeat","background-position":"center center","background-size":"auto","background-attachment":"scroll","background-type":"","background-media":"","overlay-type":"","overlay-color":"","overlay-opacity":"","overlay-gradient":""}}},"product_brand":[],"product_cat":[41],"product_tag":[],"class_list":{"0":"post-6668","1":"product","2":"type-product","3":"status-publish","4":"has-post-thumbnail","6":"product_cat-produkty-pre-zdravie","7":"desktop-align-left","8":"tablet-align-left","9":"mobile-align-left","11":"first","12":"instock","13":"taxable","14":"shipping-taxable","15":"purchasable","16":"product-type-simple"},"_links":{"self":[{"href":"https:\/\/wellness4you.cz\/sk\/wp-json\/wp\/v2\/product\/6668","targetHints":{"allow":["GET"]}}],"collection":[{"href":"https:\/\/wellness4you.cz\/sk\/wp-json\/wp\/v2\/product"}],"about":[{"href":"https:\/\/wellness4you.cz\/sk\/wp-json\/wp\/v2\/types\/product"}],"replies":[{"embeddable":true,"href":"https:\/\/wellness4you.cz\/sk\/wp-json\/wp\/v2\/comments?post=6668"}],"wp:featuredmedia":[{"embeddable":true,"href":"https:\/\/wellness4you.cz\/sk\/wp-json\/wp\/v2\/media\/6926"}],"wp:attachment":[{"href":"https:\/\/wellness4you.cz\/sk\/wp-json\/wp\/v2\/media?parent=6668"}],"wp:term":[{"taxonomy":"product_brand","embeddable":true,"href":"https:\/\/wellness4you.cz\/sk\/wp-json\/wp\/v2\/product_brand?post=6668"},{"taxonomy":"product_cat","embeddable":true,"href":"https:\/\/wellness4you.cz\/sk\/wp-json\/wp\/v2\/product_cat?post=6668"},{"taxonomy":"product_tag","embeddable":true,"href":"https:\/\/wellness4you.cz\/sk\/wp-json\/wp\/v2\/product_tag?post=6668"}],"curies":[{"name":"wp","href":"https:\/\/api.w.org\/{rel}","templated":true}]}}