{"id":6666,"date":"2023-01-15T04:12:17","date_gmt":"2023-01-15T03:12:17","guid":{"rendered":"https:\/\/wellness4you.cz\/sk\/?post_type=product&#038;p=6666"},"modified":"2026-01-08T22:52:37","modified_gmt":"2026-01-08T21:52:37","slug":"cardio-life","status":"publish","type":"product","link":"https:\/\/wellness4you.cz\/sk\/cardio-life\/","title":{"rendered":"Cardio Life"},"content":{"rendered":"<h2>Ste pripraven\u00ed zlep\u0161i\u0165 zdravie svojho srdca a z\u00edska\u0165 sp\u00e4\u0165 kontrolu nad svoj\u00edm \u017eivotom s Cardio Life?<\/h2>\n<p>Na\u0161a jedine\u010dn\u00e1 zmes doplnkov je \u0161peci\u00e1lne navrhnut\u00e1 na podporu zdrav\u00e9ho kardiovaskul\u00e1rneho syst\u00e9mu. Navy\u0161e ju m\u00f4\u017eete ve\u013emi \u013eahko prida\u0165 do svojho jed\u00e1lni\u010dka.\u00a0Cardio Life obsahuje nieko\u013eko klinicky overen\u00fdch zlo\u017eiek, ktor\u00e9 pom\u00e1haj\u00fa udr\u017eiava\u0165 optim\u00e1lne zdravie kardiovaskul\u00e1rneho syst\u00e9mu, vr\u00e1tane omega-3 mastn\u00fdch kysel\u00edn, l-argin\u00ednu, CoQ10 a NAC, ktor\u00e9 spolo\u010dne p\u00f4sobia na dosiahnutie maxim\u00e1lneho pr\u00ednosu. Sta\u010d\u00ed jedna kapsula denne a tento doplnok v\u00e1m pom\u00f4\u017ee vr\u00e1ti\u0165 sa do hry a dosta\u0165 va\u0161e srdce do maxim\u00e1lneho v\u00fdkonu!<\/p>\n<p>Zabudnite na pocit ospalosti a zaost\u00e1vania, preto\u017ee ka\u017ed\u00fd de\u0148 pre\u017eijete s istotou a vedom\u00edm, \u017ee pre seba rob\u00edte nie\u010do dobr\u00e9. Cardio Life podporuje zv\u00fd\u0161en\u00fa v\u00fddr\u017e, aby ste mohli zosta\u0165 s\u00fastreden\u00ed a produkt\u00edvni dlh\u0161ie po\u010das cel\u00e9ho d\u0148a. A zatia\u013e \u010do niektor\u00e9 doplnky stravy m\u00f4\u017eu by\u0165 \u0165a\u017ek\u00e9 na \u017eal\u00fadok alebo trv\u00e1 cel\u00fa ve\u010dnos\u0165, k\u00fdm skuto\u010dne za\u010dn\u00fa p\u00f4sobi\u0165, na\u0161a jedine\u010dn\u00e1 zmes za\u010d\u00edna p\u00f4sobi\u0165 r\u00fdchlo a hladko &#8211; \u010d\u00edm udr\u017euje v\u0161etky mo\u017en\u00e9 ved\u013eaj\u0161ie \u00fa\u010dinky na uzde.<\/p>\n<p>Ne\u010dakajte, k\u00fdm bude neskoro: Pridajte sa k nespo\u010detn\u00e9mu mno\u017estvu \u013eud\u00ed, ktor\u00ed u\u017e s Cardio Life urobili nie\u010do dobr\u00e9 pre svoje srdce! V\u0161etky pr\u00edrodn\u00e9 zlo\u017eky znamenaj\u00fa, \u017ee v\u00e1s ne\u010dak\u00e1 \u017eiadne nepr\u00edjemn\u00e9 prekvapenie, tak pre\u010do to nevysk\u00fa\u0161a\u0165 e\u0161te dnes? Bu\u010fte zajtra najlep\u0161ou verziou seba sam\u00e9ho s pomocou Cardio Life!<\/p>\n<h2>Na\u0161e jedine\u010dn\u00e9 zlo\u017eenie je \u0161peci\u00e1lne navrhnut\u00e9 tak, aby pom\u00e1halo zni\u017eova\u0165 cholesterol, z\u00e1paly a \u010fal\u0161ie faktory, ktor\u00e9 m\u00f4\u017eu prispieva\u0165 k nezdrav\u00fdm tepn\u00e1m.<\/h2>\n<p>S pr\u00edpravkom Cardio Life rob\u00edme v\u0161etko pre to, aby sme v\u00e1m poskytli t\u00fa najlep\u0161iu mo\u017en\u00fa starostlivos\u0165 o srdce. Na\u0161e zlo\u017eky s\u00fa zlo\u017een\u00e9 z organick\u00fdch a \u00faplne pr\u00edrodn\u00fdch komponentov &#8211; ni\u010d umel\u00e9 tu nie je! Ka\u017ed\u00e1 d\u00e1vka pon\u00faka cel\u00fd rad prospe\u0161n\u00fdch \u017eiv\u00edn, ktor\u00e9 s\u00fa nevyhnutn\u00e9 na udr\u017eanie dobr\u00e9ho kardiovaskul\u00e1rneho zdravia. A \u010do je e\u0161te lep\u0161ie, na\u0161e skvelo chutiace kapsuly v\u00e1m umo\u017enia z\u00edska\u0165 svoju denn\u00fa d\u00e1vku bez rozruchu a \u0165a\u017ekost\u00ed.<\/p>\n<p>V spolo\u010dnosti Cardio Life ver\u00edme, \u017ee v\u00e1m d\u00e1me silu prevzia\u0165 kontrolu nad zdrav\u00edm v\u00e1\u0161ho srdca. S na\u0161ou dynamickou kombin\u00e1ciou pr\u00edrodn\u00fdch prostriedkov nebolo nikdy jednoduch\u0161ie chr\u00e1ni\u0165 a podporova\u0165 svoje srdce po cel\u00e9 roky. Ka\u017ed\u00fd si zasl\u00fa\u017ei tento jednoduch\u00fd sp\u00f4sob ochrany svojho najd\u00f4le\u017eitej\u0161ieho org\u00e1nu, od rozhoduj\u00facich os\u00f4b a\u017e po zanepr\u00e1zdnen\u00fdch rodi\u010dov.<\/p>\n<p>Ste pripraven\u00ed na jednoduch\u00fd sp\u00f4sob, ako si zabezpe\u010di\u0165 zdrav\u00e9 srdce? Teraz pre to m\u00f4\u017eete nie\u010do urobi\u0165 s Cardio Life &#8211; preto\u017ee ke\u010f ide o va\u0161e srdce, ka\u017ed\u00e1 mal\u00e1 n\u00e1maha sa po\u010d\u00edta!<\/p>\n","protected":false},"excerpt":{"rendered":"<p>Cardio Life je navrhnut\u00fd na podporu zdrav\u00e9ho kardiovaskul\u00e1rneho syst\u00e9mu. K\u00fapi\u0165 Cardio Life v Slovenskej Republike za v\u00fdhodn\u00fa cenu. Kde k\u00fapi\u0165. Cena. Hodnotenie. Doru\u010denie na celom Slovensku: Ko\u0161ice, Bratislava, Zvolen, Prievidza, Poprad, Martin, Tren\u010d\u00edn, Trnava, Bansk\u00e1 Bystrica, Nitra, \u017dilina, Pre\u0161ov, Pova\u017esk\u00e1 Bystrica, Malacky a Nov\u00e9 Mesto nad V\u00e1hom. Indik\u00e1cie pre pou\u017eitie, Kontraindik\u00e1cie, Ako si tovar vzia\u0165. K\u00fapte si Cardio Life online.<\/p>\n","protected":false},"featured_media":6922,"comment_status":"open","ping_status":"closed","template":"","meta":{"site-sidebar-layout":"default","site-content-layout":"default","ast-site-content-layout":"default","site-content-style":"default","site-sidebar-style":"default","ast-global-header-display":"","ast-banner-title-visibility":"","ast-main-header-display":"","ast-hfb-above-header-display":"","ast-hfb-below-header-display":"","ast-hfb-mobile-header-display":"","site-post-title":"","ast-breadcrumbs-content":"","ast-featured-img":"","footer-sml-layout":"","ast-disable-related-posts":"","theme-transparent-header-meta":"default","adv-header-id-meta":"","stick-header-meta":"","header-above-stick-meta":"","header-main-stick-meta":"","header-below-stick-meta":"","astra-migrate-meta-layouts":"default","ast-page-background-enabled":"default","ast-page-background-meta":{"desktop":{"background-color":"","background-image":"","background-repeat":"repeat","background-position":"center center","background-size":"auto","background-attachment":"scroll","background-type":"","background-media":"","overlay-type":"","overlay-color":"","overlay-opacity":"","overlay-gradient":""},"tablet":{"background-color":"","background-image":"","background-repeat":"repeat","background-position":"center center","background-size":"auto","background-attachment":"scroll","background-type":"","background-media":"","overlay-type":"","overlay-color":"","overlay-opacity":"","overlay-gradient":""},"mobile":{"background-color":"","background-image":"","background-repeat":"repeat","background-position":"center center","background-size":"auto","background-attachment":"scroll","background-type":"","background-media":"","overlay-type":"","overlay-color":"","overlay-opacity":"","overlay-gradient":""}},"ast-content-background-meta":{"desktop":{"background-color":"var(--ast-global-color-5)","background-image":"","background-repeat":"repeat","background-position":"center center","background-size":"auto","background-attachment":"scroll","background-type":"","background-media":"","overlay-type":"","overlay-color":"","overlay-opacity":"","overlay-gradient":""},"tablet":{"background-color":"var(--ast-global-color-5)","background-image":"","background-repeat":"repeat","background-position":"center center","background-size":"auto","background-attachment":"scroll","background-type":"","background-media":"","overlay-type":"","overlay-color":"","overlay-opacity":"","overlay-gradient":""},"mobile":{"background-color":"var(--ast-global-color-5)","background-image":"","background-repeat":"repeat","background-position":"center center","background-size":"auto","background-attachment":"scroll","background-type":"","background-media":"","overlay-type":"","overlay-color":"","overlay-opacity":"","overlay-gradient":""}}},"product_brand":[],"product_cat":[41],"product_tag":[],"class_list":{"0":"post-6666","1":"product","2":"type-product","3":"status-publish","4":"has-post-thumbnail","6":"product_cat-produkty-pre-zdravie","7":"desktop-align-left","8":"tablet-align-left","9":"mobile-align-left","11":"first","12":"instock","13":"taxable","14":"shipping-taxable","15":"purchasable","16":"product-type-simple"},"_links":{"self":[{"href":"https:\/\/wellness4you.cz\/sk\/wp-json\/wp\/v2\/product\/6666","targetHints":{"allow":["GET"]}}],"collection":[{"href":"https:\/\/wellness4you.cz\/sk\/wp-json\/wp\/v2\/product"}],"about":[{"href":"https:\/\/wellness4you.cz\/sk\/wp-json\/wp\/v2\/types\/product"}],"replies":[{"embeddable":true,"href":"https:\/\/wellness4you.cz\/sk\/wp-json\/wp\/v2\/comments?post=6666"}],"wp:featuredmedia":[{"embeddable":true,"href":"https:\/\/wellness4you.cz\/sk\/wp-json\/wp\/v2\/media\/6922"}],"wp:attachment":[{"href":"https:\/\/wellness4you.cz\/sk\/wp-json\/wp\/v2\/media?parent=6666"}],"wp:term":[{"taxonomy":"product_brand","embeddable":true,"href":"https:\/\/wellness4you.cz\/sk\/wp-json\/wp\/v2\/product_brand?post=6666"},{"taxonomy":"product_cat","embeddable":true,"href":"https:\/\/wellness4you.cz\/sk\/wp-json\/wp\/v2\/product_cat?post=6666"},{"taxonomy":"product_tag","embeddable":true,"href":"https:\/\/wellness4you.cz\/sk\/wp-json\/wp\/v2\/product_tag?post=6666"}],"curies":[{"name":"wp","href":"https:\/\/api.w.org\/{rel}","templated":true}]}}