{"id":6665,"date":"2023-01-15T04:12:16","date_gmt":"2023-01-15T03:12:16","guid":{"rendered":"https:\/\/wellness4you.cz\/sk\/?post_type=product&#038;p=6665"},"modified":"2026-01-08T22:52:37","modified_gmt":"2026-01-08T21:52:37","slug":"big-size","status":"publish","type":"product","link":"https:\/\/wellness4you.cz\/sk\/big-size\/","title":{"rendered":"Big Size"},"content":{"rendered":"<h2>Big Size je nov\u00fd revolu\u010dn\u00fd g\u00e9l na zv\u00e4\u010d\u0161enie penisu, ktor\u00fd v\u00e1m pom\u00f4\u017ee sta\u0165 sa mu\u017eom va\u0161ich snov!<\/h2>\n<p>N\u00e1\u0161 vzorec je navrhnut\u00fd tak, aby zv\u00fd\u0161il va\u0161u ve\u013ekos\u0165 a sebavedomie, \u010d\u00edm v\u00e1m dod\u00e1 v\u00e4\u010d\u0161\u00ed a silnej\u0161\u00ed penis, v\u010faka ktor\u00e9mu sa budete v sp\u00e1lni c\u00edti\u0165 nezastavite\u013en\u00ed. \u017deny nebud\u00fa m\u00f4c\u0165 odola\u0165 va\u0161ej novonadobudnutej ve\u013ekosti &#8211; ur\u010dite na v\u00e1s zap\u00f4sob\u00ed!\u00a0V spolo\u010dnosti Big Size ch\u00e1peme, \u017ee mnoh\u00ed mu\u017ei maj\u00fa pocit, \u017ee sa im nevyrovn\u00e1. \u010ci u\u017e je pr\u00edli\u0161 mal\u00fd alebo pr\u00edli\u0161 tenk\u00fd, niektor\u00ed mu\u017ei jednoducho nemaj\u00fa pocit, \u017ee ich \u00fad je na \u00farovni. Preto sme vytvorili Big Size: n\u00e1\u0161 exkluz\u00edvny g\u00e9l na zv\u00e4\u010d\u0161enie \u00faderu obsahuje pr\u00edrodn\u00e9 zlo\u017eky, ktor\u00e9 preuk\u00e1zate\u013ene zaka\u017ed\u00fdm prin\u00e1\u0161aj\u00fa v\u00fdsledky.<\/p>\n<p>Ak h\u013ead\u00e1te sp\u00f4sob, ako prida\u0165 dodato\u010dn\u00fa d\u013a\u017eku a obvod bez nepr\u00edjemn\u00fdch n\u00e1v\u0161tev u lek\u00e1ra, Big Size v\u00e1s zahrnie. Sta\u010d\u00ed raz denne aplikova\u0165 n\u00e1\u0161 r\u00fdchlo sa vstreb\u00e1vaj\u00faci g\u00e9l a sledova\u0165, ako sa v\u00e1\u0161 penis za\u010dne meni\u0165 pred o\u010dami! S 8 jednoduch\u00fdmi strat\u00e9giami na zv\u00e4\u010d\u0161enie ve\u013ekosti, ktor\u00e9 s\u00fa s\u00fa\u010das\u0165ou ka\u017ed\u00e9ho n\u00e1kupu, budete prekvapen\u00ed, \u010do pre v\u00e1s tento g\u00e9l dok\u00e1\u017ee urobi\u0165. Urobte svoje fant\u00e1zie skuto\u010dnos\u0165ou!<\/p>\n<h2>S nami sa va\u0161a ve\u013ekos\u0165 penisu nielen zv\u00e4\u010d\u0161\u00ed, ale sebad\u00f4vera a kontrola, ktor\u00fa budete ma\u0165, bude obrovsk\u00e1!<\/h2>\n<p>Nechajte Big Size zmeni\u0165 v\u00e1\u0161 \u017eivot! Tento g\u00e9l na zv\u00e4\u010d\u0161enie penisu funguje tak, \u017ee pomocou pr\u00edrodn\u00fdch rastl\u00edn a v\u00fd\u0165a\u017ekov stimuluje bunky penisu k prirodzen\u00e9mu zv\u00e4\u010d\u0161eniu, \u010do prispieva k trval\u00e9mu rastu.<\/p>\n<p>Konajte teraz a dovo\u013ete, aby g\u00e9l zmenil v\u0161etky aspekty v\u00e1\u0161ho \u017eivota, od va\u0161ich aktiv\u00edt v sp\u00e1lni a\u017e po tie spolo\u010densk\u00e9 situ\u00e1cie, v ktor\u00fdch sa nec\u00edtite tak sebavedomo ako ostatn\u00ed chlapi okolo v\u00e1s. Sta\u010d\u00ed nieko\u013eko jednoduch\u00fdch krokov ka\u017ed\u00fd de\u0148 &#8211; o\u010distite oblas\u0165 a potom naneste s\u00e9rum. Dajte si 1 &#8211; 2 mesiace a u\u017eite si \u00fa\u017easn\u00e9 v\u00fdsledky!<\/p>\n<p>Ned\u00e1vame pr\u00e1zdne s\u013euby &#8211; my ich pln\u00edme. Zaregistrujte sa e\u0161te dnes a dovo\u013ete, aby Big Size sp\u00f4sobil revol\u00faciu vo va\u0161om \u017eivote. Nebudete sklaman\u00ed!<\/p>\n","protected":false},"excerpt":{"rendered":"<p>Big Size je nov\u00fd revolu\u010dn\u00fd g\u00e9l na zv\u00e4\u010d\u0161enie penisu. K\u00fapi\u0165 Big Size v Slovenskej Republike za v\u00fdhodn\u00fa cenu. Cena. Hodnotenie. Kde k\u00fapi\u0165. Doru\u010denie na celom Slovensku: Bratislava, Zvolen, Prievidza, Poprad, Martin, Tren\u010d\u00edn, Trnava, Bansk\u00e1 Bystrica, Nitra, \u017dilina, Pre\u0161ov, Ko\u0161ice, Malacky, Nov\u00e9 Mesto nad V\u00e1hom a Senica. Kontraindik\u00e1cie, Ako si tovar vzia\u0165, Indik\u00e1cie pre pou\u017eitie. K\u00fapte si Big Size online.<\/p>\n","protected":false},"featured_media":6920,"comment_status":"open","ping_status":"closed","template":"","meta":{"site-sidebar-layout":"default","site-content-layout":"default","ast-site-content-layout":"default","site-content-style":"default","site-sidebar-style":"default","ast-global-header-display":"","ast-banner-title-visibility":"","ast-main-header-display":"","ast-hfb-above-header-display":"","ast-hfb-below-header-display":"","ast-hfb-mobile-header-display":"","site-post-title":"","ast-breadcrumbs-content":"","ast-featured-img":"","footer-sml-layout":"","ast-disable-related-posts":"","theme-transparent-header-meta":"default","adv-header-id-meta":"","stick-header-meta":"","header-above-stick-meta":"","header-main-stick-meta":"","header-below-stick-meta":"","astra-migrate-meta-layouts":"default","ast-page-background-enabled":"default","ast-page-background-meta":{"desktop":{"background-color":"","background-image":"","background-repeat":"repeat","background-position":"center center","background-size":"auto","background-attachment":"scroll","background-type":"","background-media":"","overlay-type":"","overlay-color":"","overlay-opacity":"","overlay-gradient":""},"tablet":{"background-color":"","background-image":"","background-repeat":"repeat","background-position":"center center","background-size":"auto","background-attachment":"scroll","background-type":"","background-media":"","overlay-type":"","overlay-color":"","overlay-opacity":"","overlay-gradient":""},"mobile":{"background-color":"","background-image":"","background-repeat":"repeat","background-position":"center center","background-size":"auto","background-attachment":"scroll","background-type":"","background-media":"","overlay-type":"","overlay-color":"","overlay-opacity":"","overlay-gradient":""}},"ast-content-background-meta":{"desktop":{"background-color":"var(--ast-global-color-5)","background-image":"","background-repeat":"repeat","background-position":"center center","background-size":"auto","background-attachment":"scroll","background-type":"","background-media":"","overlay-type":"","overlay-color":"","overlay-opacity":"","overlay-gradient":""},"tablet":{"background-color":"var(--ast-global-color-5)","background-image":"","background-repeat":"repeat","background-position":"center center","background-size":"auto","background-attachment":"scroll","background-type":"","background-media":"","overlay-type":"","overlay-color":"","overlay-opacity":"","overlay-gradient":""},"mobile":{"background-color":"var(--ast-global-color-5)","background-image":"","background-repeat":"repeat","background-position":"center center","background-size":"auto","background-attachment":"scroll","background-type":"","background-media":"","overlay-type":"","overlay-color":"","overlay-opacity":"","overlay-gradient":""}}},"product_brand":[],"product_cat":[40],"product_tag":[],"class_list":{"0":"post-6665","1":"product","2":"type-product","3":"status-publish","4":"has-post-thumbnail","6":"product_cat-produkty-pre-muzov","7":"desktop-align-left","8":"tablet-align-left","9":"mobile-align-left","11":"first","12":"instock","13":"sale","14":"taxable","15":"shipping-taxable","16":"purchasable","17":"product-type-simple"},"_links":{"self":[{"href":"https:\/\/wellness4you.cz\/sk\/wp-json\/wp\/v2\/product\/6665","targetHints":{"allow":["GET"]}}],"collection":[{"href":"https:\/\/wellness4you.cz\/sk\/wp-json\/wp\/v2\/product"}],"about":[{"href":"https:\/\/wellness4you.cz\/sk\/wp-json\/wp\/v2\/types\/product"}],"replies":[{"embeddable":true,"href":"https:\/\/wellness4you.cz\/sk\/wp-json\/wp\/v2\/comments?post=6665"}],"wp:featuredmedia":[{"embeddable":true,"href":"https:\/\/wellness4you.cz\/sk\/wp-json\/wp\/v2\/media\/6920"}],"wp:attachment":[{"href":"https:\/\/wellness4you.cz\/sk\/wp-json\/wp\/v2\/media?parent=6665"}],"wp:term":[{"taxonomy":"product_brand","embeddable":true,"href":"https:\/\/wellness4you.cz\/sk\/wp-json\/wp\/v2\/product_brand?post=6665"},{"taxonomy":"product_cat","embeddable":true,"href":"https:\/\/wellness4you.cz\/sk\/wp-json\/wp\/v2\/product_cat?post=6665"},{"taxonomy":"product_tag","embeddable":true,"href":"https:\/\/wellness4you.cz\/sk\/wp-json\/wp\/v2\/product_tag?post=6665"}],"curies":[{"name":"wp","href":"https:\/\/api.w.org\/{rel}","templated":true}]}}