{"id":6663,"date":"2023-01-15T04:12:15","date_gmt":"2023-01-15T03:12:15","guid":{"rendered":"https:\/\/wellness4you.cz\/sk\/?post_type=product&#038;p=6663"},"modified":"2026-01-08T22:52:34","modified_gmt":"2026-01-08T21:52:34","slug":"prostasen","status":"publish","type":"product","link":"https:\/\/wellness4you.cz\/sk\/prostasen\/","title":{"rendered":"Prostasen"},"content":{"rendered":"<h2>H\u013ead\u00e1te prirodzen\u00fd sp\u00f4sob podpory zdravia prostaty?<\/h2>\n<p>Neh\u013eadajte ni\u010d in\u00e9 ako Prostasen! Na\u0161a inovat\u00edvna recept\u00fara sp\u00e1ja to najlep\u0161ie z pr\u00edrody a vedy a poskytuje \u00fa\u013eavu od be\u017en\u00fdch pr\u00edznakov prostatit\u00eddy.<\/p>\n<p>Vychutnajte si \u00fa\u013eavu od nepr\u00edjemn\u00fdch pr\u00edznakov, ako s\u00fa \u010dast\u00e9 nutkanie na mo\u010denie, \u0165a\u017ekosti pri za\u010dat\u00ed mo\u010denia alebo po\u010das mo\u010denia a boles\u0165 v okol\u00ed lonovej kosti alebo spodnej \u010dasti chrbta. Na\u0161a pohodln\u00e1 forma tabliet sa vo va\u0161om syst\u00e9me r\u00fdchlo uvo\u013e\u0148uje, tak\u017ee nemus\u00edte trpie\u0165 dlh\u0161ie, ako je potrebn\u00e9.<\/p>\n<p>Vysk\u00fa\u0161ajte silu Prostasenu a neprem\u00e1rnite u\u017e ani jeden de\u0148 nepr\u00edjemn\u00fdm pocitom! U\u017e\u00edvajte si pohodlie \u013eahko preh\u013atate\u013en\u00fdch tabliet pre konzistentn\u00e9 v\u00fdsledky. Preme\u0148te svoj \u017eal\u00fadok na spojenca, ktor\u00fd podporuje pr\u00e1ve zdravie v\u00e1\u0161ho mo\u010dov\u00e9ho syst\u00e9mu. Bezpe\u010dne si u\u013eavte od bolesti pri z\u00e1pale prostaty prirodzenou cestou s Prostasenom e\u0161te dnes!<\/p>\n<p>H\u013ead\u00e1te sp\u00f4sob, ako zmierni\u0165 utrpenie pri z\u00e1pale prostaty? Neh\u013eadajte ni\u010d in\u00e9 ako Prostasen! Tento nov\u00fd revolu\u010dn\u00fd doplnok je \u0161peci\u00e1lne navrhnut\u00fd tak, aby poskytoval \u00faplne prirodzen\u00fa, siln\u00fa \u00fa\u013eavu od pr\u00edznakov prostatit\u00eddy.<\/p>\n<h2>Prostasen obsahuje jedine\u010dn\u00fa zmes rastlinn\u00fdch zlo\u017eiek, ktor\u00e9 boli starostlivo vybran\u00e9 na podporu zdravia prostaty a zn\u00ed\u017eenie z\u00e1palu.<\/h2>\n<p>Na\u0161e pr\u00edrodn\u00e9 zlo\u017eenie neobsahuje \u017eiadne pridan\u00e9 plnidl\u00e1 ani konzerva\u010dn\u00e9 l\u00e1tky a poskytuje mu\u017eom jednoduch\u00fd, bezprobl\u00e9mov\u00fd sp\u00f4sob, ako rie\u0161i\u0165 ich \u0161pecifick\u00e9 potreby s cie\u013eom bojova\u0165 proti chronickej prostatit\u00edde.<\/p>\n<p>Na rozdiel od in\u00fdch liekov Prostasen \u00fa\u010dinkuje r\u00fdchlo a bezbolestne, aby sa mu\u017ei c\u00edtili lep\u0161ie takmer okam\u017eite. U\u017e v priebehu nieko\u013ek\u00fdch dn\u00ed u\u017e\u00edvania n\u00e1\u0161ho doplnku mnoh\u00ed pou\u017e\u00edvatelia uviedli, \u017ee pozoruj\u00fa v\u00fdrazn\u00e9 zlep\u0161enie svojich \u0165a\u017ekost\u00ed. Dlhodob\u00e9 u\u017e\u00edvanie navy\u0161e m\u00f4\u017ee pom\u00f4c\u0165 podpori\u0165 prirodzen\u00e9 lie\u010debn\u00e9 procesy v tele.<\/p>\n<p>Zlo\u017eky obsiahnut\u00e9 v Prostasene s\u00fa nielen zn\u00e1me ako bezpe\u010dn\u00e9 a bez ved\u013eaj\u0161\u00edch \u00fa\u010dinkov, ale boli tie\u017e testovan\u00e9 a preuk\u00e1zali svoju \u00fa\u010dinnos\u0165 v klinick\u00fdch \u0161t\u00fadi\u00e1ch na pacientoch trpiacich prostatit\u00eddou. Pre\u010do teda \u010daka\u0165? Objavte v\u0161etky \u00fa\u017easn\u00e9 v\u00fdhody, ktor\u00e9 Prostasen pon\u00faka mu\u017eom na celom svete, a doprajte si to\u013eko potrebn\u00fa \u00fa\u013eavu od pr\u00edznakov e\u0161te dnes!<\/p>\n","protected":false},"excerpt":{"rendered":"<p>Prostasen &#8211; sp\u00f4sob, ako zmierni\u0165 utrpenie pri z\u00e1pale prostaty! K\u00fapi\u0165 Prostasen v Slovenskej Republike za v\u00fdhodn\u00fa cenu. Kde k\u00fapi\u0165. Cena. Hodnotenie. Doru\u010denie na celom Slovensku: Prievidza, Poprad, Martin, Tren\u010d\u00edn, Trnava, Bansk\u00e1 Bystrica, Nitra, \u017dilina, Pre\u0161ov, Ko\u0161ice, Bratislava, Zvolen, Senica, Brezno a Senec. Kontraindik\u00e1cie, Ako si tovar vzia\u0165, Indik\u00e1cie pre pou\u017eitie. K\u00fapte si Prostasen online.<\/p>\n","protected":false},"featured_media":6912,"comment_status":"open","ping_status":"closed","template":"","meta":{"site-sidebar-layout":"default","site-content-layout":"default","ast-site-content-layout":"default","site-content-style":"default","site-sidebar-style":"default","ast-global-header-display":"","ast-banner-title-visibility":"","ast-main-header-display":"","ast-hfb-above-header-display":"","ast-hfb-below-header-display":"","ast-hfb-mobile-header-display":"","site-post-title":"","ast-breadcrumbs-content":"","ast-featured-img":"","footer-sml-layout":"","ast-disable-related-posts":"","theme-transparent-header-meta":"default","adv-header-id-meta":"","stick-header-meta":"","header-above-stick-meta":"","header-main-stick-meta":"","header-below-stick-meta":"","astra-migrate-meta-layouts":"set","ast-page-background-enabled":"default","ast-page-background-meta":{"desktop":{"background-color":"","background-image":"","background-repeat":"repeat","background-position":"center center","background-size":"auto","background-attachment":"scroll","background-type":"","background-media":"","overlay-type":"","overlay-color":"","overlay-opacity":"","overlay-gradient":""},"tablet":{"background-color":"","background-image":"","background-repeat":"repeat","background-position":"center center","background-size":"auto","background-attachment":"scroll","background-type":"","background-media":"","overlay-type":"","overlay-color":"","overlay-opacity":"","overlay-gradient":""},"mobile":{"background-color":"","background-image":"","background-repeat":"repeat","background-position":"center center","background-size":"auto","background-attachment":"scroll","background-type":"","background-media":"","overlay-type":"","overlay-color":"","overlay-opacity":"","overlay-gradient":""}},"ast-content-background-meta":{"desktop":{"background-color":"var(--ast-global-color-5)","background-image":"","background-repeat":"repeat","background-position":"center center","background-size":"auto","background-attachment":"scroll","background-type":"","background-media":"","overlay-type":"","overlay-color":"","overlay-opacity":"","overlay-gradient":""},"tablet":{"background-color":"var(--ast-global-color-5)","background-image":"","background-repeat":"repeat","background-position":"center center","background-size":"auto","background-attachment":"scroll","background-type":"","background-media":"","overlay-type":"","overlay-color":"","overlay-opacity":"","overlay-gradient":""},"mobile":{"background-color":"var(--ast-global-color-5)","background-image":"","background-repeat":"repeat","background-position":"center center","background-size":"auto","background-attachment":"scroll","background-type":"","background-media":"","overlay-type":"","overlay-color":"","overlay-opacity":"","overlay-gradient":""}}},"product_brand":[],"product_cat":[40],"product_tag":[],"class_list":{"0":"post-6663","1":"product","2":"type-product","3":"status-publish","4":"has-post-thumbnail","6":"product_cat-produkty-pre-muzov","7":"desktop-align-left","8":"tablet-align-left","9":"mobile-align-left","11":"first","12":"instock","13":"sale","14":"taxable","15":"shipping-taxable","16":"purchasable","17":"product-type-simple"},"_links":{"self":[{"href":"https:\/\/wellness4you.cz\/sk\/wp-json\/wp\/v2\/product\/6663","targetHints":{"allow":["GET"]}}],"collection":[{"href":"https:\/\/wellness4you.cz\/sk\/wp-json\/wp\/v2\/product"}],"about":[{"href":"https:\/\/wellness4you.cz\/sk\/wp-json\/wp\/v2\/types\/product"}],"replies":[{"embeddable":true,"href":"https:\/\/wellness4you.cz\/sk\/wp-json\/wp\/v2\/comments?post=6663"}],"wp:featuredmedia":[{"embeddable":true,"href":"https:\/\/wellness4you.cz\/sk\/wp-json\/wp\/v2\/media\/6912"}],"wp:attachment":[{"href":"https:\/\/wellness4you.cz\/sk\/wp-json\/wp\/v2\/media?parent=6663"}],"wp:term":[{"taxonomy":"product_brand","embeddable":true,"href":"https:\/\/wellness4you.cz\/sk\/wp-json\/wp\/v2\/product_brand?post=6663"},{"taxonomy":"product_cat","embeddable":true,"href":"https:\/\/wellness4you.cz\/sk\/wp-json\/wp\/v2\/product_cat?post=6663"},{"taxonomy":"product_tag","embeddable":true,"href":"https:\/\/wellness4you.cz\/sk\/wp-json\/wp\/v2\/product_tag?post=6663"}],"curies":[{"name":"wp","href":"https:\/\/api.w.org\/{rel}","templated":true}]}}