{"id":6662,"date":"2023-01-15T04:12:15","date_gmt":"2023-01-15T03:12:15","guid":{"rendered":"https:\/\/wellness4you.cz\/sk\/?post_type=product&#038;p=6662"},"modified":"2026-01-08T22:52:36","modified_gmt":"2026-01-08T21:52:36","slug":"ostex","status":"publish","type":"product","link":"https:\/\/wellness4you.cz\/sk\/ostex\/","title":{"rendered":"Ostex"},"content":{"rendered":"<h2>Predstavujeme Ostex, revolu\u010dn\u00fd kr\u00e9m na k\u013aby vyroben\u00fd v Taliansku, ktor\u00fd poskytuje okam\u017eit\u00fa \u00fa\u013eavu a dlhotrvaj\u00faci komfort!<\/h2>\n<p>Na\u0161a \u0161peci\u00e1lna zmes luxusn\u00fdch zlo\u017eiek pom\u00e1ha p\u00f4sobi\u0165 na bolestiv\u00e9 alebo stuhnut\u00e9 k\u013aby a z\u00e1rove\u0148 v\u00e1m umo\u017e\u0148uje c\u00edti\u0165 sa pohodlne vo vlastnom tele. Ostex kr\u00e9m na k\u013aby sme starostlivo vytvorili tak, aby poskytoval skuto\u010dn\u00e9 v\u00fdsledky, ktor\u00e9 presahuj\u00fa do\u010dasn\u00fa \u00fa\u013eavu. M\u00f4\u017eete Ostexu d\u00f4verova\u0165, preto\u017ee v\u00e1m spo\u013eahlivo u\u013eav\u00ed od bolesti a stuhnutosti bez potreby pou\u017eitia drsn\u00fdch chemick\u00fdch l\u00e1tok! Od bohat\u00e9ho mand\u013eov\u00e9ho oleja, ktor\u00fd hydratuje va\u0161u poko\u017eku, a\u017e po organick\u00fd mentolov\u00fd extrakt pre hlbok\u00e9 chladiv\u00e9 pocity. Na\u0161e zlo\u017eenie obsahuje iba \u010dist\u00e9 zlo\u017eky pre v\u00fdsledky, ktor\u00e9 sa nepodobaj\u00fa ni\u010domu in\u00e9mu na trhu.<\/p>\n<p>N\u00e1\u0161 kr\u00e9m na k\u013aby je odborne navrhnut\u00fd s nemastnou text\u00farou a r\u00fdchlo sa vstreb\u00e1va do poko\u017eky s pr\u00edjemnou v\u00f4\u0148ou. Boles\u0165 k\u013abov v\u00e1m u\u017e nebude st\u00e1\u0165 v ceste medzi vami a aktivitami, ktor\u00e9 m\u00e1te radi. Navy\u0161e, ako \u010fal\u0161ia v\u00fdhoda, Ostex K\u013abov\u00fd kr\u00e9m pom\u00e1ha zmier\u0148ova\u0165 z\u00e1paly, v\u010faka \u010domu je ka\u017edodenn\u00fd pohyb op\u00e4\u0165 pr\u00edjemnej\u0161\u00ed.<\/p>\n<p>Tak pre\u010do sa uspokoji\u0165 s nie\u010d\u00edm menej \u00fa\u017easn\u00fdm? S Ostex K\u013abov\u00fdm kr\u00e9mom sa m\u00f4\u017eete spo\u013eahn\u00fa\u0165 na zlo\u017eenie vyroben\u00e9 v Taliansku a testovanie kvality, ktor\u00e9 zaka\u017ed\u00fdm zabezpe\u010d\u00ed \u00fa\u010dinn\u00e9 v\u00fdsledky. Rozl\u00fa\u010dte sa raz a nav\u017edy s neut\u00edchaj\u00facou stuhnutos\u0165ou \u010di boles\u0165ou &#8211; vysk\u00fa\u0161ajte Ostex K\u013abov\u00fd kr\u00e9m e\u0161te dnes!<\/p>\n<h2>M\u00e1te bolesti k\u013abov a svalov? Chcete n\u00e1js\u0165 pr\u00edrodn\u00fd sp\u00f4sob, ako zmierni\u0165 boles\u0165?<\/h2>\n<p>Potom je Ostex Kr\u00e9m na k\u013aby t\u00fdm spr\u00e1vnym prostriedkom pre v\u00e1s.<\/p>\n<p>N\u00e1\u0161 \u00faplne pr\u00edrodn\u00fd a \u013eahko pou\u017eite\u013en\u00fd kr\u00e9m je ur\u010den\u00fd na podporu zdrav\u00fdch k\u013abov, zn\u00ed\u017eenie opuchov a r\u00fdchlu \u00fa\u013eavu od vy\u010derpania sp\u00f4soben\u00e9ho nepr\u00edjemn\u00fdmi pocitmi v lak\u0165och, kolen\u00e1ch a in\u00fdch bolestiv\u00fdch miestach v\u00e1\u0161ho tela. V\u010faka n\u00e1\u0161mu inovat\u00edvnemu zlo\u017eeniu na b\u00e1ze bylinn\u00fdch extraktov, prol\u00ednu a MSM pom\u00f4\u017ee obnovi\u0165 po\u0161koden\u00e9 bunky vo va\u0161ich svaloch a k\u013aboch a z\u00e1rove\u0148 poskytne upokojuj\u00face uvo\u013enenie.<\/p>\n<p>Na rozdiel od in\u00fdch mast\u00ed, ktor\u00e9 by mohli obsahova\u0165 chemick\u00e9 zlo\u017eky alebo nadmerne predp\u00edsan\u00e9 lieky, m\u00e1 n\u00e1\u0161 kr\u00e9m na k\u013aby vynikaj\u00facu mieru vstreb\u00e1vania bez \u0165a\u017ek\u00fdch alebo pretrv\u00e1vaj\u00facich pachov. M\u00f4\u017eete sa c\u00edti\u0165 bezpe\u010dne, ke\u010f si ho nan\u00e1\u0161ate na poko\u017eku, preto\u017ee pri ka\u017edej \u0161ar\u017ei dodr\u017eiavame najvy\u0161\u0161ie \u0161tandardy bezpe\u010dnosti a kvality. V\u010faka nemastnej konzistencii je navy\u0161e ide\u00e1lny na priame pou\u017eitie na ak\u00fako\u013evek postihnut\u00fa oblas\u0165 &#8211; dosiahnete tak maxim\u00e1lne v\u00fdsledky s minim\u00e1lnym \u00fasil\u00edm.<\/p>\n<p>D\u00f4verujte n\u00e1m v spolo\u010dnosti Ostex, ktor\u00e1 vracia \u017eivot do stuhnut\u00fdch kost\u00ed bez toho, aby ste si prep\u00e1lili dieru do vrecka! Za\u010dnite e\u0161te dnes s na\u0161\u00edm \u0161peci\u00e1lne vyvinut\u00fdm kr\u00e9mom na k\u013aby, ktor\u00fd v\u00e1m m\u00f4\u017ee za\u010da\u0165 pom\u00e1ha\u0165 c\u00edti\u0165 sa lep\u0161ie pri nepretr\u017eitom pou\u017e\u00edvan\u00ed!<\/p>\n","protected":false},"excerpt":{"rendered":"<p>Ostex &#8211; revolu\u010dn\u00fd kr\u00e9m na k\u013aby. K\u00fapi\u0165 Ostex v Slovenskej Republike za v\u00fdhodn\u00fa cenu. Cena. Hodnotenie. Kde k\u00fapi\u0165. Doru\u010denie na celom Slovensku: Poprad, Martin, Tren\u010d\u00edn, Trnava, Bansk\u00e1 Bystrica, Nitra, \u017dilina, Pre\u0161ov, Ko\u0161ice, Bratislava, Zvolen, Prievidza, Brezno, Senec a Hlohovec. Ako si tovar vzia\u0165, Indik\u00e1cie pre pou\u017eitie, Kontraindik\u00e1cie. K\u00fapte si Ostex online.<\/p>\n","protected":false},"featured_media":6910,"comment_status":"open","ping_status":"closed","template":"","meta":{"site-sidebar-layout":"default","site-content-layout":"default","ast-site-content-layout":"default","site-content-style":"default","site-sidebar-style":"default","ast-global-header-display":"","ast-banner-title-visibility":"","ast-main-header-display":"","ast-hfb-above-header-display":"","ast-hfb-below-header-display":"","ast-hfb-mobile-header-display":"","site-post-title":"","ast-breadcrumbs-content":"","ast-featured-img":"","footer-sml-layout":"","ast-disable-related-posts":"","theme-transparent-header-meta":"default","adv-header-id-meta":"","stick-header-meta":"","header-above-stick-meta":"","header-main-stick-meta":"","header-below-stick-meta":"","astra-migrate-meta-layouts":"default","ast-page-background-enabled":"default","ast-page-background-meta":{"desktop":{"background-color":"","background-image":"","background-repeat":"repeat","background-position":"center center","background-size":"auto","background-attachment":"scroll","background-type":"","background-media":"","overlay-type":"","overlay-color":"","overlay-opacity":"","overlay-gradient":""},"tablet":{"background-color":"","background-image":"","background-repeat":"repeat","background-position":"center center","background-size":"auto","background-attachment":"scroll","background-type":"","background-media":"","overlay-type":"","overlay-color":"","overlay-opacity":"","overlay-gradient":""},"mobile":{"background-color":"","background-image":"","background-repeat":"repeat","background-position":"center center","background-size":"auto","background-attachment":"scroll","background-type":"","background-media":"","overlay-type":"","overlay-color":"","overlay-opacity":"","overlay-gradient":""}},"ast-content-background-meta":{"desktop":{"background-color":"var(--ast-global-color-5)","background-image":"","background-repeat":"repeat","background-position":"center center","background-size":"auto","background-attachment":"scroll","background-type":"","background-media":"","overlay-type":"","overlay-color":"","overlay-opacity":"","overlay-gradient":""},"tablet":{"background-color":"var(--ast-global-color-5)","background-image":"","background-repeat":"repeat","background-position":"center center","background-size":"auto","background-attachment":"scroll","background-type":"","background-media":"","overlay-type":"","overlay-color":"","overlay-opacity":"","overlay-gradient":""},"mobile":{"background-color":"var(--ast-global-color-5)","background-image":"","background-repeat":"repeat","background-position":"center center","background-size":"auto","background-attachment":"scroll","background-type":"","background-media":"","overlay-type":"","overlay-color":"","overlay-opacity":"","overlay-gradient":""}}},"product_brand":[],"product_cat":[41],"product_tag":[],"class_list":{"0":"post-6662","1":"product","2":"type-product","3":"status-publish","4":"has-post-thumbnail","6":"product_cat-produkty-pre-zdravie","7":"desktop-align-left","8":"tablet-align-left","9":"mobile-align-left","11":"first","12":"instock","13":"sale","14":"taxable","15":"shipping-taxable","16":"purchasable","17":"product-type-simple"},"_links":{"self":[{"href":"https:\/\/wellness4you.cz\/sk\/wp-json\/wp\/v2\/product\/6662","targetHints":{"allow":["GET"]}}],"collection":[{"href":"https:\/\/wellness4you.cz\/sk\/wp-json\/wp\/v2\/product"}],"about":[{"href":"https:\/\/wellness4you.cz\/sk\/wp-json\/wp\/v2\/types\/product"}],"replies":[{"embeddable":true,"href":"https:\/\/wellness4you.cz\/sk\/wp-json\/wp\/v2\/comments?post=6662"}],"wp:featuredmedia":[{"embeddable":true,"href":"https:\/\/wellness4you.cz\/sk\/wp-json\/wp\/v2\/media\/6910"}],"wp:attachment":[{"href":"https:\/\/wellness4you.cz\/sk\/wp-json\/wp\/v2\/media?parent=6662"}],"wp:term":[{"taxonomy":"product_brand","embeddable":true,"href":"https:\/\/wellness4you.cz\/sk\/wp-json\/wp\/v2\/product_brand?post=6662"},{"taxonomy":"product_cat","embeddable":true,"href":"https:\/\/wellness4you.cz\/sk\/wp-json\/wp\/v2\/product_cat?post=6662"},{"taxonomy":"product_tag","embeddable":true,"href":"https:\/\/wellness4you.cz\/sk\/wp-json\/wp\/v2\/product_tag?post=6662"}],"curies":[{"name":"wp","href":"https:\/\/api.w.org\/{rel}","templated":true}]}}