{"id":6660,"date":"2023-01-15T04:12:14","date_gmt":"2023-01-15T03:12:14","guid":{"rendered":"https:\/\/wellness4you.cz\/sk\/?post_type=product&#038;p=6660"},"modified":"2026-01-08T22:52:36","modified_gmt":"2026-01-08T21:52:36","slug":"keto-slim","status":"publish","type":"product","link":"https:\/\/wellness4you.cz\/sk\/keto-slim\/","title":{"rendered":"Keto Slim"},"content":{"rendered":"<h2>Schudnite vzru\u0161uj\u00facim a \u00fa\u010dinn\u00fdm sp\u00f4sobom s Keto Slim!<\/h2>\n<p>Vyu\u017e\u00edva pr\u00edrodn\u00e9 zlo\u017eky, ako je v\u00e1pnik HMB, extrakt z ovocia avok\u00e1da, extrakt z ovocia Garcinia, vitam\u00edn B6 a extrakt zo st\u00e9vie, ktor\u00e9 podporuj\u00fa chudnutie bez ohrozenia v\u00e1\u0161ho zdravia. Je to vynikaj\u00faci doplnok stravy vyroben\u00fd v Taliansku, ktor\u00fd v\u00e1m pom\u00f4\u017ee bezpe\u010dn\u00fdm sp\u00f4sobom dosiahnu\u0165 telo, ktor\u00e9 ste v\u017edy chceli.<\/p>\n<p>U\u017e\u00edvajte Keto Slim, aby ste dosiahli r\u00fdchlej\u0161ie v\u00fdsledky v\u00e1\u0161ho chudnutia. Kombin\u00e1cia jeho \u00fa\u010dinn\u00fdch l\u00e1tok pom\u00e1ha optimalizova\u0165 metabolizmus a r\u00fdchlej\u0161ie spa\u013eova\u0165 tuky pre zv\u00fd\u0161enie energie a zlep\u0161enie fyzickej v\u00fdkonnosti &#8211; \u010do v\u00e1m umo\u017en\u00ed prija\u0165 zdrav\u0161\u00ed \u017eivotn\u00fd \u0161t\u00fdl. Navy\u0161e dok\u00e1\u017ee zn\u00ed\u017ei\u0165 chu\u0165 na jedlo medzi jednotliv\u00fdmi jedlami, \u010do e\u0161te viac pom\u00f4\u017ee dosiahnu\u0165 \u0161t\u00edhlu postavu.<\/p>\n<p>Keto Slim nielen\u017ee s\u013eubuje r\u00fdchle v\u00fdsledky, ale poskytuje aj vynikaj\u00facu regul\u00e1ciu hmotnosti! Pri pravidelnom pou\u017e\u00edvan\u00ed s\u00fa tenk\u00e9 l\u00ednie p\u00e1su dosiahnute\u013enej\u0161ie ako kedyko\u013evek predt\u00fdm. Len dve kapsule a\u017e trikr\u00e1t denne urobia svoj trik a zabezpe\u010dia vidite\u013en\u00e9 zmeny v priebehu nieko\u013ek\u00fdch t\u00fd\u017ed\u0148ov. Nie s\u00fa potrebn\u00e9 \u017eiadne komplikovan\u00e9 di\u00e9tne pl\u00e1ny, ktor\u00e9 obmedzuj\u00fa pr\u00edjem potravy, ani nadmern\u00e1 n\u00e1maha, po ktorej sa c\u00edtite unaven\u00ed. Tento jednoduch\u00fd vzorec je v\u0161etko, \u010do potrebujete na dosiahnutie kr\u00e1snej siluety svojich snov! Vysk\u00fa\u0161ajte Keto Slim teraz!<\/p>\n<h2>Rozl\u00fa\u010dte sa s nechcen\u00fdm telesn\u00fdm tukom!<\/h2>\n<p>T\u00e1to kapsula na chudnutie vyvinut\u00e1 popredn\u00fdmi odborn\u00edkmi na v\u00fd\u017eivu je \u0161peci\u00e1lne prisp\u00f4soben\u00e1 tak, aby v\u00e1m pomohla dosiahnu\u0165 ide\u00e1lnu hmotnos\u0165. Ako prirodzen\u00fd, zdrav\u00fd a \u00fa\u010dinn\u00fd pr\u00edstup k chudnutiu v\u00e1m Keto Slim pom\u00e1ha str\u00e1ca\u0165 telesn\u00fd tuk a zlep\u0161ova\u0165 hladinu energie, bez n\u00e1sledn\u00e9ho kolapsu.<\/p>\n<p>Vyu\u017eite na\u0161u jedine\u010dn\u00fa zmes pr\u00edrodn\u00fdch zlo\u017eiek vr\u00e1tane r\u00f4znych druhov ket\u00f3nov. Tie vytv\u00e1raj\u00fa \u00fa\u010dinn\u00e9 prostredie, v ktorom va\u0161e telo prep\u00edna zo spa\u013eovania energie poch\u00e1dzaj\u00facej z gluk\u00f3zy ulo\u017eenej vo svaloch a pe\u010deni na spa\u013eovanie namiesto toho ulo\u017een\u00e9ho tuku na energiu &#8211; v\u00fdsledkom je r\u00fdchle a \u00fa\u010dinn\u00e9 chudnutie. Na\u0161e kapsule obsahuj\u00fa aj antioxidanty, ktor\u00e9 podporuj\u00fa v\u00e1\u0161 metabolizmus, ako aj vitam\u00edn B-6, ktor\u00fd pom\u00e1ha zni\u017eova\u0165 hladinu stresu a zlep\u0161ova\u0165 v\u00fdkyvy n\u00e1lad, ktor\u00e9 \u010dasto sprev\u00e1dzaj\u00fa di\u00e9tu.<\/p>\n<p>Keto Slim u\u013eah\u010duje chudnutie a poskytuje dlhodobo udr\u017eate\u013en\u00e9 rie\u0161enie namiesto jojo di\u00e9t alebo jednoduch\u00e9ho po\u010d\u00edtania kal\u00f3ri\u00ed. S na\u0161ou pomocou m\u00f4\u017eete kone\u010dne dosiahnu\u0165 ciele v oblasti hmotnosti, o ktor\u00fdch ste v\u017edy sn\u00edvali! A \u010do viac &#8211; sta\u010d\u00ed 1 kapsula dvakr\u00e1t denne, tak\u017ee v\u00e1s u\u017e nebud\u00fa brzdi\u0165 \u010dasovo n\u00e1ro\u010dn\u00e9 di\u00e9tne re\u017eimy.<\/p>\n<p>Prevezmite kontrolu nad svoj\u00edm telom e\u0161te dnes s Keto Slim &#8211; vedecky podlo\u017een\u00fdm sp\u00f4sobom, ako by\u0165 \u0161t\u00edhlej\u0161\u00ed, r\u00fdchlej\u0161ie!<\/p>\n","protected":false},"excerpt":{"rendered":"<p>Keto Slim &#8211; schudnite vzru\u0161uj\u00facim a \u00fa\u010dinn\u00fdm sp\u00f4sobom! K\u00fapi\u0165 Keto Slim v Slovenskej Republike za v\u00fdhodn\u00fa cenu. Kde k\u00fapi\u0165. Cena. Hodnotenie. Doru\u010denie na celom Slovensku: Pre\u0161ov, Ko\u0161ice, Bratislava, Zvolen, Prievidza, Poprad, Martin, Tren\u010d\u00edn, Trnava, Bansk\u00e1 Bystrica, Nitra, \u017dilina, Hlohovec, \u0160a\u013ea a Vranov nad Top\u013eou. Indik\u00e1cie pre pou\u017eitie, Kontraindik\u00e1cie, Ako si tovar vzia\u0165. K\u00fapte si Keto Slim online.<\/p>\n","protected":false},"featured_media":6904,"comment_status":"open","ping_status":"closed","template":"","meta":{"site-sidebar-layout":"default","site-content-layout":"default","ast-site-content-layout":"default","site-content-style":"default","site-sidebar-style":"default","ast-global-header-display":"","ast-banner-title-visibility":"","ast-main-header-display":"","ast-hfb-above-header-display":"","ast-hfb-below-header-display":"","ast-hfb-mobile-header-display":"","site-post-title":"","ast-breadcrumbs-content":"","ast-featured-img":"","footer-sml-layout":"","ast-disable-related-posts":"","theme-transparent-header-meta":"default","adv-header-id-meta":"","stick-header-meta":"","header-above-stick-meta":"","header-main-stick-meta":"","header-below-stick-meta":"","astra-migrate-meta-layouts":"set","ast-page-background-enabled":"default","ast-page-background-meta":{"desktop":{"background-color":"","background-image":"","background-repeat":"repeat","background-position":"center center","background-size":"auto","background-attachment":"scroll","background-type":"","background-media":"","overlay-type":"","overlay-color":"","overlay-opacity":"","overlay-gradient":""},"tablet":{"background-color":"","background-image":"","background-repeat":"repeat","background-position":"center center","background-size":"auto","background-attachment":"scroll","background-type":"","background-media":"","overlay-type":"","overlay-color":"","overlay-opacity":"","overlay-gradient":""},"mobile":{"background-color":"","background-image":"","background-repeat":"repeat","background-position":"center center","background-size":"auto","background-attachment":"scroll","background-type":"","background-media":"","overlay-type":"","overlay-color":"","overlay-opacity":"","overlay-gradient":""}},"ast-content-background-meta":{"desktop":{"background-color":"var(--ast-global-color-5)","background-image":"","background-repeat":"repeat","background-position":"center center","background-size":"auto","background-attachment":"scroll","background-type":"","background-media":"","overlay-type":"","overlay-color":"","overlay-opacity":"","overlay-gradient":""},"tablet":{"background-color":"var(--ast-global-color-5)","background-image":"","background-repeat":"repeat","background-position":"center center","background-size":"auto","background-attachment":"scroll","background-type":"","background-media":"","overlay-type":"","overlay-color":"","overlay-opacity":"","overlay-gradient":""},"mobile":{"background-color":"var(--ast-global-color-5)","background-image":"","background-repeat":"repeat","background-position":"center center","background-size":"auto","background-attachment":"scroll","background-type":"","background-media":"","overlay-type":"","overlay-color":"","overlay-opacity":"","overlay-gradient":""}}},"product_brand":[],"product_cat":[39],"product_tag":[],"class_list":{"0":"post-6660","1":"product","2":"type-product","3":"status-publish","4":"has-post-thumbnail","6":"product_cat-na-chudnutie","7":"desktop-align-left","8":"tablet-align-left","9":"mobile-align-left","11":"first","12":"instock","13":"sale","14":"taxable","15":"shipping-taxable","16":"purchasable","17":"product-type-simple"},"_links":{"self":[{"href":"https:\/\/wellness4you.cz\/sk\/wp-json\/wp\/v2\/product\/6660","targetHints":{"allow":["GET"]}}],"collection":[{"href":"https:\/\/wellness4you.cz\/sk\/wp-json\/wp\/v2\/product"}],"about":[{"href":"https:\/\/wellness4you.cz\/sk\/wp-json\/wp\/v2\/types\/product"}],"replies":[{"embeddable":true,"href":"https:\/\/wellness4you.cz\/sk\/wp-json\/wp\/v2\/comments?post=6660"}],"wp:featuredmedia":[{"embeddable":true,"href":"https:\/\/wellness4you.cz\/sk\/wp-json\/wp\/v2\/media\/6904"}],"wp:attachment":[{"href":"https:\/\/wellness4you.cz\/sk\/wp-json\/wp\/v2\/media?parent=6660"}],"wp:term":[{"taxonomy":"product_brand","embeddable":true,"href":"https:\/\/wellness4you.cz\/sk\/wp-json\/wp\/v2\/product_brand?post=6660"},{"taxonomy":"product_cat","embeddable":true,"href":"https:\/\/wellness4you.cz\/sk\/wp-json\/wp\/v2\/product_cat?post=6660"},{"taxonomy":"product_tag","embeddable":true,"href":"https:\/\/wellness4you.cz\/sk\/wp-json\/wp\/v2\/product_tag?post=6660"}],"curies":[{"name":"wp","href":"https:\/\/api.w.org\/{rel}","templated":true}]}}