{"id":6659,"date":"2023-01-15T04:12:14","date_gmt":"2023-01-15T03:12:14","guid":{"rendered":"https:\/\/wellness4you.cz\/sk\/?post_type=product&#038;p=6659"},"modified":"2026-01-08T22:52:36","modified_gmt":"2026-01-08T21:52:36","slug":"diaxil","status":"publish","type":"product","link":"https:\/\/wellness4you.cz\/sk\/diaxil\/","title":{"rendered":"Diaxil"},"content":{"rendered":"<h2>Diaxil &#8211; pr\u00edrodn\u00e9 rie\u0161enie na podporu hladiny cukru v krvi!<\/h2>\n<p>Diaxil je doplnok stravy vytvoren\u00fd \u0161peci\u00e1lne pre \u013eud\u00ed, ktor\u00ed maj\u00fa probl\u00e9m s udr\u017ean\u00edm zdravej hladiny cukru v krvi. Je vyroben\u00fd z pr\u00edrodn\u00fdch zlo\u017eiek, v\u010faka \u010domu m\u00f4\u017ee prinies\u0165 dlhodob\u00e9 zlep\u0161enie zdravotn\u00e9ho stavu u\u017e po nieko\u013ek\u00fdch t\u00fd\u017ed\u0148och.<\/p>\n<p>Na rozdiel od in\u00fdch pr\u00edstupov k regul\u00e1cii hladiny cukru v krvi pon\u00faka Diaxil rastlinn\u00fd, geneticky nemodifikovan\u00fd zdroj vitam\u00ednov a miner\u00e1lov, ktor\u00e9 pom\u00e1haj\u00fa zvy\u0161ova\u0165 citlivos\u0165 na inzul\u00edn a dod\u00e1vaj\u00fa v\u00e1m trvalej\u0161iu energiu. A preto\u017ee je vyroben\u00fd bez syntetick\u00fdch zlo\u017eiek, nebudete sa musie\u0165 ob\u00e1va\u0165 \u017eiadnych mo\u017en\u00fdch ved\u013eaj\u0161\u00edch \u00fa\u010dinkov spojen\u00fdch s tradi\u010dnou lie\u010dbou. Ako bonus Diaxil obsahuje aj exkluz\u00edvnu zmes Stabilize Blend, ktor\u00e1 pom\u00e1ha stabilizova\u0165 vstreb\u00e1vanie gluk\u00f3zy &#8211; v\u010faka tomu je jeho u\u017e\u00edvanie tak\u00e9 jednoduch\u00e9 a bezpe\u010dn\u00e9!<\/p>\n<p>Vieme, ak\u00e9 d\u00f4le\u017eit\u00e9 je zosta\u0165 zdrav\u00fd, a teraz to m\u00f4\u017eete urobi\u0165 prirodzen\u00fdm sp\u00f4sobom. Vysk\u00fa\u0161ajte preto Diaxil e\u0161te dnes; budete milova\u0165 ten rozdiel!<\/p>\n<p>M\u00e1te probl\u00e9my s regul\u00e1ciou hladiny cukru v krvi? V\u0161etky va\u0161e osved\u010den\u00e9 met\u00f3dy zlyhali pri udr\u017eiavan\u00ed rovnov\u00e1hy? Ak \u00e1no, je \u010das zv\u00e1\u017ei\u0165 Diaxil &#8211; pr\u00edrodn\u00fd doplnok, ktor\u00fd bojuje proti vysokej hladine cukru v krvi a podporuje jej vyrovnan\u00fa \u00farove\u0148 pri dlhodobom u\u017e\u00edvan\u00ed.<\/p>\n<p>Na rozdiel od in\u00fdch lie\u010debn\u00fdch postupov, ktor\u00e9 sa zameriavaj\u00fa len na zvl\u00e1dnutie pr\u00edznakov alebo kompenz\u00e1ciu por\u00fach, Diaxil \u00fato\u010d\u00ed na kore\u0148 probl\u00e9mu t\u00fdm, \u017ee do v\u00e1\u0161ho tela vn\u00e1\u0161a \u0161peci\u00e1lne \u017eiviny a enz\u00fdmy. Tieto \u017eiviny maj\u00fa okam\u017eit\u00fd \u00fa\u010dinok na vysok\u00fa hladinu cukru a \u010dasom pom\u00e1haj\u00fa vytvori\u0165 trval\u00fa rovnov\u00e1hu. S Diaxilom si m\u00f4\u017eete u\u017e\u00edva\u0165 dlhodob\u00e9 zdravotn\u00e9 v\u00fdhody vyv\u00e1\u017eenej hladiny cukru bez ob\u00e1v z n\u00e1hlych v\u00fdkyvov alebo nebezpe\u010dn\u00fdch vysok\u00fdch \u010di n\u00edzkych hodn\u00f4t.<\/p>\n<p>Diaxil je bezpe\u010dn\u00e9 a jednoduch\u00e9 rie\u0161enie pre ka\u017ed\u00e9ho, kto m\u00e1 probl\u00e9my so zlou regul\u00e1ciou cukru; \u00faspe\u0161n\u00e9 v\u00fdsledky boli zaznamenan\u00e9 u \u013eud\u00ed v\u0161etk\u00fdch vekov\u00fdch kateg\u00f3ri\u00ed! Odlo\u017ete sklamanie a frustr\u00e1ciu z ne\u00fa\u010dinnej lie\u010dby &#8211; zaobstarajte si Diaxil teraz a za\u017eite trval\u00fa kontrolu nad svoj\u00edm zdrav\u00edm e\u0161te dnes!<\/p>\n<h2>Trp\u00edte cukrovkou? M\u00e1te pocit, \u017ee ovl\u00e1da v\u00e1\u0161 \u017eivot a obmedzuje va\u0161e mo\u017enosti?<\/h2>\n<p>Dobr\u00e1 spr\u00e1va! Diaxil je tu, aby poskytol rie\u0161enie. Tento revolu\u010dn\u00fd produkt v\u00e1m sta\u010d\u00ed jedna kapsula denne a pom\u00f4\u017ee v\u00e1m udr\u017ea\u0165 hladinu cukru v krvi tak, aby cukrovka u\u017e neovplyv\u0148ovala v\u00e1\u0161 \u017eivot tak\u00fdm negat\u00edvnym sp\u00f4sobom.<\/p>\n<p>U\u017e \u017eiadne obavy z n\u00e1hlych poklesov alebo v\u00fdkyvov. Teraz m\u00f4\u017eete z\u00edska\u0165 sp\u00e4\u0165 slobodu \u017eivota s cukrovkou namiesto toho, aby ste sa ju sna\u017eili zvl\u00e1dnu\u0165. S liekom Diaxil m\u00f4\u017eete \u013eahko kontrolova\u0165 svoj diabetick\u00fd \u017eivotn\u00fd \u0161t\u00fdl.<\/p>\n<p>Nedovo\u013ete, aby v\u00e1m cukrovka viac st\u00e1la v ceste k v\u00e1\u0161mu \u017eivotu! D\u00f4verujte Diaxilu, ktor\u00fd v\u00e1m poskytne \u00fa\u013eavu a pom\u00f4\u017ee v\u00e1m z\u00edska\u0165 sp\u00e4\u0165 kontrolu nad va\u0161\u00edm \u017eivotom. Jedno jednoduch\u00e9 rie\u0161enie &#8211; jedna siln\u00e1 vec: Diaxil! Zaobstarajte si ho e\u0161te dnes a za\u010dnite prebera\u0165 kontrolu nad svojou cukrovkou!<\/p>\n","protected":false},"excerpt":{"rendered":"<p>Diaxil &#8211; pr\u00edrodn\u00e9 rie\u0161enie na podporu hladiny cukru v krvi! K\u00fapi\u0165 Diaxil v Slovenskej Republike za v\u00fdhodn\u00fa cenu. Cena. Hodnotenie. Kde k\u00fapi\u0165. Doru\u010denie na celom Slovensku: Ko\u0161ice, Bratislava, Zvolen, Prievidza, Poprad, Martin, Tren\u010d\u00edn, Trnava, Bansk\u00e1 Bystrica, Nitra, \u017dilina, Pre\u0161ov, \u0160a\u013ea, Vranov nad Top\u013eou a Partiz\u00e1nske. Kontraindik\u00e1cie, Ako si tovar vzia\u0165, Indik\u00e1cie pre pou\u017eitie. K\u00fapte si Diaxil online.<\/p>\n","protected":false},"featured_media":6902,"comment_status":"open","ping_status":"closed","template":"","meta":{"site-sidebar-layout":"default","site-content-layout":"default","ast-site-content-layout":"default","site-content-style":"default","site-sidebar-style":"default","ast-global-header-display":"","ast-banner-title-visibility":"","ast-main-header-display":"","ast-hfb-above-header-display":"","ast-hfb-below-header-display":"","ast-hfb-mobile-header-display":"","site-post-title":"","ast-breadcrumbs-content":"","ast-featured-img":"","footer-sml-layout":"","ast-disable-related-posts":"","theme-transparent-header-meta":"default","adv-header-id-meta":"","stick-header-meta":"","header-above-stick-meta":"","header-main-stick-meta":"","header-below-stick-meta":"","astra-migrate-meta-layouts":"set","ast-page-background-enabled":"default","ast-page-background-meta":{"desktop":{"background-color":"","background-image":"","background-repeat":"repeat","background-position":"center center","background-size":"auto","background-attachment":"scroll","background-type":"","background-media":"","overlay-type":"","overlay-color":"","overlay-opacity":"","overlay-gradient":""},"tablet":{"background-color":"","background-image":"","background-repeat":"repeat","background-position":"center center","background-size":"auto","background-attachment":"scroll","background-type":"","background-media":"","overlay-type":"","overlay-color":"","overlay-opacity":"","overlay-gradient":""},"mobile":{"background-color":"","background-image":"","background-repeat":"repeat","background-position":"center center","background-size":"auto","background-attachment":"scroll","background-type":"","background-media":"","overlay-type":"","overlay-color":"","overlay-opacity":"","overlay-gradient":""}},"ast-content-background-meta":{"desktop":{"background-color":"var(--ast-global-color-5)","background-image":"","background-repeat":"repeat","background-position":"center center","background-size":"auto","background-attachment":"scroll","background-type":"","background-media":"","overlay-type":"","overlay-color":"","overlay-opacity":"","overlay-gradient":""},"tablet":{"background-color":"var(--ast-global-color-5)","background-image":"","background-repeat":"repeat","background-position":"center center","background-size":"auto","background-attachment":"scroll","background-type":"","background-media":"","overlay-type":"","overlay-color":"","overlay-opacity":"","overlay-gradient":""},"mobile":{"background-color":"var(--ast-global-color-5)","background-image":"","background-repeat":"repeat","background-position":"center center","background-size":"auto","background-attachment":"scroll","background-type":"","background-media":"","overlay-type":"","overlay-color":"","overlay-opacity":"","overlay-gradient":""}}},"product_brand":[],"product_cat":[41],"product_tag":[],"class_list":{"0":"post-6659","1":"product","2":"type-product","3":"status-publish","4":"has-post-thumbnail","6":"product_cat-produkty-pre-zdravie","7":"desktop-align-left","8":"tablet-align-left","9":"mobile-align-left","11":"first","12":"instock","13":"sale","14":"taxable","15":"shipping-taxable","16":"purchasable","17":"product-type-simple"},"_links":{"self":[{"href":"https:\/\/wellness4you.cz\/sk\/wp-json\/wp\/v2\/product\/6659","targetHints":{"allow":["GET"]}}],"collection":[{"href":"https:\/\/wellness4you.cz\/sk\/wp-json\/wp\/v2\/product"}],"about":[{"href":"https:\/\/wellness4you.cz\/sk\/wp-json\/wp\/v2\/types\/product"}],"replies":[{"embeddable":true,"href":"https:\/\/wellness4you.cz\/sk\/wp-json\/wp\/v2\/comments?post=6659"}],"wp:featuredmedia":[{"embeddable":true,"href":"https:\/\/wellness4you.cz\/sk\/wp-json\/wp\/v2\/media\/6902"}],"wp:attachment":[{"href":"https:\/\/wellness4you.cz\/sk\/wp-json\/wp\/v2\/media?parent=6659"}],"wp:term":[{"taxonomy":"product_brand","embeddable":true,"href":"https:\/\/wellness4you.cz\/sk\/wp-json\/wp\/v2\/product_brand?post=6659"},{"taxonomy":"product_cat","embeddable":true,"href":"https:\/\/wellness4you.cz\/sk\/wp-json\/wp\/v2\/product_cat?post=6659"},{"taxonomy":"product_tag","embeddable":true,"href":"https:\/\/wellness4you.cz\/sk\/wp-json\/wp\/v2\/product_tag?post=6659"}],"curies":[{"name":"wp","href":"https:\/\/api.w.org\/{rel}","templated":true}]}}