{"id":6657,"date":"2023-01-15T04:12:13","date_gmt":"2023-01-15T03:12:13","guid":{"rendered":"https:\/\/wellness4you.cz\/sk\/?post_type=product&#038;p=6657"},"modified":"2026-01-08T22:52:36","modified_gmt":"2026-01-08T21:52:36","slug":"alfa-lover","status":"publish","type":"product","link":"https:\/\/wellness4you.cz\/sk\/alfa-lover\/","title":{"rendered":"Alfa &#8211; Lover"},"content":{"rendered":"<h2>Ak ste chceli zv\u00e4\u010d\u0161i\u0165 svoj penis, Alfa Lover je tu, aby v\u00e1m pomohol!<\/h2>\n<p>S na\u0161\u00edm g\u00e9lom na zv\u00e4\u010d\u0161enie penisu si m\u00f4\u017eete v okamihu splni\u0165 svoje sny. Na n\u00e1\u0161 produkt neexistuj\u00fa \u017eiadne sekund\u00e1rne ani alergick\u00e9 reakcie, tak\u017ee ho m\u00f4\u017eete pou\u017e\u00edva\u0165 s d\u00f4verou. V\u00fdsledky s\u00fa navy\u0161e trval\u00e9 &#8211; po dosiahnut\u00ed po\u017eadovanej ve\u013ekosti ho nebudete musie\u0165 pou\u017e\u00edva\u0165 \u010falej.\u00a0V Alfa Lover negarantujeme len ve\u013ek\u00e9 v\u00fdsledky &#8211; garantujeme aj kvalitn\u00e9 v\u00fdsledky. N\u00e1\u0161 g\u00e9l obsahuje kombin\u00e1ciu siln\u00fdch enz\u00fdmov a afrodiziak, ktor\u00e9 akt\u00edvne stimuluj\u00fa a prekrvuj\u00fa tkaniv\u00e1 v oblasti penisu. V\u00fdsledok? Skuto\u010dn\u00fd n\u00e1rast d\u013a\u017eky aj obvodu!<\/p>\n<p>Nenechajte sa u\u017e viac obmedzova\u0165 neuspokojivou ve\u013ekos\u0165ou &#8211; vysk\u00fa\u0161ajte g\u00e9l na zv\u00e4\u010d\u0161enie penisu Alfa Lover e\u0161te dnes a dosiahnite r\u00fdchle a trval\u00e9 v\u00fdsledky!<\/p>\n<p>Ste pripraven\u00ed prevzia\u0165 kontrolu nad svojou mu\u017enos\u0165ou? Predstavujeme Alfa Lover, revolu\u010dn\u00fd g\u00e9l na zv\u00e4\u010d\u0161enie penisu. Je to bezpe\u010dn\u00fd, jemn\u00fd a z\u00e1rove\u0148 \u00fa\u010dinn\u00fd sp\u00f4sob, ako premeni\u0165 va\u0161e sny o zv\u00e4\u010d\u0161en\u00ed ve\u013ekosti a sebavedomia na skuto\u010dnos\u0165.<\/p>\n<p>Alfa Lover v\u00e1m prin\u00e1\u0161a v\u00fdhody, ktor\u00fdm sa in\u00e9 produkty jednoducho nem\u00f4\u017eu vyrovna\u0165. Na\u0161a \u0161peci\u00e1lna zmes enz\u00fdmov a afrodiziak sa pust\u00ed priamo do pr\u00e1ce na tkaniv\u00e1ch v\u00e1\u0161ho penisu &#8211; bez ved\u013eaj\u0161\u00edch \u00fa\u010dinkov alebo alergick\u00fdch reakci\u00ed. V\u00fdsledok? Skuto\u010dn\u00e9, trval\u00e9 zv\u00e4\u010d\u0161enie ve\u013ekosti a obvodu penisu, v\u010faka ktor\u00e9mu sa budete c\u00edti\u0165 sebaisto a spokojne.<\/p>\n<p>Objavte, \u010do je mo\u017en\u00e9 s Alfa Lover! Vysk\u00fa\u0161ajte to e\u0161te dnes &#8211; investujte do seba a zistite, pre\u010do u\u017e tis\u00edce mu\u017eov odomkli revol\u00faciu sexu\u00e1lneho vylep\u0161enia s g\u00e9lom na zv\u00e4\u010d\u0161enie penisu Alfa Lover.<\/p>\n<h2>Predstavujeme g\u00e9l na zv\u00e4\u010d\u0161enie penisu, v\u010faka ktor\u00e9mu vyniknete z davu!<\/h2>\n<p>Nemus\u00edte sa skr\u00fdva\u0165, ke\u010f m\u00f4\u017eete znovu objavi\u0165 svoje sebavedomie a mu\u017enos\u0165 s na\u0161\u00edm exkluz\u00edvnym zlo\u017een\u00edm lek\u00e1rskej kvality. Vieme, \u017ee mu\u017ei v dne\u0161nom ve\u010dne zanepr\u00e1zdnenom svete m\u00f4\u017eu ma\u0165 \u010dasto pocit, \u017ee nie s\u00fa dostato\u010dn\u00ed. Pr\u00e1ve preto sme vytvorili Alpha Lover &#8211; aby mu\u017ei na celom svete mohli uprednostni\u0165 starostlivos\u0165 o seba, vy\u017eivova\u0165 svoju mu\u017enos\u0165 a te\u0161i\u0165 sa z novoobjaven\u00e9ho pocitu schopnost\u00ed.<\/p>\n<p>Zlo\u017eenie Alpha Lover obsahuje vysoko\u00fa\u010dinn\u00e9 zlo\u017eky poch\u00e1dzaj\u00face z pr\u00edrody, ktor\u00e9 v\u00e1m poskytuj\u00fa \u00fa\u010dinn\u00e9 rie\u0161enie na uspokojenie v\u0161etk\u00fdch va\u0161ich potrieb. Na\u0161a charakteristick\u00e1 zmes zni\u017euje z\u00e1pal, stimuluje prietok krvi a zvy\u0161uje vytrvalos\u0165. Navy\u0161e neobsahuje pr\u00eddavn\u00e9 l\u00e1tky a parfumy &#8211; tento skuto\u010dne jedine\u010dn\u00fd produkt m\u00e1 v\u0161etko, po \u010dom t\u00fa\u017ei ka\u017ed\u00fd modern\u00fd alfa samec.<\/p>\n<p>Alpha Lover nie je len o zv\u00e4\u010d\u0161en\u00ed penisu. Je o novej defin\u00edcii mu\u017enosti pod\u013ea va\u0161ich vlastn\u00fdch podmienok. \u017diadny mu\u017e sa v\u00e1m nebude m\u00f4c\u0165 rovna\u0165 &#8211; zv\u00fd\u0161enie miery nie je nie\u010do, za \u010do by ste sa mali hanbi\u0165, ale naopak, chv\u00e1li\u0165 sa! S Alpha Loverom vo va\u0161om \u017eivote bude posunutie tradi\u010dn\u00fdch \u0161tandardov ma\u010dizmu jednoduch\u0161ie ako kedyko\u013evek predt\u00fdm!<\/p>\n<p>Kone\u010dne prevezmite kontrolu nad svoj\u00edm fyzick\u00fdm zdrav\u00edm a predve\u010fte p\u00f4sobiv\u00e9 v\u00fdsledky e\u0161te dnes v\u00fdberom Alpha Lover: g\u00e9l na zv\u00e4\u010d\u0161enie penisu pre alfa samcov pripraven\u00fdch odomkn\u00fa\u0165 svoj skuto\u010dn\u00fd potenci\u00e1l.<\/p>\n","protected":false},"excerpt":{"rendered":"<p>Alfa Lover, revolu\u010dn\u00fd g\u00e9l na zv\u00e4\u010d\u0161enie penisu. K\u00fapi\u0165 Alfa &#8211; Lover v Slovenskej Republike za v\u00fdhodn\u00fa cenu. Kde k\u00fapi\u0165. Cena. Hodnotenie. Doru\u010denie na celom Slovensku: Zvolen, Prievidza, Poprad, Martin, Tren\u010d\u00edn, Trnava, Bansk\u00e1 Bystrica, Nitra, \u017dilina, Pre\u0161ov, Ko\u0161ice, Bratislava, Partiz\u00e1nske, Rimavsk\u00e1 Sobota a Dubnica nad V\u00e1hom. Kontraindik\u00e1cie, Ako si tovar vzia\u0165, Indik\u00e1cie pre pou\u017eitie. K\u00fapte si Alfa &#8211; Lover online.<\/p>\n","protected":false},"featured_media":6897,"comment_status":"open","ping_status":"closed","template":"","meta":{"site-sidebar-layout":"default","site-content-layout":"default","ast-site-content-layout":"default","site-content-style":"default","site-sidebar-style":"default","ast-global-header-display":"","ast-banner-title-visibility":"","ast-main-header-display":"","ast-hfb-above-header-display":"","ast-hfb-below-header-display":"","ast-hfb-mobile-header-display":"","site-post-title":"","ast-breadcrumbs-content":"","ast-featured-img":"","footer-sml-layout":"","ast-disable-related-posts":"","theme-transparent-header-meta":"default","adv-header-id-meta":"","stick-header-meta":"","header-above-stick-meta":"","header-main-stick-meta":"","header-below-stick-meta":"","astra-migrate-meta-layouts":"default","ast-page-background-enabled":"default","ast-page-background-meta":{"desktop":{"background-color":"","background-image":"","background-repeat":"repeat","background-position":"center center","background-size":"auto","background-attachment":"scroll","background-type":"","background-media":"","overlay-type":"","overlay-color":"","overlay-opacity":"","overlay-gradient":""},"tablet":{"background-color":"","background-image":"","background-repeat":"repeat","background-position":"center center","background-size":"auto","background-attachment":"scroll","background-type":"","background-media":"","overlay-type":"","overlay-color":"","overlay-opacity":"","overlay-gradient":""},"mobile":{"background-color":"","background-image":"","background-repeat":"repeat","background-position":"center center","background-size":"auto","background-attachment":"scroll","background-type":"","background-media":"","overlay-type":"","overlay-color":"","overlay-opacity":"","overlay-gradient":""}},"ast-content-background-meta":{"desktop":{"background-color":"var(--ast-global-color-5)","background-image":"","background-repeat":"repeat","background-position":"center center","background-size":"auto","background-attachment":"scroll","background-type":"","background-media":"","overlay-type":"","overlay-color":"","overlay-opacity":"","overlay-gradient":""},"tablet":{"background-color":"var(--ast-global-color-5)","background-image":"","background-repeat":"repeat","background-position":"center center","background-size":"auto","background-attachment":"scroll","background-type":"","background-media":"","overlay-type":"","overlay-color":"","overlay-opacity":"","overlay-gradient":""},"mobile":{"background-color":"var(--ast-global-color-5)","background-image":"","background-repeat":"repeat","background-position":"center center","background-size":"auto","background-attachment":"scroll","background-type":"","background-media":"","overlay-type":"","overlay-color":"","overlay-opacity":"","overlay-gradient":""}}},"product_brand":[],"product_cat":[40],"product_tag":[],"class_list":{"0":"post-6657","1":"product","2":"type-product","3":"status-publish","4":"has-post-thumbnail","6":"product_cat-produkty-pre-muzov","7":"desktop-align-left","8":"tablet-align-left","9":"mobile-align-left","11":"first","12":"instock","13":"sale","14":"taxable","15":"shipping-taxable","16":"purchasable","17":"product-type-simple"},"_links":{"self":[{"href":"https:\/\/wellness4you.cz\/sk\/wp-json\/wp\/v2\/product\/6657","targetHints":{"allow":["GET"]}}],"collection":[{"href":"https:\/\/wellness4you.cz\/sk\/wp-json\/wp\/v2\/product"}],"about":[{"href":"https:\/\/wellness4you.cz\/sk\/wp-json\/wp\/v2\/types\/product"}],"replies":[{"embeddable":true,"href":"https:\/\/wellness4you.cz\/sk\/wp-json\/wp\/v2\/comments?post=6657"}],"wp:featuredmedia":[{"embeddable":true,"href":"https:\/\/wellness4you.cz\/sk\/wp-json\/wp\/v2\/media\/6897"}],"wp:attachment":[{"href":"https:\/\/wellness4you.cz\/sk\/wp-json\/wp\/v2\/media?parent=6657"}],"wp:term":[{"taxonomy":"product_brand","embeddable":true,"href":"https:\/\/wellness4you.cz\/sk\/wp-json\/wp\/v2\/product_brand?post=6657"},{"taxonomy":"product_cat","embeddable":true,"href":"https:\/\/wellness4you.cz\/sk\/wp-json\/wp\/v2\/product_cat?post=6657"},{"taxonomy":"product_tag","embeddable":true,"href":"https:\/\/wellness4you.cz\/sk\/wp-json\/wp\/v2\/product_tag?post=6657"}],"curies":[{"name":"wp","href":"https:\/\/api.w.org\/{rel}","templated":true}]}}