{"id":6656,"date":"2023-01-15T04:12:13","date_gmt":"2023-01-15T03:12:13","guid":{"rendered":"https:\/\/wellness4you.cz\/sk\/?post_type=product&#038;p=6656"},"modified":"2026-01-08T22:52:34","modified_gmt":"2026-01-08T21:52:34","slug":"vormixil","status":"publish","type":"product","link":"https:\/\/wellness4you.cz\/sk\/vormixil\/","title":{"rendered":"Vormixil"},"content":{"rendered":"<h2>Chcete pozna\u0165 tajomstvo, ako sa c\u00edti\u0165 zdrav\u0161ie a energickej\u0161ie? D\u00f4verujte Vormixil!<\/h2>\n<p>Tento jedine\u010dn\u00fd pr\u00edrodn\u00fd prostriedok je dokonal\u00fdm rie\u0161en\u00edm, ako sa vysporiada\u0165 s parazitmi, ktor\u00e9 sa skr\u00fdvaj\u00fa vo va\u0161om tele. Vyu\u017e\u00edva pokro\u010dil\u00e9 zlo\u017eky na rastlinnej b\u00e1ze na odstr\u00e1nenie nezdrav\u00fdch tvorov, ako s\u00fa \u0161krkavky, hl\u00edsty a in\u00e9 \u010drevn\u00e9 \u010dervy.\u00a0Na rozdiel od syntetick\u00fdch liekov sa pri u\u017e\u00edvan\u00ed Vormixil nemus\u00edte ob\u00e1va\u0165 nepr\u00edjemn\u00fdch ved\u013eaj\u0161\u00edch \u00fa\u010dinkov. Jeho pr\u00edrodn\u00e9 zlo\u017eky navy\u0161e zabezpe\u010duj\u00fa, \u017ee v tele prebieha h\u013abkov\u00e9 \u010distenie, v\u010faka \u010domu sa budete c\u00edti\u0165 pln\u00ed energie a o\u017eiven\u00ed po\u010das cel\u00e9ho d\u0148a.<\/p>\n<p>Ak ste teda pripraven\u00ed na nov\u00fd za\u010diatok a usilujete sa o optim\u00e1lne telesn\u00e9 zdravie, neh\u013eadajte ni\u010d in\u00e9 ako Vormixil! Zbavte sa v\u0161etk\u00fdch otravn\u00fdch parazitov e\u0161te dnes a za\u010dnite svoju cestu na ceste k celo\u017eivotn\u00e9mu zdraviu s t\u00fdmto \u013eahko pou\u017eite\u013en\u00fdm \u00faplne pr\u00edrodn\u00fdm liekom!<\/p>\n<p>Je to komplex, ktor\u00fd bojuje proti parazitom a je zalo\u017een\u00fd na v\u00fdlu\u010dne pr\u00edrodn\u00fdch zlo\u017ek\u00e1ch. Ak trp\u00ed\u0161 nepr\u00edjemn\u00fdmi pr\u00edznakmi, ako napr\u00edklad boles\u0165ami brucha, nad\u00favan\u00edm alebo nevo\u013enos\u0165ou, mohol by by\u0165 Vormixil tou spr\u00e1vnou vo\u013ebou pre teba.<\/p>\n<h2>Ako to funguje?<\/h2>\n<p>Obsahuje kombin\u00e1ciu pr\u00edrodn\u00fdch zlo\u017eiek, ktor\u00e9 \u00fa\u010dinne bojuj\u00fa proti r\u00f4znym druhom parazitov, vr\u00e1tane \u010dervov a v\u00edrusov. Tieto zlo\u017eky zni\u010dia parazity, ktor\u00e9 m\u00f4\u017eu by\u0165 pr\u00ed\u010dinou tvojich zdravotn\u00fdch probl\u00e9mov, a z\u00e1rove\u0148 podporuj\u00fa zdravie tvojho tr\u00e1viaceho syst\u00e9mu. V\u00fdsledkom je \u00fa\u013eava od bolesti brucha, lep\u0161ie tr\u00e1venie a zlep\u0161enie celkov\u00e9ho zdravotn\u00e9ho stavu.<\/p>\n<p>Obsahuje mnoho pr\u00edrodn\u00fdch zlo\u017eiek, ktor\u00e9 s\u00fa zn\u00e1me svojimi antiparazitick\u00fdmi vlastnos\u0165ami. Medzi tieto zlo\u017eky patr\u00ed napr\u00edklad \u010dierne orie\u0161ky, klin\u010deky, oregano a kurkuma. Ka\u017ed\u00e1 z t\u00fdchto zlo\u017eiek m\u00e1 svoje vlastn\u00e9 benefity a spolu tvoria siln\u00fd komplex, ktor\u00fd bojuje proti parazitom.<\/p>\n<p>Je to \u00faplne pr\u00edrodn\u00fd produkt, ktor\u00fd neobsahuje \u017eiadne nebezpe\u010dn\u00e9 chemik\u00e1lie ani syntetick\u00e9 zlo\u017eky. V\u0161etky zlo\u017eky s\u00fa starostlivo vybran\u00e9 a testovan\u00e9 na \u00fa\u010dinnos\u0165 a bezpe\u010dnos\u0165. To znamen\u00e1, \u017ee Vormixil m\u00f4\u017ee by\u0165 bezpe\u010dne pou\u017e\u00edvan\u00fd ako s\u00fa\u010das\u0165 tvojej dennodennej rutiny.<\/p>\n<h2>Ako sa pou\u017e\u00edva?<\/h2>\n<p>Vormixil je ve\u013emi jednoduch\u00fd na pou\u017eitie. Sta\u010d\u00ed u\u017e\u00edva\u0165 jednu kapsulu denne, ide\u00e1lne pred jedlom. Je d\u00f4le\u017eit\u00e9 u\u017e\u00edva\u0165 Vormixil pravidelne, aby sa dosiahli najlep\u0161ie v\u00fdsledky. Ak sa rozhodne\u0161 vysk\u00fa\u0161a\u0165 Vormixil, nezabudni si pre\u010d\u00edta\u0165 pr\u00edbalov\u00fd let\u00e1k a dodr\u017eiava\u0165 odpor\u00fa\u010dan\u00fa d\u00e1vku.<\/p>\n<p>Vormixil je skuto\u010dne \u00fa\u017easn\u00fd produkt, ktor\u00fd m\u00f4\u017ee pom\u00f4c\u0165 mnoh\u00fdm \u013eu\u010fom.<\/p>\n<p>&nbsp;<\/p>\n","protected":false},"excerpt":{"rendered":"<p>Vormixil je dokonal\u00fdm rie\u0161en\u00edm, ako sa vysporiada\u0165 s parazitmi. K\u00fapi\u0165 Vormixil v Slovenskej Republike za v\u00fdhodn\u00fa cenu. Cena. Hodnotenie. Kde k\u00fapi\u0165. Doru\u010denie na celom Slovensku: Prievidza, Poprad, Martin, Tren\u010d\u00edn, Trnava, Bansk\u00e1 Bystrica, Nitra, \u017dilina, Pre\u0161ov, Ko\u0161ice, Bratislava, Zvolen, Rimavsk\u00e1 Sobota, Dubnica nad V\u00e1hom a \u010cadca. Ako si tovar vzia\u0165, Indik\u00e1cie pre pou\u017eitie, Kontraindik\u00e1cie. K\u00fapte si Vormixil online.<\/p>\n","protected":false},"featured_media":6895,"comment_status":"open","ping_status":"closed","template":"","meta":{"site-sidebar-layout":"default","site-content-layout":"default","ast-site-content-layout":"default","site-content-style":"default","site-sidebar-style":"default","ast-global-header-display":"","ast-banner-title-visibility":"","ast-main-header-display":"","ast-hfb-above-header-display":"","ast-hfb-below-header-display":"","ast-hfb-mobile-header-display":"","site-post-title":"","ast-breadcrumbs-content":"","ast-featured-img":"","footer-sml-layout":"","ast-disable-related-posts":"","theme-transparent-header-meta":"default","adv-header-id-meta":"","stick-header-meta":"","header-above-stick-meta":"","header-main-stick-meta":"","header-below-stick-meta":"","astra-migrate-meta-layouts":"set","ast-page-background-enabled":"default","ast-page-background-meta":{"desktop":{"background-color":"","background-image":"","background-repeat":"repeat","background-position":"center center","background-size":"auto","background-attachment":"scroll","background-type":"","background-media":"","overlay-type":"","overlay-color":"","overlay-opacity":"","overlay-gradient":""},"tablet":{"background-color":"","background-image":"","background-repeat":"repeat","background-position":"center center","background-size":"auto","background-attachment":"scroll","background-type":"","background-media":"","overlay-type":"","overlay-color":"","overlay-opacity":"","overlay-gradient":""},"mobile":{"background-color":"","background-image":"","background-repeat":"repeat","background-position":"center center","background-size":"auto","background-attachment":"scroll","background-type":"","background-media":"","overlay-type":"","overlay-color":"","overlay-opacity":"","overlay-gradient":""}},"ast-content-background-meta":{"desktop":{"background-color":"var(--ast-global-color-5)","background-image":"","background-repeat":"repeat","background-position":"center center","background-size":"auto","background-attachment":"scroll","background-type":"","background-media":"","overlay-type":"","overlay-color":"","overlay-opacity":"","overlay-gradient":""},"tablet":{"background-color":"var(--ast-global-color-5)","background-image":"","background-repeat":"repeat","background-position":"center center","background-size":"auto","background-attachment":"scroll","background-type":"","background-media":"","overlay-type":"","overlay-color":"","overlay-opacity":"","overlay-gradient":""},"mobile":{"background-color":"var(--ast-global-color-5)","background-image":"","background-repeat":"repeat","background-position":"center center","background-size":"auto","background-attachment":"scroll","background-type":"","background-media":"","overlay-type":"","overlay-color":"","overlay-opacity":"","overlay-gradient":""}}},"product_brand":[],"product_cat":[41],"product_tag":[],"class_list":{"0":"post-6656","1":"product","2":"type-product","3":"status-publish","4":"has-post-thumbnail","6":"product_cat-produkty-pre-zdravie","7":"desktop-align-left","8":"tablet-align-left","9":"mobile-align-left","11":"first","12":"instock","13":"sale","14":"taxable","15":"shipping-taxable","16":"purchasable","17":"product-type-simple"},"_links":{"self":[{"href":"https:\/\/wellness4you.cz\/sk\/wp-json\/wp\/v2\/product\/6656","targetHints":{"allow":["GET"]}}],"collection":[{"href":"https:\/\/wellness4you.cz\/sk\/wp-json\/wp\/v2\/product"}],"about":[{"href":"https:\/\/wellness4you.cz\/sk\/wp-json\/wp\/v2\/types\/product"}],"replies":[{"embeddable":true,"href":"https:\/\/wellness4you.cz\/sk\/wp-json\/wp\/v2\/comments?post=6656"}],"wp:featuredmedia":[{"embeddable":true,"href":"https:\/\/wellness4you.cz\/sk\/wp-json\/wp\/v2\/media\/6895"}],"wp:attachment":[{"href":"https:\/\/wellness4you.cz\/sk\/wp-json\/wp\/v2\/media?parent=6656"}],"wp:term":[{"taxonomy":"product_brand","embeddable":true,"href":"https:\/\/wellness4you.cz\/sk\/wp-json\/wp\/v2\/product_brand?post=6656"},{"taxonomy":"product_cat","embeddable":true,"href":"https:\/\/wellness4you.cz\/sk\/wp-json\/wp\/v2\/product_cat?post=6656"},{"taxonomy":"product_tag","embeddable":true,"href":"https:\/\/wellness4you.cz\/sk\/wp-json\/wp\/v2\/product_tag?post=6656"}],"curies":[{"name":"wp","href":"https:\/\/api.w.org\/{rel}","templated":true}]}}