{"id":6655,"date":"2023-01-15T04:12:12","date_gmt":"2023-01-15T03:12:12","guid":{"rendered":"https:\/\/wellness4you.cz\/sk\/?post_type=product&#038;p=6655"},"modified":"2026-01-08T22:52:35","modified_gmt":"2026-01-08T21:52:35","slug":"keto-balance","status":"publish","type":"product","link":"https:\/\/wellness4you.cz\/sk\/keto-balance\/","title":{"rendered":"Keto Balance"},"content":{"rendered":"<h2>Kapsule na chudnutie Keto Balance s\u00fa najlep\u0161\u00edm sp\u00f4sobom, ako dosiahnu\u0165 svoje ciele pri chudnut\u00ed!<\/h2>\n<p>Ak ste chceli schudn\u00fa\u0165, Keto Balance v\u00e1m to u\u013eah\u010d\u00ed. Na\u0161e kapsule obsahuj\u00fa v\u0161etky d\u00f4le\u017eit\u00e9 vitam\u00edny, miner\u00e1ly, antioxidanty a pr\u00edrodn\u00e9 rastlinn\u00e9 v\u00fd\u0165a\u017eky, ktor\u00e9 tvoria dokonal\u00fa ketog\u00e9nnu di\u00e9tu. To zaru\u010duje, \u017ee va\u0161e telo dostane v\u0161etku v\u00fd\u017eivu, ktor\u00fa potrebuje na \u00faspe\u0161n\u00e9 chudnutie, bez ak\u00fdchko\u013evek pochybn\u00fdch chemick\u00fdch l\u00e1tok, ktor\u00e9 sa nach\u00e1dzaj\u00fa v in\u00fdch produktoch. Pom\u00e1ha v\u00e1m r\u00fdchlo sa dosta\u0165 do ket\u00f3zy a udr\u017ea\u0165 sa v nej dlh\u0161ie, tak\u017ee za\u010dnete chudn\u00fa\u0165 e\u0161te r\u00fdchlej\u0161ie ako predt\u00fdm.<\/p>\n<p>Na \u010do e\u0161te \u010dak\u00e1te? Od\u0161tartujte svoje ciele v oblasti chudnutia e\u0161te dnes s Keto Balance! Na\u0161e kapsule na chudnutie v\u00e1m pom\u00f4\u017eu r\u00fdchlo sa dosta\u0165 do ket\u00f3zy, tak na \u010do e\u0161te \u010dak\u00e1te? Prevezmite sp\u00e4\u0165 kontrolu nad svoj\u00edm telom a sta\u0148te sa zdrav\u0161\u00edmi a \u0161\u0165astnej\u0161\u00edmi s Keto Balance!<\/p>\n<p>Je najefekt\u00edvnej\u0161\u00ed sp\u00f4sob, ako sa dosta\u0165 do formy a zosta\u0165 v nej. Tento revolu\u010dn\u00fd produkt vyvol\u00e1va vlny v celom di\u00e9tnom priemysle, preto\u017ee preuk\u00e1zate\u013ene pom\u00e1ha \u013eu\u010fom zbavi\u0165 sa nadbyto\u010dn\u00fdch kilogramov bez toho, aby sa museli uchy\u013eova\u0165 k m\u00f3dnym di\u00e9tam alebo nam\u00e1hav\u00fdm cvi\u010deniam.<\/p>\n<h2>M\u00e1 \u00faplne pr\u00edrodn\u00e9 zlo\u017eky, ktor\u00e9 spolo\u010dne p\u00f4sobia na zv\u00fd\u0161enie metabolizmu a zn\u00ed\u017eenie chuti do jedla, \u010d\u00edm vytv\u00e1raj\u00fa dokonal\u00fa rovnov\u00e1hu pre va\u0161u cestu k chudnutiu.<\/h2>\n<p>V\u00e1m pom\u00f4\u017ee udr\u017ea\u0165 si v\u00e1hu natrvalo! S pomocou \u017eiariv\u00fdch recenzi\u00ed od mnoh\u00fdch spokojn\u00fdch z\u00e1kazn\u00edkov z cel\u00e9ho sveta je tu toto \u00fa\u017easn\u00e9 vedecky podlo\u017een\u00e9 rie\u0161enie, aby sa v\u00e1\u0161 sen o premene zdravia stal skuto\u010dnos\u0165ou. Tak ho vysk\u00fa\u0161ajte &#8211; nebudete \u013eutova\u0165!<\/p>\n<p>Je tu, aby zmenil va\u0161e zdravie a wellness! Na\u0161e kapsule na chudnutie s\u00fa navrhnut\u00e9 tak, aby boli bezpe\u010dnou a \u00fa\u010dinnou s\u00fa\u010das\u0165ou akejko\u013evek ketog\u00e9nnej di\u00e9ty. Funguje tak, \u017ee v\u00e1m pom\u00e1ha udr\u017ea\u0165 sa v ket\u00f3ze, aby ste mohli r\u00fdchlej\u0161ie dosiahnu\u0165 svoje ciele. N\u00e1\u0161 vzorec pom\u00e1ha zvy\u0161ova\u0165 energiu, optimalizova\u0165 enz\u00fdmy, ktor\u00e9 pom\u00e1haj\u00fa pri spa\u013eovan\u00ed tukov, a podporova\u0165 celkov\u00fa metabolick\u00fa rovnov\u00e1hu.<\/p>\n<p>Teraz u\u017e dosiahnutie a udr\u017eanie ket\u00f3zy nemus\u00ed by\u0165 \u0165a\u017ek\u00e1 pr\u00e1ca. S pr\u00edpravkom Keto Balance m\u00f4\u017eete d\u00f4verova\u0165 na\u0161im pr\u00edrodn\u00fdm zlo\u017ek\u00e1m a by\u0165 \u00faplne pokojn\u00ed pri zvl\u00e1dan\u00ed svojich cie\u013eov v oblasti chudnutia. \u010ci u\u017e h\u013ead\u00e1te mal\u00fa dodato\u010dn\u00fa pomoc pri prechode do ket\u00f3zy, alebo sa v nej chcete udr\u017ea\u0165 dlh\u0161ie, Keto Balance to dok\u00e1\u017ee! Presta\u0148te bojova\u0165 proti tvrdohlav\u00e9mu tuku a za\u010dnite pou\u017e\u00edva\u0165 Keto Balance e\u0161te dnes &#8211; garantujeme v\u00e1m, \u017ee v\u00fdsledky uvid\u00edte r\u00fdchlo!<\/p>\n","protected":false},"excerpt":{"rendered":"<p>Keto Balance s\u00fa najlep\u0161\u00edm sp\u00f4sobom, ako dosiahnu\u0165 svoje ciele pri chudnut\u00ed! K\u00fapi\u0165 Keto Balance v Slovenskej Republike za v\u00fdhodn\u00fa cenu. Hodnotenie. Kde k\u00fapi\u0165. Cena. Doru\u010denie na celom Slovensku: Poprad, Martin, Tren\u010d\u00edn, Trnava, Bansk\u00e1 Bystrica, Nitra, \u017dilina, Pre\u0161ov, Ko\u0161ice, Bratislava, Zvolen, Prievidza, Dubnica nad V\u00e1hom, \u010cadca a Dunajsk\u00e1 Streda. Indik\u00e1cie pre pou\u017eitie, Kontraindik\u00e1cie, Ako si tovar vzia\u0165. K\u00fapte si Keto Balance online.<\/p>\n","protected":false},"featured_media":6893,"comment_status":"open","ping_status":"closed","template":"","meta":{"site-sidebar-layout":"default","site-content-layout":"default","ast-site-content-layout":"default","site-content-style":"default","site-sidebar-style":"default","ast-global-header-display":"","ast-banner-title-visibility":"","ast-main-header-display":"","ast-hfb-above-header-display":"","ast-hfb-below-header-display":"","ast-hfb-mobile-header-display":"","site-post-title":"","ast-breadcrumbs-content":"","ast-featured-img":"","footer-sml-layout":"","ast-disable-related-posts":"","theme-transparent-header-meta":"default","adv-header-id-meta":"","stick-header-meta":"","header-above-stick-meta":"","header-main-stick-meta":"","header-below-stick-meta":"","astra-migrate-meta-layouts":"set","ast-page-background-enabled":"default","ast-page-background-meta":{"desktop":{"background-color":"","background-image":"","background-repeat":"repeat","background-position":"center center","background-size":"auto","background-attachment":"scroll","background-type":"","background-media":"","overlay-type":"","overlay-color":"","overlay-opacity":"","overlay-gradient":""},"tablet":{"background-color":"","background-image":"","background-repeat":"repeat","background-position":"center center","background-size":"auto","background-attachment":"scroll","background-type":"","background-media":"","overlay-type":"","overlay-color":"","overlay-opacity":"","overlay-gradient":""},"mobile":{"background-color":"","background-image":"","background-repeat":"repeat","background-position":"center center","background-size":"auto","background-attachment":"scroll","background-type":"","background-media":"","overlay-type":"","overlay-color":"","overlay-opacity":"","overlay-gradient":""}},"ast-content-background-meta":{"desktop":{"background-color":"var(--ast-global-color-5)","background-image":"","background-repeat":"repeat","background-position":"center center","background-size":"auto","background-attachment":"scroll","background-type":"","background-media":"","overlay-type":"","overlay-color":"","overlay-opacity":"","overlay-gradient":""},"tablet":{"background-color":"var(--ast-global-color-5)","background-image":"","background-repeat":"repeat","background-position":"center center","background-size":"auto","background-attachment":"scroll","background-type":"","background-media":"","overlay-type":"","overlay-color":"","overlay-opacity":"","overlay-gradient":""},"mobile":{"background-color":"var(--ast-global-color-5)","background-image":"","background-repeat":"repeat","background-position":"center center","background-size":"auto","background-attachment":"scroll","background-type":"","background-media":"","overlay-type":"","overlay-color":"","overlay-opacity":"","overlay-gradient":""}}},"product_brand":[],"product_cat":[39],"product_tag":[],"class_list":{"0":"post-6655","1":"product","2":"type-product","3":"status-publish","4":"has-post-thumbnail","6":"product_cat-na-chudnutie","7":"desktop-align-left","8":"tablet-align-left","9":"mobile-align-left","11":"first","12":"instock","13":"sale","14":"taxable","15":"shipping-taxable","16":"purchasable","17":"product-type-simple"},"_links":{"self":[{"href":"https:\/\/wellness4you.cz\/sk\/wp-json\/wp\/v2\/product\/6655","targetHints":{"allow":["GET"]}}],"collection":[{"href":"https:\/\/wellness4you.cz\/sk\/wp-json\/wp\/v2\/product"}],"about":[{"href":"https:\/\/wellness4you.cz\/sk\/wp-json\/wp\/v2\/types\/product"}],"replies":[{"embeddable":true,"href":"https:\/\/wellness4you.cz\/sk\/wp-json\/wp\/v2\/comments?post=6655"}],"wp:featuredmedia":[{"embeddable":true,"href":"https:\/\/wellness4you.cz\/sk\/wp-json\/wp\/v2\/media\/6893"}],"wp:attachment":[{"href":"https:\/\/wellness4you.cz\/sk\/wp-json\/wp\/v2\/media?parent=6655"}],"wp:term":[{"taxonomy":"product_brand","embeddable":true,"href":"https:\/\/wellness4you.cz\/sk\/wp-json\/wp\/v2\/product_brand?post=6655"},{"taxonomy":"product_cat","embeddable":true,"href":"https:\/\/wellness4you.cz\/sk\/wp-json\/wp\/v2\/product_cat?post=6655"},{"taxonomy":"product_tag","embeddable":true,"href":"https:\/\/wellness4you.cz\/sk\/wp-json\/wp\/v2\/product_tag?post=6655"}],"curies":[{"name":"wp","href":"https:\/\/api.w.org\/{rel}","templated":true}]}}