{"id":6653,"date":"2023-01-15T04:12:11","date_gmt":"2023-01-15T03:12:11","guid":{"rendered":"https:\/\/wellness4you.cz\/sk\/?post_type=product&#038;p=6653"},"modified":"2026-01-08T22:52:35","modified_gmt":"2026-01-08T21:52:35","slug":"revitanaturalis","status":"publish","type":"product","link":"https:\/\/wellness4you.cz\/sk\/revitanaturalis\/","title":{"rendered":"RevitaNaturalis"},"content":{"rendered":"<h2>RevitaNaturalis je pr\u00edrodn\u00fd a revolu\u010dn\u00fd kr\u00e9m proti starnutiu, ktor\u00fd pom\u00e1ha redukova\u0165 vr\u00e1sky.<\/h2>\n<p>N\u00e1\u0161 kr\u00e9m obsahuje 100 % pr\u00edrodn\u00e9 zlo\u017eky, ktor\u00e9 s\u00fa \u0161peci\u00e1lne navrhnut\u00e9 tak, aby pomohli obnovi\u0165 vitalitu va\u0161ej pleti. \u00da\u010dinn\u00e1 kombin\u00e1cia v\u00fd\u0165a\u017ekov spolo\u010dne p\u00f4sob\u00ed na hydrat\u00e1ciu, spevnenie a hydrat\u00e1ciu va\u0161ej poko\u017eky. RevitaNaturalis pln\u00fd antioxidantov redukuje tmav\u00e9 \u0161kvrny a z\u00e1rove\u0148 zaru\u010dene vymaz\u00e1va jemn\u00e9 vr\u00e1sky a kurie ok\u00e1! V\u00fdsledky dosiahnete u\u017e za 2 t\u00fd\u017edne!<\/p>\n<p>Ste pripraven\u00ed na revolu\u010dn\u00fd sp\u00f4sob, ako z\u00edska\u0165 sp\u00e4\u0165 svoj mladistv\u00fd lesk? Neh\u013eadajte ni\u010d in\u00e9 ako n\u00e1\u0161 \u00fa\u017easn\u00fd RevitaNaturalis &#8211; kr\u00e9m proti starnutiu! V\u010faka tomuto r\u00fdchlo p\u00f4sobiacemu zlo\u017eeniu bude va\u0161a ple\u0165 vyzera\u0165 svie\u017eo, pevnej\u0161ie a \u017eiari\u0165 zdrav\u00edm u\u017e za dva t\u00fd\u017edne! Zlo\u017eenie, ktor\u00e9 vyu\u017e\u00edva len tie najlep\u0161ie pr\u00edrodn\u00e9 zlo\u017eky, poskytuje vysokokvalitn\u00fa hydrata\u010dn\u00fa silu v kombin\u00e1cii s antioxidantmi bojuj\u00facimi proti starnutiu. Obmedzte v\u00fdskyt vr\u00e1sok, tmav\u00fdch \u0161kv\u0155n a neust\u00e1lej suchosti d\u00f4sledn\u00fdm pou\u017e\u00edvan\u00edm RevitaNaturalis ka\u017ed\u00e9 r\u00e1no a ve\u010der! Sta\u010d\u00ed len nieko\u013eko jednoduch\u00fdch pou\u017eit\u00ed tohto neuverite\u013en\u00e9ho produktu a poviete &#8220;zbohom&#8221; starnutiu a z\u00e1rove\u0148 budete stara\u0165 o svoju ple\u0165, aby bola op\u00e4\u0165 zdrav\u00e1. Te\u0161te sa, preto\u017ee s RevitaNaturalis ste teraz o krok bli\u017e\u0161ie ku kr\u00e1snej a mladistvej pleti &#8211; je to rie\u0161enie proti starnutiu, ktor\u00e9 ste h\u013eadali!<\/p>\n<h2>Z\u00edskajte \u017eiariv\u00fa a mladistv\u00fa ple\u0165!<\/h2>\n<p>N\u00e1\u0161 revolu\u010dn\u00fd kr\u00e9m proti starnutiu je podporen\u00fd pokro\u010dil\u00fdm vedeck\u00fdm v\u00fdskumom a je pln\u00fd pr\u00edrodn\u00fdch zlo\u017eiek, ktor\u00e9 m\u00f4\u017eu pom\u00f4c\u0165 va\u0161ej pleti vyzera\u0165 jasnej\u0161ie a mlad\u0161ie. N\u00e1\u0161 kr\u00e9m obsahuje nielen osved\u010den\u00fd retinol, ktor\u00fd zni\u017euje v\u00fdskyt vr\u00e1sok a jemn\u00fdch liniek, ale je obohaten\u00fd aj o niac\u00ednamid, vitam\u00edn E, kyselinu hyalur\u00f3nov\u00fa a \u010distiace rastlinn\u00e9 v\u00fd\u0165a\u017eky, ktor\u00e9 m\u00f4\u017eu pom\u00f4c\u0165 zmierni\u0165 nerovnomern\u00fd t\u00f3n a \u0161trukt\u00faru pleti.<\/p>\n<p>Vysk\u00fa\u0161ajte silu Revita Naturalis na vlastnej ko\u017ei! Pri ka\u017edodennom pou\u017e\u00edvan\u00ed m\u00f4\u017eete pozorova\u0165 redukciu vidite\u013en\u00fdch vr\u00e1sok, rovnomernej\u0161iu ple\u0165 a \u017eiariv\u00fd vzh\u013ead &#8211; nielen na tv\u00e1ri, ale na celom tele. Na\u0161e vy\u017eivuj\u00face zlo\u017eenie sa \u013eahko vstreb\u00e1va do poko\u017eky, aby ste ho mohli bez n\u00e1mahy aplikova\u0165. Bez oh\u013eadu na v\u00e1\u0161 vek alebo \u017eivotn\u00fd \u0161t\u00fdl, nechajte RevitaNaturalis, aby sa stal va\u0161\u00edm kr\u00e9mom proti starnutiu pre v\u0161etky va\u0161e potreby starostlivosti o ple\u0165. Tak na \u010do e\u0161te \u010dak\u00e1te? Dopl\u0148te si z\u00e1soby kolag\u00e9nu e\u0161te dnes so 100 % z\u00e1rukou vr\u00e1tenia pe\u0148az\u00ed &#8211; nem\u00e1te teda \u010do strati\u0165!<\/p>\n","protected":false},"excerpt":{"rendered":"<p>RevitaNaturalis je pr\u00edrodn\u00fd a revolu\u010dn\u00fd kr\u00e9m proti starnutiu. K\u00fapi\u0165 RevitaNaturalis v Slovenskej Republike za v\u00fdhodn\u00fa cenu. Cena. Hodnotenie. Kde k\u00fapi\u0165. Doru\u010denie na celom Slovensku: Tren\u010d\u00edn, Trnava, Bansk\u00e1 Bystrica, Nitra, \u017dilina, Pre\u0161ov, Ko\u0161ice, Bratislava, Zvolen, Prievidza, Poprad, Martin, Dunajsk\u00e1 Streda, Trebi\u0161ov a Topo\u013e\u010dany. Ako si tovar vzia\u0165, Indik\u00e1cie pre pou\u017eitie, Kontraindik\u00e1cie. K\u00fapte si RevitaNaturalis online.<\/p>\n","protected":false},"featured_media":6889,"comment_status":"open","ping_status":"closed","template":"","meta":{"site-sidebar-layout":"default","site-content-layout":"default","ast-site-content-layout":"default","site-content-style":"default","site-sidebar-style":"default","ast-global-header-display":"","ast-banner-title-visibility":"","ast-main-header-display":"","ast-hfb-above-header-display":"","ast-hfb-below-header-display":"","ast-hfb-mobile-header-display":"","site-post-title":"","ast-breadcrumbs-content":"","ast-featured-img":"","footer-sml-layout":"","ast-disable-related-posts":"","theme-transparent-header-meta":"default","adv-header-id-meta":"","stick-header-meta":"","header-above-stick-meta":"","header-main-stick-meta":"","header-below-stick-meta":"","astra-migrate-meta-layouts":"set","ast-page-background-enabled":"default","ast-page-background-meta":{"desktop":{"background-color":"","background-image":"","background-repeat":"repeat","background-position":"center center","background-size":"auto","background-attachment":"scroll","background-type":"","background-media":"","overlay-type":"","overlay-color":"","overlay-opacity":"","overlay-gradient":""},"tablet":{"background-color":"","background-image":"","background-repeat":"repeat","background-position":"center center","background-size":"auto","background-attachment":"scroll","background-type":"","background-media":"","overlay-type":"","overlay-color":"","overlay-opacity":"","overlay-gradient":""},"mobile":{"background-color":"","background-image":"","background-repeat":"repeat","background-position":"center center","background-size":"auto","background-attachment":"scroll","background-type":"","background-media":"","overlay-type":"","overlay-color":"","overlay-opacity":"","overlay-gradient":""}},"ast-content-background-meta":{"desktop":{"background-color":"var(--ast-global-color-5)","background-image":"","background-repeat":"repeat","background-position":"center center","background-size":"auto","background-attachment":"scroll","background-type":"","background-media":"","overlay-type":"","overlay-color":"","overlay-opacity":"","overlay-gradient":""},"tablet":{"background-color":"var(--ast-global-color-5)","background-image":"","background-repeat":"repeat","background-position":"center center","background-size":"auto","background-attachment":"scroll","background-type":"","background-media":"","overlay-type":"","overlay-color":"","overlay-opacity":"","overlay-gradient":""},"mobile":{"background-color":"var(--ast-global-color-5)","background-image":"","background-repeat":"repeat","background-position":"center center","background-size":"auto","background-attachment":"scroll","background-type":"","background-media":"","overlay-type":"","overlay-color":"","overlay-opacity":"","overlay-gradient":""}}},"product_brand":[],"product_cat":[42],"product_tag":[],"class_list":{"0":"post-6653","1":"product","2":"type-product","3":"status-publish","4":"has-post-thumbnail","6":"product_cat-produkty-proti-starnutiu","7":"desktop-align-left","8":"tablet-align-left","9":"mobile-align-left","11":"first","12":"instock","13":"taxable","14":"shipping-taxable","15":"purchasable","16":"product-type-simple"},"_links":{"self":[{"href":"https:\/\/wellness4you.cz\/sk\/wp-json\/wp\/v2\/product\/6653","targetHints":{"allow":["GET"]}}],"collection":[{"href":"https:\/\/wellness4you.cz\/sk\/wp-json\/wp\/v2\/product"}],"about":[{"href":"https:\/\/wellness4you.cz\/sk\/wp-json\/wp\/v2\/types\/product"}],"replies":[{"embeddable":true,"href":"https:\/\/wellness4you.cz\/sk\/wp-json\/wp\/v2\/comments?post=6653"}],"wp:featuredmedia":[{"embeddable":true,"href":"https:\/\/wellness4you.cz\/sk\/wp-json\/wp\/v2\/media\/6889"}],"wp:attachment":[{"href":"https:\/\/wellness4you.cz\/sk\/wp-json\/wp\/v2\/media?parent=6653"}],"wp:term":[{"taxonomy":"product_brand","embeddable":true,"href":"https:\/\/wellness4you.cz\/sk\/wp-json\/wp\/v2\/product_brand?post=6653"},{"taxonomy":"product_cat","embeddable":true,"href":"https:\/\/wellness4you.cz\/sk\/wp-json\/wp\/v2\/product_cat?post=6653"},{"taxonomy":"product_tag","embeddable":true,"href":"https:\/\/wellness4you.cz\/sk\/wp-json\/wp\/v2\/product_tag?post=6653"}],"curies":[{"name":"wp","href":"https:\/\/api.w.org\/{rel}","templated":true}]}}